{"id":5249,"date":"2023-07-13T10:32:01","date_gmt":"2023-07-13T10:32:01","guid":{"rendered":"https:\/\/roteschemies.de\/?page_id=5249"},"modified":"2023-07-13T10:43:21","modified_gmt":"2023-07-13T10:43:21","slug":"silver-mercury","status":"publish","type":"page","link":"https:\/\/roteschemies.de\/en_us\/silver-mercury\/","title":{"rendered":"silver mercury"},"content":{"rendered":"<div data-elementor-type=\"wp-page\" data-elementor-id=\"5249\" class=\"elementor elementor-5249\">\n\t\t\t\t        <section class=\"elementor-section elementor-top-section elementor-element elementor-element-2ea2e00 elementor-section-boxed elementor-section-height-default elementor-section-height-default ct-header-fixed-none ct-row-max-none\" data-id=\"2ea2e00\" data-element_type=\"section\" data-e-type=\"section\">\n            \n                        <div class=\"elementor-container elementor-column-gap-default\">\n                    <div class=\"elementor-column elementor-col-50 elementor-top-column elementor-element elementor-element-1756a971\" data-id=\"1756a971\" data-element_type=\"column\" data-e-type=\"column\">\n        <div class=\"elementor-widget-wrap elementor-element-populated\">\n                    \n        \t\t<div class=\"elementor-element elementor-element-5ae4da51 elementor-widget elementor-widget-ct_image\" data-id=\"5ae4da51\" data-element_type=\"widget\" data-e-type=\"widget\" data-widget_type=\"ct_image.default\">\n\t\t\t\t<div class=\"elementor-widget-container\">\n\t\t\t\t\t<div class=\"ct-image-single img-type-img ct-no-effect\" data-wow-delay=\"ms\">\r\n                        <img fetchpriority=\"high\" decoding=\"async\" class=\"\" src=\"https:\/\/roteschemies.de\/wp-content\/uploads\/2022\/12\/G311914095_5606255989420786_1852925251756_n-750x900.jpg\" width=\"750\" height=\"900\" alt=\"G311914095_5606255989420786_1852925251756_n\" title=\"G311914095_5606255989420786_1852925251756_n\" \/>            <\/div>\t\t\t\t<\/div>\n\t\t\t\t<\/div>\n\t\t            <\/div>\n        <\/div>\n                <div class=\"elementor-column elementor-col-50 elementor-top-column elementor-element elementor-element-3eabcac2\" data-id=\"3eabcac2\" data-element_type=\"column\" data-e-type=\"column\">\n        <div class=\"elementor-widget-wrap elementor-element-populated\">\n                    \n        \t\t<div class=\"elementor-element elementor-element-7cacfecb elementor-widget elementor-widget-ct_heading\" data-id=\"7cacfecb\" data-element_type=\"widget\" data-e-type=\"widget\" data-widget_type=\"ct_heading.default\">\n\t\t\t\t<div class=\"elementor-widget-container\">\n\t\t\t\t\t<div id=\"ct_heading-7cacfecb\" class=\"ct-heading h-align- sub-style1 ct-heading-left item-st-line-left2\">\r\n\t<div class=\"ct-item--inner\">\r\n        <div class=\"ct-inline-css\"  data-css=\"            \">\r\n        <\/div>\r\n                <h5 class=\"item--title st-line-left2 case-animate-time\" data-wow-delay=\"ms\">\r\n                        <span class=\"sp-main\">\r\n                                    <i><\/i>\r\n                \r\n                Wholesale silver liquid mercury\n\r\n                \r\n                            <\/span>\r\n                    <\/h5>\r\n    <\/div>\r\n<\/div>\t\t\t\t<\/div>\n\t\t\t\t<\/div>\n\t\t\t\t<div class=\"elementor-element elementor-element-369d2bf0 elementor-widget elementor-widget-text-editor\" data-id=\"369d2bf0\" data-element_type=\"widget\" data-e-type=\"widget\" data-widget_type=\"text-editor.default\">\n\t\t\t\t<div class=\"elementor-widget-container\">\n\t\t\t\t\t\t\t\t\t<p>Pure silver mercury purity: 99.99% by weight min.<br \/>Product name: silver liquid mercury<br \/>Other names: quick, hydrargyrum, hydrargyria<br \/>Case No.: 7439-97-6<br \/>EINECS: 231-106-7<br \/>Physical State: Liquid<br \/>Appearance: Silver-white liquid<br \/>Odor: odorless<br \/>PH: Not available.<br \/>Vapor Pressure: 0.002mmHg 25C<br \/>Vapor density: 7.0<br \/>Evaporation rate: Not available.<br \/>Viscosity: 15.5 mP 25 dig C<br \/>Boiling point: 356.72 dig C<br \/>Freezing\/Melting Point: -38.87 dig C<br \/>Decomposition temperature: Not available.<br \/>Solubility: Insoluble.<br \/>Specific Gravity\/Density: 13.59 (Water=1)<br \/>Molecular Formula :Hg<br \/>Molecular weight: 200.59<br \/>Monoisotopic mass: 201.970643<br \/>Pack\/Packaging: Iron cylinder\/bottle (34.5)kg net weight of flask<\/p>\t\t\t\t\t\t\t\t<\/div>\n\t\t\t\t<\/div>\n\t\t            <\/div>\n        <\/div>\n                    <\/div>\n        <\/section>\n                <section class=\"elementor-section elementor-top-section elementor-element elementor-element-62d931a8 elementor-section-boxed elementor-section-height-default elementor-section-height-default ct-header-fixed-none ct-row-max-none\" data-id=\"62d931a8\" data-element_type=\"section\" data-e-type=\"section\">\n            \n                        <div class=\"elementor-container elementor-column-gap-default\">\n                    <div class=\"elementor-column elementor-col-50 elementor-top-column elementor-element elementor-element-2599f25c\" data-id=\"2599f25c\" data-element_type=\"column\" data-e-type=\"column\">\n        <div class=\"elementor-widget-wrap elementor-element-populated\">\n                    \n        \t\t<div class=\"elementor-element elementor-element-4afab256 elementor-widget elementor-widget-ct_heading\" data-id=\"4afab256\" data-element_type=\"widget\" data-e-type=\"widget\" data-widget_type=\"ct_heading.default\">\n\t\t\t\t<div class=\"elementor-widget-container\">\n\t\t\t\t\t<div id=\"ct_heading-4afab256\" class=\"ct-heading h-align- sub-style1 ct-heading-left item-st-line-left2\">\r\n\t<div class=\"ct-item--inner\">\r\n        <div class=\"ct-inline-css\"  data-css=\"            \">\r\n        <\/div>\r\n                <h5 class=\"item--title st-line-left2 case-animate-time\" data-wow-delay=\"ms\">\r\n                        <span class=\"sp-main\">\r\n                                    <i><\/i>\r\n                \r\n                Details on our liquid silver mercury\n\r\n                \r\n                            <\/span>\r\n                    <\/h5>\r\n    <\/div>\r\n<\/div>\t\t\t\t<\/div>\n\t\t\t\t<\/div>\n\t\t\t\t<div class=\"elementor-element elementor-element-57f9dd0f elementor-widget elementor-widget-text-editor\" data-id=\"57f9dd0f\" data-element_type=\"widget\" data-e-type=\"widget\" data-widget_type=\"text-editor.default\">\n\t\t\t\t<div class=\"elementor-widget-container\">\n\t\t\t\t\t\t\t\t\t<p>Details on our liquid silver mercury<br \/>The metallic or elemental mercury is a bright, silvery-white metal known as silvery mercury. Because of its silver color, this element is sometimes referred to as liquid silver or mercury, which means living silver. It is the only metallic element that retains its liquid state at ambient temperature.<br \/>Applications of our silver mercury include mercury switches, fluorescent tubes, liquid reflecting telescopes, mercury relays, batteries, thermometers, barometers and other devices, all of which use high levels of mercury. Buy liquid mercury from us at wholesale prices.<\/p><p>In Europe, Roteschemie is the main source of liquid silver mercury. We supply premium virgin mercury with a purity of 99.9999% as well as liquid silver mercury. There is no higher quality mercury metal than this available on the market today.<br \/>We are proud to be one of the top producers of liquid mercury in Germany.<br \/>Contact us now if you want to buy silver mercury at a cheap price. Please let us know if you have any special requests or if you would like to buy liquid mercury in Germany.<\/p>\t\t\t\t\t\t\t\t<\/div>\n\t\t\t\t<\/div>\n\t\t            <\/div>\n        <\/div>\n                <div class=\"elementor-column elementor-col-50 elementor-top-column elementor-element elementor-element-24377ee1\" data-id=\"24377ee1\" data-element_type=\"column\" data-e-type=\"column\">\n        <div class=\"elementor-widget-wrap elementor-element-populated\">\n                    \n        \t\t<div class=\"elementor-element elementor-element-1787c4d6 elementor-widget elementor-widget-ct_image\" data-id=\"1787c4d6\" data-element_type=\"widget\" data-e-type=\"widget\" data-widget_type=\"ct_image.default\">\n\t\t\t\t<div class=\"elementor-widget-container\">\n\t\t\t\t\t<div class=\"ct-image-single img-type-img ct-no-effect\" data-wow-delay=\"ms\">\r\n                        <img decoding=\"async\" width=\"720\" height=\"720\" src=\"https:\/\/roteschemies.de\/wp-content\/uploads\/2022\/12\/D311914095_5606255989420786_1852925251756_n.jpg\" class=\"attachment-full\" alt=\"\" \/>            <\/div>\t\t\t\t<\/div>\n\t\t\t\t<\/div>\n\t\t\t\t<div class=\"elementor-element elementor-element-3a8e3599 elementor-widget elementor-widget-ct_button\" data-id=\"3a8e3599\" data-element_type=\"widget\" data-e-type=\"widget\" data-widget_type=\"ct_button.default\">\n\t\t\t\t<div class=\"elementor-widget-container\">\n\t\t\t\t\t<div id=\"ct_button-3a8e3599\" class=\"ct-button-wrapper ct-button-layout1 icon- btn--inline\">\r\n    <div class=\"ct-inline-css\"  data-css=\"        \">\r\n    <\/div>\r\n            <span class=\"ct-icon-active\"><\/span>\r\n        <a href=\"http:\/\/roteschemies.de\/en_us\/contact-2\/\" class=\"btn btn-default icon-active btn-inline-block\" data-wow-delay=\"ms\">\r\n                            <span class=\"ct-button-icon ct-align-icon-\">\r\n                            <\/span>\r\n                <span class=\"ct-button-text\">Buy wholesale here<\/span>\r\n    <\/a>\r\n<\/div>\t\t\t\t<\/div>\n\t\t\t\t<\/div>\n\t\t            <\/div>\n        <\/div>\n                    <\/div>\n        <\/section>\n        \t\t<\/div>","protected":false},"excerpt":{"rendered":"<p>Gro\u00dfhandel Silber fl\u00fcssiges Quecksilber Reines Silber Quecksilber Reinheit: 99,99% nach Gew. min. Produktname: Silber fl\u00fcssiges Quecksilber Andere Namen: schnell, Hydrargyrum, Hydrargyria Fall Nr.: 7439-97-6 EINECS: 231-106-7 Physikalischer Zustand: Fl\u00fcssig Erscheinungsbild: Silber-wei\u00dfe Fl\u00fcssigkeit Geruch: geruchlos PH: Nicht verf\u00fcgbar. Dampfdruck: 0,002 mm Hg 25C Dampfdichte: 7.0 Verdampfungsrate: Nicht verf\u00fcgbar. Viskosit\u00e4t: 15.5 mP 25 dig C Siedepunkt: 356.72 [&hellip;]<\/p>\n","protected":false},"author":1,"featured_media":0,"parent":0,"menu_order":0,"comment_status":"closed","ping_status":"closed","template":"","meta":{"footnotes":""},"class_list":["post-5249","page","type-page","status-publish","hentry"],"yoast_head":"<!-- This site is optimized with the Yoast SEO plugin v27.4 - https:\/\/yoast.com\/product\/yoast-seo-wordpress\/ -->\n<title>Silber fl\u00fcssiges Quecksilber zu verkaufen | Kaufen Silber Quecksilber -Roteschemie<\/title>\n<meta name=\"description\" content=\"Silber fl\u00fcssiges Quecksilber zu verkaufen - Roteschemie ist Hersteller von Silber Quecksilber. Unsere Fabrik in Deutschland. Kaufen Sie im Gro\u00dfhandel deutsches Silber Quecksilber.\" \/>\n<meta name=\"robots\" content=\"index, follow, max-snippet:-1, max-image-preview:large, max-video-preview:-1\" \/>\n<link rel=\"canonical\" href=\"https:\/\/roteschemies.de\/en_us\/silver-mercury\/\" \/>\n<meta property=\"og:locale\" content=\"en_US\" \/>\n<meta property=\"og:type\" content=\"article\" \/>\n<meta property=\"og:title\" content=\"Silber fl\u00fcssiges Quecksilber zu verkaufen | Kaufen Silber Quecksilber -Roteschemie\" \/>\n<meta property=\"og:description\" content=\"Silber fl\u00fcssiges Quecksilber zu verkaufen - Roteschemie ist Hersteller von Silber Quecksilber. Unsere Fabrik in Deutschland. Kaufen Sie im Gro\u00dfhandel deutsches Silber Quecksilber.\" \/>\n<meta property=\"og:url\" content=\"https:\/\/roteschemies.de\/en_us\/silver-mercury\/\" \/>\n<meta property=\"og:site_name\" content=\"Roteschemie\" \/>\n<meta property=\"article:modified_time\" content=\"2023-07-13T10:43:21+00:00\" \/>\n<meta property=\"og:image\" content=\"https:\/\/roteschemies.de\/wp-content\/uploads\/2022\/12\/G311914095_5606255989420786_1852925251756_n-750x900.jpg\" \/>\n<meta name=\"twitter:card\" content=\"summary_large_image\" \/>\n<meta name=\"twitter:label1\" content=\"Est. reading time\" \/>\n\t<meta name=\"twitter:data1\" content=\"2 minutes\" \/>\n<script type=\"application\/ld+json\" class=\"yoast-schema-graph\">{\"@context\":\"https:\\\/\\\/schema.org\",\"@graph\":[{\"@type\":\"WebPage\",\"@id\":\"https:\\\/\\\/roteschemies.de\\\/silber-quecksilber\\\/\",\"url\":\"https:\\\/\\\/roteschemies.de\\\/silber-quecksilber\\\/\",\"name\":\"Silber fl\u00fcssiges Quecksilber zu verkaufen | Kaufen Silber Quecksilber -Roteschemie\",\"isPartOf\":{\"@id\":\"https:\\\/\\\/roteschemies.de\\\/#website\"},\"primaryImageOfPage\":{\"@id\":\"https:\\\/\\\/roteschemies.de\\\/silber-quecksilber\\\/#primaryimage\"},\"image\":{\"@id\":\"https:\\\/\\\/roteschemies.de\\\/silber-quecksilber\\\/#primaryimage\"},\"thumbnailUrl\":\"https:\\\/\\\/roteschemies.de\\\/wp-content\\\/uploads\\\/2022\\\/12\\\/G311914095_5606255989420786_1852925251756_n-750x900.jpg\",\"datePublished\":\"2023-07-13T10:32:01+00:00\",\"dateModified\":\"2023-07-13T10:43:21+00:00\",\"description\":\"Silber fl\u00fcssiges Quecksilber zu verkaufen - Roteschemie ist Hersteller von Silber Quecksilber. Unsere Fabrik in Deutschland. Kaufen Sie im Gro\u00dfhandel deutsches Silber Quecksilber.\",\"breadcrumb\":{\"@id\":\"https:\\\/\\\/roteschemies.de\\\/silber-quecksilber\\\/#breadcrumb\"},\"inLanguage\":\"en-US\",\"potentialAction\":[{\"@type\":\"ReadAction\",\"target\":[\"https:\\\/\\\/roteschemies.de\\\/silber-quecksilber\\\/\"]}]},{\"@type\":\"ImageObject\",\"inLanguage\":\"en-US\",\"@id\":\"https:\\\/\\\/roteschemies.de\\\/silber-quecksilber\\\/#primaryimage\",\"url\":\"https:\\\/\\\/roteschemies.de\\\/wp-content\\\/uploads\\\/2022\\\/12\\\/G311914095_5606255989420786_1852925251756_n-750x900.jpg\",\"contentUrl\":\"https:\\\/\\\/roteschemies.de\\\/wp-content\\\/uploads\\\/2022\\\/12\\\/G311914095_5606255989420786_1852925251756_n-750x900.jpg\"},{\"@type\":\"BreadcrumbList\",\"@id\":\"https:\\\/\\\/roteschemies.de\\\/silber-quecksilber\\\/#breadcrumb\",\"itemListElement\":[{\"@type\":\"ListItem\",\"position\":1,\"name\":\"Home\",\"item\":\"https:\\\/\\\/roteschemies.de\\\/\"},{\"@type\":\"ListItem\",\"position\":2,\"name\":\"Silber Quecksilber\"}]},{\"@type\":\"WebSite\",\"@id\":\"https:\\\/\\\/roteschemies.de\\\/#website\",\"url\":\"https:\\\/\\\/roteschemies.de\\\/\",\"name\":\"Roteschemie\",\"description\":\"Rotes fl&uuml;ssiges Quecksilber, silbernes fl&uuml;ssiges Quecksilber online kaufen\",\"alternateName\":\"roteschemies.de\",\"potentialAction\":[{\"@type\":\"SearchAction\",\"target\":{\"@type\":\"EntryPoint\",\"urlTemplate\":\"https:\\\/\\\/roteschemies.de\\\/?s={search_term_string}\"},\"query-input\":{\"@type\":\"PropertyValueSpecification\",\"valueRequired\":true,\"valueName\":\"search_term_string\"}}],\"inLanguage\":\"en-US\"}]}<\/script>\n<!-- \/ Yoast SEO plugin. -->","yoast_head_json":{"title":"Silver liquid mercury for sale | Buy silver mercury -red chemistry","description":"Silver liquid mercury for sale - Roteschemie is a manufacturer of silver mercury. Our factory in Germany. Buy German silver mercury wholesale.","robots":{"index":"index","follow":"follow","max-snippet":"max-snippet:-1","max-image-preview":"max-image-preview:large","max-video-preview":"max-video-preview:-1"},"canonical":"https:\/\/roteschemies.de\/en_us\/silver-mercury\/","og_locale":"en_US","og_type":"article","og_title":"Silber fl\u00fcssiges Quecksilber zu verkaufen | Kaufen Silber Quecksilber -Roteschemie","og_description":"Silber fl\u00fcssiges Quecksilber zu verkaufen - Roteschemie ist Hersteller von Silber Quecksilber. Unsere Fabrik in Deutschland. Kaufen Sie im Gro\u00dfhandel deutsches Silber Quecksilber.","og_url":"https:\/\/roteschemies.de\/en_us\/silver-mercury\/","og_site_name":"Roteschemie","article_modified_time":"2023-07-13T10:43:21+00:00","og_image":[{"url":"https:\/\/roteschemies.de\/wp-content\/uploads\/2022\/12\/G311914095_5606255989420786_1852925251756_n-750x900.jpg","type":"","width":"","height":""}],"twitter_card":"summary_large_image","twitter_misc":{"Est. reading time":"2 minutes"},"schema":{"@context":"https:\/\/schema.org","@graph":[{"@type":"WebPage","@id":"https:\/\/roteschemies.de\/silber-quecksilber\/","url":"https:\/\/roteschemies.de\/silber-quecksilber\/","name":"Silver liquid mercury for sale | Buy silver mercury -red chemistry","isPartOf":{"@id":"https:\/\/roteschemies.de\/#website"},"primaryImageOfPage":{"@id":"https:\/\/roteschemies.de\/silber-quecksilber\/#primaryimage"},"image":{"@id":"https:\/\/roteschemies.de\/silber-quecksilber\/#primaryimage"},"thumbnailUrl":"https:\/\/roteschemies.de\/wp-content\/uploads\/2022\/12\/G311914095_5606255989420786_1852925251756_n-750x900.jpg","datePublished":"2023-07-13T10:32:01+00:00","dateModified":"2023-07-13T10:43:21+00:00","description":"Silver liquid mercury for sale - Roteschemie is a manufacturer of silver mercury. Our factory in Germany. Buy German silver mercury wholesale.","breadcrumb":{"@id":"https:\/\/roteschemies.de\/silber-quecksilber\/#breadcrumb"},"inLanguage":"en-US","potentialAction":[{"@type":"ReadAction","target":["https:\/\/roteschemies.de\/silber-quecksilber\/"]}]},{"@type":"ImageObject","inLanguage":"en-US","@id":"https:\/\/roteschemies.de\/silber-quecksilber\/#primaryimage","url":"https:\/\/roteschemies.de\/wp-content\/uploads\/2022\/12\/G311914095_5606255989420786_1852925251756_n-750x900.jpg","contentUrl":"https:\/\/roteschemies.de\/wp-content\/uploads\/2022\/12\/G311914095_5606255989420786_1852925251756_n-750x900.jpg"},{"@type":"BreadcrumbList","@id":"https:\/\/roteschemies.de\/silber-quecksilber\/#breadcrumb","itemListElement":[{"@type":"ListItem","position":1,"name":"Home","item":"https:\/\/roteschemies.de\/"},{"@type":"ListItem","position":2,"name":"Silber Quecksilber"}]},{"@type":"WebSite","@id":"https:\/\/roteschemies.de\/#website","url":"https:\/\/roteschemies.de\/","name":"red chemistry","description":"Buy Red Liquid Mercury, Silver Liquid Mercury online","alternateName":"roteschemies.de","potentialAction":[{"@type":"SearchAction","target":{"@type":"EntryPoint","urlTemplate":"https:\/\/roteschemies.de\/?s={search_term_string}"},"query-input":{"@type":"PropertyValueSpecification","valueRequired":true,"valueName":"search_term_string"}}],"inLanguage":"en-US"}]}},"_links":{"self":[{"href":"https:\/\/roteschemies.de\/en_us\/wp-json\/wp\/v2\/pages\/5249","targetHints":{"allow":["GET"]}}],"collection":[{"href":"https:\/\/roteschemies.de\/en_us\/wp-json\/wp\/v2\/pages"}],"about":[{"href":"https:\/\/roteschemies.de\/en_us\/wp-json\/wp\/v2\/types\/page"}],"author":[{"embeddable":true,"href":"https:\/\/roteschemies.de\/en_us\/wp-json\/wp\/v2\/users\/1"}],"replies":[{"embeddable":true,"href":"https:\/\/roteschemies.de\/en_us\/wp-json\/wp\/v2\/comments?post=5249"}],"version-history":[{"count":0,"href":"https:\/\/roteschemies.de\/en_us\/wp-json\/wp\/v2\/pages\/5249\/revisions"}],"wp:attachment":[{"href":"https:\/\/roteschemies.de\/en_us\/wp-json\/wp\/v2\/media?parent=5249"}],"curies":[{"name":"wp","href":"https:\/\/api.w.org\/{rel}","templated":true}]}}