{"id":5473,"date":"2024-06-10T13:29:49","date_gmt":"2024-06-10T13:29:49","guid":{"rendered":"https:\/\/roteschemies.de\/?page_id=5473"},"modified":"2024-06-13T05:16:10","modified_gmt":"2024-06-13T05:16:10","slug":"online-schulung","status":"publish","type":"page","link":"https:\/\/roteschemies.de\/en_us\/online-schulung\/","title":{"rendered":"Online training"},"content":{"rendered":"<div data-elementor-type=\"wp-page\" data-elementor-id=\"5473\" class=\"elementor elementor-5473\">\n\t\t\t\t        <section class=\"elementor-section elementor-top-section elementor-element elementor-element-ac9e507 elementor-section-boxed elementor-section-height-default elementor-section-height-default ct-header-fixed-none ct-row-max-none\" data-id=\"ac9e507\" data-element_type=\"section\" data-e-type=\"section\">\n            \n                        <div class=\"elementor-container elementor-column-gap-default\">\n                    <div class=\"elementor-column elementor-col-100 elementor-top-column elementor-element elementor-element-703fdd3\" data-id=\"703fdd3\" data-element_type=\"column\" data-e-type=\"column\">\n        <div class=\"elementor-widget-wrap\">\n                    \n                    <\/div>\n        <\/div>\n                    <\/div>\n        <\/section>\n                <section class=\"elementor-section elementor-top-section elementor-element elementor-element-4452873 elementor-section-boxed elementor-section-height-default elementor-section-height-default ct-header-fixed-none ct-row-max-none\" data-id=\"4452873\" data-element_type=\"section\" data-e-type=\"section\">\n            \n                        <div class=\"elementor-container elementor-column-gap-default\">\n                    <div class=\"elementor-column elementor-col-100 elementor-top-column elementor-element elementor-element-78f37f3\" data-id=\"78f37f3\" data-element_type=\"column\" data-e-type=\"column\">\n        <div class=\"elementor-widget-wrap\">\n                    \n                    <\/div>\n        <\/div>\n                    <\/div>\n        <\/section>\n                <section class=\"elementor-section elementor-top-section elementor-element elementor-element-2d39b53 elementor-section-boxed elementor-section-height-default elementor-section-height-default ct-header-fixed-none ct-row-max-none\" data-id=\"2d39b53\" data-element_type=\"section\" data-e-type=\"section\">\n            \n                        <div class=\"elementor-container elementor-column-gap-default\">\n                    <div class=\"elementor-column elementor-col-100 elementor-top-column elementor-element elementor-element-409df8b\" data-id=\"409df8b\" data-element_type=\"column\" data-e-type=\"column\">\n        <div class=\"elementor-widget-wrap\">\n                    \n                    <\/div>\n        <\/div>\n                    <\/div>\n        <\/section>\n                <section class=\"elementor-section elementor-top-section elementor-element elementor-element-fda3d85 elementor-section-boxed elementor-section-height-default elementor-section-height-default ct-header-fixed-none ct-row-max-none\" data-id=\"fda3d85\" data-element_type=\"section\" data-e-type=\"section\">\n            \n                        <div class=\"elementor-container elementor-column-gap-default\">\n                    <div class=\"elementor-column elementor-col-100 elementor-top-column elementor-element elementor-element-b78578d\" data-id=\"b78578d\" data-element_type=\"column\" data-e-type=\"column\">\n        <div class=\"elementor-widget-wrap elementor-element-populated\">\n                    \n        \t\t<div class=\"elementor-element elementor-element-4547462 elementor-widget elementor-widget-heading\" data-id=\"4547462\" data-element_type=\"widget\" data-e-type=\"widget\" data-widget_type=\"heading.default\">\n\t\t\t\t<div class=\"elementor-widget-container\">\n\t\t\t\t\t<h2 class=\"elementor-heading-title elementor-size-default\">Online-Schulung zur Herstellung von rotem und silbernem Quecksilber<\/h2>\t\t\t\t<\/div>\n\t\t\t\t<\/div>\n\t\t\t\t<div class=\"elementor-element elementor-element-53e6d74 elementor-widget elementor-widget-text-editor\" data-id=\"53e6d74\" data-element_type=\"widget\" data-e-type=\"widget\" data-widget_type=\"text-editor.default\">\n\t\t\t\t<div class=\"elementor-widget-container\">\n\t\t\t\t\t\t\t\t\t<p>Seit der Gr\u00fcndung unseres renommierten Unternehmens Rotes Chemie im Jahr 1992 haben wir einen enormen Einfluss auf die Gewinnung von Gold und vielen anderen wertvollen Mineralien gehabt. Dieser bemerkenswerte Einfluss ist auf die Tatsache zur\u00fcckzuf\u00fchren, dass Rotes Chemie der einzige Hersteller von reinem rotem Quecksilber 258 20\/20 99,9999999 % Gamma 0,44\u20130,64 bleibt. Wir sind uns in Bezug auf Produktqualit\u00e4t und Logistik bis zum heutigen Tag treu geblieben.<\/p><p>Dennoch haben uns Millionen von Menschen im Laufe der Jahre leidenschaftlich darum gebeten, <strong>Online-Schulungen<\/strong> zur Herstellung von rotem Quecksilber und Silberquecksilber anzubieten. Wir haben erfolgreich ein Team aus den kompetentesten Chemikern und erfahrensten Laborfachleuten zusammengestellt, das die Online-Schulung durchf\u00fchren wird.<\/p><p>Wir freuen uns, Ihnen mitteilen zu k\u00f6nnen, dass der Online-Schulungskurs von unseren besten Chemieexperten bis ins kleinste Detail entwickelt wurde. Diese gro\u00dfartige Innovation bietet Millionen von Menschen in der Chemiebranche und im Bergbausektor die M\u00f6glichkeit, unverf\u00e4lschtes Wissen aus erster Hand zu erhalten, mit detaillierten praktischen Videos und Einzelschulungen f\u00fcr registrierte Kandidaten. Kandidaten, die den Online-Kurs erfolgreich abschlie\u00dfen, k\u00f6nnen den Offline-Kurs anschlie\u00dfend im Werk von Rotes Chemie in Deutschland absolvieren.<\/p><p><strong>Akademische Hintergrundanforderungen;<\/strong><\/p><p>\u2013 Wir bevorzugen Personen mit Erfahrung in Chemie, Geologie, Physik, Mineralogie (Bergbau) oder einem verwandten Gebiet. Wir ben\u00f6tigen eine Scan-Kopie Ihres Diploms oder Zeugnisses, das dies best\u00e4tigt.<\/p><p><strong>Antragsdatum<\/strong>;<\/p><p>Wir erhalten das ganze Jahr \u00fcber Bewerbungen, da es sich um ein Eins-zu-eins-Schulungsprogramm handelt, um das effizienteste Ergebnis zu erzielen. Die Online-Schulung (9 Monate Intensivtraining) und die Offline-Schulung und Praktika (6 Monate im Werk Rotes Chemie in Deutschland).<\/p><p><strong>\u00a0<\/strong><\/p><p><strong>Kursgeb\u00fchr<\/strong><\/p><p>25.000 \u20ac Zahlbar in zwei Raten.<\/p><p>\u00a0<\/p><p><strong>Kurs\u00fcbersicht<\/strong>;<\/p><ul><li><strong>Kursziel<\/strong>: Schulung von Einzelpersonen zur Herstellung, Verarbeitung und Lagerung von rotem und silbernem Quecksilber unter Verwendung modernster technischer Ausr\u00fcstung. Am Ende des Kurses wird ein Diplom verliehen.<\/li><\/ul><p>\u00a0<\/p><ul><li><strong>Studienziele:<\/strong> Am Ende Ihrer 9-monatigen intensiven Online-Schulung in Verbindung mit der 6-monatigen praktischen Ausbildung werden Sie in der Lage sein;<\/li><\/ul><p><strong>&#8211;<\/strong> Erfahren Sie, wie Sie eine Anlage zur Herstellung von rotem Quecksilber und Silberquecksilber einrichten. Videos zur Einrichtung einer Anlage zur Herstellung von rotem Quecksilber erhalten Sie von Ihrem Ausbilder.<\/p><p><strong>&#8211;<\/strong> Kennen und beherrschen Sie die Verwendung aller Ger\u00e4te, die bei der Herstellung von rotem und silbernem Quecksilber verwendet werden, und damit ihre einzelnen Funktionen.<\/p><p><strong>&#8211;<\/strong> Erfahren Sie, wie Sie alle Ger\u00e4te, die bei der Herstellung von rotem und silbernem Hg verwendet werden, perfekt handhaben (bedienen).<\/p><p><strong>&#8211;<\/strong> Kennen und beherrschen Sie den Umgang mit allen Chemikalien, die bei der Herstellung von rotem und silbernem Quecksilber verwendet werden. Sie k\u00f6nnen jede dieser Chemikalien schnell identifizieren und wissen, wo Sie sie kaufen k\u00f6nnen.<\/p><p><strong>&#8211;<\/strong> Bestimmen Sie die richtige Menge (Proportionen) der Chemikalien, die im Herstellungsprozess verwendet werden sollen.<\/p><p><strong>&#8211;<\/strong> Kennen und identifizieren Sie alle verschiedenen Schritte bei der Herstellung von rotem und silbernem Hg.<\/p><p><strong>&#8211;<\/strong> Kennen und identifizieren Sie die Materialien, die bei der Herstellung der Flaschen zur Lagerung von rotem und silbernem Hg verwendet werden.<\/p><p><strong>&#8211;<\/strong> Erfahren Sie, wie Sie rote und silberne Hg-Flaschen etikettieren und personalisieren.<\/p><p><strong>&#8211;<\/strong> Kennen und beherrschen Sie die verschiedenen Sicherheitsma\u00dfnahmen und Sicherheitsausr\u00fcstungen, die bei der Herstellung von rotem und silbernem Hg verwendet werden.<\/p>\t\t\t\t\t\t\t\t<\/div>\n\t\t\t\t<\/div>\n\t\t            <\/div>\n        <\/div>\n                    <\/div>\n        <\/section>\n                <section class=\"elementor-section elementor-top-section elementor-element elementor-element-90a90b9 elementor-section-boxed elementor-section-height-default elementor-section-height-default ct-header-fixed-none ct-row-max-none\" data-id=\"90a90b9\" data-element_type=\"section\" data-e-type=\"section\">\n            \n                        <div class=\"elementor-container elementor-column-gap-default\">\n                    <div class=\"elementor-column elementor-col-100 elementor-top-column elementor-element elementor-element-dc9fee8\" data-id=\"dc9fee8\" data-element_type=\"column\" data-e-type=\"column\">\n        <div class=\"elementor-widget-wrap elementor-element-populated\">\n                    \n        \t\t<div class=\"elementor-element elementor-element-a616083 elementor-widget elementor-widget-shortcode\" data-id=\"a616083\" data-element_type=\"widget\" data-e-type=\"widget\" data-widget_type=\"shortcode.default\">\n\t\t\t\t<div class=\"elementor-widget-container\">\n\t\t\t\t\t\t\t<div class=\"elementor-shortcode\">\n<div class=\"wpcf7 no-js\" id=\"wpcf7-f5487-o1\" lang=\"en-US\" dir=\"ltr\" data-wpcf7-id=\"5487\">\n<div class=\"screen-reader-response\"><p role=\"status\" aria-live=\"polite\" aria-atomic=\"true\"><\/p> <ul><\/ul><\/div>\n<form action=\"\/en_us\/wp-json\/wp\/v2\/pages\/5473#wpcf7-f5487-o1\" method=\"post\" class=\"wpcf7-form init cf7mls-no-scroll cf7mls-no-moving-animation\" aria-label=\"Contact form\" enctype=\"multipart\/form-data\" novalidate=\"novalidate\" data-status=\"init\" data-trp-original-action=\"\/en_us\/wp-json\/wp\/v2\/pages\/5473#wpcf7-f5487-o1\">\n<fieldset class=\"hidden-fields-container\"><input type=\"hidden\" name=\"_wpcf7\" value=\"5487\" \/><input type=\"hidden\" name=\"_wpcf7_version\" value=\"6.1.5\" \/><input type=\"hidden\" name=\"_wpcf7_locale\" value=\"en_US\" \/><input type=\"hidden\" name=\"_wpcf7_unit_tag\" value=\"wpcf7-f5487-o1\" \/><input type=\"hidden\" name=\"_wpcf7_container_post\" value=\"0\" \/><input type=\"hidden\" name=\"_wpcf7_posted_data_hash\" value=\"\" \/>\n<\/fieldset>\n<h5 class=\"form-title\">Registration form;\n<\/h5>\n<h6 class=\"form-title\">Section A (Student ID):\n<\/h6>\n<div class=\"input-filled\">\n\t<p><i class=\"form-icon fac fa-user\"><\/i><span class=\"wpcf7-form-control-wrap\" data-name=\"your-name\"><input size=\"40\" maxlength=\"400\" class=\"wpcf7-form-control wpcf7-text wpcf7-validates-as-required\" aria-required=\"true\" aria-invalid=\"false\" placeholder=\"Full names in the correct order as in your identity card or passport\" value=\"\" type=\"text\" name=\"your-name\" \/><\/span>\n\t<\/p>\n<\/div>\n<div>\n\t<p>Date of birth (DD\/MM\/YYYY)\n\t<\/p>\n<\/div>\n<div class=\"input-filled\">\n\t<p><span class=\"wpcf7-form-control-wrap\" data-name=\"date-794\"><input class=\"wpcf7-form-control wpcf7-date wpcf7-validates-as-date\" aria-invalid=\"false\" placeholder=\"\" value=\"\" type=\"date\" name=\"date-794\" \/><\/span>\n\t<\/p>\n<\/div>\n<div class=\"input-filled\">\n\t<p><span class=\"wpcf7-form-control-wrap\" data-name=\"your-name\"><input size=\"40\" maxlength=\"400\" class=\"wpcf7-form-control wpcf7-text wpcf7-validates-as-required\" aria-required=\"true\" aria-invalid=\"false\" placeholder=\"nationality\" value=\"\" type=\"text\" name=\"your-name\" \/><\/span>\n\t<\/p>\n<\/div>\n<div class=\"input-filled\">\n\t<p><span class=\"wpcf7-form-control-wrap\" data-name=\"your-name\"><input size=\"40\" maxlength=\"400\" class=\"wpcf7-form-control wpcf7-text wpcf7-validates-as-required\" aria-required=\"true\" aria-invalid=\"false\" placeholder=\"Current country of residence\" value=\"\" type=\"text\" name=\"your-name\" \/><\/span>\n\t<\/p>\n<\/div>\n<div class=\"input-filled\">\n\t<p><span class=\"wpcf7-form-control-wrap\" data-name=\"your-name\"><input size=\"40\" maxlength=\"400\" class=\"wpcf7-form-control wpcf7-text wpcf7-validates-as-required\" aria-required=\"true\" aria-invalid=\"false\" placeholder=\"Gender: Male, Female):\" value=\"\" type=\"text\" name=\"your-name\" \/><\/span>\n\t<\/p>\n<\/div>\n<div>\n\t<p>Upload a scanned copy of your ID card or passport.\n\t<\/p>\n<\/div>\n<div class=\"input-filled\">\n\t<p><span class=\"wpcf7-form-control-wrap\" data-name=\"your-file\"><input size=\"40\" class=\"wpcf7-form-control wpcf7-file\" accept=\".pdf,.txt\" aria-invalid=\"false\" type=\"file\" name=\"your-file\" \/><\/span>\n\t<\/p>\n<\/div>\n<div>\n\t<p>Upload a scanned copy or copies of your highest diploma or certificate\n\t<\/p>\n<\/div>\n<div class=\"input-filled\">\n\t<p><span class=\"wpcf7-form-control-wrap\" data-name=\"your-file\"><input size=\"40\" class=\"wpcf7-form-control wpcf7-file\" accept=\".pdf,.txt\" aria-invalid=\"false\" type=\"file\" name=\"your-file\" \/><\/span>\n\t<\/p>\n<\/div>\n<div>\n\t<p>Upload any other documents that may facilitate your application.\n\t<\/p>\n<\/div>\n<div class=\"input-filled\">\n\t<p><span class=\"wpcf7-form-control-wrap\" data-name=\"your-file\"><input size=\"40\" class=\"wpcf7-form-control wpcf7-file\" accept=\".pdf,.txt\" aria-invalid=\"false\" type=\"file\" name=\"your-file\" \/><\/span>\n\t<\/p>\n<\/div>\n<h6 class=\"form-title\">Section B (Reasons for applying for this course):\n<\/h6>\n<div class=\"input-filled\">\n\t<p><span class=\"wpcf7-form-control-wrap\" data-name=\"your-name\"><input size=\"40\" maxlength=\"400\" class=\"wpcf7-form-control wpcf7-text wpcf7-validates-as-required\" aria-required=\"true\" aria-invalid=\"false\" placeholder=\"State your reasons for applying for this course):\" value=\"\" type=\"text\" name=\"your-name\" \/><\/span>\n\t<\/p>\n<\/div>\n<div class=\"input-filled\">\n\t<p><span class=\"wpcf7-form-control-wrap\" data-name=\"your-name\"><input size=\"40\" maxlength=\"400\" class=\"wpcf7-form-control wpcf7-text wpcf7-validates-as-required\" aria-required=\"true\" aria-invalid=\"false\" placeholder=\"Do you plan to open a production factory for red Hg or silver Hg in the future?\" value=\"\" type=\"text\" name=\"your-name\" \/><\/span>\n\t<\/p>\n<\/div>\n<h6 class=\"form-title\">Section C (Payment):\n<\/h6>\n<div>\n\t<p>You can pay the fee (\u20ac25,000) in TWO INSTALLMENTS (\u20ac12,500 for the online training and \u20ac12,500 for the offline\/practical training at Rotes Chemie). Note that you only need to pay the fee if your application is approved. All payments will be made in USDT coins.\n\t<\/p>\n<\/div>\n<h6 class=\"form-title\">Section D (Contact details):\n<\/h6>\n<div class=\"input-filled\">\n\t<p><i class=\"form-icon fac fa-envelope\"><\/i><span class=\"wpcf7-form-control-wrap\" data-name=\"your-email\"><input size=\"40\" maxlength=\"400\" class=\"wpcf7-form-control wpcf7-email wpcf7-validates-as-required wpcf7-text wpcf7-validates-as-email\" aria-required=\"true\" aria-invalid=\"false\" placeholder=\"E-mail:\" value=\"\" type=\"email\" name=\"your-email\" \/><\/span>\n\t<\/p>\n<\/div>\n<div class=\"input-filled\">\n\t<p><i class=\"form-icon fac fa-phone\"><\/i><span class=\"wpcf7-form-control-wrap\" data-name=\"your-phone\"><input size=\"40\" maxlength=\"400\" class=\"wpcf7-form-control wpcf7-text wpcf7-validates-as-required\" aria-required=\"true\" aria-invalid=\"false\" placeholder=\"Telephone number:\" value=\"\" type=\"text\" name=\"your-phone\" \/><\/span>\n\t<\/p>\n<\/div>\n<div class=\"ct-range-slider\" data-value=\"60000\" data-maxvalue=\"100000\" data-currency=\"$\">\n<\/div>\n<div class=\"input-filled text-right\">\n\t<p><button type=\"submit\" class=\"wpcf7-submit btn btn-third2\"><i class=\"fac fa-external-link-alt space-right\"><\/i>Send your application form<\/button>\n\t<\/p>\n<\/div><div class=\"wpcf7-response-output\" aria-hidden=\"true\"><\/div>\n<input type=\"hidden\" name=\"trp-form-language\" value=\"en_us\"\/><\/form>\n<\/div>\n<\/div>\n\t\t\t\t\t\t<\/div>\n\t\t\t\t<\/div>\n\t\t            <\/div>\n        <\/div>\n                    <\/div>\n        <\/section>\n        \t\t<\/div>","protected":false},"excerpt":{"rendered":"<p>Online-Schulung zur Herstellung von rotem und silbernem Quecksilber Seit der Gr\u00fcndung unseres renommierten Unternehmens Rotes Chemie im Jahr 1992 haben wir einen enormen Einfluss auf die Gewinnung von Gold und vielen anderen wertvollen Mineralien gehabt. Dieser bemerkenswerte Einfluss ist auf die Tatsache zur\u00fcckzuf\u00fchren, dass Rotes Chemie der einzige Hersteller von reinem rotem Quecksilber 258 20\/20 [&hellip;]<\/p>\n","protected":false},"author":1,"featured_media":0,"parent":0,"menu_order":0,"comment_status":"closed","ping_status":"closed","template":"","meta":{"footnotes":""},"class_list":["post-5473","page","type-page","status-publish","hentry"],"yoast_head":"<!-- This site is optimized with the Yoast SEO plugin v27.3 - https:\/\/yoast.com\/product\/yoast-seo-wordpress\/ -->\n<title>Online Schulung - Roteschemie<\/title>\n<meta name=\"robots\" content=\"index, follow, max-snippet:-1, max-image-preview:large, max-video-preview:-1\" \/>\n<link rel=\"canonical\" href=\"https:\/\/roteschemies.de\/en_us\/online-schulung\/\" \/>\n<meta property=\"og:locale\" content=\"en_US\" \/>\n<meta property=\"og:type\" content=\"article\" \/>\n<meta property=\"og:title\" content=\"Online Schulung - Roteschemie\" \/>\n<meta property=\"og:description\" content=\"Online-Schulung zur Herstellung von rotem und silbernem Quecksilber Seit der Gr\u00fcndung unseres renommierten Unternehmens Rotes Chemie im Jahr 1992 haben wir einen enormen Einfluss auf die Gewinnung von Gold und vielen anderen wertvollen Mineralien gehabt. Dieser bemerkenswerte Einfluss ist auf die Tatsache zur\u00fcckzuf\u00fchren, dass Rotes Chemie der einzige Hersteller von reinem rotem Quecksilber 258 20\/20 [&hellip;]\" \/>\n<meta property=\"og:url\" content=\"https:\/\/roteschemies.de\/en_us\/online-schulung\/\" \/>\n<meta property=\"og:site_name\" content=\"Roteschemie\" \/>\n<meta property=\"article:modified_time\" content=\"2024-06-13T05:16:10+00:00\" \/>\n<meta name=\"twitter:card\" content=\"summary_large_image\" \/>\n<meta name=\"twitter:label1\" content=\"Est. reading time\" \/>\n\t<meta name=\"twitter:data1\" content=\"3 minutes\" \/>\n<script type=\"application\/ld+json\" class=\"yoast-schema-graph\">{\"@context\":\"https:\\\/\\\/schema.org\",\"@graph\":[{\"@type\":\"WebPage\",\"@id\":\"https:\\\/\\\/roteschemies.de\\\/online-schulung\\\/\",\"url\":\"https:\\\/\\\/roteschemies.de\\\/online-schulung\\\/\",\"name\":\"Online Schulung - Roteschemie\",\"isPartOf\":{\"@id\":\"https:\\\/\\\/roteschemies.de\\\/#website\"},\"datePublished\":\"2024-06-10T13:29:49+00:00\",\"dateModified\":\"2024-06-13T05:16:10+00:00\",\"breadcrumb\":{\"@id\":\"https:\\\/\\\/roteschemies.de\\\/online-schulung\\\/#breadcrumb\"},\"inLanguage\":\"en-US\",\"potentialAction\":[{\"@type\":\"ReadAction\",\"target\":[\"https:\\\/\\\/roteschemies.de\\\/online-schulung\\\/\"]}]},{\"@type\":\"BreadcrumbList\",\"@id\":\"https:\\\/\\\/roteschemies.de\\\/online-schulung\\\/#breadcrumb\",\"itemListElement\":[{\"@type\":\"ListItem\",\"position\":1,\"name\":\"Home\",\"item\":\"https:\\\/\\\/roteschemies.de\\\/\"},{\"@type\":\"ListItem\",\"position\":2,\"name\":\"Online Schulung\"}]},{\"@type\":\"WebSite\",\"@id\":\"https:\\\/\\\/roteschemies.de\\\/#website\",\"url\":\"https:\\\/\\\/roteschemies.de\\\/\",\"name\":\"Roteschemie\",\"description\":\"Rotes fl&uuml;ssiges Quecksilber, silbernes fl&uuml;ssiges Quecksilber online kaufen\",\"alternateName\":\"roteschemies.de\",\"potentialAction\":[{\"@type\":\"SearchAction\",\"target\":{\"@type\":\"EntryPoint\",\"urlTemplate\":\"https:\\\/\\\/roteschemies.de\\\/?s={search_term_string}\"},\"query-input\":{\"@type\":\"PropertyValueSpecification\",\"valueRequired\":true,\"valueName\":\"search_term_string\"}}],\"inLanguage\":\"en-US\"}]}<\/script>\n<!-- \/ Yoast SEO plugin. -->","yoast_head_json":{"title":"Online Training - Roteschemie","robots":{"index":"index","follow":"follow","max-snippet":"max-snippet:-1","max-image-preview":"max-image-preview:large","max-video-preview":"max-video-preview:-1"},"canonical":"https:\/\/roteschemies.de\/en_us\/online-schulung\/","og_locale":"en_US","og_type":"article","og_title":"Online Schulung - Roteschemie","og_description":"Online-Schulung zur Herstellung von rotem und silbernem Quecksilber Seit der Gr\u00fcndung unseres renommierten Unternehmens Rotes Chemie im Jahr 1992 haben wir einen enormen Einfluss auf die Gewinnung von Gold und vielen anderen wertvollen Mineralien gehabt. Dieser bemerkenswerte Einfluss ist auf die Tatsache zur\u00fcckzuf\u00fchren, dass Rotes Chemie der einzige Hersteller von reinem rotem Quecksilber 258 20\/20 [&hellip;]","og_url":"https:\/\/roteschemies.de\/en_us\/online-schulung\/","og_site_name":"Roteschemie","article_modified_time":"2024-06-13T05:16:10+00:00","twitter_card":"summary_large_image","twitter_misc":{"Est. reading time":"3 minutes"},"schema":{"@context":"https:\/\/schema.org","@graph":[{"@type":"WebPage","@id":"https:\/\/roteschemies.de\/online-schulung\/","url":"https:\/\/roteschemies.de\/online-schulung\/","name":"Online Training - Roteschemie","isPartOf":{"@id":"https:\/\/roteschemies.de\/#website"},"datePublished":"2024-06-10T13:29:49+00:00","dateModified":"2024-06-13T05:16:10+00:00","breadcrumb":{"@id":"https:\/\/roteschemies.de\/online-schulung\/#breadcrumb"},"inLanguage":"en-US","potentialAction":[{"@type":"ReadAction","target":["https:\/\/roteschemies.de\/online-schulung\/"]}]},{"@type":"BreadcrumbList","@id":"https:\/\/roteschemies.de\/online-schulung\/#breadcrumb","itemListElement":[{"@type":"ListItem","position":1,"name":"Home","item":"https:\/\/roteschemies.de\/"},{"@type":"ListItem","position":2,"name":"Online Schulung"}]},{"@type":"WebSite","@id":"https:\/\/roteschemies.de\/#website","url":"https:\/\/roteschemies.de\/","name":"red chemistry","description":"Buy Red Liquid Mercury, Silver Liquid Mercury online","alternateName":"roteschemies.de","potentialAction":[{"@type":"SearchAction","target":{"@type":"EntryPoint","urlTemplate":"https:\/\/roteschemies.de\/?s={search_term_string}"},"query-input":{"@type":"PropertyValueSpecification","valueRequired":true,"valueName":"search_term_string"}}],"inLanguage":"en-US"}]}},"_links":{"self":[{"href":"https:\/\/roteschemies.de\/en_us\/wp-json\/wp\/v2\/pages\/5473","targetHints":{"allow":["GET"]}}],"collection":[{"href":"https:\/\/roteschemies.de\/en_us\/wp-json\/wp\/v2\/pages"}],"about":[{"href":"https:\/\/roteschemies.de\/en_us\/wp-json\/wp\/v2\/types\/page"}],"author":[{"embeddable":true,"href":"https:\/\/roteschemies.de\/en_us\/wp-json\/wp\/v2\/users\/1"}],"replies":[{"embeddable":true,"href":"https:\/\/roteschemies.de\/en_us\/wp-json\/wp\/v2\/comments?post=5473"}],"version-history":[{"count":17,"href":"https:\/\/roteschemies.de\/en_us\/wp-json\/wp\/v2\/pages\/5473\/revisions"}],"predecessor-version":[{"id":5493,"href":"https:\/\/roteschemies.de\/en_us\/wp-json\/wp\/v2\/pages\/5473\/revisions\/5493"}],"wp:attachment":[{"href":"https:\/\/roteschemies.de\/en_us\/wp-json\/wp\/v2\/media?parent=5473"}],"curies":[{"name":"wp","href":"https:\/\/api.w.org\/{rel}","templated":true}]}}