{"id":5240,"date":"2023-07-13T09:56:54","date_gmt":"2023-07-13T09:56:54","guid":{"rendered":"https:\/\/roteschemies.de\/?page_id=5240"},"modified":"2023-07-13T10:42:17","modified_gmt":"2023-07-13T10:42:17","slug":"mercurio-rojo","status":"publish","type":"page","link":"https:\/\/roteschemies.de\/es\/mercurio-rojo\/","title":{"rendered":"Mercurio rojo"},"content":{"rendered":"<div data-elementor-type=\"wp-page\" data-elementor-id=\"5240\" class=\"elementor elementor-5240\">\n\t\t\t\t        <section class=\"elementor-section elementor-top-section elementor-element elementor-element-363e074a elementor-section-boxed elementor-section-height-default elementor-section-height-default ct-header-fixed-none ct-row-max-none\" data-id=\"363e074a\" data-element_type=\"section\" data-e-type=\"section\">\n            \n                        <div class=\"elementor-container elementor-column-gap-default\">\n                    <div class=\"elementor-column elementor-col-50 elementor-top-column elementor-element elementor-element-23c8db5b\" data-id=\"23c8db5b\" data-element_type=\"column\" data-e-type=\"column\">\n        <div class=\"elementor-widget-wrap elementor-element-populated\">\n                    \n        \t\t<div class=\"elementor-element elementor-element-20b585d0 elementor-widget elementor-widget-ct_image\" data-id=\"20b585d0\" data-element_type=\"widget\" data-e-type=\"widget\" data-widget_type=\"ct_image.default\">\n\t\t\t\t<div class=\"elementor-widget-container\">\n\t\t\t\t\t<div class=\"ct-image-single img-type-img ct-no-effect\" data-wow-delay=\"ms\">\r\n                        <img fetchpriority=\"high\" decoding=\"async\" width=\"756\" height=\"567\" src=\"https:\/\/roteschemies.de\/wp-content\/uploads\/2022\/12\/E311914095_5606255989420786_1852925251756_n.jpg\" class=\"attachment-full\" alt=\"\" \/>            <\/div>\t\t\t\t<\/div>\n\t\t\t\t<\/div>\n\t\t            <\/div>\n        <\/div>\n                <div class=\"elementor-column elementor-col-50 elementor-top-column elementor-element elementor-element-2670a6eb\" data-id=\"2670a6eb\" data-element_type=\"column\" data-e-type=\"column\">\n        <div class=\"elementor-widget-wrap elementor-element-populated\">\n                    \n        \t\t<div class=\"elementor-element elementor-element-7f3f925e elementor-widget elementor-widget-ct_heading\" data-id=\"7f3f925e\" data-element_type=\"widget\" data-e-type=\"widget\" data-widget_type=\"ct_heading.default\">\n\t\t\t\t<div class=\"elementor-widget-container\">\n\t\t\t\t\t<div id=\"ct_heading-7f3f925e\" class=\"ct-heading h-align- sub-style1 ct-heading-left item-st-line-left2\">\r\n\t<div class=\"ct-item--inner\">\r\n        <div class=\"ct-inline-css\"  data-css=\"            \">\r\n        <\/div>\r\n                <h6 class=\"item--title st-line-left2 case-animate-time\" data-wow-delay=\"ms\">\r\n                        <span class=\"sp-main\">\r\n                                    <i><\/i>\r\n                \r\n                Mercurio Rojo Aleman 20\/20-258 9N Al Por Mayor\r\n                \r\n                            <\/span>\r\n                    <\/h6>\r\n    <\/div>\r\n<\/div>\t\t\t\t<\/div>\n\t\t\t\t<\/div>\n\t\t\t\t<div class=\"elementor-element elementor-element-3b680a15 elementor-widget elementor-widget-text-editor\" data-id=\"3b680a15\" data-element_type=\"widget\" data-e-type=\"widget\" data-widget_type=\"text-editor.default\">\n\t\t\t\t<div class=\"elementor-widget-container\">\n\t\t\t\t\t\t\t\t\t<p>Este mercurio rojo alem\u00e1n de alta pureza 20\/20 258 99.9999999% es fabricado aqu\u00ed en Alemania por nuestra empresa. Producimos este mercurio en botellas de 1kg y 34,5kg. Ofrecemos Red Mercury a precios de mayorista para empresas minoristas y particulares. Las compras se realizan \u00fanicamente con criptomonedas. Para comprar mercurio rojo en l\u00ednea con nosotros, haga clic en el formulario de contacto.<br \/>Tama\u00f1os de envase: 1 kg, 5 kg, 17,5 kg y 34,5 kg<\/p><p>*Propiedades adicionales de nuestro mercurio rojo alem\u00e1n*<br \/>1.) Se siente atra\u00eddo por el metal dorado o las cadenas de oro.<br \/>2.) Repele el ajo <br \/>3.) Ella no es visible en el espejo <br \/>4.) Se vuelve roja el agua despu\u00e9s de unos minutos.<br \/>5.) Apaga un tel\u00e9fono celular si se acerca a la botella. <\/p>\t\t\t\t\t\t\t\t<\/div>\n\t\t\t\t<\/div>\n\t\t            <\/div>\n        <\/div>\n                    <\/div>\n        <\/section>\n                <section class=\"elementor-section elementor-top-section elementor-element elementor-element-303ff71f elementor-section-boxed elementor-section-height-default elementor-section-height-default ct-header-fixed-none ct-row-max-none\" data-id=\"303ff71f\" data-element_type=\"section\" data-e-type=\"section\">\n            \n                        <div class=\"elementor-container elementor-column-gap-default\">\n                    <div class=\"elementor-column elementor-col-50 elementor-top-column elementor-element elementor-element-3089d69e\" data-id=\"3089d69e\" data-element_type=\"column\" data-e-type=\"column\">\n        <div class=\"elementor-widget-wrap elementor-element-populated\">\n                    \n        \t\t<div class=\"elementor-element elementor-element-289b232c elementor-widget elementor-widget-ct_heading\" data-id=\"289b232c\" data-element_type=\"widget\" data-e-type=\"widget\" data-widget_type=\"ct_heading.default\">\n\t\t\t\t<div class=\"elementor-widget-container\">\n\t\t\t\t\t<div id=\"ct_heading-289b232c\" class=\"ct-heading h-align- sub-style1 ct-heading-left item-st-line-left2\">\r\n\t<div class=\"ct-item--inner\">\r\n        <div class=\"ct-inline-css\"  data-css=\"            \">\r\n        <\/div>\r\n                <h6 class=\"item--title st-line-left2 case-animate-time\" data-wow-delay=\"ms\">\r\n                        <span class=\"sp-main\">\r\n                                    <i><\/i>\r\n                \r\n                NUESTRAS PROPIEDADES DEL MERCURIO L\u00cdQUIDO ROJO\r\n                \r\n                            <\/span>\r\n                    <\/h6>\r\n    <\/div>\r\n<\/div>\t\t\t\t<\/div>\n\t\t\t\t<\/div>\n\t\t\t\t<div class=\"elementor-element elementor-element-7bf0e610 elementor-widget elementor-widget-text-editor\" data-id=\"7bf0e610\" data-element_type=\"widget\" data-e-type=\"widget\" data-widget_type=\"text-editor.default\">\n\t\t\t\t<div class=\"elementor-widget-container\">\n\t\t\t\t\t\t\t\t\t<p>\u2013 El mercurio rojo es un material rojo cereza semil\u00edquido.<br \/>\u2013 La intensidad del mercurio rojo es muy alta a 20,2 g\/cm3.<br \/>\u2013 Este l\u00edquido Hg2 Sb207 es el material de Military Labs: <br \/>- \u00f3xido de mercurio de antimonio<br \/>\u2013 Otra denominaci\u00f3n: Mercurio l\u00edquido rojo cereza <br \/>\u2013 F\u00f3rmula: Sb2O7Hg2<br \/>- Aspecto: L\u00edquido rojo cereza met\u00e1lico <br \/>\u2013 F\u00f3rmula molecular: Hg2 Sb207<br \/>\u2013 Especies: \u00d3xido de Antimonio Mercurio Rojo<br \/>\u2013 Marco: Sb2O7Hg2<br \/>\u2013 Calidad: L\u00edquido, semil\u00edquido<br \/>\u2013 Pureza: 99.999% (5N) \/ 99.9999999% (9N)<br \/>\u2013 Color: Ponceau (rojo cereza homog\u00e9neo)<br \/>\u2013 Ordenar: 37.00016<br \/>\u2013 Enlace: Energ\u00eda: 211Kcal\/Mol<br \/>\u2013 Densidad: BK-20\/20 \u2013 20,2 g<br \/>- Punto de fusi\u00f3n: -37,67<br \/>- Punto de inflamaci\u00f3n: 170.026<\/p>\t\t\t\t\t\t\t\t<\/div>\n\t\t\t\t<\/div>\n\t\t            <\/div>\n        <\/div>\n                <div class=\"elementor-column elementor-col-50 elementor-top-column elementor-element elementor-element-2129deda\" data-id=\"2129deda\" data-element_type=\"column\" data-e-type=\"column\">\n        <div class=\"elementor-widget-wrap elementor-element-populated\">\n                    \n        \t\t<div class=\"elementor-element elementor-element-4c8721e elementor-widget elementor-widget-ct_heading\" data-id=\"4c8721e\" data-element_type=\"widget\" data-e-type=\"widget\" data-widget_type=\"ct_heading.default\">\n\t\t\t\t<div class=\"elementor-widget-container\">\n\t\t\t\t\t<div id=\"ct_heading-4c8721e\" class=\"ct-heading h-align- sub-style1 ct-heading-left item-st-line-left2\">\r\n\t<div class=\"ct-item--inner\">\r\n        <div class=\"ct-inline-css\"  data-css=\"            \">\r\n        <\/div>\r\n                <h6 class=\"item--title st-line-left2 case-animate-time\" data-wow-delay=\"ms\">\r\n                        <span class=\"sp-main\">\r\n                                    <i><\/i>\r\n                \r\n                INFORMACI\u00d3N ADICIONAL\r\n                \r\n                            <\/span>\r\n                    <\/h6>\r\n    <\/div>\r\n<\/div>\t\t\t\t<\/div>\n\t\t\t\t<\/div>\n\t\t\t\t<div class=\"elementor-element elementor-element-1f0299c0 elementor-widget elementor-widget-text-editor\" data-id=\"1f0299c0\" data-element_type=\"widget\" data-e-type=\"widget\" data-widget_type=\"text-editor.default\">\n\t\t\t\t<div class=\"elementor-widget-container\">\n\t\t\t\t\t\t\t\t\t<p>\u2013 Radiaci\u00f3n: 0.794<br \/>- Valor de l\u00ednea de temperatura: 160.87<br \/>- Respuesta VHTC mp: 1.024<br \/>\u2013 Respuesta K: 0.00016<br \/>\u2013 Respuesta P: 9.000-8.000<br \/>\u2013 Respuesta VDSA: 0,30-0,29<br \/>\u2013 Valor gama: 0,026 \/ 0,044-0,64<br \/>- Punto de ebullici\u00f3n: 356.720<br \/>- MW: 196,01 + 0,02\/mol contenido de agua<br \/>\u2013 Forma: L\u00edquida, espiral<br \/>\u2013 Color: rojo cereza<br \/>- Masa molar: 756,7002 g\/mol<\/p>\t\t\t\t\t\t\t\t<\/div>\n\t\t\t\t<\/div>\n\t\t\t\t<div class=\"elementor-element elementor-element-39853f2 elementor-widget elementor-widget-ct_button\" data-id=\"39853f2\" data-element_type=\"widget\" data-e-type=\"widget\" data-widget_type=\"ct_button.default\">\n\t\t\t\t<div class=\"elementor-widget-container\">\n\t\t\t\t\t<div id=\"ct_button-39853f2\" class=\"ct-button-wrapper ct-button-layout1 icon- btn--inline\">\r\n    <div class=\"ct-inline-css\"  data-css=\"        \">\r\n    <\/div>\r\n            <span class=\"ct-icon-active\"><\/span>\r\n        <a href=\"http:\/\/roteschemies.de\/es\/contacto\/\" class=\"btn btn-default icon-active btn-inline-block\" data-wow-delay=\"ms\">\r\n                            <span class=\"ct-button-icon ct-align-icon-\">\r\n                            <\/span>\r\n                <span class=\"ct-button-text\">Comprar al por mayor<\/span>\r\n    <\/a>\r\n<\/div>\t\t\t\t<\/div>\n\t\t\t\t<\/div>\n\t\t            <\/div>\n        <\/div>\n                    <\/div>\n        <\/section>\n        \t\t<\/div>","protected":false},"excerpt":{"rendered":"<p>Wholesale German Red Mercury 20\/20-258 9N Dieses hochreine deutsche rote Quecksilber 20\/20 258 99,9999999% wird hier in Deutschland von unserer Firma hergestellt. Wir produzieren dieses Quecksilber in Flaschen von 1kg und 34,5kg. Wir bieten rotes Quecksilber zu Gro\u00dfhandelspreisen an Einzelhandelsunternehmen und Privatpersonen an. Eink\u00e4ufe werden nur mit Kryptow\u00e4hrung durchgef\u00fchrt. Um rotes Quecksilber online bei uns [&hellip;]<\/p>\n","protected":false},"author":1,"featured_media":0,"parent":0,"menu_order":0,"comment_status":"closed","ping_status":"closed","template":"","meta":{"footnotes":""},"class_list":["post-5240","page","type-page","status-publish","hentry"],"yoast_head":"<!-- This site is optimized with the Yoast SEO plugin v27.4 - https:\/\/yoast.com\/product\/yoast-seo-wordpress\/ -->\n<title>Rotes fl\u00fcssiges Quecksilber zu verkaufen | Kaufen Rotes Quecksilber -Roteschemie<\/title>\n<meta name=\"description\" content=\"Rotes fl\u00fcssiges Quecksilber zu verkaufen - Roteschemie ist Hersteller von rotem Quecksilber. Unsere Fabrik in Deutschland. Kaufen Sie im Gro\u00dfhandel deutsches rotes Quecksilber 20\/20-258 9N.\" \/>\n<meta name=\"robots\" content=\"index, follow, max-snippet:-1, max-image-preview:large, max-video-preview:-1\" \/>\n<link rel=\"canonical\" href=\"https:\/\/roteschemies.de\/es\/mercurio-rojo\/\" \/>\n<meta property=\"og:locale\" content=\"es_ES\" \/>\n<meta property=\"og:type\" content=\"article\" \/>\n<meta property=\"og:title\" content=\"Rotes fl\u00fcssiges Quecksilber zu verkaufen | Kaufen Rotes Quecksilber -Roteschemie\" \/>\n<meta property=\"og:description\" content=\"Rotes fl\u00fcssiges Quecksilber zu verkaufen - Roteschemie ist Hersteller von rotem Quecksilber. Unsere Fabrik in Deutschland. Kaufen Sie im Gro\u00dfhandel deutsches rotes Quecksilber 20\/20-258 9N.\" \/>\n<meta property=\"og:url\" content=\"https:\/\/roteschemies.de\/es\/mercurio-rojo\/\" \/>\n<meta property=\"og:site_name\" content=\"Roteschemie\" \/>\n<meta property=\"article:modified_time\" content=\"2023-07-13T10:42:17+00:00\" \/>\n<meta property=\"og:image\" content=\"https:\/\/roteschemies.de\/wp-content\/uploads\/2022\/12\/E311914095_5606255989420786_1852925251756_n.jpg\" \/>\n<meta name=\"twitter:card\" content=\"summary_large_image\" \/>\n<meta name=\"twitter:label1\" content=\"Tiempo de lectura\" \/>\n\t<meta name=\"twitter:data1\" content=\"2 minutos\" \/>\n<script type=\"application\/ld+json\" class=\"yoast-schema-graph\">{\"@context\":\"https:\\\/\\\/schema.org\",\"@graph\":[{\"@type\":\"WebPage\",\"@id\":\"https:\\\/\\\/roteschemies.de\\\/rote-quecksilber\\\/\",\"url\":\"https:\\\/\\\/roteschemies.de\\\/rote-quecksilber\\\/\",\"name\":\"Rotes fl\u00fcssiges Quecksilber zu verkaufen | Kaufen Rotes Quecksilber -Roteschemie\",\"isPartOf\":{\"@id\":\"https:\\\/\\\/roteschemies.de\\\/#website\"},\"primaryImageOfPage\":{\"@id\":\"https:\\\/\\\/roteschemies.de\\\/rote-quecksilber\\\/#primaryimage\"},\"image\":{\"@id\":\"https:\\\/\\\/roteschemies.de\\\/rote-quecksilber\\\/#primaryimage\"},\"thumbnailUrl\":\"https:\\\/\\\/roteschemies.de\\\/wp-content\\\/uploads\\\/2022\\\/12\\\/E311914095_5606255989420786_1852925251756_n.jpg\",\"datePublished\":\"2023-07-13T09:56:54+00:00\",\"dateModified\":\"2023-07-13T10:42:17+00:00\",\"description\":\"Rotes fl\u00fcssiges Quecksilber zu verkaufen - Roteschemie ist Hersteller von rotem Quecksilber. Unsere Fabrik in Deutschland. Kaufen Sie im Gro\u00dfhandel deutsches rotes Quecksilber 20\\\/20-258 9N.\",\"breadcrumb\":{\"@id\":\"https:\\\/\\\/roteschemies.de\\\/rote-quecksilber\\\/#breadcrumb\"},\"inLanguage\":\"es\",\"potentialAction\":[{\"@type\":\"ReadAction\",\"target\":[\"https:\\\/\\\/roteschemies.de\\\/rote-quecksilber\\\/\"]}]},{\"@type\":\"ImageObject\",\"inLanguage\":\"es\",\"@id\":\"https:\\\/\\\/roteschemies.de\\\/rote-quecksilber\\\/#primaryimage\",\"url\":\"https:\\\/\\\/roteschemies.de\\\/wp-content\\\/uploads\\\/2022\\\/12\\\/E311914095_5606255989420786_1852925251756_n.jpg\",\"contentUrl\":\"https:\\\/\\\/roteschemies.de\\\/wp-content\\\/uploads\\\/2022\\\/12\\\/E311914095_5606255989420786_1852925251756_n.jpg\"},{\"@type\":\"BreadcrumbList\",\"@id\":\"https:\\\/\\\/roteschemies.de\\\/rote-quecksilber\\\/#breadcrumb\",\"itemListElement\":[{\"@type\":\"ListItem\",\"position\":1,\"name\":\"Home\",\"item\":\"https:\\\/\\\/roteschemies.de\\\/\"},{\"@type\":\"ListItem\",\"position\":2,\"name\":\"Rote Quecksilber\"}]},{\"@type\":\"WebSite\",\"@id\":\"https:\\\/\\\/roteschemies.de\\\/#website\",\"url\":\"https:\\\/\\\/roteschemies.de\\\/\",\"name\":\"Roteschemie\",\"description\":\"Rotes fl&uuml;ssiges Quecksilber, silbernes fl&uuml;ssiges Quecksilber online kaufen\",\"alternateName\":\"roteschemies.de\",\"potentialAction\":[{\"@type\":\"SearchAction\",\"target\":{\"@type\":\"EntryPoint\",\"urlTemplate\":\"https:\\\/\\\/roteschemies.de\\\/?s={search_term_string}\"},\"query-input\":{\"@type\":\"PropertyValueSpecification\",\"valueRequired\":true,\"valueName\":\"search_term_string\"}}],\"inLanguage\":\"es\"}]}<\/script>\n<!-- \/ Yoast SEO plugin. -->","yoast_head_json":{"title":"Mercurio l\u00edquido rojo a la venta | Comprar Mercurio Rojo -Qu\u00edmica Roja","description":"Venta de mercurio l\u00edquido rojo: Roteschemie es un fabricante de mercurio rojo. Nuestra f\u00e1brica en Alemania. Comprar al por mayor Mercurio Rojo Alem\u00e1n 20\/20-258 9N.","robots":{"index":"index","follow":"follow","max-snippet":"max-snippet:-1","max-image-preview":"max-image-preview:large","max-video-preview":"max-video-preview:-1"},"canonical":"https:\/\/roteschemies.de\/es\/mercurio-rojo\/","og_locale":"es_ES","og_type":"article","og_title":"Rotes fl\u00fcssiges Quecksilber zu verkaufen | Kaufen Rotes Quecksilber -Roteschemie","og_description":"Rotes fl\u00fcssiges Quecksilber zu verkaufen - Roteschemie ist Hersteller von rotem Quecksilber. Unsere Fabrik in Deutschland. Kaufen Sie im Gro\u00dfhandel deutsches rotes Quecksilber 20\/20-258 9N.","og_url":"https:\/\/roteschemies.de\/es\/mercurio-rojo\/","og_site_name":"Roteschemie","article_modified_time":"2023-07-13T10:42:17+00:00","og_image":[{"url":"https:\/\/roteschemies.de\/wp-content\/uploads\/2022\/12\/E311914095_5606255989420786_1852925251756_n.jpg","type":"","width":"","height":""}],"twitter_card":"summary_large_image","twitter_misc":{"Tiempo de lectura":"2 minutos"},"schema":{"@context":"https:\/\/schema.org","@graph":[{"@type":"WebPage","@id":"https:\/\/roteschemies.de\/rote-quecksilber\/","url":"https:\/\/roteschemies.de\/rote-quecksilber\/","name":"Mercurio l\u00edquido rojo a la venta | Comprar Mercurio Rojo -Qu\u00edmica Roja","isPartOf":{"@id":"https:\/\/roteschemies.de\/#website"},"primaryImageOfPage":{"@id":"https:\/\/roteschemies.de\/rote-quecksilber\/#primaryimage"},"image":{"@id":"https:\/\/roteschemies.de\/rote-quecksilber\/#primaryimage"},"thumbnailUrl":"https:\/\/roteschemies.de\/wp-content\/uploads\/2022\/12\/E311914095_5606255989420786_1852925251756_n.jpg","datePublished":"2023-07-13T09:56:54+00:00","dateModified":"2023-07-13T10:42:17+00:00","description":"Venta de mercurio l\u00edquido rojo: Roteschemie es un fabricante de mercurio rojo. Nuestra f\u00e1brica en Alemania. Comprar al por mayor Mercurio Rojo Alem\u00e1n 20\/20-258 9N.","breadcrumb":{"@id":"https:\/\/roteschemies.de\/rote-quecksilber\/#breadcrumb"},"inLanguage":"es","potentialAction":[{"@type":"ReadAction","target":["https:\/\/roteschemies.de\/rote-quecksilber\/"]}]},{"@type":"ImageObject","inLanguage":"es","@id":"https:\/\/roteschemies.de\/rote-quecksilber\/#primaryimage","url":"https:\/\/roteschemies.de\/wp-content\/uploads\/2022\/12\/E311914095_5606255989420786_1852925251756_n.jpg","contentUrl":"https:\/\/roteschemies.de\/wp-content\/uploads\/2022\/12\/E311914095_5606255989420786_1852925251756_n.jpg"},{"@type":"BreadcrumbList","@id":"https:\/\/roteschemies.de\/rote-quecksilber\/#breadcrumb","itemListElement":[{"@type":"ListItem","position":1,"name":"Home","item":"https:\/\/roteschemies.de\/"},{"@type":"ListItem","position":2,"name":"Rote Quecksilber"}]},{"@type":"WebSite","@id":"https:\/\/roteschemies.de\/#website","url":"https:\/\/roteschemies.de\/","name":"qu\u00edmica roja","description":"Comprar Mercurio L\u00edquido Rojo, Mercurio L\u00edquido Plateado en l\u00ednea","alternateName":"roteschemies.de","potentialAction":[{"@type":"SearchAction","target":{"@type":"EntryPoint","urlTemplate":"https:\/\/roteschemies.de\/?s={search_term_string}"},"query-input":{"@type":"PropertyValueSpecification","valueRequired":true,"valueName":"search_term_string"}}],"inLanguage":"es"}]}},"_links":{"self":[{"href":"https:\/\/roteschemies.de\/es\/wp-json\/wp\/v2\/pages\/5240","targetHints":{"allow":["GET"]}}],"collection":[{"href":"https:\/\/roteschemies.de\/es\/wp-json\/wp\/v2\/pages"}],"about":[{"href":"https:\/\/roteschemies.de\/es\/wp-json\/wp\/v2\/types\/page"}],"author":[{"embeddable":true,"href":"https:\/\/roteschemies.de\/es\/wp-json\/wp\/v2\/users\/1"}],"replies":[{"embeddable":true,"href":"https:\/\/roteschemies.de\/es\/wp-json\/wp\/v2\/comments?post=5240"}],"version-history":[{"count":0,"href":"https:\/\/roteschemies.de\/es\/wp-json\/wp\/v2\/pages\/5240\/revisions"}],"wp:attachment":[{"href":"https:\/\/roteschemies.de\/es\/wp-json\/wp\/v2\/media?parent=5240"}],"curies":[{"name":"wp","href":"https:\/\/api.w.org\/{rel}","templated":true}]}}