{"id":5313,"date":"2023-09-07T07:23:46","date_gmt":"2023-09-07T07:23:46","guid":{"rendered":"https:\/\/roteschemies.de\/?page_id=5313"},"modified":"2023-09-07T07:25:18","modified_gmt":"2023-09-07T07:25:18","slug":"blog","status":"publish","type":"page","link":"https:\/\/roteschemies.de\/es\/blog\/","title":{"rendered":"Blog"},"content":{"rendered":"<div data-elementor-type=\"wp-page\" data-elementor-id=\"5313\" class=\"elementor elementor-5313\">\n\t\t\t\t        <section class=\"elementor-section elementor-top-section elementor-element elementor-element-4f4570e elementor-section-boxed elementor-section-height-default elementor-section-height-default ct-header-fixed-none ct-row-max-none\" data-id=\"4f4570e\" data-element_type=\"section\" data-e-type=\"section\">\n            \n                        <div class=\"elementor-container elementor-column-gap-default\">\n                    <div class=\"elementor-column elementor-col-100 elementor-top-column elementor-element elementor-element-2f53baa\" data-id=\"2f53baa\" data-element_type=\"column\" data-e-type=\"column\">\n        <div class=\"elementor-widget-wrap elementor-element-populated\">\n                    \n        \t\t<div class=\"elementor-element elementor-element-7a4f28d elementor-widget elementor-widget-ct_blog_grid\" data-id=\"7a4f28d\" data-element_type=\"widget\" data-e-type=\"widget\" data-widget_type=\"ct_blog_grid.default\">\n\t\t\t\t<div class=\"elementor-widget-container\">\n\t\t\t\t\t\r\n<div id=\"ct_blog_grid-7a4f28d\" class=\"ct-grid ct-blog-grid ct-blog-grid-layout1\" data-layout=\"masonry\" data-start-page=\"1\" data-max-pages=\"1\" data-total=\"6\" data-perpage=\"10\" data-next-link=\"\">\r\n    <div class=\"ct-grid-overlay\"><\/div>\r\n    \r\n    <div class=\"ct-grid-inner ct-grid-masonry row animate-time\" data-gutter=\"15\">\r\n                    <div class=\"grid-sizer col-xl-3 col-lg-3 col-md-4 col-sm-6 col-12\"><\/div>\r\n                                <div class=\"grid-item col-xl-3 col-lg-3 col-md-4 col-sm-6 col-12 filter-category-1\">\r\n                    <div class=\"grid-item-inner\">\r\n                                                    <div class=\"entry-featured\">\r\n                                <a href=\"https:\/\/roteschemies.de\/es\/caluanie-muelear-oxida-controversias-riesgos-y-practicas-responsables\/\"><img fetchpriority=\"high\" decoding=\"async\" class=\"disable-lazy no-lazyload\" src=\"https:\/\/roteschemies.de\/wp-content\/uploads\/2022\/12\/A48ADAC0-DF52-480C-039-scaled-600x414.jpg\" width=\"600\" height=\"414\" alt=\"Caluanie Muelear Oxidar\" title=\"Caluanie Muelear Oxidar\" \/><\/a>\r\n                            <\/div>\r\n                                                <div class=\"entry-body\">\r\n                            <div class=\"entry-holder\">\r\n                                                                    <ul class=\"entry-meta\">\r\n                                                                                    <li class=\"item-date\"><i class=\"fac fac-calendar-alt\"><\/i>09\/09\/2023<\/li>\r\n                                                                                                                            <li class=\"item-author\">\r\n                                                <a href=\"https:\/\/roteschemies.de\/es\/author\/acnhn\/\"><i class=\"fac fac-user\"><\/i>acnhn<\/a><\/li>\r\n                                                                            <\/ul>\r\n                                                                <h3 class=\"entry-title\"><a href=\"https:\/\/roteschemies.de\/es\/caluanie-muelear-oxida-controversias-riesgos-y-practicas-responsables\/\">Caluanie Muelear Oxidar: Controversias, Riesgos y Pr\u00e1cticas Responsables<\/a><\/h3>\r\n                                                                    <div class=\"entry-readmore\">\r\n                                        <a href=\"https:\/\/roteschemies.de\/es\/caluanie-muelear-oxida-controversias-riesgos-y-practicas-responsables\/\">\r\n                                            Leer m\u00e1s                                            <i class=\"fac fac-angle-double-right space-left\"><\/i>\r\n                                        <\/a>\r\n                                    <\/div>\r\n                                                            <\/div>\r\n                        <\/div>\r\n                    <\/div>\r\n                <\/div>\r\n                            <div class=\"grid-item col-xl-3 col-lg-3 col-md-4 col-sm-6 col-12 filter-category-1\">\r\n                    <div class=\"grid-item-inner\">\r\n                                                    <div class=\"entry-featured\">\r\n                                <a href=\"https:\/\/roteschemies.de\/es\/productos-quimicos-utilizados-en-la-extraccion-de-oro-de-roteschemie\/\"><img decoding=\"async\" class=\"disable-lazy no-lazyload\" src=\"https:\/\/roteschemies.de\/wp-content\/uploads\/2023\/09\/01d341_a97cc081084f470583238f89f6ec339f_mv2-425x414.webp\" width=\"425\" height=\"414\" alt=\"Productos qu\u00edmicos utilizados en la extracci\u00f3n de oro por roteschemie\" title=\"Productos qu\u00edmicos utilizados en la extracci\u00f3n de oro por roteschemie\" \/><\/a>\r\n                            <\/div>\r\n                                                <div class=\"entry-body\">\r\n                            <div class=\"entry-holder\">\r\n                                                                    <ul class=\"entry-meta\">\r\n                                                                                    <li class=\"item-date\"><i class=\"fac fac-calendar-alt\"><\/i>09\/09\/2023<\/li>\r\n                                                                                                                            <li class=\"item-author\">\r\n                                                <a href=\"https:\/\/roteschemies.de\/es\/author\/acnhn\/\"><i class=\"fac fac-user\"><\/i>acnhn<\/a><\/li>\r\n                                                                            <\/ul>\r\n                                                                <h3 class=\"entry-title\"><a href=\"https:\/\/roteschemies.de\/es\/productos-quimicos-utilizados-en-la-extraccion-de-oro-de-roteschemie\/\">Productos qu\u00edmicos utilizados en la extracci\u00f3n de oro por roteschemie<\/a><\/h3>\r\n                                                                    <div class=\"entry-readmore\">\r\n                                        <a href=\"https:\/\/roteschemies.de\/es\/productos-quimicos-utilizados-en-la-extraccion-de-oro-de-roteschemie\/\">\r\n                                            Leer m\u00e1s                                            <i class=\"fac fac-angle-double-right space-left\"><\/i>\r\n                                        <\/a>\r\n                                    <\/div>\r\n                                                            <\/div>\r\n                        <\/div>\r\n                    <\/div>\r\n                <\/div>\r\n                            <div class=\"grid-item col-xl-3 col-lg-3 col-md-4 col-sm-6 col-12 filter-category-1\">\r\n                    <div class=\"grid-item-inner\">\r\n                                                    <div class=\"entry-featured\">\r\n                                <a href=\"https:\/\/roteschemies.de\/es\/mercurio-rojo-aleman-2020-258-n9-a-la-venta\/\"><img decoding=\"async\" class=\"disable-lazy no-lazyload\" src=\"https:\/\/roteschemies.de\/wp-content\/uploads\/2023\/09\/G311914095_5606255989420786_1852925251757_n-600x414.jpg\" width=\"600\" height=\"414\" alt=\"Mercurio rojo alem\u00e1n 2020 258 N9 a la venta\" title=\"Mercurio rojo alem\u00e1n 2020 258 N9 a la venta\" \/><\/a>\r\n                            <\/div>\r\n                                                <div class=\"entry-body\">\r\n                            <div class=\"entry-holder\">\r\n                                                                    <ul class=\"entry-meta\">\r\n                                                                                    <li class=\"item-date\"><i class=\"fac fac-calendar-alt\"><\/i>09\/09\/2023<\/li>\r\n                                                                                                                            <li class=\"item-author\">\r\n                                                <a href=\"https:\/\/roteschemies.de\/es\/author\/acnhn\/\"><i class=\"fac fac-user\"><\/i>acnhn<\/a><\/li>\r\n                                                                            <\/ul>\r\n                                                                <h3 class=\"entry-title\"><a href=\"https:\/\/roteschemies.de\/es\/mercurio-rojo-aleman-2020-258-n9-a-la-venta\/\">Mercurio rojo alem\u00e1n 2020 258 N9 a la venta<\/a><\/h3>\r\n                                                                    <div class=\"entry-readmore\">\r\n                                        <a href=\"https:\/\/roteschemies.de\/es\/mercurio-rojo-aleman-2020-258-n9-a-la-venta\/\">\r\n                                            Leer m\u00e1s                                            <i class=\"fac fac-angle-double-right space-left\"><\/i>\r\n                                        <\/a>\r\n                                    <\/div>\r\n                                                            <\/div>\r\n                        <\/div>\r\n                    <\/div>\r\n                <\/div>\r\n                            <div class=\"grid-item col-xl-3 col-lg-3 col-md-4 col-sm-6 col-12 filter-category-1\">\r\n                    <div class=\"grid-item-inner\">\r\n                                                    <div class=\"entry-featured\">\r\n                                <a href=\"https:\/\/roteschemies.de\/es\/proceso-de-fabricacion-de-mercurio-de-plata-por-roteschemie\/\"><img loading=\"lazy\" decoding=\"async\" class=\"disable-lazy no-lazyload\" src=\"https:\/\/roteschemies.de\/wp-content\/uploads\/2022\/12\/611914095_5606255989420786_1852925251757_n-600x414.jpg\" width=\"600\" height=\"414\" alt=\"Proceso de fabricaci\u00f3n de plata y mercurio de roteschemie\" title=\"Proceso de fabricaci\u00f3n de plata y mercurio de roteschemie\" \/><\/a>\r\n                            <\/div>\r\n                                                <div class=\"entry-body\">\r\n                            <div class=\"entry-holder\">\r\n                                                                    <ul class=\"entry-meta\">\r\n                                                                                    <li class=\"item-date\"><i class=\"fac fac-calendar-alt\"><\/i>09\/09\/2023<\/li>\r\n                                                                                                                            <li class=\"item-author\">\r\n                                                <a href=\"https:\/\/roteschemies.de\/es\/author\/acnhn\/\"><i class=\"fac fac-user\"><\/i>acnhn<\/a><\/li>\r\n                                                                            <\/ul>\r\n                                                                <h3 class=\"entry-title\"><a href=\"https:\/\/roteschemies.de\/es\/proceso-de-fabricacion-de-mercurio-de-plata-por-roteschemie\/\">Proceso de fabricaci\u00f3n de plata y mercurio de roteschemie<\/a><\/h3>\r\n                                                                    <div class=\"entry-readmore\">\r\n                                        <a href=\"https:\/\/roteschemies.de\/es\/proceso-de-fabricacion-de-mercurio-de-plata-por-roteschemie\/\">\r\n                                            Leer m\u00e1s                                            <i class=\"fac fac-angle-double-right space-left\"><\/i>\r\n                                        <\/a>\r\n                                    <\/div>\r\n                                                            <\/div>\r\n                        <\/div>\r\n                    <\/div>\r\n                <\/div>\r\n                            <div class=\"grid-item col-xl-3 col-lg-3 col-md-4 col-sm-6 col-12 filter-category-1\">\r\n                    <div class=\"grid-item-inner\">\r\n                                                    <div class=\"entry-featured\">\r\n                                <a href=\"https:\/\/roteschemies.de\/es\/empresa-fabricante-de-mercurio-rojo-2020-en-alemania\/\"><img loading=\"lazy\" decoding=\"async\" class=\"disable-lazy no-lazyload\" src=\"https:\/\/roteschemies.de\/wp-content\/uploads\/2022\/12\/A111914095_5606255989420786_1852925251756_n-600x414.jpg\" width=\"600\" height=\"414\" alt=\"Mercurio rojo 2020 Empresa fabricante en Alemania, empresa alemana de fabricaci\u00f3n de mercurio rojo en Hamburgo, Alemania.\" title=\"Mercurio rojo 2020 Empresa fabricante en Alemania, empresa alemana de fabricaci\u00f3n de mercurio rojo en Hamburgo, Alemania.\" \/><\/a>\r\n                            <\/div>\r\n                                                <div class=\"entry-body\">\r\n                            <div class=\"entry-holder\">\r\n                                                                    <ul class=\"entry-meta\">\r\n                                                                                    <li class=\"item-date\"><i class=\"fac fac-calendar-alt\"><\/i>09\/09\/2023<\/li>\r\n                                                                                                                            <li class=\"item-author\">\r\n                                                <a href=\"https:\/\/roteschemies.de\/es\/author\/acnhn\/\"><i class=\"fac fac-user\"><\/i>acnhn<\/a><\/li>\r\n                                                                            <\/ul>\r\n                                                                <h3 class=\"entry-title\"><a href=\"https:\/\/roteschemies.de\/es\/empresa-fabricante-de-mercurio-rojo-2020-en-alemania\/\">Mercurio rojo 2020 Empresa fabricante en Alemania<\/a><\/h3>\r\n                                                                    <div class=\"entry-readmore\">\r\n                                        <a href=\"https:\/\/roteschemies.de\/es\/empresa-fabricante-de-mercurio-rojo-2020-en-alemania\/\">\r\n                                            Leer m\u00e1s                                            <i class=\"fac fac-angle-double-right space-left\"><\/i>\r\n                                        <\/a>\r\n                                    <\/div>\r\n                                                            <\/div>\r\n                        <\/div>\r\n                    <\/div>\r\n                <\/div>\r\n                            <div class=\"grid-item col-xl-3 col-lg-3 col-md-4 col-sm-6 col-12 filter-category-1\">\r\n                    <div class=\"grid-item-inner\">\r\n                                                    <div class=\"entry-featured\">\r\n                                <a href=\"https:\/\/roteschemies.de\/es\/mercurio-rojo-aleman-20-20-258-n9-una-descripcion-general-de-la-quimica-roja\/\"><img loading=\"lazy\" decoding=\"async\" class=\"disable-lazy no-lazyload\" src=\"https:\/\/roteschemies.de\/wp-content\/uploads\/2023\/09\/B211914095_5606255989420786_1852925251756_n-600x414.jpg\" width=\"600\" height=\"414\" alt=\"Roteschemie, fabricante alem\u00e1n de mercurio rojo\" title=\"Fabricante alem\u00e1n de mercurio rojo\" \/><\/a>\r\n                            <\/div>\r\n                                                <div class=\"entry-body\">\r\n                            <div class=\"entry-holder\">\r\n                                                                    <ul class=\"entry-meta\">\r\n                                                                                    <li class=\"item-date\"><i class=\"fac fac-calendar-alt\"><\/i>09\/09\/2023<\/li>\r\n                                                                                                                            <li class=\"item-author\">\r\n                                                <a href=\"https:\/\/roteschemies.de\/es\/author\/acnhn\/\"><i class=\"fac fac-user\"><\/i>acnhn<\/a><\/li>\r\n                                                                            <\/ul>\r\n                                                                <h3 class=\"entry-title\"><a href=\"https:\/\/roteschemies.de\/es\/mercurio-rojo-aleman-20-20-258-n9-una-descripcion-general-de-la-quimica-roja\/\">Mercurio rojo alem\u00e1n 20\/20 258 N9: descripci\u00f3n general de la qu\u00edmica del rojo<\/a><\/h3>\r\n                                                                    <div class=\"entry-readmore\">\r\n                                        <a href=\"https:\/\/roteschemies.de\/es\/mercurio-rojo-aleman-20-20-258-n9-una-descripcion-general-de-la-quimica-roja\/\">\r\n                                            Leer m\u00e1s                                            <i class=\"fac fac-angle-double-right space-left\"><\/i>\r\n                                        <\/a>\r\n                                    <\/div>\r\n                                                            <\/div>\r\n                        <\/div>\r\n                    <\/div>\r\n                <\/div>\r\n                <\/div>\r\n        <\/div>\t\t\t\t<\/div>\n\t\t\t\t<\/div>\n\t\t            <\/div>\n        <\/div>\n                    <\/div>\n        <\/section>\n        \t\t<\/div>","protected":false},"excerpt":{"rendered":"<p>05\/11\/2019 acnhn Elementor #5286 Read more 05\/11\/2019 acnhn Strategy for Norway&#8217;s Peion to Fund Global. Read more 05\/11\/2019 acnhn What we are capable to usually discovered. Read more 05\/11\/2019 acnhn Food industry leaders often change their. Read more 05\/11\/2019 acnhn How to go about intiating an start-up. Read more 05\/11\/2019 acnhn Reasons to explan fast [&hellip;]<\/p>\n","protected":false},"author":1,"featured_media":0,"parent":0,"menu_order":0,"comment_status":"closed","ping_status":"closed","template":"","meta":{"footnotes":""},"class_list":["post-5313","page","type-page","status-publish","hentry"],"yoast_head":"<!-- This site is optimized with the Yoast SEO plugin v27.4 - https:\/\/yoast.com\/product\/yoast-seo-wordpress\/ -->\n<title>Blog - Roteschemie<\/title>\n<meta name=\"robots\" content=\"index, follow, max-snippet:-1, max-image-preview:large, max-video-preview:-1\" \/>\n<link rel=\"canonical\" href=\"https:\/\/roteschemies.de\/es\/blog\/\" \/>\n<meta property=\"og:locale\" content=\"es_ES\" \/>\n<meta property=\"og:type\" content=\"article\" \/>\n<meta property=\"og:title\" content=\"Blog - Roteschemie\" \/>\n<meta property=\"og:description\" content=\"05\/11\/2019 acnhn Elementor #5286 Read more 05\/11\/2019 acnhn Strategy for Norway&#8217;s Peion to Fund Global. Read more 05\/11\/2019 acnhn What we are capable to usually discovered. Read more 05\/11\/2019 acnhn Food industry leaders often change their. Read more 05\/11\/2019 acnhn How to go about intiating an start-up. Read more 05\/11\/2019 acnhn Reasons to explan fast [&hellip;]\" \/>\n<meta property=\"og:url\" content=\"https:\/\/roteschemies.de\/es\/blog\/\" \/>\n<meta property=\"og:site_name\" content=\"Roteschemie\" \/>\n<meta property=\"article:modified_time\" content=\"2023-09-07T07:25:18+00:00\" \/>\n<meta property=\"og:image\" content=\"https:\/\/roteschemies.de\/wp-content\/uploads\/2019\/11\/update-blog1-600x414.jpg\" \/>\n<meta name=\"twitter:card\" content=\"summary_large_image\" \/>\n<meta name=\"twitter:label1\" content=\"Tiempo de lectura\" \/>\n\t<meta name=\"twitter:data1\" content=\"1 minuto\" \/>\n<script type=\"application\/ld+json\" class=\"yoast-schema-graph\">{\"@context\":\"https:\\\/\\\/schema.org\",\"@graph\":[{\"@type\":[\"WebPage\",\"CollectionPage\"],\"@id\":\"https:\\\/\\\/roteschemies.de\\\/blog\\\/\",\"url\":\"https:\\\/\\\/roteschemies.de\\\/blog\\\/\",\"name\":\"Blog - Roteschemie\",\"isPartOf\":{\"@id\":\"https:\\\/\\\/roteschemies.de\\\/#website\"},\"primaryImageOfPage\":{\"@id\":\"https:\\\/\\\/roteschemies.de\\\/blog\\\/#primaryimage\"},\"image\":{\"@id\":\"https:\\\/\\\/roteschemies.de\\\/blog\\\/#primaryimage\"},\"thumbnailUrl\":\"https:\\\/\\\/roteschemies.de\\\/wp-content\\\/uploads\\\/2019\\\/11\\\/update-blog1-600x414.jpg\",\"datePublished\":\"2023-09-07T07:23:46+00:00\",\"dateModified\":\"2023-09-07T07:25:18+00:00\",\"breadcrumb\":{\"@id\":\"https:\\\/\\\/roteschemies.de\\\/blog\\\/#breadcrumb\"},\"inLanguage\":\"es\"},{\"@type\":\"ImageObject\",\"inLanguage\":\"es\",\"@id\":\"https:\\\/\\\/roteschemies.de\\\/blog\\\/#primaryimage\",\"url\":\"https:\\\/\\\/roteschemies.de\\\/wp-content\\\/uploads\\\/2019\\\/11\\\/update-blog1-600x414.jpg\",\"contentUrl\":\"https:\\\/\\\/roteschemies.de\\\/wp-content\\\/uploads\\\/2019\\\/11\\\/update-blog1-600x414.jpg\"},{\"@type\":\"BreadcrumbList\",\"@id\":\"https:\\\/\\\/roteschemies.de\\\/blog\\\/#breadcrumb\",\"itemListElement\":[{\"@type\":\"ListItem\",\"position\":1,\"name\":\"Home\",\"item\":\"https:\\\/\\\/roteschemies.de\\\/\"},{\"@type\":\"ListItem\",\"position\":2,\"name\":\"Blog\"}]},{\"@type\":\"WebSite\",\"@id\":\"https:\\\/\\\/roteschemies.de\\\/#website\",\"url\":\"https:\\\/\\\/roteschemies.de\\\/\",\"name\":\"Roteschemie\",\"description\":\"Rotes fl&uuml;ssiges Quecksilber, silbernes fl&uuml;ssiges Quecksilber online kaufen\",\"alternateName\":\"roteschemies.de\",\"potentialAction\":[{\"@type\":\"SearchAction\",\"target\":{\"@type\":\"EntryPoint\",\"urlTemplate\":\"https:\\\/\\\/roteschemies.de\\\/?s={search_term_string}\"},\"query-input\":{\"@type\":\"PropertyValueSpecification\",\"valueRequired\":true,\"valueName\":\"search_term_string\"}}],\"inLanguage\":\"es\"}]}<\/script>\n<!-- \/ Yoast SEO plugin. -->","yoast_head_json":{"title":"Blog - Qu\u00edmica Roja","robots":{"index":"index","follow":"follow","max-snippet":"max-snippet:-1","max-image-preview":"max-image-preview:large","max-video-preview":"max-video-preview:-1"},"canonical":"https:\/\/roteschemies.de\/es\/blog\/","og_locale":"es_ES","og_type":"article","og_title":"Blog - Roteschemie","og_description":"05\/11\/2019 acnhn Elementor #5286 Read more 05\/11\/2019 acnhn Strategy for Norway&#8217;s Peion to Fund Global. Read more 05\/11\/2019 acnhn What we are capable to usually discovered. Read more 05\/11\/2019 acnhn Food industry leaders often change their. Read more 05\/11\/2019 acnhn How to go about intiating an start-up. Read more 05\/11\/2019 acnhn Reasons to explan fast [&hellip;]","og_url":"https:\/\/roteschemies.de\/es\/blog\/","og_site_name":"Roteschemie","article_modified_time":"2023-09-07T07:25:18+00:00","og_image":[{"url":"https:\/\/roteschemies.de\/wp-content\/uploads\/2019\/11\/update-blog1-600x414.jpg","type":"","width":"","height":""}],"twitter_card":"summary_large_image","twitter_misc":{"Tiempo de lectura":"1 minuto"},"schema":{"@context":"https:\/\/schema.org","@graph":[{"@type":["WebPage","CollectionPage"],"@id":"https:\/\/roteschemies.de\/blog\/","url":"https:\/\/roteschemies.de\/blog\/","name":"Blog - Qu\u00edmica Roja","isPartOf":{"@id":"https:\/\/roteschemies.de\/#website"},"primaryImageOfPage":{"@id":"https:\/\/roteschemies.de\/blog\/#primaryimage"},"image":{"@id":"https:\/\/roteschemies.de\/blog\/#primaryimage"},"thumbnailUrl":"https:\/\/roteschemies.de\/wp-content\/uploads\/2019\/11\/update-blog1-600x414.jpg","datePublished":"2023-09-07T07:23:46+00:00","dateModified":"2023-09-07T07:25:18+00:00","breadcrumb":{"@id":"https:\/\/roteschemies.de\/blog\/#breadcrumb"},"inLanguage":"es"},{"@type":"ImageObject","inLanguage":"es","@id":"https:\/\/roteschemies.de\/blog\/#primaryimage","url":"https:\/\/roteschemies.de\/wp-content\/uploads\/2019\/11\/update-blog1-600x414.jpg","contentUrl":"https:\/\/roteschemies.de\/wp-content\/uploads\/2019\/11\/update-blog1-600x414.jpg"},{"@type":"BreadcrumbList","@id":"https:\/\/roteschemies.de\/blog\/#breadcrumb","itemListElement":[{"@type":"ListItem","position":1,"name":"Home","item":"https:\/\/roteschemies.de\/"},{"@type":"ListItem","position":2,"name":"Blog"}]},{"@type":"WebSite","@id":"https:\/\/roteschemies.de\/#website","url":"https:\/\/roteschemies.de\/","name":"qu\u00edmica roja","description":"Comprar Mercurio L\u00edquido Rojo, Mercurio L\u00edquido Plateado en l\u00ednea","alternateName":"roteschemies.de","potentialAction":[{"@type":"SearchAction","target":{"@type":"EntryPoint","urlTemplate":"https:\/\/roteschemies.de\/?s={search_term_string}"},"query-input":{"@type":"PropertyValueSpecification","valueRequired":true,"valueName":"search_term_string"}}],"inLanguage":"es"}]}},"_links":{"self":[{"href":"https:\/\/roteschemies.de\/es\/wp-json\/wp\/v2\/pages\/5313","targetHints":{"allow":["GET"]}}],"collection":[{"href":"https:\/\/roteschemies.de\/es\/wp-json\/wp\/v2\/pages"}],"about":[{"href":"https:\/\/roteschemies.de\/es\/wp-json\/wp\/v2\/types\/page"}],"author":[{"embeddable":true,"href":"https:\/\/roteschemies.de\/es\/wp-json\/wp\/v2\/users\/1"}],"replies":[{"embeddable":true,"href":"https:\/\/roteschemies.de\/es\/wp-json\/wp\/v2\/comments?post=5313"}],"version-history":[{"count":0,"href":"https:\/\/roteschemies.de\/es\/wp-json\/wp\/v2\/pages\/5313\/revisions"}],"wp:attachment":[{"href":"https:\/\/roteschemies.de\/es\/wp-json\/wp\/v2\/media?parent=5313"}],"curies":[{"name":"wp","href":"https:\/\/api.w.org\/{rel}","templated":true}]}}