{"id":5473,"date":"2024-06-10T13:29:49","date_gmt":"2024-06-10T13:29:49","guid":{"rendered":"https:\/\/roteschemies.de\/?page_id=5473"},"modified":"2024-06-13T05:16:10","modified_gmt":"2024-06-13T05:16:10","slug":"entrenamiento-en-linea","status":"publish","type":"page","link":"https:\/\/roteschemies.de\/es\/entrenamiento-en-linea\/","title":{"rendered":"Entrenamiento en linea"},"content":{"rendered":"<div data-elementor-type=\"wp-page\" data-elementor-id=\"5473\" class=\"elementor elementor-5473\">\n\t\t\t\t        <section class=\"elementor-section elementor-top-section elementor-element elementor-element-ac9e507 elementor-section-boxed elementor-section-height-default elementor-section-height-default ct-header-fixed-none ct-row-max-none\" data-id=\"ac9e507\" data-element_type=\"section\" data-e-type=\"section\">\n            \n                        <div class=\"elementor-container elementor-column-gap-default\">\n                    <div class=\"elementor-column elementor-col-100 elementor-top-column elementor-element elementor-element-703fdd3\" data-id=\"703fdd3\" data-element_type=\"column\" data-e-type=\"column\">\n        <div class=\"elementor-widget-wrap\">\n                    \n                    <\/div>\n        <\/div>\n                    <\/div>\n        <\/section>\n                <section class=\"elementor-section elementor-top-section elementor-element elementor-element-4452873 elementor-section-boxed elementor-section-height-default elementor-section-height-default ct-header-fixed-none ct-row-max-none\" data-id=\"4452873\" data-element_type=\"section\" data-e-type=\"section\">\n            \n                        <div class=\"elementor-container elementor-column-gap-default\">\n                    <div class=\"elementor-column elementor-col-100 elementor-top-column elementor-element elementor-element-78f37f3\" data-id=\"78f37f3\" data-element_type=\"column\" data-e-type=\"column\">\n        <div class=\"elementor-widget-wrap\">\n                    \n                    <\/div>\n        <\/div>\n                    <\/div>\n        <\/section>\n                <section class=\"elementor-section elementor-top-section elementor-element elementor-element-2d39b53 elementor-section-boxed elementor-section-height-default elementor-section-height-default ct-header-fixed-none ct-row-max-none\" data-id=\"2d39b53\" data-element_type=\"section\" data-e-type=\"section\">\n            \n                        <div class=\"elementor-container elementor-column-gap-default\">\n                    <div class=\"elementor-column elementor-col-100 elementor-top-column elementor-element elementor-element-409df8b\" data-id=\"409df8b\" data-element_type=\"column\" data-e-type=\"column\">\n        <div class=\"elementor-widget-wrap\">\n                    \n                    <\/div>\n        <\/div>\n                    <\/div>\n        <\/section>\n                <section class=\"elementor-section elementor-top-section elementor-element elementor-element-fda3d85 elementor-section-boxed elementor-section-height-default elementor-section-height-default ct-header-fixed-none ct-row-max-none\" data-id=\"fda3d85\" data-element_type=\"section\" data-e-type=\"section\">\n            \n                        <div class=\"elementor-container elementor-column-gap-default\">\n                    <div class=\"elementor-column elementor-col-100 elementor-top-column elementor-element elementor-element-b78578d\" data-id=\"b78578d\" data-element_type=\"column\" data-e-type=\"column\">\n        <div class=\"elementor-widget-wrap elementor-element-populated\">\n                    \n        \t\t<div class=\"elementor-element elementor-element-4547462 elementor-widget elementor-widget-heading\" data-id=\"4547462\" data-element_type=\"widget\" data-e-type=\"widget\" data-widget_type=\"heading.default\">\n\t\t\t\t<div class=\"elementor-widget-container\">\n\t\t\t\t\t<h2 class=\"elementor-heading-title elementor-size-default\">Capacitaci\u00f3n en l\u00ednea sobre c\u00f3mo hacer mercurio rojo y plateado.<\/h2>\t\t\t\t<\/div>\n\t\t\t\t<\/div>\n\t\t\t\t<div class=\"elementor-element elementor-element-53e6d74 elementor-widget elementor-widget-text-editor\" data-id=\"53e6d74\" data-element_type=\"widget\" data-e-type=\"widget\" data-widget_type=\"text-editor.default\">\n\t\t\t\t<div class=\"elementor-widget-container\">\n\t\t\t\t\t\t\t\t\t<p>Desde que fundamos nuestra reconocida empresa Rotes Chemie en 1992, hemos tenido un enorme impacto en la extracci\u00f3n de oro y muchos otros minerales valiosos. Esta notable influencia se debe al hecho de que Rotes Chemie sigue siendo el \u00fanico productor de mercurio rojo puro 258 20\/20 99,9999999 % Gamma 0,44-0,64. Hasta el d\u00eda de hoy nos mantenemos fieles a nosotros mismos en t\u00e9rminos de calidad del producto y log\u00edstica.<\/p><p>Sin embargo, a lo largo de los a\u00f1os, millones de personas nos han pedido apasionadamente que <strong>Entrenamiento en linea<\/strong> para la producci\u00f3n de mercurio rojo y mercurio plateado. Hemos reunido con \u00e9xito un equipo de los qu\u00edmicos m\u00e1s competentes y profesionales de laboratorio con experiencia que impartir\u00e1n la capacitaci\u00f3n en l\u00ednea.<\/p><p>Nos complace informarle que el curso de formaci\u00f3n en l\u00ednea ha sido desarrollado en cada detalle por nuestros mejores expertos en qu\u00edmica. Esta gran innovaci\u00f3n ofrece a millones de personas en los sectores qu\u00edmico y minero la oportunidad de obtener conocimiento puro de primera mano, con videos pr\u00e1cticos detallados y capacitaci\u00f3n individual para los candidatos registrados. Los candidatos que completen con \u00e9xito el curso en l\u00ednea podr\u00e1n completar el curso fuera de l\u00ednea en la f\u00e1brica de Rotes Chemie en Alemania.<\/p><p><strong>Requisitos de formaci\u00f3n acad\u00e9mica;<\/strong><\/p><p>\u2013 Preferimos personas con experiencia en qu\u00edmica, geolog\u00eda, f\u00edsica, mineralog\u00eda (miner\u00eda) o un campo relacionado. Requerimos una copia escaneada de su diploma o certificado que lo confirme.<\/p><p><strong>Fecha de aplicacion<\/strong>;<\/p><p>Recibimos solicitudes durante todo el a\u00f1o ya que es un programa de formaci\u00f3n uno a uno para conseguir el resultado m\u00e1s eficiente. La formaci\u00f3n online (9 meses de formaci\u00f3n intensiva) y la formaci\u00f3n y pr\u00e1cticas offline (6 meses en la planta de Rotes Chemie en Alemania).<\/p><p><strong>\u00a0<\/strong><\/p><p><strong>Precio del curso<\/strong><\/p><p>25.000\u20ac A pagar en dos plazos.<\/p><p>\u00a0<\/p><p><strong>Resumen del curso<\/strong>;<\/p><ul><li><strong>Precio objetivo<\/strong>: Capacitaci\u00f3n de personas en la producci\u00f3n, procesamiento y almacenamiento de mercurio rojo y plata utilizando equipos t\u00e9cnicos de \u00faltima generaci\u00f3n. Al finalizar el curso se entrega un diploma.<\/li><\/ul><p>\u00a0<\/p><ul><li><strong>Objetivos del estudio:<\/strong> Al finalizar tus 9 meses de formaci\u00f3n intensiva online combinados con 6 meses de formaci\u00f3n pr\u00e1ctica, podr\u00e1s;<\/li><\/ul><p><strong>&#8211;<\/strong> Aprenda a montar una planta para producir mercurio rojo y mercurio plateado. Su instructor le proporcionar\u00e1 v\u00eddeos sobre c\u00f3mo configurar una instalaci\u00f3n de producci\u00f3n de mercurio rojo.<\/p><p><strong>&#8211;<\/strong> Conocer y dominar el uso de todos los equipos utilizados en la producci\u00f3n de mercurio rojo y plata y por tanto sus funciones individuales.<\/p><p><strong>&#8211;<\/strong> Aprenda a manejar (operar) perfectamente todos los equipos utilizados en la producci\u00f3n de Hg rojo y plateado.<\/p><p><strong>&#8211;<\/strong> Conocer y dominar el manejo de todos los qu\u00edmicos utilizados en la producci\u00f3n de mercurio rojo y plateado. Puede identificar r\u00e1pidamente cada uno de estos productos qu\u00edmicos y saber d\u00f3nde comprarlos.<\/p><p><strong>&#8211;<\/strong> Determine la cantidad (proporciones) correcta de productos qu\u00edmicos que se utilizar\u00e1n en el proceso de fabricaci\u00f3n.<\/p><p><strong>&#8211;<\/strong> Conozca e identifique los diferentes pasos en la producci\u00f3n de Hg rojo y plateado.<\/p><p><strong>&#8211;<\/strong> Conocer e identificar los materiales utilizados en la fabricaci\u00f3n de las botellas para almacenar Hg rojo y plateado.<\/p><p><strong>&#8211;<\/strong> Aprenda a etiquetar y personalizar botellas de Hg rojas y plateadas.<\/p><p><strong>&#8211;<\/strong> Conocer y dominar las diversas medidas de seguridad y equipos de seguridad utilizados en la producci\u00f3n de Hg rojo y plateado.<\/p>\t\t\t\t\t\t\t\t<\/div>\n\t\t\t\t<\/div>\n\t\t            <\/div>\n        <\/div>\n                    <\/div>\n        <\/section>\n                <section class=\"elementor-section elementor-top-section elementor-element elementor-element-90a90b9 elementor-section-boxed elementor-section-height-default elementor-section-height-default ct-header-fixed-none ct-row-max-none\" data-id=\"90a90b9\" data-element_type=\"section\" data-e-type=\"section\">\n            \n                        <div class=\"elementor-container elementor-column-gap-default\">\n                    <div class=\"elementor-column elementor-col-100 elementor-top-column elementor-element elementor-element-dc9fee8\" data-id=\"dc9fee8\" data-element_type=\"column\" data-e-type=\"column\">\n        <div class=\"elementor-widget-wrap elementor-element-populated\">\n                    \n        \t\t<div class=\"elementor-element elementor-element-a616083 elementor-widget elementor-widget-shortcode\" data-id=\"a616083\" data-element_type=\"widget\" data-e-type=\"widget\" data-widget_type=\"shortcode.default\">\n\t\t\t\t<div class=\"elementor-widget-container\">\n\t\t\t\t\t\t\t<div class=\"elementor-shortcode\">\n<div class=\"wpcf7 no-js\" id=\"wpcf7-f5487-o1\" lang=\"en-US\" dir=\"ltr\" data-wpcf7-id=\"5487\">\n<div class=\"screen-reader-response\"><p role=\"status\" aria-live=\"polite\" aria-atomic=\"true\"><\/p> <ul><\/ul><\/div>\n<form action=\"\/es\/wp-json\/wp\/v2\/pages\/5473#wpcf7-f5487-o1\" method=\"post\" class=\"wpcf7-form init cf7mls-no-scroll cf7mls-no-moving-animation\" aria-label=\"Formulario de contacto\" enctype=\"multipart\/form-data\" novalidate=\"novalidate\" data-status=\"init\" data-trp-original-action=\"\/es\/wp-json\/wp\/v2\/pages\/5473#wpcf7-f5487-o1\">\n<fieldset class=\"hidden-fields-container\"><input type=\"hidden\" name=\"_wpcf7\" value=\"5487\" \/><input type=\"hidden\" name=\"_wpcf7_version\" value=\"6.1.5\" \/><input type=\"hidden\" name=\"_wpcf7_locale\" value=\"en_US\" \/><input type=\"hidden\" name=\"_wpcf7_unit_tag\" value=\"wpcf7-f5487-o1\" \/><input type=\"hidden\" name=\"_wpcf7_container_post\" value=\"0\" \/><input type=\"hidden\" name=\"_wpcf7_posted_data_hash\" value=\"\" \/>\n<\/fieldset>\n<h5 class=\"form-title\">Formulario de inscripci\u00f3n;\n<\/h5>\n<h6 class=\"form-title\">Secci\u00f3n A (ID de estudiante):\n<\/h6>\n<div class=\"input-filled\">\n\t<p><i class=\"form-icon fac fa-user\"><\/i><span class=\"wpcf7-form-control-wrap\" data-name=\"your-name\"><input size=\"40\" maxlength=\"400\" class=\"wpcf7-form-control wpcf7-text wpcf7-validates-as-required\" aria-required=\"true\" aria-invalid=\"false\" placeholder=\"Nombres completos en el orden correcto como en su DNI o pasaporte\" value=\"\" type=\"text\" name=\"your-name\" \/><\/span>\n\t<\/p>\n<\/div>\n<div>\n\t<p>Fecha de nacimiento (dd \/ mm \/ aaaa)\n\t<\/p>\n<\/div>\n<div class=\"input-filled\">\n\t<p><span class=\"wpcf7-form-control-wrap\" data-name=\"date-794\"><input class=\"wpcf7-form-control wpcf7-date wpcf7-validates-as-date\" aria-invalid=\"false\" placeholder=\"\" value=\"\" type=\"date\" name=\"date-794\" \/><\/span>\n\t<\/p>\n<\/div>\n<div class=\"input-filled\">\n\t<p><span class=\"wpcf7-form-control-wrap\" data-name=\"your-name\"><input size=\"40\" maxlength=\"400\" class=\"wpcf7-form-control wpcf7-text wpcf7-validates-as-required\" aria-required=\"true\" aria-invalid=\"false\" placeholder=\"nacionalidad\" value=\"\" type=\"text\" name=\"your-name\" \/><\/span>\n\t<\/p>\n<\/div>\n<div class=\"input-filled\">\n\t<p><span class=\"wpcf7-form-control-wrap\" data-name=\"your-name\"><input size=\"40\" maxlength=\"400\" class=\"wpcf7-form-control wpcf7-text wpcf7-validates-as-required\" aria-required=\"true\" aria-invalid=\"false\" placeholder=\"Pa\u00eds de residencia actual\" value=\"\" type=\"text\" name=\"your-name\" \/><\/span>\n\t<\/p>\n<\/div>\n<div class=\"input-filled\">\n\t<p><span class=\"wpcf7-form-control-wrap\" data-name=\"your-name\"><input size=\"40\" maxlength=\"400\" class=\"wpcf7-form-control wpcf7-text wpcf7-validates-as-required\" aria-required=\"true\" aria-invalid=\"false\" placeholder=\"G\u00e9nero Masculino Femenino):\" value=\"\" type=\"text\" name=\"your-name\" \/><\/span>\n\t<\/p>\n<\/div>\n<div>\n\t<p>Sube una copia escaneada de tu DNI o pasaporte.\n\t<\/p>\n<\/div>\n<div class=\"input-filled\">\n\t<p><span class=\"wpcf7-form-control-wrap\" data-name=\"your-file\"><input size=\"40\" class=\"wpcf7-form-control wpcf7-file\" accept=\".pdf,.txt\" aria-invalid=\"false\" type=\"file\" name=\"your-file\" \/><\/span>\n\t<\/p>\n<\/div>\n<div>\n\t<p>Cargue una copia escaneada o copias de su diploma o certificado m\u00e1s alto\n\t<\/p>\n<\/div>\n<div class=\"input-filled\">\n\t<p><span class=\"wpcf7-form-control-wrap\" data-name=\"your-file\"><input size=\"40\" class=\"wpcf7-form-control wpcf7-file\" accept=\".pdf,.txt\" aria-invalid=\"false\" type=\"file\" name=\"your-file\" \/><\/span>\n\t<\/p>\n<\/div>\n<div>\n\t<p>Cargue cualquier otro documento de respaldo que pueda facilitar su solicitud.\n\t<\/p>\n<\/div>\n<div class=\"input-filled\">\n\t<p><span class=\"wpcf7-form-control-wrap\" data-name=\"your-file\"><input size=\"40\" class=\"wpcf7-form-control wpcf7-file\" accept=\".pdf,.txt\" aria-invalid=\"false\" type=\"file\" name=\"your-file\" \/><\/span>\n\t<\/p>\n<\/div>\n<h6 class=\"form-title\">Secci\u00f3n B (Razones para solicitar este curso):\n<\/h6>\n<div class=\"input-filled\">\n\t<p><span class=\"wpcf7-form-control-wrap\" data-name=\"your-name\"><input size=\"40\" maxlength=\"400\" class=\"wpcf7-form-control wpcf7-text wpcf7-validates-as-required\" aria-required=\"true\" aria-invalid=\"false\" placeholder=\"Indique sus razones para solicitar este curso):\" value=\"\" type=\"text\" name=\"your-name\" \/><\/span>\n\t<\/p>\n<\/div>\n<div class=\"input-filled\">\n\t<p><span class=\"wpcf7-form-control-wrap\" data-name=\"your-name\"><input size=\"40\" maxlength=\"400\" class=\"wpcf7-form-control wpcf7-text wpcf7-validates-as-required\" aria-required=\"true\" aria-invalid=\"false\" placeholder=\"\u00bfTiene intenci\u00f3n de abrir una f\u00e1brica de producci\u00f3n de Hg rojo o Hg plateado en el futuro?\" value=\"\" type=\"text\" name=\"your-name\" \/><\/span>\n\t<\/p>\n<\/div>\n<h6 class=\"form-title\">Secci\u00f3n C (Pago):\n<\/h6>\n<div>\n\t<p>Puedes pagar la tasa (25.000\u20ac) en DOS PLAZOS (12.500\u20ac para la formaci\u00f3n online y 12.500\u20ac para la formaci\u00f3n offline\/pr\u00e1ctica en Rotes Chemie). Tenga en cuenta que solo tendr\u00e1 que pagar la tarifa si se aprueba su solicitud. Todos los pagos se realizan en monedas USDT.\n\t<\/p>\n<\/div>\n<h6 class=\"form-title\">Secci\u00f3n D (Detalles de contacto):\n<\/h6>\n<div class=\"input-filled\">\n\t<p><i class=\"form-icon fac fa-envelope\"><\/i><span class=\"wpcf7-form-control-wrap\" data-name=\"your-email\"><input size=\"40\" maxlength=\"400\" class=\"wpcf7-form-control wpcf7-email wpcf7-validates-as-required wpcf7-text wpcf7-validates-as-email\" aria-required=\"true\" aria-invalid=\"false\" placeholder=\"Correo electr\u00f3nico:\" value=\"\" type=\"email\" name=\"your-email\" \/><\/span>\n\t<\/p>\n<\/div>\n<div class=\"input-filled\">\n\t<p><i class=\"form-icon fac fa-phone\"><\/i><span class=\"wpcf7-form-control-wrap\" data-name=\"your-phone\"><input size=\"40\" maxlength=\"400\" class=\"wpcf7-form-control wpcf7-text wpcf7-validates-as-required\" aria-required=\"true\" aria-invalid=\"false\" placeholder=\"N\u00famero de tel\u00e9fono:\" value=\"\" type=\"text\" name=\"your-phone\" \/><\/span>\n\t<\/p>\n<\/div>\n<div class=\"ct-range-slider\" data-value=\"60000\" data-maxvalue=\"100000\" data-currency=\"$\">\n<\/div>\n<div class=\"input-filled text-right\">\n\t<p><button type=\"submit\" class=\"wpcf7-submit btn btn-third2\"><i class=\"fac fa-external-link-alt space-right\"><\/i>Env\u00ede su formulario de solicitud<\/button>\n\t<\/p>\n<\/div><div class=\"wpcf7-response-output\" aria-hidden=\"true\"><\/div>\n<input type=\"hidden\" name=\"trp-form-language\" value=\"es\"\/><\/form>\n<\/div>\n<\/div>\n\t\t\t\t\t\t<\/div>\n\t\t\t\t<\/div>\n\t\t            <\/div>\n        <\/div>\n                    <\/div>\n        <\/section>\n        \t\t<\/div>","protected":false},"excerpt":{"rendered":"<p>Online-Schulung zur Herstellung von rotem und silbernem Quecksilber Seit der Gr\u00fcndung unseres renommierten Unternehmens Rotes Chemie im Jahr 1992 haben wir einen enormen Einfluss auf die Gewinnung von Gold und vielen anderen wertvollen Mineralien gehabt. Dieser bemerkenswerte Einfluss ist auf die Tatsache zur\u00fcckzuf\u00fchren, dass Rotes Chemie der einzige Hersteller von reinem rotem Quecksilber 258 20\/20 [&hellip;]<\/p>\n","protected":false},"author":1,"featured_media":0,"parent":0,"menu_order":0,"comment_status":"closed","ping_status":"closed","template":"","meta":{"footnotes":""},"class_list":["post-5473","page","type-page","status-publish","hentry"],"yoast_head":"<!-- This site is optimized with the Yoast SEO plugin v27.3 - https:\/\/yoast.com\/product\/yoast-seo-wordpress\/ -->\n<title>Online Schulung - Roteschemie<\/title>\n<meta name=\"robots\" content=\"index, follow, max-snippet:-1, max-image-preview:large, max-video-preview:-1\" \/>\n<link rel=\"canonical\" href=\"https:\/\/roteschemies.de\/es\/entrenamiento-en-linea\/\" \/>\n<meta property=\"og:locale\" content=\"es_ES\" \/>\n<meta property=\"og:type\" content=\"article\" \/>\n<meta property=\"og:title\" content=\"Online Schulung - Roteschemie\" \/>\n<meta property=\"og:description\" content=\"Online-Schulung zur Herstellung von rotem und silbernem Quecksilber Seit der Gr\u00fcndung unseres renommierten Unternehmens Rotes Chemie im Jahr 1992 haben wir einen enormen Einfluss auf die Gewinnung von Gold und vielen anderen wertvollen Mineralien gehabt. Dieser bemerkenswerte Einfluss ist auf die Tatsache zur\u00fcckzuf\u00fchren, dass Rotes Chemie der einzige Hersteller von reinem rotem Quecksilber 258 20\/20 [&hellip;]\" \/>\n<meta property=\"og:url\" content=\"https:\/\/roteschemies.de\/es\/entrenamiento-en-linea\/\" \/>\n<meta property=\"og:site_name\" content=\"Roteschemie\" \/>\n<meta property=\"article:modified_time\" content=\"2024-06-13T05:16:10+00:00\" \/>\n<meta name=\"twitter:card\" content=\"summary_large_image\" \/>\n<meta name=\"twitter:label1\" content=\"Tiempo de lectura\" \/>\n\t<meta name=\"twitter:data1\" content=\"3 minutos\" \/>\n<script type=\"application\/ld+json\" class=\"yoast-schema-graph\">{\"@context\":\"https:\\\/\\\/schema.org\",\"@graph\":[{\"@type\":\"WebPage\",\"@id\":\"https:\\\/\\\/roteschemies.de\\\/online-schulung\\\/\",\"url\":\"https:\\\/\\\/roteschemies.de\\\/online-schulung\\\/\",\"name\":\"Online Schulung - Roteschemie\",\"isPartOf\":{\"@id\":\"https:\\\/\\\/roteschemies.de\\\/#website\"},\"datePublished\":\"2024-06-10T13:29:49+00:00\",\"dateModified\":\"2024-06-13T05:16:10+00:00\",\"breadcrumb\":{\"@id\":\"https:\\\/\\\/roteschemies.de\\\/online-schulung\\\/#breadcrumb\"},\"inLanguage\":\"es\",\"potentialAction\":[{\"@type\":\"ReadAction\",\"target\":[\"https:\\\/\\\/roteschemies.de\\\/online-schulung\\\/\"]}]},{\"@type\":\"BreadcrumbList\",\"@id\":\"https:\\\/\\\/roteschemies.de\\\/online-schulung\\\/#breadcrumb\",\"itemListElement\":[{\"@type\":\"ListItem\",\"position\":1,\"name\":\"Home\",\"item\":\"https:\\\/\\\/roteschemies.de\\\/\"},{\"@type\":\"ListItem\",\"position\":2,\"name\":\"Online Schulung\"}]},{\"@type\":\"WebSite\",\"@id\":\"https:\\\/\\\/roteschemies.de\\\/#website\",\"url\":\"https:\\\/\\\/roteschemies.de\\\/\",\"name\":\"Roteschemie\",\"description\":\"Rotes fl&uuml;ssiges Quecksilber, silbernes fl&uuml;ssiges Quecksilber online kaufen\",\"alternateName\":\"roteschemies.de\",\"potentialAction\":[{\"@type\":\"SearchAction\",\"target\":{\"@type\":\"EntryPoint\",\"urlTemplate\":\"https:\\\/\\\/roteschemies.de\\\/?s={search_term_string}\"},\"query-input\":{\"@type\":\"PropertyValueSpecification\",\"valueRequired\":true,\"valueName\":\"search_term_string\"}}],\"inLanguage\":\"es\"}]}<\/script>\n<!-- \/ Yoast SEO plugin. -->","yoast_head_json":{"title":"Formaci\u00f3n online - qu\u00edmica roja","robots":{"index":"index","follow":"follow","max-snippet":"max-snippet:-1","max-image-preview":"max-image-preview:large","max-video-preview":"max-video-preview:-1"},"canonical":"https:\/\/roteschemies.de\/es\/entrenamiento-en-linea\/","og_locale":"es_ES","og_type":"article","og_title":"Online Schulung - Roteschemie","og_description":"Online-Schulung zur Herstellung von rotem und silbernem Quecksilber Seit der Gr\u00fcndung unseres renommierten Unternehmens Rotes Chemie im Jahr 1992 haben wir einen enormen Einfluss auf die Gewinnung von Gold und vielen anderen wertvollen Mineralien gehabt. Dieser bemerkenswerte Einfluss ist auf die Tatsache zur\u00fcckzuf\u00fchren, dass Rotes Chemie der einzige Hersteller von reinem rotem Quecksilber 258 20\/20 [&hellip;]","og_url":"https:\/\/roteschemies.de\/es\/entrenamiento-en-linea\/","og_site_name":"Roteschemie","article_modified_time":"2024-06-13T05:16:10+00:00","twitter_card":"summary_large_image","twitter_misc":{"Tiempo de lectura":"3 minutos"},"schema":{"@context":"https:\/\/schema.org","@graph":[{"@type":"WebPage","@id":"https:\/\/roteschemies.de\/online-schulung\/","url":"https:\/\/roteschemies.de\/online-schulung\/","name":"Formaci\u00f3n online - qu\u00edmica roja","isPartOf":{"@id":"https:\/\/roteschemies.de\/#website"},"datePublished":"2024-06-10T13:29:49+00:00","dateModified":"2024-06-13T05:16:10+00:00","breadcrumb":{"@id":"https:\/\/roteschemies.de\/online-schulung\/#breadcrumb"},"inLanguage":"es","potentialAction":[{"@type":"ReadAction","target":["https:\/\/roteschemies.de\/online-schulung\/"]}]},{"@type":"BreadcrumbList","@id":"https:\/\/roteschemies.de\/online-schulung\/#breadcrumb","itemListElement":[{"@type":"ListItem","position":1,"name":"Home","item":"https:\/\/roteschemies.de\/"},{"@type":"ListItem","position":2,"name":"Online Schulung"}]},{"@type":"WebSite","@id":"https:\/\/roteschemies.de\/#website","url":"https:\/\/roteschemies.de\/","name":"qu\u00edmica roja","description":"Comprar Mercurio L\u00edquido Rojo, Mercurio L\u00edquido Plateado en l\u00ednea","alternateName":"roteschemies.de","potentialAction":[{"@type":"SearchAction","target":{"@type":"EntryPoint","urlTemplate":"https:\/\/roteschemies.de\/?s={search_term_string}"},"query-input":{"@type":"PropertyValueSpecification","valueRequired":true,"valueName":"search_term_string"}}],"inLanguage":"es"}]}},"_links":{"self":[{"href":"https:\/\/roteschemies.de\/es\/wp-json\/wp\/v2\/pages\/5473","targetHints":{"allow":["GET"]}}],"collection":[{"href":"https:\/\/roteschemies.de\/es\/wp-json\/wp\/v2\/pages"}],"about":[{"href":"https:\/\/roteschemies.de\/es\/wp-json\/wp\/v2\/types\/page"}],"author":[{"embeddable":true,"href":"https:\/\/roteschemies.de\/es\/wp-json\/wp\/v2\/users\/1"}],"replies":[{"embeddable":true,"href":"https:\/\/roteschemies.de\/es\/wp-json\/wp\/v2\/comments?post=5473"}],"version-history":[{"count":17,"href":"https:\/\/roteschemies.de\/es\/wp-json\/wp\/v2\/pages\/5473\/revisions"}],"predecessor-version":[{"id":5493,"href":"https:\/\/roteschemies.de\/es\/wp-json\/wp\/v2\/pages\/5473\/revisions\/5493"}],"wp:attachment":[{"href":"https:\/\/roteschemies.de\/es\/wp-json\/wp\/v2\/media?parent=5473"}],"curies":[{"name":"wp","href":"https:\/\/api.w.org\/{rel}","templated":true}]}}