{"id":5240,"date":"2023-07-13T09:56:54","date_gmt":"2023-07-13T09:56:54","guid":{"rendered":"https:\/\/roteschemies.de\/?page_id=5240"},"modified":"2023-07-13T10:42:17","modified_gmt":"2023-07-13T10:42:17","slug":"mercure-rouge","status":"publish","type":"page","link":"https:\/\/roteschemies.de\/fr\/mercure-rouge\/","title":{"rendered":"Mercure rouge"},"content":{"rendered":"<div data-elementor-type=\"wp-page\" data-elementor-id=\"5240\" class=\"elementor elementor-5240\">\n\t\t\t\t        <section class=\"elementor-section elementor-top-section elementor-element elementor-element-363e074a elementor-section-boxed elementor-section-height-default elementor-section-height-default ct-header-fixed-none ct-row-max-none\" data-id=\"363e074a\" data-element_type=\"section\" data-e-type=\"section\">\n            \n                        <div class=\"elementor-container elementor-column-gap-default\">\n                    <div class=\"elementor-column elementor-col-50 elementor-top-column elementor-element elementor-element-23c8db5b\" data-id=\"23c8db5b\" data-element_type=\"column\" data-e-type=\"column\">\n        <div class=\"elementor-widget-wrap elementor-element-populated\">\n                    \n        \t\t<div class=\"elementor-element elementor-element-20b585d0 elementor-widget elementor-widget-ct_image\" data-id=\"20b585d0\" data-element_type=\"widget\" data-e-type=\"widget\" data-widget_type=\"ct_image.default\">\n\t\t\t\t<div class=\"elementor-widget-container\">\n\t\t\t\t\t<div class=\"ct-image-single img-type-img ct-no-effect\" data-wow-delay=\"ms\">\r\n                        <img fetchpriority=\"high\" decoding=\"async\" width=\"756\" height=\"567\" src=\"https:\/\/roteschemies.de\/wp-content\/uploads\/2022\/12\/E311914095_5606255989420786_1852925251756_n.jpg\" class=\"attachment-full\" alt=\"\" \/>            <\/div>\t\t\t\t<\/div>\n\t\t\t\t<\/div>\n\t\t            <\/div>\n        <\/div>\n                <div class=\"elementor-column elementor-col-50 elementor-top-column elementor-element elementor-element-2670a6eb\" data-id=\"2670a6eb\" data-element_type=\"column\" data-e-type=\"column\">\n        <div class=\"elementor-widget-wrap elementor-element-populated\">\n                    \n        \t\t<div class=\"elementor-element elementor-element-7f3f925e elementor-widget elementor-widget-ct_heading\" data-id=\"7f3f925e\" data-element_type=\"widget\" data-e-type=\"widget\" data-widget_type=\"ct_heading.default\">\n\t\t\t\t<div class=\"elementor-widget-container\">\n\t\t\t\t\t<div id=\"ct_heading-7f3f925e\" class=\"ct-heading h-align- sub-style1 ct-heading-left item-st-line-left2\">\r\n\t<div class=\"ct-item--inner\">\r\n        <div class=\"ct-inline-css\"  data-css=\"            \">\r\n        <\/div>\r\n                <h6 class=\"item--title st-line-left2 case-animate-time\" data-wow-delay=\"ms\">\r\n                        <span class=\"sp-main\">\r\n                                    <i><\/i>\r\n                \r\n                Vente en gros de mercure rouge allemand 20\/20-258 9N\r\n                \r\n                            <\/span>\r\n                    <\/h6>\r\n    <\/div>\r\n<\/div>\t\t\t\t<\/div>\n\t\t\t\t<\/div>\n\t\t\t\t<div class=\"elementor-element elementor-element-3b680a15 elementor-widget elementor-widget-text-editor\" data-id=\"3b680a15\" data-element_type=\"widget\" data-e-type=\"widget\" data-widget_type=\"text-editor.default\">\n\t\t\t\t<div class=\"elementor-widget-container\">\n\t\t\t\t\t\t\t\t\t<p>Ce mercure rouge allemand de haute puret\u00e9 20\/20 258 99.9999999% est fabriqu\u00e9 ici en Allemagne par notre soci\u00e9t\u00e9. Nous produisons ce mercure en bouteilles de 1kg et 34,5kg. Nous proposons du mercure rouge \u00e0 prix de gros aux commerces de d\u00e9tail et aux particuliers. Les achats sont effectu\u00e9s uniquement en crypto-monnaie. Pour acheter du mercure rouge en ligne chez nous, cliquez sur le formulaire de contact.<br \/>Conditionnements\u00a0: 1\u00a0kg, 5\u00a0kg, 17,5\u00a0kg et 34,5\u00a0kg<\/p><p>*Propri\u00e9t\u00e9s suppl\u00e9mentaires de notre mercure rouge allemand*<br \/>1.) Il est attir\u00e9 par le m\u00e9tal dor\u00e9 ou les cha\u00eenes en or<br \/>2.) Il repousse l&#039;ail <br \/>3.) Elle n&#039;est pas visible dans le miroir <br \/>4.) Rend l&#039;eau rouge apr\u00e8s quelques minutes<br \/>5.) \u00c9teint un t\u00e9l\u00e9phone portable s&#039;il est amen\u00e9 pr\u00e8s de la bouteille. <\/p>\t\t\t\t\t\t\t\t<\/div>\n\t\t\t\t<\/div>\n\t\t            <\/div>\n        <\/div>\n                    <\/div>\n        <\/section>\n                <section class=\"elementor-section elementor-top-section elementor-element elementor-element-303ff71f elementor-section-boxed elementor-section-height-default elementor-section-height-default ct-header-fixed-none ct-row-max-none\" data-id=\"303ff71f\" data-element_type=\"section\" data-e-type=\"section\">\n            \n                        <div class=\"elementor-container elementor-column-gap-default\">\n                    <div class=\"elementor-column elementor-col-50 elementor-top-column elementor-element elementor-element-3089d69e\" data-id=\"3089d69e\" data-element_type=\"column\" data-e-type=\"column\">\n        <div class=\"elementor-widget-wrap elementor-element-populated\">\n                    \n        \t\t<div class=\"elementor-element elementor-element-289b232c elementor-widget elementor-widget-ct_heading\" data-id=\"289b232c\" data-element_type=\"widget\" data-e-type=\"widget\" data-widget_type=\"ct_heading.default\">\n\t\t\t\t<div class=\"elementor-widget-container\">\n\t\t\t\t\t<div id=\"ct_heading-289b232c\" class=\"ct-heading h-align- sub-style1 ct-heading-left item-st-line-left2\">\r\n\t<div class=\"ct-item--inner\">\r\n        <div class=\"ct-inline-css\"  data-css=\"            \">\r\n        <\/div>\r\n                <h6 class=\"item--title st-line-left2 case-animate-time\" data-wow-delay=\"ms\">\r\n                        <span class=\"sp-main\">\r\n                                    <i><\/i>\r\n                \r\n                NOS PROPRI\u00c9T\u00c9S DU MERCURE LIQUIDE ROUGE\r\n                \r\n                            <\/span>\r\n                    <\/h6>\r\n    <\/div>\r\n<\/div>\t\t\t\t<\/div>\n\t\t\t\t<\/div>\n\t\t\t\t<div class=\"elementor-element elementor-element-7bf0e610 elementor-widget elementor-widget-text-editor\" data-id=\"7bf0e610\" data-element_type=\"widget\" data-e-type=\"widget\" data-widget_type=\"text-editor.default\">\n\t\t\t\t<div class=\"elementor-widget-container\">\n\t\t\t\t\t\t\t\t\t<p>\u2013 Le mercure rouge est une mati\u00e8re rouge cerise semi-liquide.<br \/>\u2013 L&#039;intensit\u00e9 du mercure rouge est tr\u00e8s \u00e9lev\u00e9e \u00e0 20,2 g\/cm3.<br \/>\u2013 Ce liquide Hg2 Sb207 est le mat\u00e9riau Military Labs : <br \/>- oxyde mercurique d&#039;antimoine<br \/>\u2013 Autre d\u00e9signation : Mercure liquide rouge cerise <br \/>\u2013 Formule : Sb2O7Hg2<br \/>- Aspect : Liquide m\u00e9tallique rouge cerise <br \/>\u2013 Formule mol\u00e9culaire : Hg2 Sb207<br \/>\u2013 Esp\u00e8ce : Oxyde Antimoine Rouge Mercure<br \/>\u2013 Charpente : Sb2O7Hg2<br \/>\u2013 Qualit\u00e9 : Liquide, semi-liquide<br \/>\u2013 Puret\u00e9 : 99.999% (5N) \/ 99.9999999% (9N)<br \/>\u2013 Couleur : Ponceau (rouge cerise homog\u00e8ne)<br \/>\u2013 Trier : 37.00016<br \/>\u2013 Liaison : Energie : 211Kcal\/Mol<br \/>\u2013 Densit\u00e9 : BK-20\/20 \u2013 20,2 g<br \/>- Point de fusion : -37,67<br \/>- Point d&#039;\u00e9clair : 170 026<\/p>\t\t\t\t\t\t\t\t<\/div>\n\t\t\t\t<\/div>\n\t\t            <\/div>\n        <\/div>\n                <div class=\"elementor-column elementor-col-50 elementor-top-column elementor-element elementor-element-2129deda\" data-id=\"2129deda\" data-element_type=\"column\" data-e-type=\"column\">\n        <div class=\"elementor-widget-wrap elementor-element-populated\">\n                    \n        \t\t<div class=\"elementor-element elementor-element-4c8721e elementor-widget elementor-widget-ct_heading\" data-id=\"4c8721e\" data-element_type=\"widget\" data-e-type=\"widget\" data-widget_type=\"ct_heading.default\">\n\t\t\t\t<div class=\"elementor-widget-container\">\n\t\t\t\t\t<div id=\"ct_heading-4c8721e\" class=\"ct-heading h-align- sub-style1 ct-heading-left item-st-line-left2\">\r\n\t<div class=\"ct-item--inner\">\r\n        <div class=\"ct-inline-css\"  data-css=\"            \">\r\n        <\/div>\r\n                <h6 class=\"item--title st-line-left2 case-animate-time\" data-wow-delay=\"ms\">\r\n                        <span class=\"sp-main\">\r\n                                    <i><\/i>\r\n                \r\n                INFORMATIONS COMPL\u00c9MENTAIRES\r\n                \r\n                            <\/span>\r\n                    <\/h6>\r\n    <\/div>\r\n<\/div>\t\t\t\t<\/div>\n\t\t\t\t<\/div>\n\t\t\t\t<div class=\"elementor-element elementor-element-1f0299c0 elementor-widget elementor-widget-text-editor\" data-id=\"1f0299c0\" data-element_type=\"widget\" data-e-type=\"widget\" data-widget_type=\"text-editor.default\">\n\t\t\t\t<div class=\"elementor-widget-container\">\n\t\t\t\t\t\t\t\t\t<p>\u2013 Rayonnement : 0,794<br \/>- Valeur de ligne de temp\u00e9rature\u00a0: 160,87<br \/>- R\u00e9ponse MP VHTC : 1 024<br \/>\u2013 R\u00e9ponse K\u00a0: 0,00016<br \/>\u2013 R\u00e9ponse P : 9 000-8 000<br \/>\u2013 R\u00e9ponse VDSA : 0,30-0,29<br \/>\u2013 Valeur gamma : 0,026 \/ 0,044-0,64<br \/>- Point d&#039;\u00e9bullition : 356.720<br \/>- MW\u00a0: 196,01 + 0,02\/mol de teneur en eau<br \/>\u2013 Forme : Liquide, spirale<br \/>\u2013 Couleur : rouge cerise<br \/>- Masse molaire : 756,7002 g\/mol<\/p>\t\t\t\t\t\t\t\t<\/div>\n\t\t\t\t<\/div>\n\t\t\t\t<div class=\"elementor-element elementor-element-39853f2 elementor-widget elementor-widget-ct_button\" data-id=\"39853f2\" data-element_type=\"widget\" data-e-type=\"widget\" data-widget_type=\"ct_button.default\">\n\t\t\t\t<div class=\"elementor-widget-container\">\n\t\t\t\t\t<div id=\"ct_button-39853f2\" class=\"ct-button-wrapper ct-button-layout1 icon- btn--inline\">\r\n    <div class=\"ct-inline-css\"  data-css=\"        \">\r\n    <\/div>\r\n            <span class=\"ct-icon-active\"><\/span>\r\n        <a href=\"http:\/\/roteschemies.de\/fr\/contact-2\/\" class=\"btn btn-default icon-active btn-inline-block\" data-wow-delay=\"ms\">\r\n                            <span class=\"ct-button-icon ct-align-icon-\">\r\n                            <\/span>\r\n                <span class=\"ct-button-text\">Acheter en gros<\/span>\r\n    <\/a>\r\n<\/div>\t\t\t\t<\/div>\n\t\t\t\t<\/div>\n\t\t            <\/div>\n        <\/div>\n                    <\/div>\n        <\/section>\n        \t\t<\/div>","protected":false},"excerpt":{"rendered":"<p>Wholesale German Red Mercury 20\/20-258 9N Dieses hochreine deutsche rote Quecksilber 20\/20 258 99,9999999% wird hier in Deutschland von unserer Firma hergestellt. Wir produzieren dieses Quecksilber in Flaschen von 1kg und 34,5kg. Wir bieten rotes Quecksilber zu Gro\u00dfhandelspreisen an Einzelhandelsunternehmen und Privatpersonen an. Eink\u00e4ufe werden nur mit Kryptow\u00e4hrung durchgef\u00fchrt. Um rotes Quecksilber online bei uns [&hellip;]<\/p>\n","protected":false},"author":1,"featured_media":0,"parent":0,"menu_order":0,"comment_status":"closed","ping_status":"closed","template":"","meta":{"footnotes":""},"class_list":["post-5240","page","type-page","status-publish","hentry"],"yoast_head":"<!-- This site is optimized with the Yoast SEO plugin v27.4 - https:\/\/yoast.com\/product\/yoast-seo-wordpress\/ -->\n<title>Rotes fl\u00fcssiges Quecksilber zu verkaufen | Kaufen Rotes Quecksilber -Roteschemie<\/title>\n<meta name=\"description\" content=\"Rotes fl\u00fcssiges Quecksilber zu verkaufen - Roteschemie ist Hersteller von rotem Quecksilber. Unsere Fabrik in Deutschland. Kaufen Sie im Gro\u00dfhandel deutsches rotes Quecksilber 20\/20-258 9N.\" \/>\n<meta name=\"robots\" content=\"index, follow, max-snippet:-1, max-image-preview:large, max-video-preview:-1\" \/>\n<link rel=\"canonical\" href=\"https:\/\/roteschemies.de\/fr\/mercure-rouge\/\" \/>\n<meta property=\"og:locale\" content=\"fr_FR\" \/>\n<meta property=\"og:type\" content=\"article\" \/>\n<meta property=\"og:title\" content=\"Rotes fl\u00fcssiges Quecksilber zu verkaufen | Kaufen Rotes Quecksilber -Roteschemie\" \/>\n<meta property=\"og:description\" content=\"Rotes fl\u00fcssiges Quecksilber zu verkaufen - Roteschemie ist Hersteller von rotem Quecksilber. Unsere Fabrik in Deutschland. Kaufen Sie im Gro\u00dfhandel deutsches rotes Quecksilber 20\/20-258 9N.\" \/>\n<meta property=\"og:url\" content=\"https:\/\/roteschemies.de\/fr\/mercure-rouge\/\" \/>\n<meta property=\"og:site_name\" content=\"Roteschemie\" \/>\n<meta property=\"article:modified_time\" content=\"2023-07-13T10:42:17+00:00\" \/>\n<meta property=\"og:image\" content=\"https:\/\/roteschemies.de\/wp-content\/uploads\/2022\/12\/E311914095_5606255989420786_1852925251756_n.jpg\" \/>\n<meta name=\"twitter:card\" content=\"summary_large_image\" \/>\n<meta name=\"twitter:label1\" content=\"Dur\u00e9e de lecture estim\u00e9e\" \/>\n\t<meta name=\"twitter:data1\" content=\"2 minutes\" \/>\n<script type=\"application\/ld+json\" class=\"yoast-schema-graph\">{\"@context\":\"https:\\\/\\\/schema.org\",\"@graph\":[{\"@type\":\"WebPage\",\"@id\":\"https:\\\/\\\/roteschemies.de\\\/rote-quecksilber\\\/\",\"url\":\"https:\\\/\\\/roteschemies.de\\\/rote-quecksilber\\\/\",\"name\":\"Rotes fl\u00fcssiges Quecksilber zu verkaufen | Kaufen Rotes Quecksilber -Roteschemie\",\"isPartOf\":{\"@id\":\"https:\\\/\\\/roteschemies.de\\\/#website\"},\"primaryImageOfPage\":{\"@id\":\"https:\\\/\\\/roteschemies.de\\\/rote-quecksilber\\\/#primaryimage\"},\"image\":{\"@id\":\"https:\\\/\\\/roteschemies.de\\\/rote-quecksilber\\\/#primaryimage\"},\"thumbnailUrl\":\"https:\\\/\\\/roteschemies.de\\\/wp-content\\\/uploads\\\/2022\\\/12\\\/E311914095_5606255989420786_1852925251756_n.jpg\",\"datePublished\":\"2023-07-13T09:56:54+00:00\",\"dateModified\":\"2023-07-13T10:42:17+00:00\",\"description\":\"Rotes fl\u00fcssiges Quecksilber zu verkaufen - Roteschemie ist Hersteller von rotem Quecksilber. Unsere Fabrik in Deutschland. Kaufen Sie im Gro\u00dfhandel deutsches rotes Quecksilber 20\\\/20-258 9N.\",\"breadcrumb\":{\"@id\":\"https:\\\/\\\/roteschemies.de\\\/rote-quecksilber\\\/#breadcrumb\"},\"inLanguage\":\"fr-FR\",\"potentialAction\":[{\"@type\":\"ReadAction\",\"target\":[\"https:\\\/\\\/roteschemies.de\\\/rote-quecksilber\\\/\"]}]},{\"@type\":\"ImageObject\",\"inLanguage\":\"fr-FR\",\"@id\":\"https:\\\/\\\/roteschemies.de\\\/rote-quecksilber\\\/#primaryimage\",\"url\":\"https:\\\/\\\/roteschemies.de\\\/wp-content\\\/uploads\\\/2022\\\/12\\\/E311914095_5606255989420786_1852925251756_n.jpg\",\"contentUrl\":\"https:\\\/\\\/roteschemies.de\\\/wp-content\\\/uploads\\\/2022\\\/12\\\/E311914095_5606255989420786_1852925251756_n.jpg\"},{\"@type\":\"BreadcrumbList\",\"@id\":\"https:\\\/\\\/roteschemies.de\\\/rote-quecksilber\\\/#breadcrumb\",\"itemListElement\":[{\"@type\":\"ListItem\",\"position\":1,\"name\":\"Home\",\"item\":\"https:\\\/\\\/roteschemies.de\\\/\"},{\"@type\":\"ListItem\",\"position\":2,\"name\":\"Rote Quecksilber\"}]},{\"@type\":\"WebSite\",\"@id\":\"https:\\\/\\\/roteschemies.de\\\/#website\",\"url\":\"https:\\\/\\\/roteschemies.de\\\/\",\"name\":\"Roteschemie\",\"description\":\"Rotes fl&uuml;ssiges Quecksilber, silbernes fl&uuml;ssiges Quecksilber online kaufen\",\"alternateName\":\"roteschemies.de\",\"potentialAction\":[{\"@type\":\"SearchAction\",\"target\":{\"@type\":\"EntryPoint\",\"urlTemplate\":\"https:\\\/\\\/roteschemies.de\\\/?s={search_term_string}\"},\"query-input\":{\"@type\":\"PropertyValueSpecification\",\"valueRequired\":true,\"valueName\":\"search_term_string\"}}],\"inLanguage\":\"fr-FR\"}]}<\/script>\n<!-- \/ Yoast SEO plugin. -->","yoast_head_json":{"title":"Mercure liquide rouge \u00e0 vendre | Acheter Mercure Rouge - Chimie Rouge","description":"Mercure liquide rouge \u00e0 vendre - Roteschemie est un fabricant de mercure rouge. Notre usine en Allemagne. Acheter en gros Mercure rouge allemand 20\/20-258 9N.","robots":{"index":"index","follow":"follow","max-snippet":"max-snippet:-1","max-image-preview":"max-image-preview:large","max-video-preview":"max-video-preview:-1"},"canonical":"https:\/\/roteschemies.de\/fr\/mercure-rouge\/","og_locale":"fr_FR","og_type":"article","og_title":"Rotes fl\u00fcssiges Quecksilber zu verkaufen | Kaufen Rotes Quecksilber -Roteschemie","og_description":"Rotes fl\u00fcssiges Quecksilber zu verkaufen - Roteschemie ist Hersteller von rotem Quecksilber. Unsere Fabrik in Deutschland. Kaufen Sie im Gro\u00dfhandel deutsches rotes Quecksilber 20\/20-258 9N.","og_url":"https:\/\/roteschemies.de\/fr\/mercure-rouge\/","og_site_name":"Roteschemie","article_modified_time":"2023-07-13T10:42:17+00:00","og_image":[{"url":"https:\/\/roteschemies.de\/wp-content\/uploads\/2022\/12\/E311914095_5606255989420786_1852925251756_n.jpg","type":"","width":"","height":""}],"twitter_card":"summary_large_image","twitter_misc":{"Dur\u00e9e de lecture estim\u00e9e":"2 minutes"},"schema":{"@context":"https:\/\/schema.org","@graph":[{"@type":"WebPage","@id":"https:\/\/roteschemies.de\/rote-quecksilber\/","url":"https:\/\/roteschemies.de\/rote-quecksilber\/","name":"Mercure liquide rouge \u00e0 vendre | Acheter Mercure Rouge - Chimie Rouge","isPartOf":{"@id":"https:\/\/roteschemies.de\/#website"},"primaryImageOfPage":{"@id":"https:\/\/roteschemies.de\/rote-quecksilber\/#primaryimage"},"image":{"@id":"https:\/\/roteschemies.de\/rote-quecksilber\/#primaryimage"},"thumbnailUrl":"https:\/\/roteschemies.de\/wp-content\/uploads\/2022\/12\/E311914095_5606255989420786_1852925251756_n.jpg","datePublished":"2023-07-13T09:56:54+00:00","dateModified":"2023-07-13T10:42:17+00:00","description":"Mercure liquide rouge \u00e0 vendre - Roteschemie est un fabricant de mercure rouge. Notre usine en Allemagne. Acheter en gros Mercure rouge allemand 20\/20-258 9N.","breadcrumb":{"@id":"https:\/\/roteschemies.de\/rote-quecksilber\/#breadcrumb"},"inLanguage":"fr-FR","potentialAction":[{"@type":"ReadAction","target":["https:\/\/roteschemies.de\/rote-quecksilber\/"]}]},{"@type":"ImageObject","inLanguage":"fr-FR","@id":"https:\/\/roteschemies.de\/rote-quecksilber\/#primaryimage","url":"https:\/\/roteschemies.de\/wp-content\/uploads\/2022\/12\/E311914095_5606255989420786_1852925251756_n.jpg","contentUrl":"https:\/\/roteschemies.de\/wp-content\/uploads\/2022\/12\/E311914095_5606255989420786_1852925251756_n.jpg"},{"@type":"BreadcrumbList","@id":"https:\/\/roteschemies.de\/rote-quecksilber\/#breadcrumb","itemListElement":[{"@type":"ListItem","position":1,"name":"Home","item":"https:\/\/roteschemies.de\/"},{"@type":"ListItem","position":2,"name":"Rote Quecksilber"}]},{"@type":"WebSite","@id":"https:\/\/roteschemies.de\/#website","url":"https:\/\/roteschemies.de\/","name":"chimie rouge","description":"Acheter Mercure Liquide Rouge, Mercure Liquide Argent\u00e9 en ligne","alternateName":"roteschemies.de","potentialAction":[{"@type":"SearchAction","target":{"@type":"EntryPoint","urlTemplate":"https:\/\/roteschemies.de\/?s={search_term_string}"},"query-input":{"@type":"PropertyValueSpecification","valueRequired":true,"valueName":"search_term_string"}}],"inLanguage":"fr-FR"}]}},"_links":{"self":[{"href":"https:\/\/roteschemies.de\/fr\/wp-json\/wp\/v2\/pages\/5240","targetHints":{"allow":["GET"]}}],"collection":[{"href":"https:\/\/roteschemies.de\/fr\/wp-json\/wp\/v2\/pages"}],"about":[{"href":"https:\/\/roteschemies.de\/fr\/wp-json\/wp\/v2\/types\/page"}],"author":[{"embeddable":true,"href":"https:\/\/roteschemies.de\/fr\/wp-json\/wp\/v2\/users\/1"}],"replies":[{"embeddable":true,"href":"https:\/\/roteschemies.de\/fr\/wp-json\/wp\/v2\/comments?post=5240"}],"version-history":[{"count":0,"href":"https:\/\/roteschemies.de\/fr\/wp-json\/wp\/v2\/pages\/5240\/revisions"}],"wp:attachment":[{"href":"https:\/\/roteschemies.de\/fr\/wp-json\/wp\/v2\/media?parent=5240"}],"curies":[{"name":"wp","href":"https:\/\/api.w.org\/{rel}","templated":true}]}}