{"id":5473,"date":"2024-06-10T13:29:49","date_gmt":"2024-06-10T13:29:49","guid":{"rendered":"https:\/\/roteschemies.de\/?page_id=5473"},"modified":"2024-06-13T05:16:10","modified_gmt":"2024-06-13T05:16:10","slug":"la-formation-en-ligne","status":"publish","type":"page","link":"https:\/\/roteschemies.de\/fr\/la-formation-en-ligne\/","title":{"rendered":"La formation en ligne"},"content":{"rendered":"<div data-elementor-type=\"wp-page\" data-elementor-id=\"5473\" class=\"elementor elementor-5473\">\n\t\t\t\t        <section class=\"elementor-section elementor-top-section elementor-element elementor-element-ac9e507 elementor-section-boxed elementor-section-height-default elementor-section-height-default ct-header-fixed-none ct-row-max-none\" data-id=\"ac9e507\" data-element_type=\"section\" data-e-type=\"section\">\n            \n                        <div class=\"elementor-container elementor-column-gap-default\">\n                    <div class=\"elementor-column elementor-col-100 elementor-top-column elementor-element elementor-element-703fdd3\" data-id=\"703fdd3\" data-element_type=\"column\" data-e-type=\"column\">\n        <div class=\"elementor-widget-wrap\">\n                    \n                    <\/div>\n        <\/div>\n                    <\/div>\n        <\/section>\n                <section class=\"elementor-section elementor-top-section elementor-element elementor-element-4452873 elementor-section-boxed elementor-section-height-default elementor-section-height-default ct-header-fixed-none ct-row-max-none\" data-id=\"4452873\" data-element_type=\"section\" data-e-type=\"section\">\n            \n                        <div class=\"elementor-container elementor-column-gap-default\">\n                    <div class=\"elementor-column elementor-col-100 elementor-top-column elementor-element elementor-element-78f37f3\" data-id=\"78f37f3\" data-element_type=\"column\" data-e-type=\"column\">\n        <div class=\"elementor-widget-wrap\">\n                    \n                    <\/div>\n        <\/div>\n                    <\/div>\n        <\/section>\n                <section class=\"elementor-section elementor-top-section elementor-element elementor-element-2d39b53 elementor-section-boxed elementor-section-height-default elementor-section-height-default ct-header-fixed-none ct-row-max-none\" data-id=\"2d39b53\" data-element_type=\"section\" data-e-type=\"section\">\n            \n                        <div class=\"elementor-container elementor-column-gap-default\">\n                    <div class=\"elementor-column elementor-col-100 elementor-top-column elementor-element elementor-element-409df8b\" data-id=\"409df8b\" data-element_type=\"column\" data-e-type=\"column\">\n        <div class=\"elementor-widget-wrap\">\n                    \n                    <\/div>\n        <\/div>\n                    <\/div>\n        <\/section>\n                <section class=\"elementor-section elementor-top-section elementor-element elementor-element-fda3d85 elementor-section-boxed elementor-section-height-default elementor-section-height-default ct-header-fixed-none ct-row-max-none\" data-id=\"fda3d85\" data-element_type=\"section\" data-e-type=\"section\">\n            \n                        <div class=\"elementor-container elementor-column-gap-default\">\n                    <div class=\"elementor-column elementor-col-100 elementor-top-column elementor-element elementor-element-b78578d\" data-id=\"b78578d\" data-element_type=\"column\" data-e-type=\"column\">\n        <div class=\"elementor-widget-wrap elementor-element-populated\">\n                    \n        \t\t<div class=\"elementor-element elementor-element-4547462 elementor-widget elementor-widget-heading\" data-id=\"4547462\" data-element_type=\"widget\" data-e-type=\"widget\" data-widget_type=\"heading.default\">\n\t\t\t\t<div class=\"elementor-widget-container\">\n\t\t\t\t\t<h2 class=\"elementor-heading-title elementor-size-default\">Formation en ligne sur la fabrication du mercure rouge et argent\u00e9<\/h2>\t\t\t\t<\/div>\n\t\t\t\t<\/div>\n\t\t\t\t<div class=\"elementor-element elementor-element-53e6d74 elementor-widget elementor-widget-text-editor\" data-id=\"53e6d74\" data-element_type=\"widget\" data-e-type=\"widget\" data-widget_type=\"text-editor.default\">\n\t\t\t\t<div class=\"elementor-widget-container\">\n\t\t\t\t\t\t\t\t\t<p>Depuis la cr\u00e9ation de notre c\u00e9l\u00e8bre entreprise Rotes Chemie en 1992, nous avons eu un impact \u00e9norme sur l&#039;extraction de l&#039;or et de nombreux autres min\u00e9raux pr\u00e9cieux. Cette influence remarquable est due au fait que Rotes Chemie reste le seul producteur de mercure rouge pur 258 20\/20 99,9999999 % Gamma 0,44-0,64. Nous sommes rest\u00e9s fid\u00e8les \u00e0 nous-m\u00eames jusqu&#039;\u00e0 ce jour en termes de qualit\u00e9 des produits et de logistique.<\/p><p>Pourtant, au fil des ann\u00e9es, des millions de personnes nous ont demand\u00e9 avec passion de <strong>La formation en ligne<\/strong> pour la production de mercure rouge et de mercure argent\u00e9. Nous avons r\u00e9uni avec succ\u00e8s une \u00e9quipe compos\u00e9e des chimistes les plus comp\u00e9tents et des professionnels de laboratoire exp\u00e9riment\u00e9s qui dispenseront la formation en ligne.<\/p><p>Nous sommes heureux de vous informer que la formation en ligne a \u00e9t\u00e9 d\u00e9velopp\u00e9e dans les moindres d\u00e9tails par nos meilleurs experts en chimie. Cette grande innovation offre \u00e0 des millions de personnes des secteurs chimique et minier la possibilit\u00e9 d&#039;acqu\u00e9rir des connaissances de premi\u00e8re main, avec des vid\u00e9os pratiques d\u00e9taill\u00e9es et une formation individuelle pour les candidats inscrits. Les candidats qui terminent avec succ\u00e8s le cours en ligne peuvent ensuite suivre le cours hors ligne \u00e0 l&#039;usine Rotes Chemie en Allemagne.<\/p><p><strong>Exigences en mati\u00e8re de formation acad\u00e9mique\u00a0;<\/strong><\/p><p>\u2013 Nous privil\u00e9gions les personnes ayant une exp\u00e9rience en chimie, g\u00e9ologie, physique, min\u00e9ralogie (mines) ou dans un domaine connexe. Nous avons besoin d&#039;une copie num\u00e9ris\u00e9e de votre dipl\u00f4me ou certificat le confirmant.<\/p><p><strong>Date de la demande<\/strong>;<\/p><p>Nous recevons des candidatures toute l&#039;ann\u00e9e car il s&#039;agit d&#039;un programme de formation individuel pour obtenir le r\u00e9sultat le plus efficace. La formation en ligne (9 mois de formation intensive) et la formation et stages hors ligne (6 mois dans l&#039;usine Rotes Chemie en Allemagne).<\/p><p><strong>\u00a0<\/strong><\/p><p><strong>Frais de cours<\/strong><\/p><p>25 000 \u20ac Payable en deux fois.<\/p><p>\u00a0<\/p><p><strong>Aper\u00e7u du cours<\/strong>;<\/p><ul><li><strong>Objectif de prix<\/strong>: Formation des individus sur la production, la transformation et le stockage du mercure rouge et argent\u00e9 \u00e0 l&#039;aide d&#039;\u00e9quipements techniques de pointe. A la fin du cursus, un dipl\u00f4me est d\u00e9livr\u00e9.<\/li><\/ul><p>\u00a0<\/p><ul><li><strong>Objectifs de l&#039;\u00e9tude\u00a0:<\/strong> Au terme de vos 9 mois de formation intensive en ligne combin\u00e9s \u00e0 6 mois de formation pratique, vous serez capable de\u00a0:<\/li><\/ul><p><strong>&#8211;<\/strong> Apprenez \u00e0 installer une usine de production de mercure rouge et de mercure argent\u00e9. Des vid\u00e9os sur la fa\u00e7on de mettre en place une installation de production de mercure rouge sont disponibles aupr\u00e8s de votre instructeur.<\/p><p><strong>&#8211;<\/strong> Conna\u00eetre et ma\u00eetriser l&#039;utilisation de tous les \u00e9quipements utilis\u00e9s dans la production du mercure rouge et argent\u00e9 et donc leurs fonctions individuelles.<\/p><p><strong>&#8211;<\/strong> Apprenez \u00e0 manipuler (exploiter) parfaitement tous les \u00e9quipements utilis\u00e9s dans la production de Hg rouge et argent\u00e9.<\/p><p><strong>&#8211;<\/strong> Conna\u00eetre et ma\u00eetriser la manipulation de tous les produits chimiques utilis\u00e9s dans la production du mercure rouge et argent\u00e9. Vous pouvez rapidement identifier chacun de ces produits chimiques et savoir o\u00f9 les acheter.<\/p><p><strong>&#8211;<\/strong> D\u00e9terminez la quantit\u00e9 (proportions) correcte de produits chimiques \u00e0 utiliser dans le processus de fabrication.<\/p><p><strong>&#8211;<\/strong> Conna\u00eetre et identifier toutes les diff\u00e9rentes \u00e9tapes de la production du Hg rouge et argent\u00e9.<\/p><p><strong>&#8211;<\/strong> Conna\u00eetre et identifier les mat\u00e9riaux utilis\u00e9s dans la fabrication des bouteilles de stockage de Hg rouge et argent.<\/p><p><strong>&#8211;<\/strong> Apprenez \u00e0 \u00e9tiqueter et \u00e0 personnaliser les bouteilles de Hg rouges et argent\u00e9es.<\/p><p><strong>&#8211;<\/strong> Conna\u00eetre et ma\u00eetriser les diff\u00e9rentes mesures de s\u00e9curit\u00e9 et \u00e9quipements de s\u00e9curit\u00e9 utilis\u00e9s dans la production du Hg rouge et argent\u00e9.<\/p>\t\t\t\t\t\t\t\t<\/div>\n\t\t\t\t<\/div>\n\t\t            <\/div>\n        <\/div>\n                    <\/div>\n        <\/section>\n                <section class=\"elementor-section elementor-top-section elementor-element elementor-element-90a90b9 elementor-section-boxed elementor-section-height-default elementor-section-height-default ct-header-fixed-none ct-row-max-none\" data-id=\"90a90b9\" data-element_type=\"section\" data-e-type=\"section\">\n            \n                        <div class=\"elementor-container elementor-column-gap-default\">\n                    <div class=\"elementor-column elementor-col-100 elementor-top-column elementor-element elementor-element-dc9fee8\" data-id=\"dc9fee8\" data-element_type=\"column\" data-e-type=\"column\">\n        <div class=\"elementor-widget-wrap elementor-element-populated\">\n                    \n        \t\t<div class=\"elementor-element elementor-element-a616083 elementor-widget elementor-widget-shortcode\" data-id=\"a616083\" data-element_type=\"widget\" data-e-type=\"widget\" data-widget_type=\"shortcode.default\">\n\t\t\t\t<div class=\"elementor-widget-container\">\n\t\t\t\t\t\t\t<div class=\"elementor-shortcode\">\n<div class=\"wpcf7 no-js\" id=\"wpcf7-f5487-o1\" lang=\"en-US\" dir=\"ltr\" data-wpcf7-id=\"5487\">\n<div class=\"screen-reader-response\"><p role=\"status\" aria-live=\"polite\" aria-atomic=\"true\"><\/p> <ul><\/ul><\/div>\n<form action=\"\/fr\/wp-json\/wp\/v2\/pages\/5473#wpcf7-f5487-o1\" method=\"post\" class=\"wpcf7-form init cf7mls-no-scroll cf7mls-no-moving-animation\" aria-label=\"Formulaire de contact\" enctype=\"multipart\/form-data\" novalidate=\"novalidate\" data-status=\"init\" data-trp-original-action=\"\/fr\/wp-json\/wp\/v2\/pages\/5473#wpcf7-f5487-o1\">\n<fieldset class=\"hidden-fields-container\"><input type=\"hidden\" name=\"_wpcf7\" value=\"5487\" \/><input type=\"hidden\" name=\"_wpcf7_version\" value=\"6.1.5\" \/><input type=\"hidden\" name=\"_wpcf7_locale\" value=\"en_US\" \/><input type=\"hidden\" name=\"_wpcf7_unit_tag\" value=\"wpcf7-f5487-o1\" \/><input type=\"hidden\" name=\"_wpcf7_container_post\" value=\"0\" \/><input type=\"hidden\" name=\"_wpcf7_posted_data_hash\" value=\"\" \/>\n<\/fieldset>\n<h5 class=\"form-title\">Formulaire d&#039;inscription;\n<\/h5>\n<h6 class=\"form-title\">Section A (carte d&#039;\u00e9tudiant)\u00a0:\n<\/h6>\n<div class=\"input-filled\">\n\t<p><i class=\"form-icon fac fa-user\"><\/i><span class=\"wpcf7-form-control-wrap\" data-name=\"your-name\"><input size=\"40\" maxlength=\"400\" class=\"wpcf7-form-control wpcf7-text wpcf7-validates-as-required\" aria-required=\"true\" aria-invalid=\"false\" placeholder=\"Noms complets dans le bon ordre comme sur votre carte d&#039;identit\u00e9 ou votre passeport\" value=\"\" type=\"text\" name=\"your-name\" \/><\/span>\n\t<\/p>\n<\/div>\n<div>\n\t<p>Date de naissance (jj \/ mm \/ aaaa)\n\t<\/p>\n<\/div>\n<div class=\"input-filled\">\n\t<p><span class=\"wpcf7-form-control-wrap\" data-name=\"date-794\"><input class=\"wpcf7-form-control wpcf7-date wpcf7-validates-as-date\" aria-invalid=\"false\" placeholder=\"\" value=\"\" type=\"date\" name=\"date-794\" \/><\/span>\n\t<\/p>\n<\/div>\n<div class=\"input-filled\">\n\t<p><span class=\"wpcf7-form-control-wrap\" data-name=\"your-name\"><input size=\"40\" maxlength=\"400\" class=\"wpcf7-form-control wpcf7-text wpcf7-validates-as-required\" aria-required=\"true\" aria-invalid=\"false\" placeholder=\"nationalit\u00e9\" value=\"\" type=\"text\" name=\"your-name\" \/><\/span>\n\t<\/p>\n<\/div>\n<div class=\"input-filled\">\n\t<p><span class=\"wpcf7-form-control-wrap\" data-name=\"your-name\"><input size=\"40\" maxlength=\"400\" class=\"wpcf7-form-control wpcf7-text wpcf7-validates-as-required\" aria-required=\"true\" aria-invalid=\"false\" placeholder=\"Pays de r\u00e9sidence actuel\" value=\"\" type=\"text\" name=\"your-name\" \/><\/span>\n\t<\/p>\n<\/div>\n<div class=\"input-filled\">\n\t<p><span class=\"wpcf7-form-control-wrap\" data-name=\"your-name\"><input size=\"40\" maxlength=\"400\" class=\"wpcf7-form-control wpcf7-text wpcf7-validates-as-required\" aria-required=\"true\" aria-invalid=\"false\" placeholder=\"Genre Homme Femme):\" value=\"\" type=\"text\" name=\"your-name\" \/><\/span>\n\t<\/p>\n<\/div>\n<div>\n\t<p>T\u00e9l\u00e9chargez une copie num\u00e9ris\u00e9e de votre carte d&#039;identit\u00e9 ou de votre passeport.\n\t<\/p>\n<\/div>\n<div class=\"input-filled\">\n\t<p><span class=\"wpcf7-form-control-wrap\" data-name=\"your-file\"><input size=\"40\" class=\"wpcf7-form-control wpcf7-file\" accept=\".pdf,.txt\" aria-invalid=\"false\" type=\"file\" name=\"your-file\" \/><\/span>\n\t<\/p>\n<\/div>\n<div>\n\t<p>T\u00e9l\u00e9chargez une ou plusieurs copies num\u00e9ris\u00e9es de votre dipl\u00f4me ou certificat le plus \u00e9lev\u00e9\n\t<\/p>\n<\/div>\n<div class=\"input-filled\">\n\t<p><span class=\"wpcf7-form-control-wrap\" data-name=\"your-file\"><input size=\"40\" class=\"wpcf7-form-control wpcf7-file\" accept=\".pdf,.txt\" aria-invalid=\"false\" type=\"file\" name=\"your-file\" \/><\/span>\n\t<\/p>\n<\/div>\n<div>\n\t<p>T\u00e9l\u00e9chargez toute autre pi\u00e8ce justificative pouvant faciliter votre candidature.\n\t<\/p>\n<\/div>\n<div class=\"input-filled\">\n\t<p><span class=\"wpcf7-form-control-wrap\" data-name=\"your-file\"><input size=\"40\" class=\"wpcf7-form-control wpcf7-file\" accept=\".pdf,.txt\" aria-invalid=\"false\" type=\"file\" name=\"your-file\" \/><\/span>\n\t<\/p>\n<\/div>\n<h6 class=\"form-title\">Section B (Raisons pour postuler \u00e0 ce cours)\u00a0:\n<\/h6>\n<div class=\"input-filled\">\n\t<p><span class=\"wpcf7-form-control-wrap\" data-name=\"your-name\"><input size=\"40\" maxlength=\"400\" class=\"wpcf7-form-control wpcf7-text wpcf7-validates-as-required\" aria-required=\"true\" aria-invalid=\"false\" placeholder=\"Indiquez les raisons pour lesquelles vous postulez \u00e0 ce cours)\u00a0:\" value=\"\" type=\"text\" name=\"your-name\" \/><\/span>\n\t<\/p>\n<\/div>\n<div class=\"input-filled\">\n\t<p><span class=\"wpcf7-form-control-wrap\" data-name=\"your-name\"><input size=\"40\" maxlength=\"400\" class=\"wpcf7-form-control wpcf7-text wpcf7-validates-as-required\" aria-required=\"true\" aria-invalid=\"false\" placeholder=\"Avez-vous l\u2019intention d\u2019ouvrir une usine de production de mercure rouge ou de mercure argent\u00e9 \u00e0 l\u2019avenir\u00a0?\" value=\"\" type=\"text\" name=\"your-name\" \/><\/span>\n\t<\/p>\n<\/div>\n<h6 class=\"form-title\">Section C (Paiement)\u00a0:\n<\/h6>\n<div>\n\t<p>Vous pouvez payer les frais (25 000 \u20ac) en DEUX VERSEMENTS (12 500 \u20ac pour la formation en ligne et 12 500 \u20ac pour la formation hors ligne\/pratique chez Rotes Chemie). Notez que vous ne devez payer les frais que si votre demande est approuv\u00e9e. Tous les paiements sont effectu\u00e9s en pi\u00e8ces USDT.\n\t<\/p>\n<\/div>\n<h6 class=\"form-title\">Section D (Coordonn\u00e9es)\u00a0:\n<\/h6>\n<div class=\"input-filled\">\n\t<p><i class=\"form-icon fac fa-envelope\"><\/i><span class=\"wpcf7-form-control-wrap\" data-name=\"your-email\"><input size=\"40\" maxlength=\"400\" class=\"wpcf7-form-control wpcf7-email wpcf7-validates-as-required wpcf7-text wpcf7-validates-as-email\" aria-required=\"true\" aria-invalid=\"false\" placeholder=\"E-mail:\" value=\"\" type=\"email\" name=\"your-email\" \/><\/span>\n\t<\/p>\n<\/div>\n<div class=\"input-filled\">\n\t<p><i class=\"form-icon fac fa-phone\"><\/i><span class=\"wpcf7-form-control-wrap\" data-name=\"your-phone\"><input size=\"40\" maxlength=\"400\" class=\"wpcf7-form-control wpcf7-text wpcf7-validates-as-required\" aria-required=\"true\" aria-invalid=\"false\" placeholder=\"Num\u00e9ro de t\u00e9l\u00e9phone:\" value=\"\" type=\"text\" name=\"your-phone\" \/><\/span>\n\t<\/p>\n<\/div>\n<div class=\"ct-range-slider\" data-value=\"60000\" data-maxvalue=\"100000\" data-currency=\"$\">\n<\/div>\n<div class=\"input-filled text-right\">\n\t<p><button type=\"submit\" class=\"wpcf7-submit btn btn-third2\"><i class=\"fac fa-external-link-alt space-right\"><\/i>Soumettez votre formulaire de candidature<\/button>\n\t<\/p>\n<\/div><div class=\"wpcf7-response-output\" aria-hidden=\"true\"><\/div>\n<input type=\"hidden\" name=\"trp-form-language\" value=\"fr\"\/><\/form>\n<\/div>\n<\/div>\n\t\t\t\t\t\t<\/div>\n\t\t\t\t<\/div>\n\t\t            <\/div>\n        <\/div>\n                    <\/div>\n        <\/section>\n        \t\t<\/div>","protected":false},"excerpt":{"rendered":"<p>Online-Schulung zur Herstellung von rotem und silbernem Quecksilber Seit der Gr\u00fcndung unseres renommierten Unternehmens Rotes Chemie im Jahr 1992 haben wir einen enormen Einfluss auf die Gewinnung von Gold und vielen anderen wertvollen Mineralien gehabt. Dieser bemerkenswerte Einfluss ist auf die Tatsache zur\u00fcckzuf\u00fchren, dass Rotes Chemie der einzige Hersteller von reinem rotem Quecksilber 258 20\/20 [&hellip;]<\/p>\n","protected":false},"author":1,"featured_media":0,"parent":0,"menu_order":0,"comment_status":"closed","ping_status":"closed","template":"","meta":{"footnotes":""},"class_list":["post-5473","page","type-page","status-publish","hentry"],"yoast_head":"<!-- This site is optimized with the Yoast SEO plugin v27.3 - https:\/\/yoast.com\/product\/yoast-seo-wordpress\/ -->\n<title>Online Schulung - Roteschemie<\/title>\n<meta name=\"robots\" content=\"index, follow, max-snippet:-1, max-image-preview:large, max-video-preview:-1\" \/>\n<link rel=\"canonical\" href=\"https:\/\/roteschemies.de\/fr\/la-formation-en-ligne\/\" \/>\n<meta property=\"og:locale\" content=\"fr_FR\" \/>\n<meta property=\"og:type\" content=\"article\" \/>\n<meta property=\"og:title\" content=\"Online Schulung - Roteschemie\" \/>\n<meta property=\"og:description\" content=\"Online-Schulung zur Herstellung von rotem und silbernem Quecksilber Seit der Gr\u00fcndung unseres renommierten Unternehmens Rotes Chemie im Jahr 1992 haben wir einen enormen Einfluss auf die Gewinnung von Gold und vielen anderen wertvollen Mineralien gehabt. Dieser bemerkenswerte Einfluss ist auf die Tatsache zur\u00fcckzuf\u00fchren, dass Rotes Chemie der einzige Hersteller von reinem rotem Quecksilber 258 20\/20 [&hellip;]\" \/>\n<meta property=\"og:url\" content=\"https:\/\/roteschemies.de\/fr\/la-formation-en-ligne\/\" \/>\n<meta property=\"og:site_name\" content=\"Roteschemie\" \/>\n<meta property=\"article:modified_time\" content=\"2024-06-13T05:16:10+00:00\" \/>\n<meta name=\"twitter:card\" content=\"summary_large_image\" \/>\n<meta name=\"twitter:label1\" content=\"Dur\u00e9e de lecture estim\u00e9e\" \/>\n\t<meta name=\"twitter:data1\" content=\"3 minutes\" \/>\n<script type=\"application\/ld+json\" class=\"yoast-schema-graph\">{\"@context\":\"https:\\\/\\\/schema.org\",\"@graph\":[{\"@type\":\"WebPage\",\"@id\":\"https:\\\/\\\/roteschemies.de\\\/online-schulung\\\/\",\"url\":\"https:\\\/\\\/roteschemies.de\\\/online-schulung\\\/\",\"name\":\"Online Schulung - Roteschemie\",\"isPartOf\":{\"@id\":\"https:\\\/\\\/roteschemies.de\\\/#website\"},\"datePublished\":\"2024-06-10T13:29:49+00:00\",\"dateModified\":\"2024-06-13T05:16:10+00:00\",\"breadcrumb\":{\"@id\":\"https:\\\/\\\/roteschemies.de\\\/online-schulung\\\/#breadcrumb\"},\"inLanguage\":\"fr-FR\",\"potentialAction\":[{\"@type\":\"ReadAction\",\"target\":[\"https:\\\/\\\/roteschemies.de\\\/online-schulung\\\/\"]}]},{\"@type\":\"BreadcrumbList\",\"@id\":\"https:\\\/\\\/roteschemies.de\\\/online-schulung\\\/#breadcrumb\",\"itemListElement\":[{\"@type\":\"ListItem\",\"position\":1,\"name\":\"Home\",\"item\":\"https:\\\/\\\/roteschemies.de\\\/\"},{\"@type\":\"ListItem\",\"position\":2,\"name\":\"Online Schulung\"}]},{\"@type\":\"WebSite\",\"@id\":\"https:\\\/\\\/roteschemies.de\\\/#website\",\"url\":\"https:\\\/\\\/roteschemies.de\\\/\",\"name\":\"Roteschemie\",\"description\":\"Rotes fl&uuml;ssiges Quecksilber, silbernes fl&uuml;ssiges Quecksilber online kaufen\",\"alternateName\":\"roteschemies.de\",\"potentialAction\":[{\"@type\":\"SearchAction\",\"target\":{\"@type\":\"EntryPoint\",\"urlTemplate\":\"https:\\\/\\\/roteschemies.de\\\/?s={search_term_string}\"},\"query-input\":{\"@type\":\"PropertyValueSpecification\",\"valueRequired\":true,\"valueName\":\"search_term_string\"}}],\"inLanguage\":\"fr-FR\"}]}<\/script>\n<!-- \/ Yoast SEO plugin. -->","yoast_head_json":{"title":"Formation en ligne - chimie rouge","robots":{"index":"index","follow":"follow","max-snippet":"max-snippet:-1","max-image-preview":"max-image-preview:large","max-video-preview":"max-video-preview:-1"},"canonical":"https:\/\/roteschemies.de\/fr\/la-formation-en-ligne\/","og_locale":"fr_FR","og_type":"article","og_title":"Online Schulung - Roteschemie","og_description":"Online-Schulung zur Herstellung von rotem und silbernem Quecksilber Seit der Gr\u00fcndung unseres renommierten Unternehmens Rotes Chemie im Jahr 1992 haben wir einen enormen Einfluss auf die Gewinnung von Gold und vielen anderen wertvollen Mineralien gehabt. Dieser bemerkenswerte Einfluss ist auf die Tatsache zur\u00fcckzuf\u00fchren, dass Rotes Chemie der einzige Hersteller von reinem rotem Quecksilber 258 20\/20 [&hellip;]","og_url":"https:\/\/roteschemies.de\/fr\/la-formation-en-ligne\/","og_site_name":"Roteschemie","article_modified_time":"2024-06-13T05:16:10+00:00","twitter_card":"summary_large_image","twitter_misc":{"Dur\u00e9e de lecture estim\u00e9e":"3 minutes"},"schema":{"@context":"https:\/\/schema.org","@graph":[{"@type":"WebPage","@id":"https:\/\/roteschemies.de\/online-schulung\/","url":"https:\/\/roteschemies.de\/online-schulung\/","name":"Formation en ligne - chimie rouge","isPartOf":{"@id":"https:\/\/roteschemies.de\/#website"},"datePublished":"2024-06-10T13:29:49+00:00","dateModified":"2024-06-13T05:16:10+00:00","breadcrumb":{"@id":"https:\/\/roteschemies.de\/online-schulung\/#breadcrumb"},"inLanguage":"fr-FR","potentialAction":[{"@type":"ReadAction","target":["https:\/\/roteschemies.de\/online-schulung\/"]}]},{"@type":"BreadcrumbList","@id":"https:\/\/roteschemies.de\/online-schulung\/#breadcrumb","itemListElement":[{"@type":"ListItem","position":1,"name":"Home","item":"https:\/\/roteschemies.de\/"},{"@type":"ListItem","position":2,"name":"Online Schulung"}]},{"@type":"WebSite","@id":"https:\/\/roteschemies.de\/#website","url":"https:\/\/roteschemies.de\/","name":"chimie rouge","description":"Acheter Mercure Liquide Rouge, Mercure Liquide Argent\u00e9 en ligne","alternateName":"roteschemies.de","potentialAction":[{"@type":"SearchAction","target":{"@type":"EntryPoint","urlTemplate":"https:\/\/roteschemies.de\/?s={search_term_string}"},"query-input":{"@type":"PropertyValueSpecification","valueRequired":true,"valueName":"search_term_string"}}],"inLanguage":"fr-FR"}]}},"_links":{"self":[{"href":"https:\/\/roteschemies.de\/fr\/wp-json\/wp\/v2\/pages\/5473","targetHints":{"allow":["GET"]}}],"collection":[{"href":"https:\/\/roteschemies.de\/fr\/wp-json\/wp\/v2\/pages"}],"about":[{"href":"https:\/\/roteschemies.de\/fr\/wp-json\/wp\/v2\/types\/page"}],"author":[{"embeddable":true,"href":"https:\/\/roteschemies.de\/fr\/wp-json\/wp\/v2\/users\/1"}],"replies":[{"embeddable":true,"href":"https:\/\/roteschemies.de\/fr\/wp-json\/wp\/v2\/comments?post=5473"}],"version-history":[{"count":17,"href":"https:\/\/roteschemies.de\/fr\/wp-json\/wp\/v2\/pages\/5473\/revisions"}],"predecessor-version":[{"id":5493,"href":"https:\/\/roteschemies.de\/fr\/wp-json\/wp\/v2\/pages\/5473\/revisions\/5493"}],"wp:attachment":[{"href":"https:\/\/roteschemies.de\/fr\/wp-json\/wp\/v2\/media?parent=5473"}],"curies":[{"name":"wp","href":"https:\/\/api.w.org\/{rel}","templated":true}]}}