{"id":5240,"date":"2023-07-13T09:56:54","date_gmt":"2023-07-13T09:56:54","guid":{"rendered":"https:\/\/roteschemies.de\/?page_id=5240"},"modified":"2023-07-13T10:42:17","modified_gmt":"2023-07-13T10:42:17","slug":"mercurio-rosso","status":"publish","type":"page","link":"https:\/\/roteschemies.de\/it\/mercurio-rosso\/","title":{"rendered":"Mercurio rosso"},"content":{"rendered":"<div data-elementor-type=\"wp-page\" data-elementor-id=\"5240\" class=\"elementor elementor-5240\">\n\t\t\t\t        <section class=\"elementor-section elementor-top-section elementor-element elementor-element-363e074a elementor-section-boxed elementor-section-height-default elementor-section-height-default ct-header-fixed-none ct-row-max-none\" data-id=\"363e074a\" data-element_type=\"section\" data-e-type=\"section\">\n            \n                        <div class=\"elementor-container elementor-column-gap-default\">\n                    <div class=\"elementor-column elementor-col-50 elementor-top-column elementor-element elementor-element-23c8db5b\" data-id=\"23c8db5b\" data-element_type=\"column\" data-e-type=\"column\">\n        <div class=\"elementor-widget-wrap elementor-element-populated\">\n                    \n        \t\t<div class=\"elementor-element elementor-element-20b585d0 elementor-widget elementor-widget-ct_image\" data-id=\"20b585d0\" data-element_type=\"widget\" data-e-type=\"widget\" data-widget_type=\"ct_image.default\">\n\t\t\t\t<div class=\"elementor-widget-container\">\n\t\t\t\t\t<div class=\"ct-image-single img-type-img ct-no-effect\" data-wow-delay=\"ms\">\r\n                        <img fetchpriority=\"high\" decoding=\"async\" width=\"756\" height=\"567\" src=\"https:\/\/roteschemies.de\/wp-content\/uploads\/2022\/12\/E311914095_5606255989420786_1852925251756_n.jpg\" class=\"attachment-full\" alt=\"\" \/>            <\/div>\t\t\t\t<\/div>\n\t\t\t\t<\/div>\n\t\t            <\/div>\n        <\/div>\n                <div class=\"elementor-column elementor-col-50 elementor-top-column elementor-element elementor-element-2670a6eb\" data-id=\"2670a6eb\" data-element_type=\"column\" data-e-type=\"column\">\n        <div class=\"elementor-widget-wrap elementor-element-populated\">\n                    \n        \t\t<div class=\"elementor-element elementor-element-7f3f925e elementor-widget elementor-widget-ct_heading\" data-id=\"7f3f925e\" data-element_type=\"widget\" data-e-type=\"widget\" data-widget_type=\"ct_heading.default\">\n\t\t\t\t<div class=\"elementor-widget-container\">\n\t\t\t\t\t<div id=\"ct_heading-7f3f925e\" class=\"ct-heading h-align- sub-style1 ct-heading-left item-st-line-left2\">\r\n\t<div class=\"ct-item--inner\">\r\n        <div class=\"ct-inline-css\"  data-css=\"            \">\r\n        <\/div>\r\n                <h6 class=\"item--title st-line-left2 case-animate-time\" data-wow-delay=\"ms\">\r\n                        <span class=\"sp-main\">\r\n                                    <i><\/i>\r\n                \r\n                Mercurio rosso tedesco all&#039;ingrosso 20\/20-258 9N\r\n                \r\n                            <\/span>\r\n                    <\/h6>\r\n    <\/div>\r\n<\/div>\t\t\t\t<\/div>\n\t\t\t\t<\/div>\n\t\t\t\t<div class=\"elementor-element elementor-element-3b680a15 elementor-widget elementor-widget-text-editor\" data-id=\"3b680a15\" data-element_type=\"widget\" data-e-type=\"widget\" data-widget_type=\"text-editor.default\">\n\t\t\t\t<div class=\"elementor-widget-container\">\n\t\t\t\t\t\t\t\t\t<p>Questo mercurio rosso tedesco ad alta purezza 20\/20 258 99.9999999% \u00e8 prodotto qui in Germania dalla nostra azienda. Produciamo questo mercurio in bottiglie da 1 kg e 34,5 kg. Offriamo mercurio rosso a prezzi all&#039;ingrosso per aziende al dettaglio e privati. Gli acquisti vengono effettuati solo con criptovaluta. Per acquistare il mercurio rosso online da noi, fai clic sul modulo di contatto.<br \/>Confezioni: 1 kg, 5 kg, 17,5 kg e 34,5 kg<\/p><p>*Ulteriori propriet\u00e0 del nostro mercurio rosso tedesco*<br \/>1.) \u00c8 attratto dal metallo dorato o dalle catene d&#039;oro<br \/>2.) Respinge l&#039;aglio <br \/>3.) Non \u00e8 visibile allo specchio <br \/>4.) Trasforma l&#039;acqua in rosso dopo pochi minuti<br \/>5.) Spegne un cellulare se portato vicino alla bottiglia. <\/p>\t\t\t\t\t\t\t\t<\/div>\n\t\t\t\t<\/div>\n\t\t            <\/div>\n        <\/div>\n                    <\/div>\n        <\/section>\n                <section class=\"elementor-section elementor-top-section elementor-element elementor-element-303ff71f elementor-section-boxed elementor-section-height-default elementor-section-height-default ct-header-fixed-none ct-row-max-none\" data-id=\"303ff71f\" data-element_type=\"section\" data-e-type=\"section\">\n            \n                        <div class=\"elementor-container elementor-column-gap-default\">\n                    <div class=\"elementor-column elementor-col-50 elementor-top-column elementor-element elementor-element-3089d69e\" data-id=\"3089d69e\" data-element_type=\"column\" data-e-type=\"column\">\n        <div class=\"elementor-widget-wrap elementor-element-populated\">\n                    \n        \t\t<div class=\"elementor-element elementor-element-289b232c elementor-widget elementor-widget-ct_heading\" data-id=\"289b232c\" data-element_type=\"widget\" data-e-type=\"widget\" data-widget_type=\"ct_heading.default\">\n\t\t\t\t<div class=\"elementor-widget-container\">\n\t\t\t\t\t<div id=\"ct_heading-289b232c\" class=\"ct-heading h-align- sub-style1 ct-heading-left item-st-line-left2\">\r\n\t<div class=\"ct-item--inner\">\r\n        <div class=\"ct-inline-css\"  data-css=\"            \">\r\n        <\/div>\r\n                <h6 class=\"item--title st-line-left2 case-animate-time\" data-wow-delay=\"ms\">\r\n                        <span class=\"sp-main\">\r\n                                    <i><\/i>\r\n                \r\n                LE NOSTRE PROPRIET\u00c0 DEL MERCURIO LIQUIDO ROSSO\r\n                \r\n                            <\/span>\r\n                    <\/h6>\r\n    <\/div>\r\n<\/div>\t\t\t\t<\/div>\n\t\t\t\t<\/div>\n\t\t\t\t<div class=\"elementor-element elementor-element-7bf0e610 elementor-widget elementor-widget-text-editor\" data-id=\"7bf0e610\" data-element_type=\"widget\" data-e-type=\"widget\" data-widget_type=\"text-editor.default\">\n\t\t\t\t<div class=\"elementor-widget-container\">\n\t\t\t\t\t\t\t\t\t<p>\u2013 Il mercurio rosso \u00e8 un materiale rosso ciliegia semiliquido.<br \/>\u2013 L&#039;intensit\u00e0 del mercurio rosso \u00e8 molto alta a 20,2 g\/cm3.<br \/>\u2013 Questo liquido Hg2 Sb207 \u00e8 il materiale dei laboratori militari: <br \/>- ossido di antimonio mercurico<br \/>\u2013 Altra designazione: mercurio liquido rosso ciliegia <br \/>\u2013 Formula: Sb2O7Hg2<br \/>- Aspetto: liquido metallico rosso ciliegia <br \/>\u2013 Formula molecolare: Hg2 Sb207<br \/>\u2013 Specie: Ossido Antimonio Rosso Mercurio<br \/>\u2013 Struttura: Sb2O7Hg2<br \/>\u2013 Qualit\u00e0: liquido, semiliquido<br \/>\u2013 Purezza: 99.999% (5N) \/ 99.9999999% (9N)<br \/>\u2013 Colore: Ponceau (rosso ciliegia omogeneo)<br \/>\u2013 Ordinamento: 37.00016<br \/>\u2013 Legame: Energia: 211Kcal\/Mol<br \/>\u2013 Densit\u00e0: BK-20\/20 \u2013 20,2 g<br \/>- Punto di fusione: -37,67<br \/>- Punto di infiammabilit\u00e0: 170.026<\/p>\t\t\t\t\t\t\t\t<\/div>\n\t\t\t\t<\/div>\n\t\t            <\/div>\n        <\/div>\n                <div class=\"elementor-column elementor-col-50 elementor-top-column elementor-element elementor-element-2129deda\" data-id=\"2129deda\" data-element_type=\"column\" data-e-type=\"column\">\n        <div class=\"elementor-widget-wrap elementor-element-populated\">\n                    \n        \t\t<div class=\"elementor-element elementor-element-4c8721e elementor-widget elementor-widget-ct_heading\" data-id=\"4c8721e\" data-element_type=\"widget\" data-e-type=\"widget\" data-widget_type=\"ct_heading.default\">\n\t\t\t\t<div class=\"elementor-widget-container\">\n\t\t\t\t\t<div id=\"ct_heading-4c8721e\" class=\"ct-heading h-align- sub-style1 ct-heading-left item-st-line-left2\">\r\n\t<div class=\"ct-item--inner\">\r\n        <div class=\"ct-inline-css\"  data-css=\"            \">\r\n        <\/div>\r\n                <h6 class=\"item--title st-line-left2 case-animate-time\" data-wow-delay=\"ms\">\r\n                        <span class=\"sp-main\">\r\n                                    <i><\/i>\r\n                \r\n                INFORMAZIONI AGGIUNTIVE\r\n                \r\n                            <\/span>\r\n                    <\/h6>\r\n    <\/div>\r\n<\/div>\t\t\t\t<\/div>\n\t\t\t\t<\/div>\n\t\t\t\t<div class=\"elementor-element elementor-element-1f0299c0 elementor-widget elementor-widget-text-editor\" data-id=\"1f0299c0\" data-element_type=\"widget\" data-e-type=\"widget\" data-widget_type=\"text-editor.default\">\n\t\t\t\t<div class=\"elementor-widget-container\">\n\t\t\t\t\t\t\t\t\t<p>\u2013 Radiazione: 0,794<br \/>- Valore della linea di temperatura: 160,87<br \/>- Risposta VHTC mp: 1.024<br \/>\u2013 Risposta K: 0,00016<br \/>\u2013 Risposta P: 9.000-8.000<br \/>\u2013 Risposta VDSA: 0,30-0,29<br \/>\u2013 Valore gamma: 0,026 \/ 0,044-0,64<br \/>- Punto di ebollizione: 356.720<br \/>- MW: 196,01 + 0,02\/mol contenuto d&#039;acqua<br \/>\u2013 Forma: Liquido, a spirale<br \/>\u2013 Colore: rosso ciliegia<br \/>- Massa molare: 756,7002 g\/mol<\/p>\t\t\t\t\t\t\t\t<\/div>\n\t\t\t\t<\/div>\n\t\t\t\t<div class=\"elementor-element elementor-element-39853f2 elementor-widget elementor-widget-ct_button\" data-id=\"39853f2\" data-element_type=\"widget\" data-e-type=\"widget\" data-widget_type=\"ct_button.default\">\n\t\t\t\t<div class=\"elementor-widget-container\">\n\t\t\t\t\t<div id=\"ct_button-39853f2\" class=\"ct-button-wrapper ct-button-layout1 icon- btn--inline\">\r\n    <div class=\"ct-inline-css\"  data-css=\"        \">\r\n    <\/div>\r\n            <span class=\"ct-icon-active\"><\/span>\r\n        <a href=\"http:\/\/roteschemies.de\/it\/contatto\/\" class=\"btn btn-default icon-active btn-inline-block\" data-wow-delay=\"ms\">\r\n                            <span class=\"ct-button-icon ct-align-icon-\">\r\n                            <\/span>\r\n                <span class=\"ct-button-text\">Acquista all&#039;ingrosso<\/span>\r\n    <\/a>\r\n<\/div>\t\t\t\t<\/div>\n\t\t\t\t<\/div>\n\t\t            <\/div>\n        <\/div>\n                    <\/div>\n        <\/section>\n        \t\t<\/div>","protected":false},"excerpt":{"rendered":"<p>Wholesale German Red Mercury 20\/20-258 9N Dieses hochreine deutsche rote Quecksilber 20\/20 258 99,9999999% wird hier in Deutschland von unserer Firma hergestellt. Wir produzieren dieses Quecksilber in Flaschen von 1kg und 34,5kg. Wir bieten rotes Quecksilber zu Gro\u00dfhandelspreisen an Einzelhandelsunternehmen und Privatpersonen an. Eink\u00e4ufe werden nur mit Kryptow\u00e4hrung durchgef\u00fchrt. Um rotes Quecksilber online bei uns [&hellip;]<\/p>\n","protected":false},"author":1,"featured_media":0,"parent":0,"menu_order":0,"comment_status":"closed","ping_status":"closed","template":"","meta":{"footnotes":""},"class_list":["post-5240","page","type-page","status-publish","hentry"],"yoast_head":"<!-- This site is optimized with the Yoast SEO plugin v27.4 - https:\/\/yoast.com\/product\/yoast-seo-wordpress\/ -->\n<title>Rotes fl\u00fcssiges Quecksilber zu verkaufen | Kaufen Rotes Quecksilber -Roteschemie<\/title>\n<meta name=\"description\" content=\"Rotes fl\u00fcssiges Quecksilber zu verkaufen - Roteschemie ist Hersteller von rotem Quecksilber. Unsere Fabrik in Deutschland. Kaufen Sie im Gro\u00dfhandel deutsches rotes Quecksilber 20\/20-258 9N.\" \/>\n<meta name=\"robots\" content=\"index, follow, max-snippet:-1, max-image-preview:large, max-video-preview:-1\" \/>\n<link rel=\"canonical\" href=\"https:\/\/roteschemies.de\/it\/mercurio-rosso\/\" \/>\n<meta property=\"og:locale\" content=\"it_IT\" \/>\n<meta property=\"og:type\" content=\"article\" \/>\n<meta property=\"og:title\" content=\"Rotes fl\u00fcssiges Quecksilber zu verkaufen | Kaufen Rotes Quecksilber -Roteschemie\" \/>\n<meta property=\"og:description\" content=\"Rotes fl\u00fcssiges Quecksilber zu verkaufen - Roteschemie ist Hersteller von rotem Quecksilber. Unsere Fabrik in Deutschland. Kaufen Sie im Gro\u00dfhandel deutsches rotes Quecksilber 20\/20-258 9N.\" \/>\n<meta property=\"og:url\" content=\"https:\/\/roteschemies.de\/it\/mercurio-rosso\/\" \/>\n<meta property=\"og:site_name\" content=\"Roteschemie\" \/>\n<meta property=\"article:modified_time\" content=\"2023-07-13T10:42:17+00:00\" \/>\n<meta property=\"og:image\" content=\"https:\/\/roteschemies.de\/wp-content\/uploads\/2022\/12\/E311914095_5606255989420786_1852925251756_n.jpg\" \/>\n<meta name=\"twitter:card\" content=\"summary_large_image\" \/>\n<meta name=\"twitter:label1\" content=\"Tempo di lettura stimato\" \/>\n\t<meta name=\"twitter:data1\" content=\"2 minuti\" \/>\n<script type=\"application\/ld+json\" class=\"yoast-schema-graph\">{\"@context\":\"https:\\\/\\\/schema.org\",\"@graph\":[{\"@type\":\"WebPage\",\"@id\":\"https:\\\/\\\/roteschemies.de\\\/rote-quecksilber\\\/\",\"url\":\"https:\\\/\\\/roteschemies.de\\\/rote-quecksilber\\\/\",\"name\":\"Rotes fl\u00fcssiges Quecksilber zu verkaufen | Kaufen Rotes Quecksilber -Roteschemie\",\"isPartOf\":{\"@id\":\"https:\\\/\\\/roteschemies.de\\\/#website\"},\"primaryImageOfPage\":{\"@id\":\"https:\\\/\\\/roteschemies.de\\\/rote-quecksilber\\\/#primaryimage\"},\"image\":{\"@id\":\"https:\\\/\\\/roteschemies.de\\\/rote-quecksilber\\\/#primaryimage\"},\"thumbnailUrl\":\"https:\\\/\\\/roteschemies.de\\\/wp-content\\\/uploads\\\/2022\\\/12\\\/E311914095_5606255989420786_1852925251756_n.jpg\",\"datePublished\":\"2023-07-13T09:56:54+00:00\",\"dateModified\":\"2023-07-13T10:42:17+00:00\",\"description\":\"Rotes fl\u00fcssiges Quecksilber zu verkaufen - Roteschemie ist Hersteller von rotem Quecksilber. Unsere Fabrik in Deutschland. Kaufen Sie im Gro\u00dfhandel deutsches rotes Quecksilber 20\\\/20-258 9N.\",\"breadcrumb\":{\"@id\":\"https:\\\/\\\/roteschemies.de\\\/rote-quecksilber\\\/#breadcrumb\"},\"inLanguage\":\"it-IT\",\"potentialAction\":[{\"@type\":\"ReadAction\",\"target\":[\"https:\\\/\\\/roteschemies.de\\\/rote-quecksilber\\\/\"]}]},{\"@type\":\"ImageObject\",\"inLanguage\":\"it-IT\",\"@id\":\"https:\\\/\\\/roteschemies.de\\\/rote-quecksilber\\\/#primaryimage\",\"url\":\"https:\\\/\\\/roteschemies.de\\\/wp-content\\\/uploads\\\/2022\\\/12\\\/E311914095_5606255989420786_1852925251756_n.jpg\",\"contentUrl\":\"https:\\\/\\\/roteschemies.de\\\/wp-content\\\/uploads\\\/2022\\\/12\\\/E311914095_5606255989420786_1852925251756_n.jpg\"},{\"@type\":\"BreadcrumbList\",\"@id\":\"https:\\\/\\\/roteschemies.de\\\/rote-quecksilber\\\/#breadcrumb\",\"itemListElement\":[{\"@type\":\"ListItem\",\"position\":1,\"name\":\"Home\",\"item\":\"https:\\\/\\\/roteschemies.de\\\/\"},{\"@type\":\"ListItem\",\"position\":2,\"name\":\"Rote Quecksilber\"}]},{\"@type\":\"WebSite\",\"@id\":\"https:\\\/\\\/roteschemies.de\\\/#website\",\"url\":\"https:\\\/\\\/roteschemies.de\\\/\",\"name\":\"Roteschemie\",\"description\":\"Rotes fl&uuml;ssiges Quecksilber, silbernes fl&uuml;ssiges Quecksilber online kaufen\",\"alternateName\":\"roteschemies.de\",\"potentialAction\":[{\"@type\":\"SearchAction\",\"target\":{\"@type\":\"EntryPoint\",\"urlTemplate\":\"https:\\\/\\\/roteschemies.de\\\/?s={search_term_string}\"},\"query-input\":{\"@type\":\"PropertyValueSpecification\",\"valueRequired\":true,\"valueName\":\"search_term_string\"}}],\"inLanguage\":\"it-IT\"}]}<\/script>\n<!-- \/ Yoast SEO plugin. -->","yoast_head_json":{"title":"Mercurio liquido rosso in vendita | Acquista Mercurio Rosso - Chimica Rossa","description":"Mercurio liquido rosso in vendita - Roteschemie \u00e8 un produttore di mercurio rosso. La nostra fabbrica in Germania. Acquista all&#039;ingrosso mercurio rosso tedesco 20\/20-258 9N.","robots":{"index":"index","follow":"follow","max-snippet":"max-snippet:-1","max-image-preview":"max-image-preview:large","max-video-preview":"max-video-preview:-1"},"canonical":"https:\/\/roteschemies.de\/it\/mercurio-rosso\/","og_locale":"it_IT","og_type":"article","og_title":"Rotes fl\u00fcssiges Quecksilber zu verkaufen | Kaufen Rotes Quecksilber -Roteschemie","og_description":"Rotes fl\u00fcssiges Quecksilber zu verkaufen - Roteschemie ist Hersteller von rotem Quecksilber. Unsere Fabrik in Deutschland. Kaufen Sie im Gro\u00dfhandel deutsches rotes Quecksilber 20\/20-258 9N.","og_url":"https:\/\/roteschemies.de\/it\/mercurio-rosso\/","og_site_name":"Roteschemie","article_modified_time":"2023-07-13T10:42:17+00:00","og_image":[{"url":"https:\/\/roteschemies.de\/wp-content\/uploads\/2022\/12\/E311914095_5606255989420786_1852925251756_n.jpg","type":"","width":"","height":""}],"twitter_card":"summary_large_image","twitter_misc":{"Tempo di lettura stimato":"2 minuti"},"schema":{"@context":"https:\/\/schema.org","@graph":[{"@type":"WebPage","@id":"https:\/\/roteschemies.de\/rote-quecksilber\/","url":"https:\/\/roteschemies.de\/rote-quecksilber\/","name":"Mercurio liquido rosso in vendita | Acquista Mercurio Rosso - Chimica Rossa","isPartOf":{"@id":"https:\/\/roteschemies.de\/#website"},"primaryImageOfPage":{"@id":"https:\/\/roteschemies.de\/rote-quecksilber\/#primaryimage"},"image":{"@id":"https:\/\/roteschemies.de\/rote-quecksilber\/#primaryimage"},"thumbnailUrl":"https:\/\/roteschemies.de\/wp-content\/uploads\/2022\/12\/E311914095_5606255989420786_1852925251756_n.jpg","datePublished":"2023-07-13T09:56:54+00:00","dateModified":"2023-07-13T10:42:17+00:00","description":"Mercurio liquido rosso in vendita - Roteschemie \u00e8 un produttore di mercurio rosso. La nostra fabbrica in Germania. Acquista all&#039;ingrosso mercurio rosso tedesco 20\/20-258 9N.","breadcrumb":{"@id":"https:\/\/roteschemies.de\/rote-quecksilber\/#breadcrumb"},"inLanguage":"it-IT","potentialAction":[{"@type":"ReadAction","target":["https:\/\/roteschemies.de\/rote-quecksilber\/"]}]},{"@type":"ImageObject","inLanguage":"it-IT","@id":"https:\/\/roteschemies.de\/rote-quecksilber\/#primaryimage","url":"https:\/\/roteschemies.de\/wp-content\/uploads\/2022\/12\/E311914095_5606255989420786_1852925251756_n.jpg","contentUrl":"https:\/\/roteschemies.de\/wp-content\/uploads\/2022\/12\/E311914095_5606255989420786_1852925251756_n.jpg"},{"@type":"BreadcrumbList","@id":"https:\/\/roteschemies.de\/rote-quecksilber\/#breadcrumb","itemListElement":[{"@type":"ListItem","position":1,"name":"Home","item":"https:\/\/roteschemies.de\/"},{"@type":"ListItem","position":2,"name":"Rote Quecksilber"}]},{"@type":"WebSite","@id":"https:\/\/roteschemies.de\/#website","url":"https:\/\/roteschemies.de\/","name":"chimica rossa","description":"Acquista Mercurio Liquido Rosso, Mercurio Liquido Argento online","alternateName":"roteschemies.de","potentialAction":[{"@type":"SearchAction","target":{"@type":"EntryPoint","urlTemplate":"https:\/\/roteschemies.de\/?s={search_term_string}"},"query-input":{"@type":"PropertyValueSpecification","valueRequired":true,"valueName":"search_term_string"}}],"inLanguage":"it-IT"}]}},"_links":{"self":[{"href":"https:\/\/roteschemies.de\/it\/wp-json\/wp\/v2\/pages\/5240","targetHints":{"allow":["GET"]}}],"collection":[{"href":"https:\/\/roteschemies.de\/it\/wp-json\/wp\/v2\/pages"}],"about":[{"href":"https:\/\/roteschemies.de\/it\/wp-json\/wp\/v2\/types\/page"}],"author":[{"embeddable":true,"href":"https:\/\/roteschemies.de\/it\/wp-json\/wp\/v2\/users\/1"}],"replies":[{"embeddable":true,"href":"https:\/\/roteschemies.de\/it\/wp-json\/wp\/v2\/comments?post=5240"}],"version-history":[{"count":0,"href":"https:\/\/roteschemies.de\/it\/wp-json\/wp\/v2\/pages\/5240\/revisions"}],"wp:attachment":[{"href":"https:\/\/roteschemies.de\/it\/wp-json\/wp\/v2\/media?parent=5240"}],"curies":[{"name":"wp","href":"https:\/\/api.w.org\/{rel}","templated":true}]}}