{"id":5249,"date":"2023-07-13T10:32:01","date_gmt":"2023-07-13T10:32:01","guid":{"rendered":"https:\/\/roteschemies.de\/?page_id=5249"},"modified":"2023-07-13T10:43:21","modified_gmt":"2023-07-13T10:43:21","slug":"mercurio-dargento","status":"publish","type":"page","link":"https:\/\/roteschemies.de\/it\/mercurio-dargento\/","title":{"rendered":"Mercurio d&#039;argento"},"content":{"rendered":"<div data-elementor-type=\"wp-page\" data-elementor-id=\"5249\" class=\"elementor elementor-5249\">\n\t\t\t\t        <section class=\"elementor-section elementor-top-section elementor-element elementor-element-2ea2e00 elementor-section-boxed elementor-section-height-default elementor-section-height-default ct-header-fixed-none ct-row-max-none\" data-id=\"2ea2e00\" data-element_type=\"section\" data-e-type=\"section\">\n            \n                        <div class=\"elementor-container elementor-column-gap-default\">\n                    <div class=\"elementor-column elementor-col-50 elementor-top-column elementor-element elementor-element-1756a971\" data-id=\"1756a971\" data-element_type=\"column\" data-e-type=\"column\">\n        <div class=\"elementor-widget-wrap elementor-element-populated\">\n                    \n        \t\t<div class=\"elementor-element elementor-element-5ae4da51 elementor-widget elementor-widget-ct_image\" data-id=\"5ae4da51\" data-element_type=\"widget\" data-e-type=\"widget\" data-widget_type=\"ct_image.default\">\n\t\t\t\t<div class=\"elementor-widget-container\">\n\t\t\t\t\t<div class=\"ct-image-single img-type-img ct-no-effect\" data-wow-delay=\"ms\">\r\n                        <img fetchpriority=\"high\" decoding=\"async\" class=\"\" src=\"https:\/\/roteschemies.de\/wp-content\/uploads\/2022\/12\/G311914095_5606255989420786_1852925251756_n-750x900.jpg\" width=\"750\" height=\"900\" alt=\"G311914095_5606255989420786_1852925251756_n\" title=\"G311914095_5606255989420786_1852925251756_n\" \/>            <\/div>\t\t\t\t<\/div>\n\t\t\t\t<\/div>\n\t\t            <\/div>\n        <\/div>\n                <div class=\"elementor-column elementor-col-50 elementor-top-column elementor-element elementor-element-3eabcac2\" data-id=\"3eabcac2\" data-element_type=\"column\" data-e-type=\"column\">\n        <div class=\"elementor-widget-wrap elementor-element-populated\">\n                    \n        \t\t<div class=\"elementor-element elementor-element-7cacfecb elementor-widget elementor-widget-ct_heading\" data-id=\"7cacfecb\" data-element_type=\"widget\" data-e-type=\"widget\" data-widget_type=\"ct_heading.default\">\n\t\t\t\t<div class=\"elementor-widget-container\">\n\t\t\t\t\t<div id=\"ct_heading-7cacfecb\" class=\"ct-heading h-align- sub-style1 ct-heading-left item-st-line-left2\">\r\n\t<div class=\"ct-item--inner\">\r\n        <div class=\"ct-inline-css\"  data-css=\"            \">\r\n        <\/div>\r\n                <h5 class=\"item--title st-line-left2 case-animate-time\" data-wow-delay=\"ms\">\r\n                        <span class=\"sp-main\">\r\n                                    <i><\/i>\r\n                \r\n                Mercurio liquido d&#039;argento all&#039;ingrosso\n\r\n                \r\n                            <\/span>\r\n                    <\/h5>\r\n    <\/div>\r\n<\/div>\t\t\t\t<\/div>\n\t\t\t\t<\/div>\n\t\t\t\t<div class=\"elementor-element elementor-element-369d2bf0 elementor-widget elementor-widget-text-editor\" data-id=\"369d2bf0\" data-element_type=\"widget\" data-e-type=\"widget\" data-widget_type=\"text-editor.default\">\n\t\t\t\t<div class=\"elementor-widget-container\">\n\t\t\t\t\t\t\t\t\t<p>Purezza mercurio argento puro: 99.99% in peso min.<br \/>Nome del prodotto: mercurio liquido d&#039;argento<br \/>Altri nomi: rapido, hydrargyrum, hydrargyria<br \/>Caso n.: 7439-97-6<br \/>EINECS: 231-106-7<br \/>Stato fisico: Liquido<br \/>Aspetto: Liquido bianco-argenteo<br \/>Odore: inodore<br \/>PH: Non disponibile.<br \/>Pressione di vapore: 0,002 mmHg 25C<br \/>Densit\u00e0 del vapore: 7,0<br \/>Tasso di evaporazione: Non disponibile.<br \/>Viscosit\u00e0: 15,5 mP 25 dig C<br \/>Punto di ebollizione: 356,72 dig C<br \/>Punto di congelamento\/fusione: -38,87 dig C<br \/>Temperatura di decomposizione: Non disponibile.<br \/>Solubilit\u00e0: Insolubile.<br \/>Peso specifico\/densit\u00e0: 13,59 (Acqua=1)<br \/>Formula molecolare: Hg<br \/>Peso molecolare: 200,59<br \/>Massa monoisotopica: 201.970643<br \/>Confezione\/confezione: cilindro\/bottiglia di ferro (34,5) kg di peso netto del pallone<\/p>\t\t\t\t\t\t\t\t<\/div>\n\t\t\t\t<\/div>\n\t\t            <\/div>\n        <\/div>\n                    <\/div>\n        <\/section>\n                <section class=\"elementor-section elementor-top-section elementor-element elementor-element-62d931a8 elementor-section-boxed elementor-section-height-default elementor-section-height-default ct-header-fixed-none ct-row-max-none\" data-id=\"62d931a8\" data-element_type=\"section\" data-e-type=\"section\">\n            \n                        <div class=\"elementor-container elementor-column-gap-default\">\n                    <div class=\"elementor-column elementor-col-50 elementor-top-column elementor-element elementor-element-2599f25c\" data-id=\"2599f25c\" data-element_type=\"column\" data-e-type=\"column\">\n        <div class=\"elementor-widget-wrap elementor-element-populated\">\n                    \n        \t\t<div class=\"elementor-element elementor-element-4afab256 elementor-widget elementor-widget-ct_heading\" data-id=\"4afab256\" data-element_type=\"widget\" data-e-type=\"widget\" data-widget_type=\"ct_heading.default\">\n\t\t\t\t<div class=\"elementor-widget-container\">\n\t\t\t\t\t<div id=\"ct_heading-4afab256\" class=\"ct-heading h-align- sub-style1 ct-heading-left item-st-line-left2\">\r\n\t<div class=\"ct-item--inner\">\r\n        <div class=\"ct-inline-css\"  data-css=\"            \">\r\n        <\/div>\r\n                <h5 class=\"item--title st-line-left2 case-animate-time\" data-wow-delay=\"ms\">\r\n                        <span class=\"sp-main\">\r\n                                    <i><\/i>\r\n                \r\n                Dettagli sul nostro mercurio d&#039;argento liquido\n\r\n                \r\n                            <\/span>\r\n                    <\/h5>\r\n    <\/div>\r\n<\/div>\t\t\t\t<\/div>\n\t\t\t\t<\/div>\n\t\t\t\t<div class=\"elementor-element elementor-element-57f9dd0f elementor-widget elementor-widget-text-editor\" data-id=\"57f9dd0f\" data-element_type=\"widget\" data-e-type=\"widget\" data-widget_type=\"text-editor.default\">\n\t\t\t\t<div class=\"elementor-widget-container\">\n\t\t\t\t\t\t\t\t\t<p>Dettagli sul nostro mercurio d&#039;argento liquido<br \/>Il mercurio metallico o elementare \u00e8 un metallo bianco-argenteo brillante noto come mercurio argenteo. A causa del suo colore argento, questo elemento \u00e8 talvolta indicato come argento liquido o mercurio, che significa argento vivo. \u00c8 l&#039;unico elemento metallico che mantiene il suo stato liquido a temperatura ambiente.<br \/>Le applicazioni del nostro mercurio d&#039;argento includono interruttori al mercurio, tubi fluorescenti, telescopi riflettenti liquidi, rel\u00e8 al mercurio, batterie, termometri, barometri e altri dispositivi, che utilizzano tutti livelli elevati di mercurio. Acquista da noi mercurio liquido a prezzi all&#039;ingrosso.<\/p><p>In Europa, Roteschemie \u00e8 la principale fonte di mercurio d&#039;argento liquido. Forniamo mercurio vergine premium con una purezza di 99,9999% e mercurio d&#039;argento liquido. Non esiste metallo di mercurio di qualit\u00e0 superiore a quello disponibile oggi sul mercato.<br \/>Siamo orgogliosi di essere uno dei principali produttori di mercurio liquido in Germania.<br \/>Contattaci ora se desideri acquistare mercurio d&#039;argento a un prezzo economico. Fateci sapere se avete richieste particolari o se desiderate acquistare mercurio liquido in Germania.<\/p>\t\t\t\t\t\t\t\t<\/div>\n\t\t\t\t<\/div>\n\t\t            <\/div>\n        <\/div>\n                <div class=\"elementor-column elementor-col-50 elementor-top-column elementor-element elementor-element-24377ee1\" data-id=\"24377ee1\" data-element_type=\"column\" data-e-type=\"column\">\n        <div class=\"elementor-widget-wrap elementor-element-populated\">\n                    \n        \t\t<div class=\"elementor-element elementor-element-1787c4d6 elementor-widget elementor-widget-ct_image\" data-id=\"1787c4d6\" data-element_type=\"widget\" data-e-type=\"widget\" data-widget_type=\"ct_image.default\">\n\t\t\t\t<div class=\"elementor-widget-container\">\n\t\t\t\t\t<div class=\"ct-image-single img-type-img ct-no-effect\" data-wow-delay=\"ms\">\r\n                        <img decoding=\"async\" width=\"720\" height=\"720\" src=\"https:\/\/roteschemies.de\/wp-content\/uploads\/2022\/12\/D311914095_5606255989420786_1852925251756_n.jpg\" class=\"attachment-full\" alt=\"\" \/>            <\/div>\t\t\t\t<\/div>\n\t\t\t\t<\/div>\n\t\t\t\t<div class=\"elementor-element elementor-element-3a8e3599 elementor-widget elementor-widget-ct_button\" data-id=\"3a8e3599\" data-element_type=\"widget\" data-e-type=\"widget\" data-widget_type=\"ct_button.default\">\n\t\t\t\t<div class=\"elementor-widget-container\">\n\t\t\t\t\t<div id=\"ct_button-3a8e3599\" class=\"ct-button-wrapper ct-button-layout1 icon- btn--inline\">\r\n    <div class=\"ct-inline-css\"  data-css=\"        \">\r\n    <\/div>\r\n            <span class=\"ct-icon-active\"><\/span>\r\n        <a href=\"http:\/\/roteschemies.de\/it\/contatto\/\" class=\"btn btn-default icon-active btn-inline-block\" data-wow-delay=\"ms\">\r\n                            <span class=\"ct-button-icon ct-align-icon-\">\r\n                            <\/span>\r\n                <span class=\"ct-button-text\">Acquista all&#039;ingrosso qui<\/span>\r\n    <\/a>\r\n<\/div>\t\t\t\t<\/div>\n\t\t\t\t<\/div>\n\t\t            <\/div>\n        <\/div>\n                    <\/div>\n        <\/section>\n        \t\t<\/div>","protected":false},"excerpt":{"rendered":"<p>Gro\u00dfhandel Silber fl\u00fcssiges Quecksilber Reines Silber Quecksilber Reinheit: 99,99% nach Gew. min. Produktname: Silber fl\u00fcssiges Quecksilber Andere Namen: schnell, Hydrargyrum, Hydrargyria Fall Nr.: 7439-97-6 EINECS: 231-106-7 Physikalischer Zustand: Fl\u00fcssig Erscheinungsbild: Silber-wei\u00dfe Fl\u00fcssigkeit Geruch: geruchlos PH: Nicht verf\u00fcgbar. Dampfdruck: 0,002 mm Hg 25C Dampfdichte: 7.0 Verdampfungsrate: Nicht verf\u00fcgbar. Viskosit\u00e4t: 15.5 mP 25 dig C Siedepunkt: 356.72 [&hellip;]<\/p>\n","protected":false},"author":1,"featured_media":0,"parent":0,"menu_order":0,"comment_status":"closed","ping_status":"closed","template":"","meta":{"footnotes":""},"class_list":["post-5249","page","type-page","status-publish","hentry"],"yoast_head":"<!-- This site is optimized with the Yoast SEO plugin v27.4 - https:\/\/yoast.com\/product\/yoast-seo-wordpress\/ -->\n<title>Silber fl\u00fcssiges Quecksilber zu verkaufen | Kaufen Silber Quecksilber -Roteschemie<\/title>\n<meta name=\"description\" content=\"Silber fl\u00fcssiges Quecksilber zu verkaufen - Roteschemie ist Hersteller von Silber Quecksilber. Unsere Fabrik in Deutschland. Kaufen Sie im Gro\u00dfhandel deutsches Silber Quecksilber.\" \/>\n<meta name=\"robots\" content=\"index, follow, max-snippet:-1, max-image-preview:large, max-video-preview:-1\" \/>\n<link rel=\"canonical\" href=\"https:\/\/roteschemies.de\/it\/mercurio-dargento\/\" \/>\n<meta property=\"og:locale\" content=\"it_IT\" \/>\n<meta property=\"og:type\" content=\"article\" \/>\n<meta property=\"og:title\" content=\"Silber fl\u00fcssiges Quecksilber zu verkaufen | Kaufen Silber Quecksilber -Roteschemie\" \/>\n<meta property=\"og:description\" content=\"Silber fl\u00fcssiges Quecksilber zu verkaufen - Roteschemie ist Hersteller von Silber Quecksilber. Unsere Fabrik in Deutschland. Kaufen Sie im Gro\u00dfhandel deutsches Silber Quecksilber.\" \/>\n<meta property=\"og:url\" content=\"https:\/\/roteschemies.de\/it\/mercurio-dargento\/\" \/>\n<meta property=\"og:site_name\" content=\"Roteschemie\" \/>\n<meta property=\"article:modified_time\" content=\"2023-07-13T10:43:21+00:00\" \/>\n<meta property=\"og:image\" content=\"https:\/\/roteschemies.de\/wp-content\/uploads\/2022\/12\/G311914095_5606255989420786_1852925251756_n-750x900.jpg\" \/>\n<meta name=\"twitter:card\" content=\"summary_large_image\" \/>\n<meta name=\"twitter:label1\" content=\"Tempo di lettura stimato\" \/>\n\t<meta name=\"twitter:data1\" content=\"2 minuti\" \/>\n<script type=\"application\/ld+json\" class=\"yoast-schema-graph\">{\"@context\":\"https:\\\/\\\/schema.org\",\"@graph\":[{\"@type\":\"WebPage\",\"@id\":\"https:\\\/\\\/roteschemies.de\\\/silber-quecksilber\\\/\",\"url\":\"https:\\\/\\\/roteschemies.de\\\/silber-quecksilber\\\/\",\"name\":\"Silber fl\u00fcssiges Quecksilber zu verkaufen | Kaufen Silber Quecksilber -Roteschemie\",\"isPartOf\":{\"@id\":\"https:\\\/\\\/roteschemies.de\\\/#website\"},\"primaryImageOfPage\":{\"@id\":\"https:\\\/\\\/roteschemies.de\\\/silber-quecksilber\\\/#primaryimage\"},\"image\":{\"@id\":\"https:\\\/\\\/roteschemies.de\\\/silber-quecksilber\\\/#primaryimage\"},\"thumbnailUrl\":\"https:\\\/\\\/roteschemies.de\\\/wp-content\\\/uploads\\\/2022\\\/12\\\/G311914095_5606255989420786_1852925251756_n-750x900.jpg\",\"datePublished\":\"2023-07-13T10:32:01+00:00\",\"dateModified\":\"2023-07-13T10:43:21+00:00\",\"description\":\"Silber fl\u00fcssiges Quecksilber zu verkaufen - Roteschemie ist Hersteller von Silber Quecksilber. Unsere Fabrik in Deutschland. Kaufen Sie im Gro\u00dfhandel deutsches Silber Quecksilber.\",\"breadcrumb\":{\"@id\":\"https:\\\/\\\/roteschemies.de\\\/silber-quecksilber\\\/#breadcrumb\"},\"inLanguage\":\"it-IT\",\"potentialAction\":[{\"@type\":\"ReadAction\",\"target\":[\"https:\\\/\\\/roteschemies.de\\\/silber-quecksilber\\\/\"]}]},{\"@type\":\"ImageObject\",\"inLanguage\":\"it-IT\",\"@id\":\"https:\\\/\\\/roteschemies.de\\\/silber-quecksilber\\\/#primaryimage\",\"url\":\"https:\\\/\\\/roteschemies.de\\\/wp-content\\\/uploads\\\/2022\\\/12\\\/G311914095_5606255989420786_1852925251756_n-750x900.jpg\",\"contentUrl\":\"https:\\\/\\\/roteschemies.de\\\/wp-content\\\/uploads\\\/2022\\\/12\\\/G311914095_5606255989420786_1852925251756_n-750x900.jpg\"},{\"@type\":\"BreadcrumbList\",\"@id\":\"https:\\\/\\\/roteschemies.de\\\/silber-quecksilber\\\/#breadcrumb\",\"itemListElement\":[{\"@type\":\"ListItem\",\"position\":1,\"name\":\"Home\",\"item\":\"https:\\\/\\\/roteschemies.de\\\/\"},{\"@type\":\"ListItem\",\"position\":2,\"name\":\"Silber Quecksilber\"}]},{\"@type\":\"WebSite\",\"@id\":\"https:\\\/\\\/roteschemies.de\\\/#website\",\"url\":\"https:\\\/\\\/roteschemies.de\\\/\",\"name\":\"Roteschemie\",\"description\":\"Rotes fl&uuml;ssiges Quecksilber, silbernes fl&uuml;ssiges Quecksilber online kaufen\",\"alternateName\":\"roteschemies.de\",\"potentialAction\":[{\"@type\":\"SearchAction\",\"target\":{\"@type\":\"EntryPoint\",\"urlTemplate\":\"https:\\\/\\\/roteschemies.de\\\/?s={search_term_string}\"},\"query-input\":{\"@type\":\"PropertyValueSpecification\",\"valueRequired\":true,\"valueName\":\"search_term_string\"}}],\"inLanguage\":\"it-IT\"}]}<\/script>\n<!-- \/ Yoast SEO plugin. -->","yoast_head_json":{"title":"Mercurio liquido d&#039;argento in vendita | Acquista mercurio d&#039;argento - chimica rossa","description":"Mercurio d&#039;argento liquido in vendita - Roteschemie \u00e8 un produttore di mercurio d&#039;argento. La nostra fabbrica in Germania. Acquista mercurio d&#039;argento tedesco all&#039;ingrosso.","robots":{"index":"index","follow":"follow","max-snippet":"max-snippet:-1","max-image-preview":"max-image-preview:large","max-video-preview":"max-video-preview:-1"},"canonical":"https:\/\/roteschemies.de\/it\/mercurio-dargento\/","og_locale":"it_IT","og_type":"article","og_title":"Silber fl\u00fcssiges Quecksilber zu verkaufen | Kaufen Silber Quecksilber -Roteschemie","og_description":"Silber fl\u00fcssiges Quecksilber zu verkaufen - Roteschemie ist Hersteller von Silber Quecksilber. Unsere Fabrik in Deutschland. Kaufen Sie im Gro\u00dfhandel deutsches Silber Quecksilber.","og_url":"https:\/\/roteschemies.de\/it\/mercurio-dargento\/","og_site_name":"Roteschemie","article_modified_time":"2023-07-13T10:43:21+00:00","og_image":[{"url":"https:\/\/roteschemies.de\/wp-content\/uploads\/2022\/12\/G311914095_5606255989420786_1852925251756_n-750x900.jpg","type":"","width":"","height":""}],"twitter_card":"summary_large_image","twitter_misc":{"Tempo di lettura stimato":"2 minuti"},"schema":{"@context":"https:\/\/schema.org","@graph":[{"@type":"WebPage","@id":"https:\/\/roteschemies.de\/silber-quecksilber\/","url":"https:\/\/roteschemies.de\/silber-quecksilber\/","name":"Mercurio liquido d&#039;argento in vendita | Acquista mercurio d&#039;argento - chimica rossa","isPartOf":{"@id":"https:\/\/roteschemies.de\/#website"},"primaryImageOfPage":{"@id":"https:\/\/roteschemies.de\/silber-quecksilber\/#primaryimage"},"image":{"@id":"https:\/\/roteschemies.de\/silber-quecksilber\/#primaryimage"},"thumbnailUrl":"https:\/\/roteschemies.de\/wp-content\/uploads\/2022\/12\/G311914095_5606255989420786_1852925251756_n-750x900.jpg","datePublished":"2023-07-13T10:32:01+00:00","dateModified":"2023-07-13T10:43:21+00:00","description":"Mercurio d&#039;argento liquido in vendita - Roteschemie \u00e8 un produttore di mercurio d&#039;argento. La nostra fabbrica in Germania. Acquista mercurio d&#039;argento tedesco all&#039;ingrosso.","breadcrumb":{"@id":"https:\/\/roteschemies.de\/silber-quecksilber\/#breadcrumb"},"inLanguage":"it-IT","potentialAction":[{"@type":"ReadAction","target":["https:\/\/roteschemies.de\/silber-quecksilber\/"]}]},{"@type":"ImageObject","inLanguage":"it-IT","@id":"https:\/\/roteschemies.de\/silber-quecksilber\/#primaryimage","url":"https:\/\/roteschemies.de\/wp-content\/uploads\/2022\/12\/G311914095_5606255989420786_1852925251756_n-750x900.jpg","contentUrl":"https:\/\/roteschemies.de\/wp-content\/uploads\/2022\/12\/G311914095_5606255989420786_1852925251756_n-750x900.jpg"},{"@type":"BreadcrumbList","@id":"https:\/\/roteschemies.de\/silber-quecksilber\/#breadcrumb","itemListElement":[{"@type":"ListItem","position":1,"name":"Home","item":"https:\/\/roteschemies.de\/"},{"@type":"ListItem","position":2,"name":"Silber Quecksilber"}]},{"@type":"WebSite","@id":"https:\/\/roteschemies.de\/#website","url":"https:\/\/roteschemies.de\/","name":"chimica rossa","description":"Acquista Mercurio Liquido Rosso, Mercurio Liquido Argento online","alternateName":"roteschemies.de","potentialAction":[{"@type":"SearchAction","target":{"@type":"EntryPoint","urlTemplate":"https:\/\/roteschemies.de\/?s={search_term_string}"},"query-input":{"@type":"PropertyValueSpecification","valueRequired":true,"valueName":"search_term_string"}}],"inLanguage":"it-IT"}]}},"_links":{"self":[{"href":"https:\/\/roteschemies.de\/it\/wp-json\/wp\/v2\/pages\/5249","targetHints":{"allow":["GET"]}}],"collection":[{"href":"https:\/\/roteschemies.de\/it\/wp-json\/wp\/v2\/pages"}],"about":[{"href":"https:\/\/roteschemies.de\/it\/wp-json\/wp\/v2\/types\/page"}],"author":[{"embeddable":true,"href":"https:\/\/roteschemies.de\/it\/wp-json\/wp\/v2\/users\/1"}],"replies":[{"embeddable":true,"href":"https:\/\/roteschemies.de\/it\/wp-json\/wp\/v2\/comments?post=5249"}],"version-history":[{"count":0,"href":"https:\/\/roteschemies.de\/it\/wp-json\/wp\/v2\/pages\/5249\/revisions"}],"wp:attachment":[{"href":"https:\/\/roteschemies.de\/it\/wp-json\/wp\/v2\/media?parent=5249"}],"curies":[{"name":"wp","href":"https:\/\/api.w.org\/{rel}","templated":true}]}}