{"id":5249,"date":"2023-07-13T10:32:01","date_gmt":"2023-07-13T10:32:01","guid":{"rendered":"https:\/\/roteschemies.de\/?page_id=5249"},"modified":"2023-07-13T10:43:21","modified_gmt":"2023-07-13T10:43:21","slug":"rtec-srebrna","status":"publish","type":"page","link":"https:\/\/roteschemies.de\/pl\/rtec-srebrna\/","title":{"rendered":"Rt\u0119\u0107 srebrna"},"content":{"rendered":"<div data-elementor-type=\"wp-page\" data-elementor-id=\"5249\" class=\"elementor elementor-5249\">\n\t\t\t\t        <section class=\"elementor-section elementor-top-section elementor-element elementor-element-2ea2e00 elementor-section-boxed elementor-section-height-default elementor-section-height-default ct-header-fixed-none ct-row-max-none\" data-id=\"2ea2e00\" data-element_type=\"section\" data-e-type=\"section\">\n            \n                        <div class=\"elementor-container elementor-column-gap-default\">\n                    <div class=\"elementor-column elementor-col-50 elementor-top-column elementor-element elementor-element-1756a971\" data-id=\"1756a971\" data-element_type=\"column\" data-e-type=\"column\">\n        <div class=\"elementor-widget-wrap elementor-element-populated\">\n                    \n        \t\t<div class=\"elementor-element elementor-element-5ae4da51 elementor-widget elementor-widget-ct_image\" data-id=\"5ae4da51\" data-element_type=\"widget\" data-e-type=\"widget\" data-widget_type=\"ct_image.default\">\n\t\t\t\t<div class=\"elementor-widget-container\">\n\t\t\t\t\t<div class=\"ct-image-single img-type-img ct-no-effect\" data-wow-delay=\"ms\">\r\n                        <img fetchpriority=\"high\" decoding=\"async\" class=\"\" src=\"https:\/\/roteschemies.de\/wp-content\/uploads\/2022\/12\/G311914095_5606255989420786_1852925251756_n-750x900.jpg\" width=\"750\" height=\"900\" alt=\"G311914095_5606255989420786_1852925251756_n\" title=\"G311914095_5606255989420786_1852925251756_n\" \/>            <\/div>\t\t\t\t<\/div>\n\t\t\t\t<\/div>\n\t\t            <\/div>\n        <\/div>\n                <div class=\"elementor-column elementor-col-50 elementor-top-column elementor-element elementor-element-3eabcac2\" data-id=\"3eabcac2\" data-element_type=\"column\" data-e-type=\"column\">\n        <div class=\"elementor-widget-wrap elementor-element-populated\">\n                    \n        \t\t<div class=\"elementor-element elementor-element-7cacfecb elementor-widget elementor-widget-ct_heading\" data-id=\"7cacfecb\" data-element_type=\"widget\" data-e-type=\"widget\" data-widget_type=\"ct_heading.default\">\n\t\t\t\t<div class=\"elementor-widget-container\">\n\t\t\t\t\t<div id=\"ct_heading-7cacfecb\" class=\"ct-heading h-align- sub-style1 ct-heading-left item-st-line-left2\">\r\n\t<div class=\"ct-item--inner\">\r\n        <div class=\"ct-inline-css\"  data-css=\"            \">\r\n        <\/div>\r\n                <h5 class=\"item--title st-line-left2 case-animate-time\" data-wow-delay=\"ms\">\r\n                        <span class=\"sp-main\">\r\n                                    <i><\/i>\r\n                \r\n                Hurtownia srebrnej rt\u0119ci p\u0142ynnej\n\r\n                \r\n                            <\/span>\r\n                    <\/h5>\r\n    <\/div>\r\n<\/div>\t\t\t\t<\/div>\n\t\t\t\t<\/div>\n\t\t\t\t<div class=\"elementor-element elementor-element-369d2bf0 elementor-widget elementor-widget-text-editor\" data-id=\"369d2bf0\" data-element_type=\"widget\" data-e-type=\"widget\" data-widget_type=\"text-editor.default\">\n\t\t\t\t<div class=\"elementor-widget-container\">\n\t\t\t\t\t\t\t\t\t<p>Czysto\u015b\u0107 rt\u0119ci czystego srebra: 99,99% wagowo min.<br \/>Nazwa produktu: srebrna p\u0142ynna rt\u0119\u0107<br \/>Inne nazwy: szybki, hydrargyrum, hydrargyria<br \/>Nr sprawy: 7439-97-6<br \/>EINECS: 231-106-7<br \/>Stan fizyczny: Ciecz<br \/>Wygl\u0105d: Srebrzystobia\u0142a ciecz<br \/>Zapach: bezwonny<br \/>PH: Niedost\u0119pne.<br \/>Pr\u0119\u017cno\u015b\u0107 pary: 0,002 mmHg 25C<br \/>G\u0119sto\u015b\u0107 pary: 7,0<br \/>Szybko\u015b\u0107 parowania: Niedost\u0119pne.<br \/>Lepko\u015b\u0107: 15,5 mP 25 dig C<br \/>Temperatura wrzenia: 356,72 stopni C<br \/>Temperatura zamarzania\/topnienia: -38,87 dig C<br \/>Temperatura rozk\u0142adu: Niedost\u0119pne.<br \/>Rozpuszczalno\u015b\u0107: Nierozpuszczalny.<br \/>Ci\u0119\u017car w\u0142a\u015bciwy\/g\u0119sto\u015b\u0107: 13,59 (woda=1)<br \/>Wz\u00f3r cz\u0105steczkowy: Hg<br \/>Masa cz\u0105steczkowa: 200,59<br \/>Masa monoizotopowa: 201,970643<br \/>Opakowanie\/Opakowanie: \u017belazny cylinder\/butelka (34,5) kg waga netto kolby<\/p>\t\t\t\t\t\t\t\t<\/div>\n\t\t\t\t<\/div>\n\t\t            <\/div>\n        <\/div>\n                    <\/div>\n        <\/section>\n                <section class=\"elementor-section elementor-top-section elementor-element elementor-element-62d931a8 elementor-section-boxed elementor-section-height-default elementor-section-height-default ct-header-fixed-none ct-row-max-none\" data-id=\"62d931a8\" data-element_type=\"section\" data-e-type=\"section\">\n            \n                        <div class=\"elementor-container elementor-column-gap-default\">\n                    <div class=\"elementor-column elementor-col-50 elementor-top-column elementor-element elementor-element-2599f25c\" data-id=\"2599f25c\" data-element_type=\"column\" data-e-type=\"column\">\n        <div class=\"elementor-widget-wrap elementor-element-populated\">\n                    \n        \t\t<div class=\"elementor-element elementor-element-4afab256 elementor-widget elementor-widget-ct_heading\" data-id=\"4afab256\" data-element_type=\"widget\" data-e-type=\"widget\" data-widget_type=\"ct_heading.default\">\n\t\t\t\t<div class=\"elementor-widget-container\">\n\t\t\t\t\t<div id=\"ct_heading-4afab256\" class=\"ct-heading h-align- sub-style1 ct-heading-left item-st-line-left2\">\r\n\t<div class=\"ct-item--inner\">\r\n        <div class=\"ct-inline-css\"  data-css=\"            \">\r\n        <\/div>\r\n                <h5 class=\"item--title st-line-left2 case-animate-time\" data-wow-delay=\"ms\">\r\n                        <span class=\"sp-main\">\r\n                                    <i><\/i>\r\n                \r\n                Szczeg\u00f3\u0142y dotycz\u0105ce naszej p\u0142ynnej srebrnej rt\u0119ci\n\r\n                \r\n                            <\/span>\r\n                    <\/h5>\r\n    <\/div>\r\n<\/div>\t\t\t\t<\/div>\n\t\t\t\t<\/div>\n\t\t\t\t<div class=\"elementor-element elementor-element-57f9dd0f elementor-widget elementor-widget-text-editor\" data-id=\"57f9dd0f\" data-element_type=\"widget\" data-e-type=\"widget\" data-widget_type=\"text-editor.default\">\n\t\t\t\t<div class=\"elementor-widget-container\">\n\t\t\t\t\t\t\t\t\t<p>Szczeg\u00f3\u0142y dotycz\u0105ce naszej p\u0142ynnej srebrnej rt\u0119ci<br \/>Rt\u0119\u0107 metaliczna lub elementarna to jasny, srebrzystobia\u0142y metal znany jako rt\u0119\u0107 srebrzysta. Ze wzgl\u0119du na sw\u00f3j srebrny kolor pierwiastek ten jest czasem nazywany p\u0142ynnym srebrem lub rt\u0119ci\u0105, co oznacza \u017cywe srebro. Jest to jedyny metaliczny pierwiastek, kt\u00f3ry zachowuje stan ciek\u0142y w temperaturze otoczenia.<br \/>Zastosowania naszej srebrnej rt\u0119ci obejmuj\u0105 prze\u0142\u0105czniki rt\u0119ciowe, \u015bwietl\u00f3wki, teleskopy zwierciadlane cieczy, przeka\u017aniki rt\u0119ciowe, baterie, termometry, barometry i inne urz\u0105dzenia, z kt\u00f3rych wszystkie wykorzystuj\u0105 wysoki poziom rt\u0119ci. Kup u nas p\u0142ynn\u0105 rt\u0119\u0107 po cenach hurtowych.<\/p><p>W Europie Roteschemie jest g\u0142\u00f3wnym \u017ar\u00f3d\u0142em ciek\u0142ej rt\u0119ci srebrnej. Dostarczamy pierwszorz\u0119dn\u0105 rt\u0119\u0107 pierwotn\u0105 o czysto\u015bci 99.9999% oraz p\u0142ynn\u0105 rt\u0119\u0107 srebrn\u0105. Obecnie na rynku nie ma metalicznej rt\u0119ci wy\u017cszej jako\u015bci ni\u017c ta.<br \/>Jeste\u015bmy dumni z bycia jednym z czo\u0142owych producent\u00f3w p\u0142ynnej rt\u0119ci w Niemczech.<br \/>Skontaktuj si\u0119 z nami teraz, je\u015bli chcesz kupi\u0107 srebrn\u0105 rt\u0119\u0107 w niskiej cenie. Daj nam zna\u0107, je\u015bli masz jakie\u015b specjalne \u017cyczenia lub chcesz kupi\u0107 p\u0142ynn\u0105 rt\u0119\u0107 w Niemczech.<\/p>\t\t\t\t\t\t\t\t<\/div>\n\t\t\t\t<\/div>\n\t\t            <\/div>\n        <\/div>\n                <div class=\"elementor-column elementor-col-50 elementor-top-column elementor-element elementor-element-24377ee1\" data-id=\"24377ee1\" data-element_type=\"column\" data-e-type=\"column\">\n        <div class=\"elementor-widget-wrap elementor-element-populated\">\n                    \n        \t\t<div class=\"elementor-element elementor-element-1787c4d6 elementor-widget elementor-widget-ct_image\" data-id=\"1787c4d6\" data-element_type=\"widget\" data-e-type=\"widget\" data-widget_type=\"ct_image.default\">\n\t\t\t\t<div class=\"elementor-widget-container\">\n\t\t\t\t\t<div class=\"ct-image-single img-type-img ct-no-effect\" data-wow-delay=\"ms\">\r\n                        <img decoding=\"async\" width=\"720\" height=\"720\" src=\"https:\/\/roteschemies.de\/wp-content\/uploads\/2022\/12\/D311914095_5606255989420786_1852925251756_n.jpg\" class=\"attachment-full\" alt=\"\" \/>            <\/div>\t\t\t\t<\/div>\n\t\t\t\t<\/div>\n\t\t\t\t<div class=\"elementor-element elementor-element-3a8e3599 elementor-widget elementor-widget-ct_button\" data-id=\"3a8e3599\" data-element_type=\"widget\" data-e-type=\"widget\" data-widget_type=\"ct_button.default\">\n\t\t\t\t<div class=\"elementor-widget-container\">\n\t\t\t\t\t<div id=\"ct_button-3a8e3599\" class=\"ct-button-wrapper ct-button-layout1 icon- btn--inline\">\r\n    <div class=\"ct-inline-css\"  data-css=\"        \">\r\n    <\/div>\r\n            <span class=\"ct-icon-active\"><\/span>\r\n        <a href=\"http:\/\/roteschemies.de\/pl\/kontakt\/\" class=\"btn btn-default icon-active btn-inline-block\" data-wow-delay=\"ms\">\r\n                            <span class=\"ct-button-icon ct-align-icon-\">\r\n                            <\/span>\r\n                <span class=\"ct-button-text\">Kup hurtowo tutaj<\/span>\r\n    <\/a>\r\n<\/div>\t\t\t\t<\/div>\n\t\t\t\t<\/div>\n\t\t            <\/div>\n        <\/div>\n                    <\/div>\n        <\/section>\n        \t\t<\/div>","protected":false},"excerpt":{"rendered":"<p>Gro\u00dfhandel Silber fl\u00fcssiges Quecksilber Reines Silber Quecksilber Reinheit: 99,99% nach Gew. min. Produktname: Silber fl\u00fcssiges Quecksilber Andere Namen: schnell, Hydrargyrum, Hydrargyria Fall Nr.: 7439-97-6 EINECS: 231-106-7 Physikalischer Zustand: Fl\u00fcssig Erscheinungsbild: Silber-wei\u00dfe Fl\u00fcssigkeit Geruch: geruchlos PH: Nicht verf\u00fcgbar. Dampfdruck: 0,002 mm Hg 25C Dampfdichte: 7.0 Verdampfungsrate: Nicht verf\u00fcgbar. Viskosit\u00e4t: 15.5 mP 25 dig C Siedepunkt: 356.72 [&hellip;]<\/p>\n","protected":false},"author":1,"featured_media":0,"parent":0,"menu_order":0,"comment_status":"closed","ping_status":"closed","template":"","meta":{"footnotes":""},"class_list":["post-5249","page","type-page","status-publish","hentry"],"yoast_head":"<!-- This site is optimized with the Yoast SEO plugin v27.5 - https:\/\/yoast.com\/product\/yoast-seo-wordpress\/ -->\n<title>Silber fl\u00fcssiges Quecksilber zu verkaufen | Kaufen Silber Quecksilber -Roteschemie<\/title>\n<meta name=\"description\" content=\"Silber fl\u00fcssiges Quecksilber zu verkaufen - Roteschemie ist Hersteller von Silber Quecksilber. Unsere Fabrik in Deutschland. Kaufen Sie im Gro\u00dfhandel deutsches Silber Quecksilber.\" \/>\n<meta name=\"robots\" content=\"index, follow, max-snippet:-1, max-image-preview:large, max-video-preview:-1\" \/>\n<link rel=\"canonical\" href=\"https:\/\/roteschemies.de\/pl\/rtec-srebrna\/\" \/>\n<meta property=\"og:locale\" content=\"pl_PL\" \/>\n<meta property=\"og:type\" content=\"article\" \/>\n<meta property=\"og:title\" content=\"Silber fl\u00fcssiges Quecksilber zu verkaufen | Kaufen Silber Quecksilber -Roteschemie\" \/>\n<meta property=\"og:description\" content=\"Silber fl\u00fcssiges Quecksilber zu verkaufen - Roteschemie ist Hersteller von Silber Quecksilber. Unsere Fabrik in Deutschland. Kaufen Sie im Gro\u00dfhandel deutsches Silber Quecksilber.\" \/>\n<meta property=\"og:url\" content=\"https:\/\/roteschemies.de\/pl\/rtec-srebrna\/\" \/>\n<meta property=\"og:site_name\" content=\"Roteschemie\" \/>\n<meta property=\"article:modified_time\" content=\"2023-07-13T10:43:21+00:00\" \/>\n<meta property=\"og:image\" content=\"https:\/\/roteschemies.de\/wp-content\/uploads\/2022\/12\/G311914095_5606255989420786_1852925251756_n-750x900.jpg\" \/>\n<meta name=\"twitter:card\" content=\"summary_large_image\" \/>\n<meta name=\"twitter:label1\" content=\"Szacowany czas czytania\" \/>\n\t<meta name=\"twitter:data1\" content=\"2 minuty\" \/>\n<script type=\"application\/ld+json\" class=\"yoast-schema-graph\">{\"@context\":\"https:\\\/\\\/schema.org\",\"@graph\":[{\"@type\":\"WebPage\",\"@id\":\"https:\\\/\\\/roteschemies.de\\\/silber-quecksilber\\\/\",\"url\":\"https:\\\/\\\/roteschemies.de\\\/silber-quecksilber\\\/\",\"name\":\"Silber fl\u00fcssiges Quecksilber zu verkaufen | Kaufen Silber Quecksilber -Roteschemie\",\"isPartOf\":{\"@id\":\"https:\\\/\\\/roteschemies.de\\\/#website\"},\"primaryImageOfPage\":{\"@id\":\"https:\\\/\\\/roteschemies.de\\\/silber-quecksilber\\\/#primaryimage\"},\"image\":{\"@id\":\"https:\\\/\\\/roteschemies.de\\\/silber-quecksilber\\\/#primaryimage\"},\"thumbnailUrl\":\"https:\\\/\\\/roteschemies.de\\\/wp-content\\\/uploads\\\/2022\\\/12\\\/G311914095_5606255989420786_1852925251756_n-750x900.jpg\",\"datePublished\":\"2023-07-13T10:32:01+00:00\",\"dateModified\":\"2023-07-13T10:43:21+00:00\",\"description\":\"Silber fl\u00fcssiges Quecksilber zu verkaufen - Roteschemie ist Hersteller von Silber Quecksilber. Unsere Fabrik in Deutschland. Kaufen Sie im Gro\u00dfhandel deutsches Silber Quecksilber.\",\"breadcrumb\":{\"@id\":\"https:\\\/\\\/roteschemies.de\\\/silber-quecksilber\\\/#breadcrumb\"},\"inLanguage\":\"pl-PL\",\"potentialAction\":[{\"@type\":\"ReadAction\",\"target\":[\"https:\\\/\\\/roteschemies.de\\\/silber-quecksilber\\\/\"]}]},{\"@type\":\"ImageObject\",\"inLanguage\":\"pl-PL\",\"@id\":\"https:\\\/\\\/roteschemies.de\\\/silber-quecksilber\\\/#primaryimage\",\"url\":\"https:\\\/\\\/roteschemies.de\\\/wp-content\\\/uploads\\\/2022\\\/12\\\/G311914095_5606255989420786_1852925251756_n-750x900.jpg\",\"contentUrl\":\"https:\\\/\\\/roteschemies.de\\\/wp-content\\\/uploads\\\/2022\\\/12\\\/G311914095_5606255989420786_1852925251756_n-750x900.jpg\"},{\"@type\":\"BreadcrumbList\",\"@id\":\"https:\\\/\\\/roteschemies.de\\\/silber-quecksilber\\\/#breadcrumb\",\"itemListElement\":[{\"@type\":\"ListItem\",\"position\":1,\"name\":\"Home\",\"item\":\"https:\\\/\\\/roteschemies.de\\\/\"},{\"@type\":\"ListItem\",\"position\":2,\"name\":\"Silber Quecksilber\"}]},{\"@type\":\"WebSite\",\"@id\":\"https:\\\/\\\/roteschemies.de\\\/#website\",\"url\":\"https:\\\/\\\/roteschemies.de\\\/\",\"name\":\"Roteschemie\",\"description\":\"Rotes fl&uuml;ssiges Quecksilber, silbernes fl&uuml;ssiges Quecksilber online kaufen\",\"alternateName\":\"roteschemies.de\",\"potentialAction\":[{\"@type\":\"SearchAction\",\"target\":{\"@type\":\"EntryPoint\",\"urlTemplate\":\"https:\\\/\\\/roteschemies.de\\\/?s={search_term_string}\"},\"query-input\":{\"@type\":\"PropertyValueSpecification\",\"valueRequired\":true,\"valueName\":\"search_term_string\"}}],\"inLanguage\":\"pl-PL\"}]}<\/script>\n<!-- \/ Yoast SEO plugin. -->","yoast_head_json":{"title":"Sprzedam srebrn\u0105 rt\u0119\u0107 w p\u0142ynie | Sprzedam rt\u0119\u0107 srebrn\u0105 - chemia czerwona","description":"Sprzedam rt\u0119\u0107 srebrn\u0105 w p\u0142ynie - Roteschemie jest producentem rt\u0119ci srebrnej. Nasza fabryka w Niemczech. Kup hurtowo niemieck\u0105 rt\u0119\u0107 srebrn\u0105.","robots":{"index":"index","follow":"follow","max-snippet":"max-snippet:-1","max-image-preview":"max-image-preview:large","max-video-preview":"max-video-preview:-1"},"canonical":"https:\/\/roteschemies.de\/pl\/rtec-srebrna\/","og_locale":"pl_PL","og_type":"article","og_title":"Silber fl\u00fcssiges Quecksilber zu verkaufen | Kaufen Silber Quecksilber -Roteschemie","og_description":"Silber fl\u00fcssiges Quecksilber zu verkaufen - Roteschemie ist Hersteller von Silber Quecksilber. Unsere Fabrik in Deutschland. Kaufen Sie im Gro\u00dfhandel deutsches Silber Quecksilber.","og_url":"https:\/\/roteschemies.de\/pl\/rtec-srebrna\/","og_site_name":"Roteschemie","article_modified_time":"2023-07-13T10:43:21+00:00","og_image":[{"url":"https:\/\/roteschemies.de\/wp-content\/uploads\/2022\/12\/G311914095_5606255989420786_1852925251756_n-750x900.jpg","type":"","width":"","height":""}],"twitter_card":"summary_large_image","twitter_misc":{"Szacowany czas czytania":"2 minuty"},"schema":{"@context":"https:\/\/schema.org","@graph":[{"@type":"WebPage","@id":"https:\/\/roteschemies.de\/silber-quecksilber\/","url":"https:\/\/roteschemies.de\/silber-quecksilber\/","name":"Sprzedam srebrn\u0105 rt\u0119\u0107 w p\u0142ynie | Sprzedam rt\u0119\u0107 srebrn\u0105 - chemia czerwona","isPartOf":{"@id":"https:\/\/roteschemies.de\/#website"},"primaryImageOfPage":{"@id":"https:\/\/roteschemies.de\/silber-quecksilber\/#primaryimage"},"image":{"@id":"https:\/\/roteschemies.de\/silber-quecksilber\/#primaryimage"},"thumbnailUrl":"https:\/\/roteschemies.de\/wp-content\/uploads\/2022\/12\/G311914095_5606255989420786_1852925251756_n-750x900.jpg","datePublished":"2023-07-13T10:32:01+00:00","dateModified":"2023-07-13T10:43:21+00:00","description":"Sprzedam rt\u0119\u0107 srebrn\u0105 w p\u0142ynie - Roteschemie jest producentem rt\u0119ci srebrnej. Nasza fabryka w Niemczech. Kup hurtowo niemieck\u0105 rt\u0119\u0107 srebrn\u0105.","breadcrumb":{"@id":"https:\/\/roteschemies.de\/silber-quecksilber\/#breadcrumb"},"inLanguage":"pl-PL","potentialAction":[{"@type":"ReadAction","target":["https:\/\/roteschemies.de\/silber-quecksilber\/"]}]},{"@type":"ImageObject","inLanguage":"pl-PL","@id":"https:\/\/roteschemies.de\/silber-quecksilber\/#primaryimage","url":"https:\/\/roteschemies.de\/wp-content\/uploads\/2022\/12\/G311914095_5606255989420786_1852925251756_n-750x900.jpg","contentUrl":"https:\/\/roteschemies.de\/wp-content\/uploads\/2022\/12\/G311914095_5606255989420786_1852925251756_n-750x900.jpg"},{"@type":"BreadcrumbList","@id":"https:\/\/roteschemies.de\/silber-quecksilber\/#breadcrumb","itemListElement":[{"@type":"ListItem","position":1,"name":"Home","item":"https:\/\/roteschemies.de\/"},{"@type":"ListItem","position":2,"name":"Silber Quecksilber"}]},{"@type":"WebSite","@id":"https:\/\/roteschemies.de\/#website","url":"https:\/\/roteschemies.de\/","name":"czerwona chemia","description":"Kup czerwon\u0105 rt\u0119\u0107 w p\u0142ynie, srebrn\u0105 rt\u0119\u0107 w p\u0142ynie przez Internet","alternateName":"roteschemies.de","potentialAction":[{"@type":"SearchAction","target":{"@type":"EntryPoint","urlTemplate":"https:\/\/roteschemies.de\/?s={search_term_string}"},"query-input":{"@type":"PropertyValueSpecification","valueRequired":true,"valueName":"search_term_string"}}],"inLanguage":"pl-PL"}]}},"_links":{"self":[{"href":"https:\/\/roteschemies.de\/pl\/wp-json\/wp\/v2\/pages\/5249","targetHints":{"allow":["GET"]}}],"collection":[{"href":"https:\/\/roteschemies.de\/pl\/wp-json\/wp\/v2\/pages"}],"about":[{"href":"https:\/\/roteschemies.de\/pl\/wp-json\/wp\/v2\/types\/page"}],"author":[{"embeddable":true,"href":"https:\/\/roteschemies.de\/pl\/wp-json\/wp\/v2\/users\/1"}],"replies":[{"embeddable":true,"href":"https:\/\/roteschemies.de\/pl\/wp-json\/wp\/v2\/comments?post=5249"}],"version-history":[{"count":0,"href":"https:\/\/roteschemies.de\/pl\/wp-json\/wp\/v2\/pages\/5249\/revisions"}],"wp:attachment":[{"href":"https:\/\/roteschemies.de\/pl\/wp-json\/wp\/v2\/media?parent=5249"}],"curies":[{"name":"wp","href":"https:\/\/api.w.org\/{rel}","templated":true}]}}