{"id":5473,"date":"2024-06-10T13:29:49","date_gmt":"2024-06-10T13:29:49","guid":{"rendered":"https:\/\/roteschemies.de\/?page_id=5473"},"modified":"2024-06-13T05:16:10","modified_gmt":"2024-06-13T05:16:10","slug":"szkolenia-on-line","status":"publish","type":"page","link":"https:\/\/roteschemies.de\/pl\/szkolenia-on-line\/","title":{"rendered":"Szkolenia on-line"},"content":{"rendered":"<div data-elementor-type=\"wp-page\" data-elementor-id=\"5473\" class=\"elementor elementor-5473\">\n\t\t\t\t        <section class=\"elementor-section elementor-top-section elementor-element elementor-element-ac9e507 elementor-section-boxed elementor-section-height-default elementor-section-height-default ct-header-fixed-none ct-row-max-none\" data-id=\"ac9e507\" data-element_type=\"section\" data-e-type=\"section\">\n            \n                        <div class=\"elementor-container elementor-column-gap-default\">\n                    <div class=\"elementor-column elementor-col-100 elementor-top-column elementor-element elementor-element-703fdd3\" data-id=\"703fdd3\" data-element_type=\"column\" data-e-type=\"column\">\n        <div class=\"elementor-widget-wrap\">\n                    \n                    <\/div>\n        <\/div>\n                    <\/div>\n        <\/section>\n                <section class=\"elementor-section elementor-top-section elementor-element elementor-element-4452873 elementor-section-boxed elementor-section-height-default elementor-section-height-default ct-header-fixed-none ct-row-max-none\" data-id=\"4452873\" data-element_type=\"section\" data-e-type=\"section\">\n            \n                        <div class=\"elementor-container elementor-column-gap-default\">\n                    <div class=\"elementor-column elementor-col-100 elementor-top-column elementor-element elementor-element-78f37f3\" data-id=\"78f37f3\" data-element_type=\"column\" data-e-type=\"column\">\n        <div class=\"elementor-widget-wrap\">\n                    \n                    <\/div>\n        <\/div>\n                    <\/div>\n        <\/section>\n                <section class=\"elementor-section elementor-top-section elementor-element elementor-element-2d39b53 elementor-section-boxed elementor-section-height-default elementor-section-height-default ct-header-fixed-none ct-row-max-none\" data-id=\"2d39b53\" data-element_type=\"section\" data-e-type=\"section\">\n            \n                        <div class=\"elementor-container elementor-column-gap-default\">\n                    <div class=\"elementor-column elementor-col-100 elementor-top-column elementor-element elementor-element-409df8b\" data-id=\"409df8b\" data-element_type=\"column\" data-e-type=\"column\">\n        <div class=\"elementor-widget-wrap\">\n                    \n                    <\/div>\n        <\/div>\n                    <\/div>\n        <\/section>\n                <section class=\"elementor-section elementor-top-section elementor-element elementor-element-fda3d85 elementor-section-boxed elementor-section-height-default elementor-section-height-default ct-header-fixed-none ct-row-max-none\" data-id=\"fda3d85\" data-element_type=\"section\" data-e-type=\"section\">\n            \n                        <div class=\"elementor-container elementor-column-gap-default\">\n                    <div class=\"elementor-column elementor-col-100 elementor-top-column elementor-element elementor-element-b78578d\" data-id=\"b78578d\" data-element_type=\"column\" data-e-type=\"column\">\n        <div class=\"elementor-widget-wrap elementor-element-populated\">\n                    \n        \t\t<div class=\"elementor-element elementor-element-4547462 elementor-widget elementor-widget-heading\" data-id=\"4547462\" data-element_type=\"widget\" data-e-type=\"widget\" data-widget_type=\"heading.default\">\n\t\t\t\t<div class=\"elementor-widget-container\">\n\t\t\t\t\t<h2 class=\"elementor-heading-title elementor-size-default\">Szkolenie online dotycz\u0105ce wytwarzania rt\u0119ci czerwonej i srebrnej<\/h2>\t\t\t\t<\/div>\n\t\t\t\t<\/div>\n\t\t\t\t<div class=\"elementor-element elementor-element-53e6d74 elementor-widget elementor-widget-text-editor\" data-id=\"53e6d74\" data-element_type=\"widget\" data-e-type=\"widget\" data-widget_type=\"text-editor.default\">\n\t\t\t\t<div class=\"elementor-widget-container\">\n\t\t\t\t\t\t\t\t\t<p>Od chwili za\u0142o\u017cenia naszej renomowanej firmy Rotes Chemie w 1992 roku mamy ogromny wp\u0142yw na wydobycie z\u0142ota i wielu innych cennych minera\u0142\u00f3w. Ten niezwyk\u0142y wp\u0142yw wynika z faktu, \u017ce Rotes Chemie pozostaje jedynym producentem czystej rt\u0119ci czerwonej 258 20\/20 99,9999999 % Gamma 0,44-0,64. Do dzi\u015b pozostajemy wierni sobie pod wzgl\u0119dem jako\u015bci produkt\u00f3w i logistyki.<\/p><p>Jednak miliony ludzi przez lata z pasj\u0105 nas o to prosi\u0142y <strong>Szkolenia on-line<\/strong> do produkcji rt\u0119ci czerwonej i rt\u0119ci srebrnej. Uda\u0142o nam si\u0119 skompletowa\u0107 zesp\u00f3\u0142 najbardziej kompetentnych chemik\u00f3w i do\u015bwiadczonych specjalist\u00f3w laboratoryjnych, kt\u00f3rzy poprowadz\u0105 szkolenie online.<\/p><p>Mi\u0142o nam poinformowa\u0107, \u017ce szkolenie online zosta\u0142o opracowane w ka\u017cdym szczeg\u00f3le przez naszych najlepszych ekspert\u00f3w w dziedzinie chemii. Ta wspania\u0142a innowacja oferuje milionom ludzi w bran\u017cy chemicznej i wydobywczej mo\u017cliwo\u015b\u0107 zdobycia niezafa\u0142szowanej wiedzy z pierwszej r\u0119ki dzi\u0119ki szczeg\u00f3\u0142owym praktycznym filmom i indywidualnym szkoleniom dla zarejestrowanych kandydat\u00f3w. Kandydaci, kt\u00f3rzy pomy\u015blnie uko\u0144czyli kurs online, mog\u0105 nast\u0119pnie uko\u0144czy\u0107 kurs offline w fabryce Rotes Chemie w Niemczech.<\/p><p><strong>Wymagania dotycz\u0105ce wykszta\u0142cenia akademickiego;<\/strong><\/p><p>\u2013 Preferujemy osoby z do\u015bwiadczeniem z zakresu chemii, geologii, fizyki, mineralogii (g\u00f3rnictwo) lub dziedziny pokrewnej. Potrzebujemy zeskanowan\u0105 kopi\u0119 Twojego dyplomu lub za\u015bwiadczenia potwierdzaj\u0105cego to.<\/p><p><strong>Data z\u0142o\u017cenia wniosku<\/strong>;<\/p><p>Zg\u0142oszenia przyjmujemy przez ca\u0142y rok, poniewa\u017c jest to indywidualny program szkoleniowy maj\u0105cy na celu osi\u0105gni\u0119cie najbardziej efektywnego wyniku. Szkolenia online (9 miesi\u0119cy intensywnego szkolenia) oraz szkolenia i sta\u017ce offline (6 miesi\u0119cy w zak\u0142adzie Rotes Chemie w Niemczech).<\/p><p><strong>\u00a0<\/strong><\/p><p><strong>Op\u0142ata za kurs<\/strong><\/p><p>25 000 EUR p\u0142atne w dw\u00f3ch ratach.<\/p><p>\u00a0<\/p><p><strong>Przegl\u0105d kursu<\/strong>;<\/p><ul><li><strong>Cena docelowa<\/strong>: Szkolenie os\u00f3b w zakresie produkcji, przetwarzania i przechowywania rt\u0119ci czerwonej i srebrnej przy u\u017cyciu najnowocze\u015bniejszego sprz\u0119tu technicznego. Na zako\u0144czenie kursu wr\u0119czany jest dyplom.<\/li><\/ul><p>\u00a0<\/p><ul><li><strong>Cele badania:<\/strong> Pod koniec 9 miesi\u0119cy intensywnego szkolenia online po\u0142\u0105czonego z 6 miesi\u0105cami szkolenia praktycznego b\u0119dziesz w stanie:<\/li><\/ul><p><strong>&#8211;<\/strong> Dowiedz si\u0119, jak skonfigurowa\u0107 instalacj\u0119 do produkcji rt\u0119ci czerwonej i rt\u0119ci srebrnej. Instruktor mo\u017ce uzyska\u0107 filmy wideo dotycz\u0105ce konfiguracji instalacji do produkcji czerwonej rt\u0119ci.<\/p><p><strong>&#8211;<\/strong> Znajomo\u015b\u0107 i opanowanie obs\u0142ugi ca\u0142ego sprz\u0119tu u\u017cywanego do produkcji rt\u0119ci czerwonej i srebrnej, a co za tym idzie, ich poszczeg\u00f3lnych funkcji.<\/p><p><strong>&#8211;<\/strong> Dowiedz si\u0119, jak doskonale obs\u0142ugiwa\u0107 (obs\u0142ugiwa\u0107) ca\u0142y sprz\u0119t u\u017cywany do produkcji czerwonej i srebrnej rt\u0119ci.<\/p><p><strong>&#8211;<\/strong> Poznaj i opanuj obchodzenie si\u0119 ze wszystkimi chemikaliami u\u017cywanymi do produkcji rt\u0119ci czerwonej i srebrnej. Mo\u017cesz szybko zidentyfikowa\u0107 ka\u017cd\u0105 z tych substancji chemicznych i wiedzie\u0107, gdzie je kupi\u0107.<\/p><p><strong>&#8211;<\/strong> Okre\u015bl prawid\u0142ow\u0105 ilo\u015b\u0107 (proporcje) \u015brodk\u00f3w chemicznych stosowanych w procesie produkcyjnym.<\/p><p><strong>&#8211;<\/strong> Zna\u0107 i identyfikowa\u0107 wszystkie etapy produkcji czerwonej i srebrnej rt\u0119ci.<\/p><p><strong>&#8211;<\/strong> Zna i identyfikuje materia\u0142y u\u017cyte do produkcji butelek do przechowywania czerwonej i srebrnej rt\u0119ci.<\/p><p><strong>&#8211;<\/strong> Dowiedz si\u0119, jak etykietowa\u0107 i personalizowa\u0107 czerwone i srebrne butelki Hg.<\/p><p><strong>&#8211;<\/strong> Znajomo\u015b\u0107 i opanowanie r\u00f3\u017cnych \u015brodk\u00f3w bezpiecze\u0144stwa i sprz\u0119tu zabezpieczaj\u0105cego stosowanych przy produkcji czerwonej i srebrnej rt\u0119ci.<\/p>\t\t\t\t\t\t\t\t<\/div>\n\t\t\t\t<\/div>\n\t\t            <\/div>\n        <\/div>\n                    <\/div>\n        <\/section>\n                <section class=\"elementor-section elementor-top-section elementor-element elementor-element-90a90b9 elementor-section-boxed elementor-section-height-default elementor-section-height-default ct-header-fixed-none ct-row-max-none\" data-id=\"90a90b9\" data-element_type=\"section\" data-e-type=\"section\">\n            \n                        <div class=\"elementor-container elementor-column-gap-default\">\n                    <div class=\"elementor-column elementor-col-100 elementor-top-column elementor-element elementor-element-dc9fee8\" data-id=\"dc9fee8\" data-element_type=\"column\" data-e-type=\"column\">\n        <div class=\"elementor-widget-wrap elementor-element-populated\">\n                    \n        \t\t<div class=\"elementor-element elementor-element-a616083 elementor-widget elementor-widget-shortcode\" data-id=\"a616083\" data-element_type=\"widget\" data-e-type=\"widget\" data-widget_type=\"shortcode.default\">\n\t\t\t\t<div class=\"elementor-widget-container\">\n\t\t\t\t\t\t\t<div class=\"elementor-shortcode\">\n<div class=\"wpcf7 no-js\" id=\"wpcf7-f5487-o1\" lang=\"en-US\" dir=\"ltr\" data-wpcf7-id=\"5487\">\n<div class=\"screen-reader-response\"><p role=\"status\" aria-live=\"polite\" aria-atomic=\"true\"><\/p> <ul><\/ul><\/div>\n<form action=\"\/pl\/wp-json\/wp\/v2\/pages\/5473#wpcf7-f5487-o1\" method=\"post\" class=\"wpcf7-form init cf7mls-no-scroll cf7mls-no-moving-animation\" aria-label=\"Formularz kontaktowy\" enctype=\"multipart\/form-data\" novalidate=\"novalidate\" data-status=\"init\" data-trp-original-action=\"\/pl\/wp-json\/wp\/v2\/pages\/5473#wpcf7-f5487-o1\">\n<fieldset class=\"hidden-fields-container\"><input type=\"hidden\" name=\"_wpcf7\" value=\"5487\" \/><input type=\"hidden\" name=\"_wpcf7_version\" value=\"6.1.5\" \/><input type=\"hidden\" name=\"_wpcf7_locale\" value=\"en_US\" \/><input type=\"hidden\" name=\"_wpcf7_unit_tag\" value=\"wpcf7-f5487-o1\" \/><input type=\"hidden\" name=\"_wpcf7_container_post\" value=\"0\" \/><input type=\"hidden\" name=\"_wpcf7_posted_data_hash\" value=\"\" \/>\n<\/fieldset>\n<h5 class=\"form-title\">Formularz rejestracyjny;\n<\/h5>\n<h6 class=\"form-title\">Sekcja A ( legitymacja studencka):\n<\/h6>\n<div class=\"input-filled\">\n\t<p><i class=\"form-icon fac fa-user\"><\/i><span class=\"wpcf7-form-control-wrap\" data-name=\"your-name\"><input size=\"40\" maxlength=\"400\" class=\"wpcf7-form-control wpcf7-text wpcf7-validates-as-required\" aria-required=\"true\" aria-invalid=\"false\" placeholder=\"Imiona i nazwiska w odpowiedniej kolejno\u015bci, jak w dowodzie osobistym lub paszporcie\" value=\"\" type=\"text\" name=\"your-name\" \/><\/span>\n\t<\/p>\n<\/div>\n<div>\n\t<p>Data urodzenia (dd \/ mm \/ rrrr)\n\t<\/p>\n<\/div>\n<div class=\"input-filled\">\n\t<p><span class=\"wpcf7-form-control-wrap\" data-name=\"date-794\"><input class=\"wpcf7-form-control wpcf7-date wpcf7-validates-as-date\" aria-invalid=\"false\" placeholder=\"\" value=\"\" type=\"date\" name=\"date-794\" \/><\/span>\n\t<\/p>\n<\/div>\n<div class=\"input-filled\">\n\t<p><span class=\"wpcf7-form-control-wrap\" data-name=\"your-name\"><input size=\"40\" maxlength=\"400\" class=\"wpcf7-form-control wpcf7-text wpcf7-validates-as-required\" aria-required=\"true\" aria-invalid=\"false\" placeholder=\"narodowo\u015b\u0107\" value=\"\" type=\"text\" name=\"your-name\" \/><\/span>\n\t<\/p>\n<\/div>\n<div class=\"input-filled\">\n\t<p><span class=\"wpcf7-form-control-wrap\" data-name=\"your-name\"><input size=\"40\" maxlength=\"400\" class=\"wpcf7-form-control wpcf7-text wpcf7-validates-as-required\" aria-required=\"true\" aria-invalid=\"false\" placeholder=\"Obecny kraj zamieszkania\" value=\"\" type=\"text\" name=\"your-name\" \/><\/span>\n\t<\/p>\n<\/div>\n<div class=\"input-filled\">\n\t<p><span class=\"wpcf7-form-control-wrap\" data-name=\"your-name\"><input size=\"40\" maxlength=\"400\" class=\"wpcf7-form-control wpcf7-text wpcf7-validates-as-required\" aria-required=\"true\" aria-invalid=\"false\" placeholder=\"P\u0142e\u0107 M\u0119\u017cczyzna Kobieta):\" value=\"\" type=\"text\" name=\"your-name\" \/><\/span>\n\t<\/p>\n<\/div>\n<div>\n\t<p>Prze\u015blij zeskanowan\u0105 kopi\u0119 dowodu osobistego lub paszportu.\n\t<\/p>\n<\/div>\n<div class=\"input-filled\">\n\t<p><span class=\"wpcf7-form-control-wrap\" data-name=\"your-file\"><input size=\"40\" class=\"wpcf7-form-control wpcf7-file\" accept=\".pdf,.txt\" aria-invalid=\"false\" type=\"file\" name=\"your-file\" \/><\/span>\n\t<\/p>\n<\/div>\n<div>\n\t<p>Prze\u015blij skan lub kopie najwy\u017cszego dyplomu lub certyfikatu\n\t<\/p>\n<\/div>\n<div class=\"input-filled\">\n\t<p><span class=\"wpcf7-form-control-wrap\" data-name=\"your-file\"><input size=\"40\" class=\"wpcf7-form-control wpcf7-file\" accept=\".pdf,.txt\" aria-invalid=\"false\" type=\"file\" name=\"your-file\" \/><\/span>\n\t<\/p>\n<\/div>\n<div>\n\t<p>Prze\u015blij wszelkie inne dokumenty potwierdzaj\u0105ce, kt\u00f3re mog\u0105 u\u0142atwi\u0107 z\u0142o\u017cenie wniosku.\n\t<\/p>\n<\/div>\n<div class=\"input-filled\">\n\t<p><span class=\"wpcf7-form-control-wrap\" data-name=\"your-file\"><input size=\"40\" class=\"wpcf7-form-control wpcf7-file\" accept=\".pdf,.txt\" aria-invalid=\"false\" type=\"file\" name=\"your-file\" \/><\/span>\n\t<\/p>\n<\/div>\n<h6 class=\"form-title\">Sekcja B (Powody ubiegania si\u0119 o udzia\u0142 w tym kursie):\n<\/h6>\n<div class=\"input-filled\">\n\t<p><span class=\"wpcf7-form-control-wrap\" data-name=\"your-name\"><input size=\"40\" maxlength=\"400\" class=\"wpcf7-form-control wpcf7-text wpcf7-validates-as-required\" aria-required=\"true\" aria-invalid=\"false\" placeholder=\"Podaj powody, dla kt\u00f3rych aplikujesz na ten kurs):\" value=\"\" type=\"text\" name=\"your-name\" \/><\/span>\n\t<\/p>\n<\/div>\n<div class=\"input-filled\">\n\t<p><span class=\"wpcf7-form-control-wrap\" data-name=\"your-name\"><input size=\"40\" maxlength=\"400\" class=\"wpcf7-form-control wpcf7-text wpcf7-validates-as-required\" aria-required=\"true\" aria-invalid=\"false\" placeholder=\"Czy zamierzaj\u0105 Pa\u0144stwo w przysz\u0142o\u015bci otworzy\u0107 fabryk\u0119 produkuj\u0105c\u0105 rt\u0119\u0107 czerwon\u0105 lub srebrn\u0105?\" value=\"\" type=\"text\" name=\"your-name\" \/><\/span>\n\t<\/p>\n<\/div>\n<h6 class=\"form-title\">Sekcja C (P\u0142atno\u015b\u0107):\n<\/h6>\n<div>\n\t<p>Op\u0142at\u0119 (25 000 EUR) mo\u017cesz ui\u015bci\u0107 w DW\u00d3CH RATALACH (12 500 EUR za szkolenie online i 12 500 EUR za szkolenie offline\/praktyczne w Rotes Chemie). Pami\u0119taj, \u017ce op\u0142at\u0119 musisz ui\u015bci\u0107 tylko wtedy, gdy Tw\u00f3j wniosek zostanie zatwierdzony. Wszystkie p\u0142atno\u015bci dokonywane s\u0105 w monetach USDT.\n\t<\/p>\n<\/div>\n<h6 class=\"form-title\">Sekcja D (Dane kontaktowe):\n<\/h6>\n<div class=\"input-filled\">\n\t<p><i class=\"form-icon fac fa-envelope\"><\/i><span class=\"wpcf7-form-control-wrap\" data-name=\"your-email\"><input size=\"40\" maxlength=\"400\" class=\"wpcf7-form-control wpcf7-email wpcf7-validates-as-required wpcf7-text wpcf7-validates-as-email\" aria-required=\"true\" aria-invalid=\"false\" placeholder=\"E-mail:\" value=\"\" type=\"email\" name=\"your-email\" \/><\/span>\n\t<\/p>\n<\/div>\n<div class=\"input-filled\">\n\t<p><i class=\"form-icon fac fa-phone\"><\/i><span class=\"wpcf7-form-control-wrap\" data-name=\"your-phone\"><input size=\"40\" maxlength=\"400\" class=\"wpcf7-form-control wpcf7-text wpcf7-validates-as-required\" aria-required=\"true\" aria-invalid=\"false\" placeholder=\"Numer telefonu:\" value=\"\" type=\"text\" name=\"your-phone\" \/><\/span>\n\t<\/p>\n<\/div>\n<div class=\"ct-range-slider\" data-value=\"60000\" data-maxvalue=\"100000\" data-currency=\"$\">\n<\/div>\n<div class=\"input-filled text-right\">\n\t<p><button type=\"submit\" class=\"wpcf7-submit btn btn-third2\"><i class=\"fac fa-external-link-alt space-right\"><\/i>Prze\u015blij formularz zg\u0142oszeniowy<\/button>\n\t<\/p>\n<\/div><div class=\"wpcf7-response-output\" aria-hidden=\"true\"><\/div>\n<input type=\"hidden\" name=\"trp-form-language\" value=\"pl\"\/><\/form>\n<\/div>\n<\/div>\n\t\t\t\t\t\t<\/div>\n\t\t\t\t<\/div>\n\t\t            <\/div>\n        <\/div>\n                    <\/div>\n        <\/section>\n        \t\t<\/div>","protected":false},"excerpt":{"rendered":"<p>Online-Schulung zur Herstellung von rotem und silbernem Quecksilber Seit der Gr\u00fcndung unseres renommierten Unternehmens Rotes Chemie im Jahr 1992 haben wir einen enormen Einfluss auf die Gewinnung von Gold und vielen anderen wertvollen Mineralien gehabt. Dieser bemerkenswerte Einfluss ist auf die Tatsache zur\u00fcckzuf\u00fchren, dass Rotes Chemie der einzige Hersteller von reinem rotem Quecksilber 258 20\/20 [&hellip;]<\/p>\n","protected":false},"author":1,"featured_media":0,"parent":0,"menu_order":0,"comment_status":"closed","ping_status":"closed","template":"","meta":{"footnotes":""},"class_list":["post-5473","page","type-page","status-publish","hentry"],"yoast_head":"<!-- This site is optimized with the Yoast SEO plugin v27.3 - https:\/\/yoast.com\/product\/yoast-seo-wordpress\/ -->\n<title>Online Schulung - Roteschemie<\/title>\n<meta name=\"robots\" content=\"index, follow, max-snippet:-1, max-image-preview:large, max-video-preview:-1\" \/>\n<link rel=\"canonical\" href=\"https:\/\/roteschemies.de\/pl\/szkolenia-on-line\/\" \/>\n<meta property=\"og:locale\" content=\"pl_PL\" \/>\n<meta property=\"og:type\" content=\"article\" \/>\n<meta property=\"og:title\" content=\"Online Schulung - Roteschemie\" \/>\n<meta property=\"og:description\" content=\"Online-Schulung zur Herstellung von rotem und silbernem Quecksilber Seit der Gr\u00fcndung unseres renommierten Unternehmens Rotes Chemie im Jahr 1992 haben wir einen enormen Einfluss auf die Gewinnung von Gold und vielen anderen wertvollen Mineralien gehabt. Dieser bemerkenswerte Einfluss ist auf die Tatsache zur\u00fcckzuf\u00fchren, dass Rotes Chemie der einzige Hersteller von reinem rotem Quecksilber 258 20\/20 [&hellip;]\" \/>\n<meta property=\"og:url\" content=\"https:\/\/roteschemies.de\/pl\/szkolenia-on-line\/\" \/>\n<meta property=\"og:site_name\" content=\"Roteschemie\" \/>\n<meta property=\"article:modified_time\" content=\"2024-06-13T05:16:10+00:00\" \/>\n<meta name=\"twitter:card\" content=\"summary_large_image\" \/>\n<meta name=\"twitter:label1\" content=\"Szacowany czas czytania\" \/>\n\t<meta name=\"twitter:data1\" content=\"3 minuty\" \/>\n<script type=\"application\/ld+json\" class=\"yoast-schema-graph\">{\"@context\":\"https:\\\/\\\/schema.org\",\"@graph\":[{\"@type\":\"WebPage\",\"@id\":\"https:\\\/\\\/roteschemies.de\\\/online-schulung\\\/\",\"url\":\"https:\\\/\\\/roteschemies.de\\\/online-schulung\\\/\",\"name\":\"Online Schulung - Roteschemie\",\"isPartOf\":{\"@id\":\"https:\\\/\\\/roteschemies.de\\\/#website\"},\"datePublished\":\"2024-06-10T13:29:49+00:00\",\"dateModified\":\"2024-06-13T05:16:10+00:00\",\"breadcrumb\":{\"@id\":\"https:\\\/\\\/roteschemies.de\\\/online-schulung\\\/#breadcrumb\"},\"inLanguage\":\"pl-PL\",\"potentialAction\":[{\"@type\":\"ReadAction\",\"target\":[\"https:\\\/\\\/roteschemies.de\\\/online-schulung\\\/\"]}]},{\"@type\":\"BreadcrumbList\",\"@id\":\"https:\\\/\\\/roteschemies.de\\\/online-schulung\\\/#breadcrumb\",\"itemListElement\":[{\"@type\":\"ListItem\",\"position\":1,\"name\":\"Home\",\"item\":\"https:\\\/\\\/roteschemies.de\\\/\"},{\"@type\":\"ListItem\",\"position\":2,\"name\":\"Online Schulung\"}]},{\"@type\":\"WebSite\",\"@id\":\"https:\\\/\\\/roteschemies.de\\\/#website\",\"url\":\"https:\\\/\\\/roteschemies.de\\\/\",\"name\":\"Roteschemie\",\"description\":\"Rotes fl&uuml;ssiges Quecksilber, silbernes fl&uuml;ssiges Quecksilber online kaufen\",\"alternateName\":\"roteschemies.de\",\"potentialAction\":[{\"@type\":\"SearchAction\",\"target\":{\"@type\":\"EntryPoint\",\"urlTemplate\":\"https:\\\/\\\/roteschemies.de\\\/?s={search_term_string}\"},\"query-input\":{\"@type\":\"PropertyValueSpecification\",\"valueRequired\":true,\"valueName\":\"search_term_string\"}}],\"inLanguage\":\"pl-PL\"}]}<\/script>\n<!-- \/ Yoast SEO plugin. -->","yoast_head_json":{"title":"Szkolenie online - czerwona chemia","robots":{"index":"index","follow":"follow","max-snippet":"max-snippet:-1","max-image-preview":"max-image-preview:large","max-video-preview":"max-video-preview:-1"},"canonical":"https:\/\/roteschemies.de\/pl\/szkolenia-on-line\/","og_locale":"pl_PL","og_type":"article","og_title":"Online Schulung - Roteschemie","og_description":"Online-Schulung zur Herstellung von rotem und silbernem Quecksilber Seit der Gr\u00fcndung unseres renommierten Unternehmens Rotes Chemie im Jahr 1992 haben wir einen enormen Einfluss auf die Gewinnung von Gold und vielen anderen wertvollen Mineralien gehabt. Dieser bemerkenswerte Einfluss ist auf die Tatsache zur\u00fcckzuf\u00fchren, dass Rotes Chemie der einzige Hersteller von reinem rotem Quecksilber 258 20\/20 [&hellip;]","og_url":"https:\/\/roteschemies.de\/pl\/szkolenia-on-line\/","og_site_name":"Roteschemie","article_modified_time":"2024-06-13T05:16:10+00:00","twitter_card":"summary_large_image","twitter_misc":{"Szacowany czas czytania":"3 minuty"},"schema":{"@context":"https:\/\/schema.org","@graph":[{"@type":"WebPage","@id":"https:\/\/roteschemies.de\/online-schulung\/","url":"https:\/\/roteschemies.de\/online-schulung\/","name":"Szkolenie online - czerwona chemia","isPartOf":{"@id":"https:\/\/roteschemies.de\/#website"},"datePublished":"2024-06-10T13:29:49+00:00","dateModified":"2024-06-13T05:16:10+00:00","breadcrumb":{"@id":"https:\/\/roteschemies.de\/online-schulung\/#breadcrumb"},"inLanguage":"pl-PL","potentialAction":[{"@type":"ReadAction","target":["https:\/\/roteschemies.de\/online-schulung\/"]}]},{"@type":"BreadcrumbList","@id":"https:\/\/roteschemies.de\/online-schulung\/#breadcrumb","itemListElement":[{"@type":"ListItem","position":1,"name":"Home","item":"https:\/\/roteschemies.de\/"},{"@type":"ListItem","position":2,"name":"Online Schulung"}]},{"@type":"WebSite","@id":"https:\/\/roteschemies.de\/#website","url":"https:\/\/roteschemies.de\/","name":"czerwona chemia","description":"Kup czerwon\u0105 rt\u0119\u0107 w p\u0142ynie, srebrn\u0105 rt\u0119\u0107 w p\u0142ynie przez Internet","alternateName":"roteschemies.de","potentialAction":[{"@type":"SearchAction","target":{"@type":"EntryPoint","urlTemplate":"https:\/\/roteschemies.de\/?s={search_term_string}"},"query-input":{"@type":"PropertyValueSpecification","valueRequired":true,"valueName":"search_term_string"}}],"inLanguage":"pl-PL"}]}},"_links":{"self":[{"href":"https:\/\/roteschemies.de\/pl\/wp-json\/wp\/v2\/pages\/5473","targetHints":{"allow":["GET"]}}],"collection":[{"href":"https:\/\/roteschemies.de\/pl\/wp-json\/wp\/v2\/pages"}],"about":[{"href":"https:\/\/roteschemies.de\/pl\/wp-json\/wp\/v2\/types\/page"}],"author":[{"embeddable":true,"href":"https:\/\/roteschemies.de\/pl\/wp-json\/wp\/v2\/users\/1"}],"replies":[{"embeddable":true,"href":"https:\/\/roteschemies.de\/pl\/wp-json\/wp\/v2\/comments?post=5473"}],"version-history":[{"count":17,"href":"https:\/\/roteschemies.de\/pl\/wp-json\/wp\/v2\/pages\/5473\/revisions"}],"predecessor-version":[{"id":5493,"href":"https:\/\/roteschemies.de\/pl\/wp-json\/wp\/v2\/pages\/5473\/revisions\/5493"}],"wp:attachment":[{"href":"https:\/\/roteschemies.de\/pl\/wp-json\/wp\/v2\/media?parent=5473"}],"curies":[{"name":"wp","href":"https:\/\/api.w.org\/{rel}","templated":true}]}}