{"id":5249,"date":"2023-07-13T10:32:01","date_gmt":"2023-07-13T10:32:01","guid":{"rendered":"https:\/\/roteschemies.de\/?page_id=5249"},"modified":"2023-07-13T10:43:21","modified_gmt":"2023-07-13T10:43:21","slug":"mercurio-prateado","status":"publish","type":"page","link":"https:\/\/roteschemies.de\/pt\/mercurio-prateado\/","title":{"rendered":"Merc\u00fario prateado"},"content":{"rendered":"<div data-elementor-type=\"wp-page\" data-elementor-id=\"5249\" class=\"elementor elementor-5249\">\n\t\t\t\t        <section class=\"elementor-section elementor-top-section elementor-element elementor-element-2ea2e00 elementor-section-boxed elementor-section-height-default elementor-section-height-default ct-header-fixed-none ct-row-max-none\" data-id=\"2ea2e00\" data-element_type=\"section\" data-e-type=\"section\">\n            \n                        <div class=\"elementor-container elementor-column-gap-default\">\n                    <div class=\"elementor-column elementor-col-50 elementor-top-column elementor-element elementor-element-1756a971\" data-id=\"1756a971\" data-element_type=\"column\" data-e-type=\"column\">\n        <div class=\"elementor-widget-wrap elementor-element-populated\">\n                    \n        \t\t<div class=\"elementor-element elementor-element-5ae4da51 elementor-widget elementor-widget-ct_image\" data-id=\"5ae4da51\" data-element_type=\"widget\" data-e-type=\"widget\" data-widget_type=\"ct_image.default\">\n\t\t\t\t<div class=\"elementor-widget-container\">\n\t\t\t\t\t<div class=\"ct-image-single img-type-img ct-no-effect\" data-wow-delay=\"ms\">\r\n                        <img fetchpriority=\"high\" decoding=\"async\" class=\"\" src=\"https:\/\/roteschemies.de\/wp-content\/uploads\/2022\/12\/G311914095_5606255989420786_1852925251756_n-750x900.jpg\" width=\"750\" height=\"900\" alt=\"G311914095_5606255989420786_1852925251756_n\" title=\"G311914095_5606255989420786_1852925251756_n\" \/>            <\/div>\t\t\t\t<\/div>\n\t\t\t\t<\/div>\n\t\t            <\/div>\n        <\/div>\n                <div class=\"elementor-column elementor-col-50 elementor-top-column elementor-element elementor-element-3eabcac2\" data-id=\"3eabcac2\" data-element_type=\"column\" data-e-type=\"column\">\n        <div class=\"elementor-widget-wrap elementor-element-populated\">\n                    \n        \t\t<div class=\"elementor-element elementor-element-7cacfecb elementor-widget elementor-widget-ct_heading\" data-id=\"7cacfecb\" data-element_type=\"widget\" data-e-type=\"widget\" data-widget_type=\"ct_heading.default\">\n\t\t\t\t<div class=\"elementor-widget-container\">\n\t\t\t\t\t<div id=\"ct_heading-7cacfecb\" class=\"ct-heading h-align- sub-style1 ct-heading-left item-st-line-left2\">\r\n\t<div class=\"ct-item--inner\">\r\n        <div class=\"ct-inline-css\"  data-css=\"            \">\r\n        <\/div>\r\n                <h5 class=\"item--title st-line-left2 case-animate-time\" data-wow-delay=\"ms\">\r\n                        <span class=\"sp-main\">\r\n                                    <i><\/i>\r\n                \r\n                Merc\u00fario l\u00edquido de prata por atacado\n\r\n                \r\n                            <\/span>\r\n                    <\/h5>\r\n    <\/div>\r\n<\/div>\t\t\t\t<\/div>\n\t\t\t\t<\/div>\n\t\t\t\t<div class=\"elementor-element elementor-element-369d2bf0 elementor-widget elementor-widget-text-editor\" data-id=\"369d2bf0\" data-element_type=\"widget\" data-e-type=\"widget\" data-widget_type=\"text-editor.default\">\n\t\t\t\t<div class=\"elementor-widget-container\">\n\t\t\t\t\t\t\t\t\t<p>Pureza de merc\u00fario de prata pura: 99,99% por peso min.<br \/>Nome do produto: merc\u00fario l\u00edquido de prata<br \/>Outros nomes: r\u00e1pido, hydrargyrum, hydrargyria<br \/>N\u00ba do processo: 7439-97-6<br \/>EINECS: 231-106-7<br \/>Estado F\u00edsico: L\u00edquido<br \/>Apar\u00eancia: L\u00edquido branco prateado<br \/>Odor: inodoro<br \/>PH: N\u00e3o dispon\u00edvel.<br \/>Press\u00e3o de vapor: 0,002 mmHg 25C<br \/>Densidade do vapor: 7,0<br \/>Taxa de evapora\u00e7\u00e3o: N\u00e3o dispon\u00edvel.<br \/>Viscosidade: 15,5 mP 25 dig C<br \/>Ponto de ebuli\u00e7\u00e3o: 356,72 dig C<br \/>Ponto de congelamento\/derretimento: -38,87 dig C<br \/>Temperatura de decomposi\u00e7\u00e3o: N\u00e3o dispon\u00edvel.<br \/>Solubilidade: Insol\u00favel.<br \/>Gravidade\/densidade espec\u00edfica: 13,59 (\u00e1gua = 1)<br \/>F\u00f3rmula molecular: Hg<br \/>Peso molecular: 200,59<br \/>Massa monoisot\u00f3pica: 201,970643<br \/>Embalagem\/Embalagem: Cilindro\/garrafa de ferro (34,5)kg peso l\u00edquido do frasco<\/p>\t\t\t\t\t\t\t\t<\/div>\n\t\t\t\t<\/div>\n\t\t            <\/div>\n        <\/div>\n                    <\/div>\n        <\/section>\n                <section class=\"elementor-section elementor-top-section elementor-element elementor-element-62d931a8 elementor-section-boxed elementor-section-height-default elementor-section-height-default ct-header-fixed-none ct-row-max-none\" data-id=\"62d931a8\" data-element_type=\"section\" data-e-type=\"section\">\n            \n                        <div class=\"elementor-container elementor-column-gap-default\">\n                    <div class=\"elementor-column elementor-col-50 elementor-top-column elementor-element elementor-element-2599f25c\" data-id=\"2599f25c\" data-element_type=\"column\" data-e-type=\"column\">\n        <div class=\"elementor-widget-wrap elementor-element-populated\">\n                    \n        \t\t<div class=\"elementor-element elementor-element-4afab256 elementor-widget elementor-widget-ct_heading\" data-id=\"4afab256\" data-element_type=\"widget\" data-e-type=\"widget\" data-widget_type=\"ct_heading.default\">\n\t\t\t\t<div class=\"elementor-widget-container\">\n\t\t\t\t\t<div id=\"ct_heading-4afab256\" class=\"ct-heading h-align- sub-style1 ct-heading-left item-st-line-left2\">\r\n\t<div class=\"ct-item--inner\">\r\n        <div class=\"ct-inline-css\"  data-css=\"            \">\r\n        <\/div>\r\n                <h5 class=\"item--title st-line-left2 case-animate-time\" data-wow-delay=\"ms\">\r\n                        <span class=\"sp-main\">\r\n                                    <i><\/i>\r\n                \r\n                Detalhes sobre nosso merc\u00fario l\u00edquido prateado\n\r\n                \r\n                            <\/span>\r\n                    <\/h5>\r\n    <\/div>\r\n<\/div>\t\t\t\t<\/div>\n\t\t\t\t<\/div>\n\t\t\t\t<div class=\"elementor-element elementor-element-57f9dd0f elementor-widget elementor-widget-text-editor\" data-id=\"57f9dd0f\" data-element_type=\"widget\" data-e-type=\"widget\" data-widget_type=\"text-editor.default\">\n\t\t\t\t<div class=\"elementor-widget-container\">\n\t\t\t\t\t\t\t\t\t<p>Detalhes sobre nosso merc\u00fario l\u00edquido prateado<br \/>O merc\u00fario met\u00e1lico ou elementar \u00e9 um metal branco prateado brilhante conhecido como merc\u00fario prateado. Por causa de sua cor prateada, esse elemento \u00e0s vezes \u00e9 chamado de prata l\u00edquida ou merc\u00fario, que significa prata viva. \u00c9 o \u00fanico elemento met\u00e1lico que ret\u00e9m seu estado l\u00edquido \u00e0 temperatura ambiente.<br \/>As aplica\u00e7\u00f5es de nosso merc\u00fario prateado incluem interruptores de merc\u00fario, tubos fluorescentes, telesc\u00f3pios refletores de l\u00edquidos, rel\u00e9s de merc\u00fario, baterias, term\u00f4metros, bar\u00f4metros e outros dispositivos, todos os quais usam altos n\u00edveis de merc\u00fario. Compre merc\u00fario l\u00edquido conosco a pre\u00e7os de atacado.<\/p><p>Na Europa, a Roteschemie \u00e9 a principal fonte de merc\u00fario de prata l\u00edquido. Fornecemos merc\u00fario virgem premium com uma pureza de 99,9999%, bem como merc\u00fario de prata l\u00edquido. N\u00e3o h\u00e1 merc\u00fario met\u00e1lico de melhor qualidade do que este dispon\u00edvel no mercado hoje.<br \/>Temos orgulho de ser um dos principais produtores de merc\u00fario l\u00edquido na Alemanha.<br \/>Contacte-nos agora se quiser comprar merc\u00fario de prata a um pre\u00e7o barato. Informe-nos se tiver algum pedido especial ou se gostaria de comprar merc\u00fario l\u00edquido na Alemanha.<\/p>\t\t\t\t\t\t\t\t<\/div>\n\t\t\t\t<\/div>\n\t\t            <\/div>\n        <\/div>\n                <div class=\"elementor-column elementor-col-50 elementor-top-column elementor-element elementor-element-24377ee1\" data-id=\"24377ee1\" data-element_type=\"column\" data-e-type=\"column\">\n        <div class=\"elementor-widget-wrap elementor-element-populated\">\n                    \n        \t\t<div class=\"elementor-element elementor-element-1787c4d6 elementor-widget elementor-widget-ct_image\" data-id=\"1787c4d6\" data-element_type=\"widget\" data-e-type=\"widget\" data-widget_type=\"ct_image.default\">\n\t\t\t\t<div class=\"elementor-widget-container\">\n\t\t\t\t\t<div class=\"ct-image-single img-type-img ct-no-effect\" data-wow-delay=\"ms\">\r\n                        <img decoding=\"async\" width=\"720\" height=\"720\" src=\"https:\/\/roteschemies.de\/wp-content\/uploads\/2022\/12\/D311914095_5606255989420786_1852925251756_n.jpg\" class=\"attachment-full\" alt=\"\" \/>            <\/div>\t\t\t\t<\/div>\n\t\t\t\t<\/div>\n\t\t\t\t<div class=\"elementor-element elementor-element-3a8e3599 elementor-widget elementor-widget-ct_button\" data-id=\"3a8e3599\" data-element_type=\"widget\" data-e-type=\"widget\" data-widget_type=\"ct_button.default\">\n\t\t\t\t<div class=\"elementor-widget-container\">\n\t\t\t\t\t<div id=\"ct_button-3a8e3599\" class=\"ct-button-wrapper ct-button-layout1 icon- btn--inline\">\r\n    <div class=\"ct-inline-css\"  data-css=\"        \">\r\n    <\/div>\r\n            <span class=\"ct-icon-active\"><\/span>\r\n        <a href=\"http:\/\/roteschemies.de\/pt\/contato\/\" class=\"btn btn-default icon-active btn-inline-block\" data-wow-delay=\"ms\">\r\n                            <span class=\"ct-button-icon ct-align-icon-\">\r\n                            <\/span>\r\n                <span class=\"ct-button-text\">Compre no atacado aqui<\/span>\r\n    <\/a>\r\n<\/div>\t\t\t\t<\/div>\n\t\t\t\t<\/div>\n\t\t            <\/div>\n        <\/div>\n                    <\/div>\n        <\/section>\n        \t\t<\/div>","protected":false},"excerpt":{"rendered":"<p>Gro\u00dfhandel Silber fl\u00fcssiges Quecksilber Reines Silber Quecksilber Reinheit: 99,99% nach Gew. min. Produktname: Silber fl\u00fcssiges Quecksilber Andere Namen: schnell, Hydrargyrum, Hydrargyria Fall Nr.: 7439-97-6 EINECS: 231-106-7 Physikalischer Zustand: Fl\u00fcssig Erscheinungsbild: Silber-wei\u00dfe Fl\u00fcssigkeit Geruch: geruchlos PH: Nicht verf\u00fcgbar. Dampfdruck: 0,002 mm Hg 25C Dampfdichte: 7.0 Verdampfungsrate: Nicht verf\u00fcgbar. Viskosit\u00e4t: 15.5 mP 25 dig C Siedepunkt: 356.72 [&hellip;]<\/p>\n","protected":false},"author":1,"featured_media":0,"parent":0,"menu_order":0,"comment_status":"closed","ping_status":"closed","template":"","meta":{"footnotes":""},"class_list":["post-5249","page","type-page","status-publish","hentry"],"yoast_head":"<!-- This site is optimized with the Yoast SEO plugin v27.5 - https:\/\/yoast.com\/product\/yoast-seo-wordpress\/ -->\n<title>Silber fl\u00fcssiges Quecksilber zu verkaufen | Kaufen Silber Quecksilber -Roteschemie<\/title>\n<meta name=\"description\" content=\"Silber fl\u00fcssiges Quecksilber zu verkaufen - Roteschemie ist Hersteller von Silber Quecksilber. Unsere Fabrik in Deutschland. Kaufen Sie im Gro\u00dfhandel deutsches Silber Quecksilber.\" \/>\n<meta name=\"robots\" content=\"index, follow, max-snippet:-1, max-image-preview:large, max-video-preview:-1\" \/>\n<link rel=\"canonical\" href=\"https:\/\/roteschemies.de\/pt\/mercurio-prateado\/\" \/>\n<meta property=\"og:locale\" content=\"pt_PT\" \/>\n<meta property=\"og:type\" content=\"article\" \/>\n<meta property=\"og:title\" content=\"Silber fl\u00fcssiges Quecksilber zu verkaufen | Kaufen Silber Quecksilber -Roteschemie\" \/>\n<meta property=\"og:description\" content=\"Silber fl\u00fcssiges Quecksilber zu verkaufen - Roteschemie ist Hersteller von Silber Quecksilber. Unsere Fabrik in Deutschland. Kaufen Sie im Gro\u00dfhandel deutsches Silber Quecksilber.\" \/>\n<meta property=\"og:url\" content=\"https:\/\/roteschemies.de\/pt\/mercurio-prateado\/\" \/>\n<meta property=\"og:site_name\" content=\"Roteschemie\" \/>\n<meta property=\"article:modified_time\" content=\"2023-07-13T10:43:21+00:00\" \/>\n<meta property=\"og:image\" content=\"https:\/\/roteschemies.de\/wp-content\/uploads\/2022\/12\/G311914095_5606255989420786_1852925251756_n-750x900.jpg\" \/>\n<meta name=\"twitter:card\" content=\"summary_large_image\" \/>\n<meta name=\"twitter:label1\" content=\"Tempo estimado de leitura\" \/>\n\t<meta name=\"twitter:data1\" content=\"2 minutos\" \/>\n<script type=\"application\/ld+json\" class=\"yoast-schema-graph\">{\"@context\":\"https:\\\/\\\/schema.org\",\"@graph\":[{\"@type\":\"WebPage\",\"@id\":\"https:\\\/\\\/roteschemies.de\\\/silber-quecksilber\\\/\",\"url\":\"https:\\\/\\\/roteschemies.de\\\/silber-quecksilber\\\/\",\"name\":\"Silber fl\u00fcssiges Quecksilber zu verkaufen | Kaufen Silber Quecksilber -Roteschemie\",\"isPartOf\":{\"@id\":\"https:\\\/\\\/roteschemies.de\\\/#website\"},\"primaryImageOfPage\":{\"@id\":\"https:\\\/\\\/roteschemies.de\\\/silber-quecksilber\\\/#primaryimage\"},\"image\":{\"@id\":\"https:\\\/\\\/roteschemies.de\\\/silber-quecksilber\\\/#primaryimage\"},\"thumbnailUrl\":\"https:\\\/\\\/roteschemies.de\\\/wp-content\\\/uploads\\\/2022\\\/12\\\/G311914095_5606255989420786_1852925251756_n-750x900.jpg\",\"datePublished\":\"2023-07-13T10:32:01+00:00\",\"dateModified\":\"2023-07-13T10:43:21+00:00\",\"description\":\"Silber fl\u00fcssiges Quecksilber zu verkaufen - Roteschemie ist Hersteller von Silber Quecksilber. Unsere Fabrik in Deutschland. Kaufen Sie im Gro\u00dfhandel deutsches Silber Quecksilber.\",\"breadcrumb\":{\"@id\":\"https:\\\/\\\/roteschemies.de\\\/silber-quecksilber\\\/#breadcrumb\"},\"inLanguage\":\"pt-PT\",\"potentialAction\":[{\"@type\":\"ReadAction\",\"target\":[\"https:\\\/\\\/roteschemies.de\\\/silber-quecksilber\\\/\"]}]},{\"@type\":\"ImageObject\",\"inLanguage\":\"pt-PT\",\"@id\":\"https:\\\/\\\/roteschemies.de\\\/silber-quecksilber\\\/#primaryimage\",\"url\":\"https:\\\/\\\/roteschemies.de\\\/wp-content\\\/uploads\\\/2022\\\/12\\\/G311914095_5606255989420786_1852925251756_n-750x900.jpg\",\"contentUrl\":\"https:\\\/\\\/roteschemies.de\\\/wp-content\\\/uploads\\\/2022\\\/12\\\/G311914095_5606255989420786_1852925251756_n-750x900.jpg\"},{\"@type\":\"BreadcrumbList\",\"@id\":\"https:\\\/\\\/roteschemies.de\\\/silber-quecksilber\\\/#breadcrumb\",\"itemListElement\":[{\"@type\":\"ListItem\",\"position\":1,\"name\":\"Home\",\"item\":\"https:\\\/\\\/roteschemies.de\\\/\"},{\"@type\":\"ListItem\",\"position\":2,\"name\":\"Silber Quecksilber\"}]},{\"@type\":\"WebSite\",\"@id\":\"https:\\\/\\\/roteschemies.de\\\/#website\",\"url\":\"https:\\\/\\\/roteschemies.de\\\/\",\"name\":\"Roteschemie\",\"description\":\"Rotes fl&uuml;ssiges Quecksilber, silbernes fl&uuml;ssiges Quecksilber online kaufen\",\"alternateName\":\"roteschemies.de\",\"potentialAction\":[{\"@type\":\"SearchAction\",\"target\":{\"@type\":\"EntryPoint\",\"urlTemplate\":\"https:\\\/\\\/roteschemies.de\\\/?s={search_term_string}\"},\"query-input\":{\"@type\":\"PropertyValueSpecification\",\"valueRequired\":true,\"valueName\":\"search_term_string\"}}],\"inLanguage\":\"pt-PT\"}]}<\/script>\n<!-- \/ Yoast SEO plugin. -->","yoast_head_json":{"title":"Merc\u00fario l\u00edquido de prata para venda | Compre merc\u00fario prateado - qu\u00edmica vermelha","description":"Venda de merc\u00fario l\u00edquido de prata - Roteschemie \u00e9 um fabricante de merc\u00fario de prata. Nossa f\u00e1brica na Alemanha. Compre merc\u00fario prateado alem\u00e3o no atacado.","robots":{"index":"index","follow":"follow","max-snippet":"max-snippet:-1","max-image-preview":"max-image-preview:large","max-video-preview":"max-video-preview:-1"},"canonical":"https:\/\/roteschemies.de\/pt\/mercurio-prateado\/","og_locale":"pt_PT","og_type":"article","og_title":"Silber fl\u00fcssiges Quecksilber zu verkaufen | Kaufen Silber Quecksilber -Roteschemie","og_description":"Silber fl\u00fcssiges Quecksilber zu verkaufen - Roteschemie ist Hersteller von Silber Quecksilber. Unsere Fabrik in Deutschland. Kaufen Sie im Gro\u00dfhandel deutsches Silber Quecksilber.","og_url":"https:\/\/roteschemies.de\/pt\/mercurio-prateado\/","og_site_name":"Roteschemie","article_modified_time":"2023-07-13T10:43:21+00:00","og_image":[{"url":"https:\/\/roteschemies.de\/wp-content\/uploads\/2022\/12\/G311914095_5606255989420786_1852925251756_n-750x900.jpg","type":"","width":"","height":""}],"twitter_card":"summary_large_image","twitter_misc":{"Tempo estimado de leitura":"2 minutos"},"schema":{"@context":"https:\/\/schema.org","@graph":[{"@type":"WebPage","@id":"https:\/\/roteschemies.de\/silber-quecksilber\/","url":"https:\/\/roteschemies.de\/silber-quecksilber\/","name":"Merc\u00fario l\u00edquido de prata para venda | Compre merc\u00fario prateado - qu\u00edmica vermelha","isPartOf":{"@id":"https:\/\/roteschemies.de\/#website"},"primaryImageOfPage":{"@id":"https:\/\/roteschemies.de\/silber-quecksilber\/#primaryimage"},"image":{"@id":"https:\/\/roteschemies.de\/silber-quecksilber\/#primaryimage"},"thumbnailUrl":"https:\/\/roteschemies.de\/wp-content\/uploads\/2022\/12\/G311914095_5606255989420786_1852925251756_n-750x900.jpg","datePublished":"2023-07-13T10:32:01+00:00","dateModified":"2023-07-13T10:43:21+00:00","description":"Venda de merc\u00fario l\u00edquido de prata - Roteschemie \u00e9 um fabricante de merc\u00fario de prata. Nossa f\u00e1brica na Alemanha. Compre merc\u00fario prateado alem\u00e3o no atacado.","breadcrumb":{"@id":"https:\/\/roteschemies.de\/silber-quecksilber\/#breadcrumb"},"inLanguage":"pt-PT","potentialAction":[{"@type":"ReadAction","target":["https:\/\/roteschemies.de\/silber-quecksilber\/"]}]},{"@type":"ImageObject","inLanguage":"pt-PT","@id":"https:\/\/roteschemies.de\/silber-quecksilber\/#primaryimage","url":"https:\/\/roteschemies.de\/wp-content\/uploads\/2022\/12\/G311914095_5606255989420786_1852925251756_n-750x900.jpg","contentUrl":"https:\/\/roteschemies.de\/wp-content\/uploads\/2022\/12\/G311914095_5606255989420786_1852925251756_n-750x900.jpg"},{"@type":"BreadcrumbList","@id":"https:\/\/roteschemies.de\/silber-quecksilber\/#breadcrumb","itemListElement":[{"@type":"ListItem","position":1,"name":"Home","item":"https:\/\/roteschemies.de\/"},{"@type":"ListItem","position":2,"name":"Silber Quecksilber"}]},{"@type":"WebSite","@id":"https:\/\/roteschemies.de\/#website","url":"https:\/\/roteschemies.de\/","name":"qu\u00edmica vermelha","description":"Compre Merc\u00fario L\u00edquido Vermelho, Merc\u00fario L\u00edquido Prateado online","alternateName":"roteschemies.de","potentialAction":[{"@type":"SearchAction","target":{"@type":"EntryPoint","urlTemplate":"https:\/\/roteschemies.de\/?s={search_term_string}"},"query-input":{"@type":"PropertyValueSpecification","valueRequired":true,"valueName":"search_term_string"}}],"inLanguage":"pt-PT"}]}},"_links":{"self":[{"href":"https:\/\/roteschemies.de\/pt\/wp-json\/wp\/v2\/pages\/5249","targetHints":{"allow":["GET"]}}],"collection":[{"href":"https:\/\/roteschemies.de\/pt\/wp-json\/wp\/v2\/pages"}],"about":[{"href":"https:\/\/roteschemies.de\/pt\/wp-json\/wp\/v2\/types\/page"}],"author":[{"embeddable":true,"href":"https:\/\/roteschemies.de\/pt\/wp-json\/wp\/v2\/users\/1"}],"replies":[{"embeddable":true,"href":"https:\/\/roteschemies.de\/pt\/wp-json\/wp\/v2\/comments?post=5249"}],"version-history":[{"count":0,"href":"https:\/\/roteschemies.de\/pt\/wp-json\/wp\/v2\/pages\/5249\/revisions"}],"wp:attachment":[{"href":"https:\/\/roteschemies.de\/pt\/wp-json\/wp\/v2\/media?parent=5249"}],"curies":[{"name":"wp","href":"https:\/\/api.w.org\/{rel}","templated":true}]}}