{"id":5255,"date":"2023-07-13T10:34:44","date_gmt":"2023-07-13T10:34:44","guid":{"rendered":"https:\/\/roteschemies.de\/?page_id=5255"},"modified":"2023-07-13T10:44:33","modified_gmt":"2023-07-13T10:44:33","slug":"caluanie-muelear-oxidieren","status":"publish","type":"page","link":"https:\/\/roteschemies.de\/pt\/caluanie-muelear-oxidieren\/","title":{"rendered":"Caluanie Muelear Oxidieren"},"content":{"rendered":"<div data-elementor-type=\"wp-page\" data-elementor-id=\"5255\" class=\"elementor elementor-5255\">\n\t\t\t\t        <section class=\"elementor-section elementor-top-section elementor-element elementor-element-1d0f1677 elementor-section-boxed elementor-section-height-default elementor-section-height-default ct-header-fixed-none ct-row-max-none\" data-id=\"1d0f1677\" data-element_type=\"section\" data-e-type=\"section\">\n            \n                        <div class=\"elementor-container elementor-column-gap-default\">\n                    <div class=\"elementor-column elementor-col-50 elementor-top-column elementor-element elementor-element-5fbce4d3\" data-id=\"5fbce4d3\" data-element_type=\"column\" data-e-type=\"column\">\n        <div class=\"elementor-widget-wrap elementor-element-populated\">\n                    \n        \t\t<div class=\"elementor-element elementor-element-20879de7 elementor-widget elementor-widget-ct_image\" data-id=\"20879de7\" data-element_type=\"widget\" data-e-type=\"widget\" data-widget_type=\"ct_image.default\">\n\t\t\t\t<div class=\"elementor-widget-container\">\n\t\t\t\t\t<div class=\"ct-image-single img-type-img ct-no-effect\" data-wow-delay=\"ms\">\r\n                        <img fetchpriority=\"high\" decoding=\"async\" class=\"\" src=\"https:\/\/roteschemies.de\/wp-content\/uploads\/2022\/12\/H-Caluanie-Muelear-Oxidize-1707x2100.jpg\" width=\"1707\" height=\"2100\" alt=\"H-Caluanie Muelear Oxidize\" title=\"H-Caluanie Muelear Oxidize\" \/>            <\/div>\t\t\t\t<\/div>\n\t\t\t\t<\/div>\n\t\t            <\/div>\n        <\/div>\n                <div class=\"elementor-column elementor-col-50 elementor-top-column elementor-element elementor-element-65204e29\" data-id=\"65204e29\" data-element_type=\"column\" data-e-type=\"column\">\n        <div class=\"elementor-widget-wrap elementor-element-populated\">\n                    \n        \t\t<div class=\"elementor-element elementor-element-4fc636f3 elementor-widget elementor-widget-ct_heading\" data-id=\"4fc636f3\" data-element_type=\"widget\" data-e-type=\"widget\" data-widget_type=\"ct_heading.default\">\n\t\t\t\t<div class=\"elementor-widget-container\">\n\t\t\t\t\t<div id=\"ct_heading-4fc636f3\" class=\"ct-heading h-align- sub-style1 ct-heading-left item-st-line-left2\">\r\n\t<div class=\"ct-item--inner\">\r\n        <div class=\"ct-inline-css\"  data-css=\"            \">\r\n        <\/div>\r\n                <h5 class=\"item--title st-line-left2 case-animate-time\" data-wow-delay=\"ms\">\r\n                        <span class=\"sp-main\">\r\n                                    <i><\/i>\r\n                \r\n                Atacado Caluanie Muelear Oxidize\n\r\n                \r\n                            <\/span>\r\n                    <\/h5>\r\n    <\/div>\r\n<\/div>\t\t\t\t<\/div>\n\t\t\t\t<\/div>\n\t\t\t\t<div class=\"elementor-element elementor-element-26547d1d elementor-widget elementor-widget-text-editor\" data-id=\"26547d1d\" data-element_type=\"widget\" data-e-type=\"widget\" data-widget_type=\"text-editor.default\">\n\t\t\t\t<div class=\"elementor-widget-container\">\n\t\t\t\t\t\t\t\t\t<p>Atacado Caluanie Muelear Oxidize<br \/>H\u00e1 uma d\u00e9cada que produzimos Caluanie Muelear Oxidize da mais alta qualidade aqui na Alemanha. Na ind\u00fastria qu\u00edmica, esta subst\u00e2ncia \u00e9 utilizada para triturar metais preciosos e pedras semipreciosas. Isso torna mais f\u00e1cil quebrar as unhas com as m\u00e3os nuas ap\u00f3s uma imers\u00e3o de 10 a 20 segundos. A \u00e1gua pesada altera as propriedades do metal, tornando-o quebradi\u00e7o.<\/p><p>Vantagens competitivas de comprar no atacado de n\u00f3s: <br \/>-Bom e controle de alta qualidade <br \/>-Entrega r\u00e1pida <br \/>-Design e logotipo do cliente s\u00e3o bem-vindos <br \/>-Pre\u00e7os competitivos<br \/>-Produtos ecologicamente corretos<br \/>- Pedidos pequenos aceit\u00e1veis<br \/>-OEM Aceito<br \/>Detalhes de empacotamento: <br \/>Recipiente (5 litros, 10 litros, 15 litros, 20 litros)<br \/>Porto de entrega: Qualquer porto seguro em todo o mundo<br \/>Pre\u00e7o FOB: Consultar<br \/>Quantidade m\u00ednima de pedido: 5L<br \/>Prazo de entrega: \u00c1sia 10 dias \u00fateis, Europa 7 dias \u00fateis, Am\u00e9rica 5 dias \u00fateis e \u00c1frica 15 dias \u00fateis.<\/p>\t\t\t\t\t\t\t\t<\/div>\n\t\t\t\t<\/div>\n\t\t            <\/div>\n        <\/div>\n                    <\/div>\n        <\/section>\n                <section class=\"elementor-section elementor-top-section elementor-element elementor-element-79e731c7 elementor-section-boxed elementor-section-height-default elementor-section-height-default ct-header-fixed-none ct-row-max-none\" data-id=\"79e731c7\" data-element_type=\"section\" data-e-type=\"section\">\n            \n                        <div class=\"elementor-container elementor-column-gap-default\">\n                    <div class=\"elementor-column elementor-col-100 elementor-top-column elementor-element elementor-element-2248aecb\" data-id=\"2248aecb\" data-element_type=\"column\" data-e-type=\"column\">\n        <div class=\"elementor-widget-wrap elementor-element-populated\">\n                    \n        \t\t<div class=\"elementor-element elementor-element-9d1a5db elementor-align-center elementor-widget elementor-widget-ct_button\" data-id=\"9d1a5db\" data-element_type=\"widget\" data-e-type=\"widget\" data-widget_type=\"ct_button.default\">\n\t\t\t\t<div class=\"elementor-widget-container\">\n\t\t\t\t\t<div id=\"ct_button-9d1a5db\" class=\"ct-button-wrapper ct-button-layout1 icon- btn--inline\">\r\n    <div class=\"ct-inline-css\"  data-css=\"        \">\r\n    <\/div>\r\n            <span class=\"ct-icon-active\"><\/span>\r\n        <a href=\"http:\/\/roteschemies.de\/pt\/contato\/\" class=\"btn btn-default icon-active btn-inline-block\" data-wow-delay=\"ms\">\r\n                            <span class=\"ct-button-icon ct-align-icon-\">\r\n                            <\/span>\r\n                <span class=\"ct-button-text\">comprar no atacado<\/span>\r\n    <\/a>\r\n<\/div>\t\t\t\t<\/div>\n\t\t\t\t<\/div>\n\t\t            <\/div>\n        <\/div>\n                    <\/div>\n        <\/section>\n        \t\t<\/div>","protected":false},"excerpt":{"rendered":"<p>Gro\u00dfhandel Caluanie Muelear Oxidize Gro\u00dfhandel Caluanie Muelear Oxidize Seit einem Jahrzehnt produzieren wir hier in Deutschland Caluanie Muelear Oxidize in h\u00f6chster Qualit\u00e4t. In der chemischen Industrie wird diese Substanz verwendet, um Edelmetalle und Halbedelsteine zu zerkleinern. So lassen sich N\u00e4gel nach einem 10- bis 20-sek\u00fcndigen Eintauchen leichter mit blo\u00dfen H\u00e4nden brechen. Die Eigenschaften des Metalls [&hellip;]<\/p>\n","protected":false},"author":1,"featured_media":0,"parent":0,"menu_order":0,"comment_status":"closed","ping_status":"closed","template":"","meta":{"footnotes":""},"class_list":["post-5255","page","type-page","status-publish","hentry"],"yoast_head":"<!-- This site is optimized with the Yoast SEO plugin v27.4 - https:\/\/yoast.com\/product\/yoast-seo-wordpress\/ -->\n<title>Caluanie Muelear Oxidieren zu verkaufen | Kaufen Caluanie Muelear Oxidieren-Roteschemie<\/title>\n<meta name=\"description\" content=\"Caluanie Muelear Oxidieren zu verkaufen - Roteschemie ist Hersteller von caluanie muelear oxidieren. Kaufen Sie im Gro\u00dfhandel deutsches caluanie muelear oxidieren.\" \/>\n<meta name=\"robots\" content=\"index, follow, max-snippet:-1, max-image-preview:large, max-video-preview:-1\" \/>\n<link rel=\"canonical\" href=\"https:\/\/roteschemies.de\/pt\/caluanie-muelear-oxidieren\/\" \/>\n<meta property=\"og:locale\" content=\"pt_PT\" \/>\n<meta property=\"og:type\" content=\"article\" \/>\n<meta property=\"og:title\" content=\"Caluanie Muelear Oxidieren zu verkaufen | Kaufen Caluanie Muelear Oxidieren-Roteschemie\" \/>\n<meta property=\"og:description\" content=\"Caluanie Muelear Oxidieren zu verkaufen - Roteschemie ist Hersteller von caluanie muelear oxidieren. Kaufen Sie im Gro\u00dfhandel deutsches caluanie muelear oxidieren.\" \/>\n<meta property=\"og:url\" content=\"https:\/\/roteschemies.de\/pt\/caluanie-muelear-oxidieren\/\" \/>\n<meta property=\"og:site_name\" content=\"Roteschemie\" \/>\n<meta property=\"article:modified_time\" content=\"2023-07-13T10:44:33+00:00\" \/>\n<meta property=\"og:image\" content=\"https:\/\/roteschemies.de\/wp-content\/uploads\/2022\/12\/H-Caluanie-Muelear-Oxidize-1707x2100.jpg\" \/>\n<meta name=\"twitter:card\" content=\"summary_large_image\" \/>\n<meta name=\"twitter:label1\" content=\"Tempo estimado de leitura\" \/>\n\t<meta name=\"twitter:data1\" content=\"1 minuto\" \/>\n<script type=\"application\/ld+json\" class=\"yoast-schema-graph\">{\"@context\":\"https:\\\/\\\/schema.org\",\"@graph\":[{\"@type\":\"WebPage\",\"@id\":\"https:\\\/\\\/roteschemies.de\\\/caluanie-muelear-oxidieren\\\/\",\"url\":\"https:\\\/\\\/roteschemies.de\\\/caluanie-muelear-oxidieren\\\/\",\"name\":\"Caluanie Muelear Oxidieren zu verkaufen | Kaufen Caluanie Muelear Oxidieren-Roteschemie\",\"isPartOf\":{\"@id\":\"https:\\\/\\\/roteschemies.de\\\/#website\"},\"primaryImageOfPage\":{\"@id\":\"https:\\\/\\\/roteschemies.de\\\/caluanie-muelear-oxidieren\\\/#primaryimage\"},\"image\":{\"@id\":\"https:\\\/\\\/roteschemies.de\\\/caluanie-muelear-oxidieren\\\/#primaryimage\"},\"thumbnailUrl\":\"https:\\\/\\\/roteschemies.de\\\/wp-content\\\/uploads\\\/2022\\\/12\\\/H-Caluanie-Muelear-Oxidize-1707x2100.jpg\",\"datePublished\":\"2023-07-13T10:34:44+00:00\",\"dateModified\":\"2023-07-13T10:44:33+00:00\",\"description\":\"Caluanie Muelear Oxidieren zu verkaufen - Roteschemie ist Hersteller von caluanie muelear oxidieren. Kaufen Sie im Gro\u00dfhandel deutsches caluanie muelear oxidieren.\",\"breadcrumb\":{\"@id\":\"https:\\\/\\\/roteschemies.de\\\/caluanie-muelear-oxidieren\\\/#breadcrumb\"},\"inLanguage\":\"pt-PT\",\"potentialAction\":[{\"@type\":\"ReadAction\",\"target\":[\"https:\\\/\\\/roteschemies.de\\\/caluanie-muelear-oxidieren\\\/\"]}]},{\"@type\":\"ImageObject\",\"inLanguage\":\"pt-PT\",\"@id\":\"https:\\\/\\\/roteschemies.de\\\/caluanie-muelear-oxidieren\\\/#primaryimage\",\"url\":\"https:\\\/\\\/roteschemies.de\\\/wp-content\\\/uploads\\\/2022\\\/12\\\/H-Caluanie-Muelear-Oxidize-1707x2100.jpg\",\"contentUrl\":\"https:\\\/\\\/roteschemies.de\\\/wp-content\\\/uploads\\\/2022\\\/12\\\/H-Caluanie-Muelear-Oxidize-1707x2100.jpg\"},{\"@type\":\"BreadcrumbList\",\"@id\":\"https:\\\/\\\/roteschemies.de\\\/caluanie-muelear-oxidieren\\\/#breadcrumb\",\"itemListElement\":[{\"@type\":\"ListItem\",\"position\":1,\"name\":\"Home\",\"item\":\"https:\\\/\\\/roteschemies.de\\\/\"},{\"@type\":\"ListItem\",\"position\":2,\"name\":\"Caluanie Muelear Oxidieren\"}]},{\"@type\":\"WebSite\",\"@id\":\"https:\\\/\\\/roteschemies.de\\\/#website\",\"url\":\"https:\\\/\\\/roteschemies.de\\\/\",\"name\":\"Roteschemie\",\"description\":\"Rotes fl&uuml;ssiges Quecksilber, silbernes fl&uuml;ssiges Quecksilber online kaufen\",\"alternateName\":\"roteschemies.de\",\"potentialAction\":[{\"@type\":\"SearchAction\",\"target\":{\"@type\":\"EntryPoint\",\"urlTemplate\":\"https:\\\/\\\/roteschemies.de\\\/?s={search_term_string}\"},\"query-input\":{\"@type\":\"PropertyValueSpecification\",\"valueRequired\":true,\"valueName\":\"search_term_string\"}}],\"inLanguage\":\"pt-PT\"}]}<\/script>\n<!-- \/ Yoast SEO plugin. -->","yoast_head_json":{"title":"Caluanie Muelear Oxidieren zu verkaufen | Kaufen Caluanie Muelear Oxidieren-Roteschemie","description":"Caluanie Muelear Oxidieren zu verkaufen - Roteschemie ist Hersteller von caluanie muelear oxidieren. Kaufen Sie im Gro\u00dfhandel deutsches caluanie muelear oxidieren.","robots":{"index":"index","follow":"follow","max-snippet":"max-snippet:-1","max-image-preview":"max-image-preview:large","max-video-preview":"max-video-preview:-1"},"canonical":"https:\/\/roteschemies.de\/pt\/caluanie-muelear-oxidieren\/","og_locale":"pt_PT","og_type":"article","og_title":"Caluanie Muelear Oxidieren zu verkaufen | Kaufen Caluanie Muelear Oxidieren-Roteschemie","og_description":"Caluanie Muelear Oxidieren zu verkaufen - Roteschemie ist Hersteller von caluanie muelear oxidieren. Kaufen Sie im Gro\u00dfhandel deutsches caluanie muelear oxidieren.","og_url":"https:\/\/roteschemies.de\/pt\/caluanie-muelear-oxidieren\/","og_site_name":"Roteschemie","article_modified_time":"2023-07-13T10:44:33+00:00","og_image":[{"url":"https:\/\/roteschemies.de\/wp-content\/uploads\/2022\/12\/H-Caluanie-Muelear-Oxidize-1707x2100.jpg","type":"","width":"","height":""}],"twitter_card":"summary_large_image","twitter_misc":{"Tempo estimado de leitura":"1 minuto"},"schema":{"@context":"https:\/\/schema.org","@graph":[{"@type":"WebPage","@id":"https:\/\/roteschemies.de\/caluanie-muelear-oxidieren\/","url":"https:\/\/roteschemies.de\/caluanie-muelear-oxidieren\/","name":"Caluanie Muelear Oxidieren zu verkaufen | Kaufen Caluanie Muelear Oxidieren-Roteschemie","isPartOf":{"@id":"https:\/\/roteschemies.de\/#website"},"primaryImageOfPage":{"@id":"https:\/\/roteschemies.de\/caluanie-muelear-oxidieren\/#primaryimage"},"image":{"@id":"https:\/\/roteschemies.de\/caluanie-muelear-oxidieren\/#primaryimage"},"thumbnailUrl":"https:\/\/roteschemies.de\/wp-content\/uploads\/2022\/12\/H-Caluanie-Muelear-Oxidize-1707x2100.jpg","datePublished":"2023-07-13T10:34:44+00:00","dateModified":"2023-07-13T10:44:33+00:00","description":"Caluanie Muelear Oxidieren zu verkaufen - Roteschemie ist Hersteller von caluanie muelear oxidieren. Kaufen Sie im Gro\u00dfhandel deutsches caluanie muelear oxidieren.","breadcrumb":{"@id":"https:\/\/roteschemies.de\/caluanie-muelear-oxidieren\/#breadcrumb"},"inLanguage":"pt-PT","potentialAction":[{"@type":"ReadAction","target":["https:\/\/roteschemies.de\/caluanie-muelear-oxidieren\/"]}]},{"@type":"ImageObject","inLanguage":"pt-PT","@id":"https:\/\/roteschemies.de\/caluanie-muelear-oxidieren\/#primaryimage","url":"https:\/\/roteschemies.de\/wp-content\/uploads\/2022\/12\/H-Caluanie-Muelear-Oxidize-1707x2100.jpg","contentUrl":"https:\/\/roteschemies.de\/wp-content\/uploads\/2022\/12\/H-Caluanie-Muelear-Oxidize-1707x2100.jpg"},{"@type":"BreadcrumbList","@id":"https:\/\/roteschemies.de\/caluanie-muelear-oxidieren\/#breadcrumb","itemListElement":[{"@type":"ListItem","position":1,"name":"Home","item":"https:\/\/roteschemies.de\/"},{"@type":"ListItem","position":2,"name":"Caluanie Muelear Oxidieren"}]},{"@type":"WebSite","@id":"https:\/\/roteschemies.de\/#website","url":"https:\/\/roteschemies.de\/","name":"qu\u00edmica vermelha","description":"Compre Merc\u00fario L\u00edquido Vermelho, Merc\u00fario L\u00edquido Prateado online","alternateName":"roteschemies.de","potentialAction":[{"@type":"SearchAction","target":{"@type":"EntryPoint","urlTemplate":"https:\/\/roteschemies.de\/?s={search_term_string}"},"query-input":{"@type":"PropertyValueSpecification","valueRequired":true,"valueName":"search_term_string"}}],"inLanguage":"pt-PT"}]}},"_links":{"self":[{"href":"https:\/\/roteschemies.de\/pt\/wp-json\/wp\/v2\/pages\/5255","targetHints":{"allow":["GET"]}}],"collection":[{"href":"https:\/\/roteschemies.de\/pt\/wp-json\/wp\/v2\/pages"}],"about":[{"href":"https:\/\/roteschemies.de\/pt\/wp-json\/wp\/v2\/types\/page"}],"author":[{"embeddable":true,"href":"https:\/\/roteschemies.de\/pt\/wp-json\/wp\/v2\/users\/1"}],"replies":[{"embeddable":true,"href":"https:\/\/roteschemies.de\/pt\/wp-json\/wp\/v2\/comments?post=5255"}],"version-history":[{"count":0,"href":"https:\/\/roteschemies.de\/pt\/wp-json\/wp\/v2\/pages\/5255\/revisions"}],"wp:attachment":[{"href":"https:\/\/roteschemies.de\/pt\/wp-json\/wp\/v2\/media?parent=5255"}],"curies":[{"name":"wp","href":"https:\/\/api.w.org\/{rel}","templated":true}]}}