{"id":5149,"date":"2022-12-21T10:57:43","date_gmt":"2022-12-21T10:57:43","guid":{"rendered":"http:\/\/roteschemies.de\/?page_id=5149"},"modified":"2026-03-22T15:56:22","modified_gmt":"2026-03-22T15:56:22","slug":"\u043e\u043f\u0442\u043e\u0432\u0430\u044f","status":"publish","type":"page","link":"https:\/\/roteschemies.de\/ru\/\u043e\u043f\u0442\u043e\u0432\u0430\u044f\/","title":{"rendered":"\u041e\u043f\u0442\u043e\u0432\u0430\u044f"},"content":{"rendered":"<div data-elementor-type=\"wp-page\" data-elementor-id=\"5149\" class=\"elementor elementor-5149\">\n\t\t\t\t        <section class=\"elementor-section elementor-top-section elementor-element elementor-element-e53b12b elementor-section-boxed elementor-section-height-default elementor-section-height-default ct-header-fixed-none ct-row-max-none\" data-id=\"e53b12b\" data-element_type=\"section\" data-e-type=\"section\">\n            \n                        <div class=\"elementor-container elementor-column-gap-default\">\n                    <div class=\"elementor-column elementor-col-100 elementor-top-column elementor-element elementor-element-87dd99c\" data-id=\"87dd99c\" data-element_type=\"column\" data-e-type=\"column\">\n        <div class=\"elementor-widget-wrap elementor-element-populated\">\n                    \n        \t\t<div class=\"elementor-element elementor-element-16288c6 elementor-widget elementor-widget-text-editor\" data-id=\"16288c6\" data-element_type=\"widget\" data-e-type=\"widget\" data-widget_type=\"text-editor.default\">\n\t\t\t\t<div class=\"elementor-widget-container\">\n\t\t\t\t\t\t\t\t\t<p>Roteschemie \u043f\u0440\u0435\u0434\u043b\u0430\u0433\u0430\u0435\u0442 \u043d\u0435\u043c\u0435\u0446\u043a\u0443\u044e \u043a\u0440\u0430\u0441\u043d\u0443\u044e \u0440\u0442\u0443\u0442\u044c 20\/20 258 99.9999999% (N9)\/(N5)\/(7N), \u043d\u043e\u0432\u0443\u044e \u0436\u0438\u0434\u043a\u0443\u044e \u0440\u0442\u0443\u0442\u044c 99.99% \u0438 \u043e\u043a\u0438\u0441\u043b\u0438\u0442\u0435\u043b\u044c Caluanie Muelear \u043e\u043f\u0442\u043e\u043c. \u041f\u0440\u0435\u0434\u043b\u043e\u0436\u0435\u043d\u0438\u0435 \u0431\u0443\u0434\u0435\u0442 \u043f\u0440\u0435\u0434\u043e\u0441\u0442\u0430\u0432\u043b\u0435\u043d\u043e \u0432 \u0441\u043e\u043e\u0442\u0432\u0435\u0442\u0441\u0442\u0432\u0438\u0438 \u0441 \u0432\u0430\u0448\u0438\u043c\u0438 \u0442\u0440\u0435\u0431\u043e\u0432\u0430\u043d\u0438\u044f\u043c\u0438. \u0417\u0430\u043f\u043e\u043b\u043d\u0438\u0442\u0435 \u0444\u043e\u0440\u043c\u0443 \u043d\u0438\u0436\u0435, \u0447\u0442\u043e\u0431\u044b \u043f\u043e\u043b\u0443\u0447\u0438\u0442\u044c \u0446\u0438\u0442\u0430\u0442\u0443.<\/p>\t\t\t\t\t\t\t\t<\/div>\n\t\t\t\t<\/div>\n\t\t            <\/div>\n        <\/div>\n                    <\/div>\n        <\/section>\n                <section class=\"elementor-section elementor-top-section elementor-element elementor-element-e8841d6 elementor-section-boxed elementor-section-height-default elementor-section-height-default ct-header-fixed-none ct-row-max-none\" data-id=\"e8841d6\" data-element_type=\"section\" data-e-type=\"section\">\n            \n                        <div class=\"elementor-container elementor-column-gap-default\">\n                    <div class=\"elementor-column elementor-col-33 elementor-top-column elementor-element elementor-element-8aebf0e\" data-id=\"8aebf0e\" data-element_type=\"column\" data-e-type=\"column\">\n        <div class=\"elementor-widget-wrap elementor-element-populated\">\n                    \n        \t\t<div class=\"elementor-element elementor-element-06335b5 elementor-widget elementor-widget-ct_image\" data-id=\"06335b5\" data-element_type=\"widget\" data-e-type=\"widget\" data-widget_type=\"ct_image.default\">\n\t\t\t\t<div class=\"elementor-widget-container\">\n\t\t\t\t\t<div class=\"ct-image-single img-type-img ct-no-effect\" data-wow-delay=\"ms\">\r\n                        <img fetchpriority=\"high\" decoding=\"async\" width=\"640\" height=\"768\" src=\"https:\/\/roteschemies.de\/wp-content\/uploads\/2026\/03\/003111701_999032237045322_6450181290043221509001_n1.jpg\" class=\"attachment-full\" alt=\"\" \/>            <\/div>\t\t\t\t<\/div>\n\t\t\t\t<\/div>\n\t\t            <\/div>\n        <\/div>\n                <div class=\"elementor-column elementor-col-33 elementor-top-column elementor-element elementor-element-60ef4c6\" data-id=\"60ef4c6\" data-element_type=\"column\" data-e-type=\"column\">\n        <div class=\"elementor-widget-wrap elementor-element-populated\">\n                    \n        \t\t<div class=\"elementor-element elementor-element-968aaa1 elementor-widget elementor-widget-ct_image\" data-id=\"968aaa1\" data-element_type=\"widget\" data-e-type=\"widget\" data-widget_type=\"ct_image.default\">\n\t\t\t\t<div class=\"elementor-widget-container\">\n\t\t\t\t\t<div class=\"ct-image-single img-type-img ct-no-effect\" data-wow-delay=\"ms\">\r\n                        <img decoding=\"async\" width=\"640\" height=\"768\" src=\"https:\/\/roteschemies.de\/wp-content\/uploads\/2022\/12\/003111701_999032237045322_6450181290043221509005_n1.jpg\" class=\"attachment-full\" alt=\"\" \/>            <\/div>\t\t\t\t<\/div>\n\t\t\t\t<\/div>\n\t\t            <\/div>\n        <\/div>\n                <div class=\"elementor-column elementor-col-33 elementor-top-column elementor-element elementor-element-2819662\" data-id=\"2819662\" data-element_type=\"column\" data-e-type=\"column\">\n        <div class=\"elementor-widget-wrap elementor-element-populated\">\n                    \n        \t\t<div class=\"elementor-element elementor-element-71e370d elementor-widget elementor-widget-ct_image\" data-id=\"71e370d\" data-element_type=\"widget\" data-e-type=\"widget\" data-widget_type=\"ct_image.default\">\n\t\t\t\t<div class=\"elementor-widget-container\">\n\t\t\t\t\t<div class=\"ct-image-single img-type-img ct-no-effect\" data-wow-delay=\"ms\">\r\n                        <img decoding=\"async\" width=\"640\" height=\"768\" src=\"https:\/\/roteschemies.de\/wp-content\/uploads\/2022\/12\/3b3142c2-00c7-4ca9-a1bb-755332f25c00.jpg\" class=\"attachment-full\" alt=\"\" \/>            <\/div>\t\t\t\t<\/div>\n\t\t\t\t<\/div>\n\t\t            <\/div>\n        <\/div>\n                    <\/div>\n        <\/section>\n                <section class=\"elementor-section elementor-top-section elementor-element elementor-element-9786a9d elementor-section-boxed elementor-section-height-default elementor-section-height-default ct-header-fixed-none ct-row-max-none\" data-id=\"9786a9d\" data-element_type=\"section\" data-e-type=\"section\">\n            \n                        <div class=\"elementor-container elementor-column-gap-default\">\n                    <div class=\"elementor-column elementor-col-100 elementor-top-column elementor-element elementor-element-e1c64e6\" data-id=\"e1c64e6\" data-element_type=\"column\" data-e-type=\"column\">\n        <div class=\"elementor-widget-wrap elementor-element-populated\">\n                    \n        \t\t<div class=\"elementor-element elementor-element-c60f6b6 elementor-widget elementor-widget-ct_heading\" data-id=\"c60f6b6\" data-element_type=\"widget\" data-e-type=\"widget\" data-widget_type=\"ct_heading.default\">\n\t\t\t\t<div class=\"elementor-widget-container\">\n\t\t\t\t\t<div id=\"ct_heading-c60f6b6\" class=\"ct-heading h-align-center sub-style1 ct-heading-left item-st-line-bottom1\">\r\n\t<div class=\"ct-item--inner\">\r\n        <div class=\"ct-inline-css\"  data-css=\"            \">\r\n        <\/div>\r\n                <h3 class=\"item--title st-line-bottom1 case-animate-time\" data-wow-delay=\"ms\">\r\n                        <span class=\"sp-main\">\r\n                \r\n                \u041a\u043e\u043d\u0442\u0430\u043a\u0442\r\n                \r\n                            <\/span>\r\n                            <div class=\"ct-heading-divider\"><span><\/span><\/div>\r\n                    <\/h3>\r\n    <\/div>\r\n<\/div>\t\t\t\t<\/div>\n\t\t\t\t<\/div>\n\t\t            <\/div>\n        <\/div>\n                    <\/div>\n        <\/section>\n                <section class=\"elementor-section elementor-top-section elementor-element elementor-element-21914e3 elementor-section-boxed elementor-section-height-default elementor-section-height-default ct-header-fixed-none ct-row-max-none\" data-id=\"21914e3\" data-element_type=\"section\" data-e-type=\"section\">\n            \n                        <div class=\"elementor-container elementor-column-gap-extended\">\n                    <div class=\"elementor-column elementor-col-33 elementor-top-column elementor-element elementor-element-f59f9c5\" data-id=\"f59f9c5\" data-element_type=\"column\" data-e-type=\"column\">\n        <div class=\"elementor-widget-wrap elementor-element-populated\">\n                    \n        \t\t<div class=\"elementor-element elementor-element-5015537 elementor-widget elementor-widget-ct_contact_info\" data-id=\"5015537\" data-element_type=\"widget\" data-e-type=\"widget\" data-widget_type=\"ct_contact_info.default\">\n\t\t\t\t<div class=\"elementor-widget-container\">\n\t\t\t\t\t    <ul id=\"ct_contact_info-5015537\" class=\"ct-contact-info ct-contact-info1 style1\">\r\n        <div class=\"ct-inline-css\"  data-css=\"            \">\r\n\r\n        <\/div>\r\n                    <li>\r\n            \t\t\t\t        <span class=\"ct-contact-icon\">\r\n\t\t                <i aria-hidden=\"true\" class=\"fas fa-address-card\"><\/i>\t\t                \t\t\t        <\/span>\r\n\t\t\t                                                        <span class=\"ct-contact-content\">\r\n                       \u041d\u043e\u0439\u0435\u043d\u0433\u0430\u043c\u043c\u0435 \u0413\u0430\u043c\u0431\u0443\u0440\u0433, \u0413\u0435\u0440\u043c\u0430\u043d\u0438\u044f                    <\/span>\r\n                           <\/li>\r\n                    <li>\r\n            \t\t\t\t        <span class=\"ct-contact-icon\">\r\n\t\t                <i aria-hidden=\"true\" class=\"fab fa-whatsapp-square\"><\/i>\t\t                \t\t\t        <\/span>\r\n\t\t\t                                                        <span class=\"ct-contact-content\">\r\n                       +49 1521 2400186                    <\/span>\r\n                           <\/li>\r\n                    <li>\r\n            \t\t\t\t        <span class=\"ct-contact-icon\">\r\n\t\t                <i aria-hidden=\"true\" class=\"material zmdi zmdi-email\"><\/i>\t\t                \t\t\t        <\/span>\r\n\t\t\t                                                        <span class=\"ct-contact-content\">\r\n                       verkauf@roteschemies.de                     <\/span>\r\n                           <\/li>\r\n            <\/ul>\r\n\t\t\t\t<\/div>\n\t\t\t\t<\/div>\n\t\t            <\/div>\n        <\/div>\n                <div class=\"elementor-column elementor-col-66 elementor-top-column elementor-element elementor-element-f2847fd\" data-id=\"f2847fd\" data-element_type=\"column\" data-e-type=\"column\">\n        <div class=\"elementor-widget-wrap elementor-element-populated\">\n                    \n        \t\t<div class=\"elementor-element elementor-element-716dafa elementor-widget elementor-widget-ct_ctf7\" data-id=\"716dafa\" data-element_type=\"widget\" data-e-type=\"widget\" data-widget_type=\"ct_ctf7.default\">\n\t\t\t\t<div class=\"elementor-widget-container\">\n\t\t\t\t\t    <div class=\"ct-contact-form-layout1 style4\">\r\n                <div class=\"ct-contact-form-inner\">\r\n        \t            <div class=\"ct-contact-form\">\r\n                \n<div class=\"wpcf7 no-js\" id=\"wpcf7-f3851-o1\" lang=\"en-US\" dir=\"ltr\" data-wpcf7-id=\"3851\">\n<div class=\"screen-reader-response\"><p role=\"status\" aria-live=\"polite\" aria-atomic=\"true\"><\/p> <ul><\/ul><\/div>\n<form action=\"\/ru\/wp-json\/wp\/v2\/pages\/5149#wpcf7-f3851-o1\" method=\"post\" class=\"wpcf7-form init cf7mls-no-scroll cf7mls-no-moving-animation\" aria-label=\"\u041a\u043e\u043d\u0442\u0430\u043a\u0442\u043d\u0430\u044f \u0444\u043e\u0440\u043c\u0430\" novalidate=\"novalidate\" data-status=\"init\" data-trp-original-action=\"\/ru\/wp-json\/wp\/v2\/pages\/5149#wpcf7-f3851-o1\">\n<fieldset class=\"hidden-fields-container\"><input type=\"hidden\" name=\"_wpcf7\" value=\"3851\" \/><input type=\"hidden\" name=\"_wpcf7_version\" value=\"6.1.5\" \/><input type=\"hidden\" name=\"_wpcf7_locale\" value=\"en_US\" \/><input type=\"hidden\" name=\"_wpcf7_unit_tag\" value=\"wpcf7-f3851-o1\" \/><input type=\"hidden\" name=\"_wpcf7_container_post\" value=\"0\" \/><input type=\"hidden\" name=\"_wpcf7_posted_data_hash\" value=\"\" \/>\n<\/fieldset>\n<div class=\"row\">\n\t<div class=\"input-filled col-lg-6 col-md-6\">\n\t\t<p><span class=\"wpcf7-form-control-wrap\" data-name=\"first-name\"><input size=\"40\" maxlength=\"400\" class=\"wpcf7-form-control wpcf7-text wpcf7-validates-as-required\" aria-required=\"true\" aria-invalid=\"false\" placeholder=\"\u0418\u043c\u044f *\" value=\"\" type=\"text\" name=\"first-name\" \/><\/span>\n\t\t<\/p>\n\t<\/div>\n\t<div class=\"input-filled col-lg-6 col-md-6\">\n\t\t<p><span class=\"wpcf7-form-control-wrap\" data-name=\"last-name\"><input size=\"40\" maxlength=\"400\" class=\"wpcf7-form-control wpcf7-text wpcf7-validates-as-required\" aria-required=\"true\" aria-invalid=\"false\" placeholder=\"\u0424\u0430\u043c\u0438\u043b\u0438\u044f *\" value=\"\" type=\"text\" name=\"last-name\" \/><\/span>\n\t\t<\/p>\n\t<\/div>\n<\/div>\n<div class=\"row\">\n\t<div class=\"input-filled col-lg-6 col-md-6\">\n\t\t<p><span class=\"wpcf7-form-control-wrap\" data-name=\"your-email\"><input size=\"40\" maxlength=\"400\" class=\"wpcf7-form-control wpcf7-email wpcf7-validates-as-required wpcf7-text wpcf7-validates-as-email\" aria-required=\"true\" aria-invalid=\"false\" placeholder=\"\u0412\u0430\u0448\u0430 \u043f\u043e\u0447\u0442\u0430 *\" value=\"\" type=\"email\" name=\"your-email\" \/><\/span>\n\t\t<\/p>\n\t<\/div>\n\t<div class=\"input-filled col-lg-6 col-md-6\">\n\t\t<p><span class=\"wpcf7-form-control-wrap\" data-name=\"your-phone\"><input size=\"40\" maxlength=\"400\" class=\"wpcf7-form-control wpcf7-text wpcf7-validates-as-required\" aria-required=\"true\" aria-invalid=\"false\" placeholder=\"\u043d\u043e\u043c\u0435\u0440 \u0442\u0435\u043b\u0435\u0444\u043e\u043d\u0430 *\" value=\"\" type=\"text\" name=\"your-phone\" \/><\/span>\n\t\t<\/p>\n\t<\/div>\n<\/div>\n<div class=\"row\">\n\t<div class=\"input-filled col-12\">\n\t\t<p><span class=\"wpcf7-form-control-wrap\" data-name=\"your-message\"><textarea cols=\"40\" rows=\"10\" maxlength=\"2000\" class=\"wpcf7-form-control wpcf7-textarea wpcf7-validates-as-required\" aria-required=\"true\" aria-invalid=\"false\" placeholder=\"\u0421\u043e\u043e\u0431\u0449\u0435\u043d\u0438\u044f...\" name=\"your-message\"><\/textarea><\/span>\n\t\t<\/p>\n\t<\/div>\n\t<div class=\"input-filled col-12\">\n\t\t<p><button type=\"submit\" class=\"wpcf7-submit btn btn-block\"><i class=\"fac fac-arrow-circle-right space-right\"><\/i>\u041e\u0442\u043f\u0440\u0430\u0432\u0438\u0442\u044c \u0441\u0435\u0439\u0447\u0430\u0441<\/button>\n\t\t<\/p>\n\t<\/div>\n<\/div><div class=\"wpcf7-response-output\" aria-hidden=\"true\"><\/div>\n<input type=\"hidden\" name=\"trp-form-language\" value=\"ru\"\/><\/form>\n<\/div>\n            <\/div>\r\n        <\/div>\r\n            <\/div>\r\n\t\t\t\t<\/div>\n\t\t\t\t<\/div>\n\t\t            <\/div>\n        <\/div>\n                    <\/div>\n        <\/section>\n        \t\t<\/div>","protected":false},"excerpt":{"rendered":"<p>Roteschemie bietet deutsches rotes Quecksilber 20\/20 258 99,9999999% (N9)\/(N5)\/(7N), neues fl\u00fcssiges Quecksilber von 99,99% und Caluanie Muelear Oxidationsmittel im Gro\u00dfhandel. Angebot wird als pro Ihre Anforderungen gegeben. F\u00fcllen Sie das untenstehende Formular aus, um ein Angebot zu erhalten. Kontakt Neuengamme Hamburg, Germany +49 1521 2400186 verkauf@roteschemies.de Send now<\/p>","protected":false},"author":1,"featured_media":0,"parent":0,"menu_order":0,"comment_status":"closed","ping_status":"closed","template":"","meta":{"footnotes":""},"class_list":["post-5149","page","type-page","status-publish","hentry"],"yoast_head":"<!-- This site is optimized with the Yoast SEO plugin v27.3 - https:\/\/yoast.com\/product\/yoast-seo-wordpress\/ -->\n<title>Gro\u00dfhandel - Roteschemie<\/title>\n<meta name=\"robots\" content=\"index, follow, max-snippet:-1, max-image-preview:large, max-video-preview:-1\" \/>\n<link rel=\"canonical\" href=\"https:\/\/roteschemies.de\/ru\/\u043e\u043f\u0442\u043e\u0432\u0430\u044f\/\" \/>\n<meta property=\"og:locale\" content=\"ru_RU\" \/>\n<meta property=\"og:type\" content=\"article\" \/>\n<meta property=\"og:title\" content=\"Gro\u00dfhandel - Roteschemie\" \/>\n<meta property=\"og:description\" content=\"Roteschemie bietet deutsches rotes Quecksilber 20\/20 258 99,9999999% (N9)\/(N5)\/(7N), neues fl\u00fcssiges Quecksilber von 99,99% und Caluanie Muelear Oxidationsmittel im Gro\u00dfhandel. Angebot wird als pro Ihre Anforderungen gegeben. F\u00fcllen Sie das untenstehende Formular aus, um ein Angebot zu erhalten. Kontakt Neuengamme Hamburg, Germany +49 1521 2400186 verkauf@roteschemies.de Send now\" \/>\n<meta property=\"og:url\" content=\"https:\/\/roteschemies.de\/ru\/\u043e\u043f\u0442\u043e\u0432\u0430\u044f\/\" \/>\n<meta property=\"og:site_name\" content=\"Roteschemie\" \/>\n<meta property=\"article:modified_time\" content=\"2026-03-22T15:56:22+00:00\" \/>\n<meta property=\"og:image\" content=\"https:\/\/roteschemies.de\/wp-content\/uploads\/2026\/03\/003111701_999032237045322_6450181290043221509001_n1.jpg\" \/>\n<meta name=\"twitter:card\" content=\"summary_large_image\" \/>\n<meta name=\"twitter:label1\" content=\"\u041f\u0440\u0438\u043c\u0435\u0440\u043d\u043e\u0435 \u0432\u0440\u0435\u043c\u044f \u0434\u043b\u044f \u0447\u0442\u0435\u043d\u0438\u044f\" \/>\n\t<meta name=\"twitter:data1\" content=\"1 \u043c\u0438\u043d\u0443\u0442\u0430\" \/>\n<script type=\"application\/ld+json\" class=\"yoast-schema-graph\">{\"@context\":\"https:\\\/\\\/schema.org\",\"@graph\":[{\"@type\":\"WebPage\",\"@id\":\"https:\\\/\\\/roteschemies.de\\\/groshandel\\\/\",\"url\":\"https:\\\/\\\/roteschemies.de\\\/groshandel\\\/\",\"name\":\"Gro\u00dfhandel - Roteschemie\",\"isPartOf\":{\"@id\":\"https:\\\/\\\/roteschemies.de\\\/#website\"},\"primaryImageOfPage\":{\"@id\":\"https:\\\/\\\/roteschemies.de\\\/groshandel\\\/#primaryimage\"},\"image\":{\"@id\":\"https:\\\/\\\/roteschemies.de\\\/groshandel\\\/#primaryimage\"},\"thumbnailUrl\":\"https:\\\/\\\/roteschemies.de\\\/wp-content\\\/uploads\\\/2026\\\/03\\\/003111701_999032237045322_6450181290043221509001_n1.jpg\",\"datePublished\":\"2022-12-21T10:57:43+00:00\",\"dateModified\":\"2026-03-22T15:56:22+00:00\",\"breadcrumb\":{\"@id\":\"https:\\\/\\\/roteschemies.de\\\/groshandel\\\/#breadcrumb\"},\"inLanguage\":\"ru-RU\",\"potentialAction\":[{\"@type\":\"ReadAction\",\"target\":[\"https:\\\/\\\/roteschemies.de\\\/groshandel\\\/\"]}]},{\"@type\":\"ImageObject\",\"inLanguage\":\"ru-RU\",\"@id\":\"https:\\\/\\\/roteschemies.de\\\/groshandel\\\/#primaryimage\",\"url\":\"https:\\\/\\\/roteschemies.de\\\/wp-content\\\/uploads\\\/2026\\\/03\\\/003111701_999032237045322_6450181290043221509001_n1.jpg\",\"contentUrl\":\"https:\\\/\\\/roteschemies.de\\\/wp-content\\\/uploads\\\/2026\\\/03\\\/003111701_999032237045322_6450181290043221509001_n1.jpg\"},{\"@type\":\"BreadcrumbList\",\"@id\":\"https:\\\/\\\/roteschemies.de\\\/groshandel\\\/#breadcrumb\",\"itemListElement\":[{\"@type\":\"ListItem\",\"position\":1,\"name\":\"Home\",\"item\":\"https:\\\/\\\/roteschemies.de\\\/\"},{\"@type\":\"ListItem\",\"position\":2,\"name\":\"Gro\u00dfhandel\"}]},{\"@type\":\"WebSite\",\"@id\":\"https:\\\/\\\/roteschemies.de\\\/#website\",\"url\":\"https:\\\/\\\/roteschemies.de\\\/\",\"name\":\"Roteschemie\",\"description\":\"Rotes fl&uuml;ssiges Quecksilber, silbernes fl&uuml;ssiges Quecksilber online kaufen\",\"alternateName\":\"roteschemies.de\",\"potentialAction\":[{\"@type\":\"SearchAction\",\"target\":{\"@type\":\"EntryPoint\",\"urlTemplate\":\"https:\\\/\\\/roteschemies.de\\\/?s={search_term_string}\"},\"query-input\":{\"@type\":\"PropertyValueSpecification\",\"valueRequired\":true,\"valueName\":\"search_term_string\"}}],\"inLanguage\":\"ru-RU\"}]}<\/script>\n<!-- \/ Yoast SEO plugin. -->","yoast_head_json":{"title":"\u041e\u043f\u0442\u043e\u043c - \u043a\u0440\u0430\u0441\u043d\u044b\u0435 \u0445\u0438\u043c\u0438\u043a\u0430\u0442\u044b","robots":{"index":"index","follow":"follow","max-snippet":"max-snippet:-1","max-image-preview":"max-image-preview:large","max-video-preview":"max-video-preview:-1"},"canonical":"https:\/\/roteschemies.de\/ru\/\u043e\u043f\u0442\u043e\u0432\u0430\u044f\/","og_locale":"ru_RU","og_type":"article","og_title":"Gro\u00dfhandel - Roteschemie","og_description":"Roteschemie bietet deutsches rotes Quecksilber 20\/20 258 99,9999999% (N9)\/(N5)\/(7N), neues fl\u00fcssiges Quecksilber von 99,99% und Caluanie Muelear Oxidationsmittel im Gro\u00dfhandel. Angebot wird als pro Ihre Anforderungen gegeben. F\u00fcllen Sie das untenstehende Formular aus, um ein Angebot zu erhalten. Kontakt Neuengamme Hamburg, Germany +49 1521 2400186 verkauf@roteschemies.de Send now","og_url":"https:\/\/roteschemies.de\/ru\/\u043e\u043f\u0442\u043e\u0432\u0430\u044f\/","og_site_name":"Roteschemie","article_modified_time":"2026-03-22T15:56:22+00:00","og_image":[{"url":"https:\/\/roteschemies.de\/wp-content\/uploads\/2026\/03\/003111701_999032237045322_6450181290043221509001_n1.jpg","type":"","width":"","height":""}],"twitter_card":"summary_large_image","twitter_misc":{"\u041f\u0440\u0438\u043c\u0435\u0440\u043d\u043e\u0435 \u0432\u0440\u0435\u043c\u044f \u0434\u043b\u044f \u0447\u0442\u0435\u043d\u0438\u044f":"1 \u043c\u0438\u043d\u0443\u0442\u0430"},"schema":{"@context":"https:\/\/schema.org","@graph":[{"@type":"WebPage","@id":"https:\/\/roteschemies.de\/groshandel\/","url":"https:\/\/roteschemies.de\/groshandel\/","name":"\u041e\u043f\u0442\u043e\u043c - \u043a\u0440\u0430\u0441\u043d\u044b\u0435 \u0445\u0438\u043c\u0438\u043a\u0430\u0442\u044b","isPartOf":{"@id":"https:\/\/roteschemies.de\/#website"},"primaryImageOfPage":{"@id":"https:\/\/roteschemies.de\/groshandel\/#primaryimage"},"image":{"@id":"https:\/\/roteschemies.de\/groshandel\/#primaryimage"},"thumbnailUrl":"https:\/\/roteschemies.de\/wp-content\/uploads\/2026\/03\/003111701_999032237045322_6450181290043221509001_n1.jpg","datePublished":"2022-12-21T10:57:43+00:00","dateModified":"2026-03-22T15:56:22+00:00","breadcrumb":{"@id":"https:\/\/roteschemies.de\/groshandel\/#breadcrumb"},"inLanguage":"ru-RU","potentialAction":[{"@type":"ReadAction","target":["https:\/\/roteschemies.de\/groshandel\/"]}]},{"@type":"ImageObject","inLanguage":"ru-RU","@id":"https:\/\/roteschemies.de\/groshandel\/#primaryimage","url":"https:\/\/roteschemies.de\/wp-content\/uploads\/2026\/03\/003111701_999032237045322_6450181290043221509001_n1.jpg","contentUrl":"https:\/\/roteschemies.de\/wp-content\/uploads\/2026\/03\/003111701_999032237045322_6450181290043221509001_n1.jpg"},{"@type":"BreadcrumbList","@id":"https:\/\/roteschemies.de\/groshandel\/#breadcrumb","itemListElement":[{"@type":"ListItem","position":1,"name":"Home","item":"https:\/\/roteschemies.de\/"},{"@type":"ListItem","position":2,"name":"Gro\u00dfhandel"}]},{"@type":"WebSite","@id":"https:\/\/roteschemies.de\/#website","url":"https:\/\/roteschemies.de\/","name":"\u043a\u0440\u0430\u0441\u043d\u0430\u044f \u0445\u0438\u043c\u0438\u044f","description":"\u041a\u0443\u043f\u0438\u0442\u044c \u043a\u0440\u0430\u0441\u043d\u0443\u044e \u0436\u0438\u0434\u043a\u0443\u044e \u0440\u0442\u0443\u0442\u044c, \u0441\u0435\u0440\u0435\u0431\u0440\u044f\u043d\u0443\u044e \u0436\u0438\u0434\u043a\u0443\u044e \u0440\u0442\u0443\u0442\u044c \u043e\u043d\u043b\u0430\u0439\u043d","alternateName":"roteschemies.de","potentialAction":[{"@type":"SearchAction","target":{"@type":"EntryPoint","urlTemplate":"https:\/\/roteschemies.de\/?s={search_term_string}"},"query-input":{"@type":"PropertyValueSpecification","valueRequired":true,"valueName":"search_term_string"}}],"inLanguage":"ru-RU"}]}},"_links":{"self":[{"href":"https:\/\/roteschemies.de\/ru\/wp-json\/wp\/v2\/pages\/5149","targetHints":{"allow":["GET"]}}],"collection":[{"href":"https:\/\/roteschemies.de\/ru\/wp-json\/wp\/v2\/pages"}],"about":[{"href":"https:\/\/roteschemies.de\/ru\/wp-json\/wp\/v2\/types\/page"}],"author":[{"embeddable":true,"href":"https:\/\/roteschemies.de\/ru\/wp-json\/wp\/v2\/users\/1"}],"replies":[{"embeddable":true,"href":"https:\/\/roteschemies.de\/ru\/wp-json\/wp\/v2\/comments?post=5149"}],"version-history":[{"count":6,"href":"https:\/\/roteschemies.de\/ru\/wp-json\/wp\/v2\/pages\/5149\/revisions"}],"predecessor-version":[{"id":5612,"href":"https:\/\/roteschemies.de\/ru\/wp-json\/wp\/v2\/pages\/5149\/revisions\/5612"}],"wp:attachment":[{"href":"https:\/\/roteschemies.de\/ru\/wp-json\/wp\/v2\/media?parent=5149"}],"curies":[{"name":"wp","href":"https:\/\/api.w.org\/{rel}","templated":true}]}}