{"id":5240,"date":"2023-07-13T09:56:54","date_gmt":"2023-07-13T09:56:54","guid":{"rendered":"https:\/\/roteschemies.de\/?page_id=5240"},"modified":"2023-07-13T10:42:17","modified_gmt":"2023-07-13T10:42:17","slug":"kirmizi-merkuer","status":"publish","type":"page","link":"https:\/\/roteschemies.de\/tr\/kirmizi-merkuer\/","title":{"rendered":"k\u0131rm\u0131z\u0131 Merk\u00fcr"},"content":{"rendered":"<div data-elementor-type=\"wp-page\" data-elementor-id=\"5240\" class=\"elementor elementor-5240\">\n\t\t\t\t        <section class=\"elementor-section elementor-top-section elementor-element elementor-element-363e074a elementor-section-boxed elementor-section-height-default elementor-section-height-default ct-header-fixed-none ct-row-max-none\" data-id=\"363e074a\" data-element_type=\"section\" data-e-type=\"section\">\n            \n                        <div class=\"elementor-container elementor-column-gap-default\">\n                    <div class=\"elementor-column elementor-col-50 elementor-top-column elementor-element elementor-element-23c8db5b\" data-id=\"23c8db5b\" data-element_type=\"column\" data-e-type=\"column\">\n        <div class=\"elementor-widget-wrap elementor-element-populated\">\n                    \n        \t\t<div class=\"elementor-element elementor-element-20b585d0 elementor-widget elementor-widget-ct_image\" data-id=\"20b585d0\" data-element_type=\"widget\" data-e-type=\"widget\" data-widget_type=\"ct_image.default\">\n\t\t\t\t<div class=\"elementor-widget-container\">\n\t\t\t\t\t<div class=\"ct-image-single img-type-img ct-no-effect\" data-wow-delay=\"ms\">\r\n                        <img fetchpriority=\"high\" decoding=\"async\" width=\"756\" height=\"567\" src=\"https:\/\/roteschemies.de\/wp-content\/uploads\/2022\/12\/E311914095_5606255989420786_1852925251756_n.jpg\" class=\"attachment-full\" alt=\"\" \/>            <\/div>\t\t\t\t<\/div>\n\t\t\t\t<\/div>\n\t\t            <\/div>\n        <\/div>\n                <div class=\"elementor-column elementor-col-50 elementor-top-column elementor-element elementor-element-2670a6eb\" data-id=\"2670a6eb\" data-element_type=\"column\" data-e-type=\"column\">\n        <div class=\"elementor-widget-wrap elementor-element-populated\">\n                    \n        \t\t<div class=\"elementor-element elementor-element-7f3f925e elementor-widget elementor-widget-ct_heading\" data-id=\"7f3f925e\" data-element_type=\"widget\" data-e-type=\"widget\" data-widget_type=\"ct_heading.default\">\n\t\t\t\t<div class=\"elementor-widget-container\">\n\t\t\t\t\t<div id=\"ct_heading-7f3f925e\" class=\"ct-heading h-align- sub-style1 ct-heading-left item-st-line-left2\">\r\n\t<div class=\"ct-item--inner\">\r\n        <div class=\"ct-inline-css\"  data-css=\"            \">\r\n        <\/div>\r\n                <h6 class=\"item--title st-line-left2 case-animate-time\" data-wow-delay=\"ms\">\r\n                        <span class=\"sp-main\">\r\n                                    <i><\/i>\r\n                \r\n                Toptan Alman K\u0131rm\u0131z\u0131 C\u0131va 20\/20-258 9N\r\n                \r\n                            <\/span>\r\n                    <\/h6>\r\n    <\/div>\r\n<\/div>\t\t\t\t<\/div>\n\t\t\t\t<\/div>\n\t\t\t\t<div class=\"elementor-element elementor-element-3b680a15 elementor-widget elementor-widget-text-editor\" data-id=\"3b680a15\" data-element_type=\"widget\" data-e-type=\"widget\" data-widget_type=\"text-editor.default\">\n\t\t\t\t<div class=\"elementor-widget-container\">\n\t\t\t\t\t\t\t\t\t<p>Bu y\u00fcksek safl\u0131kta Alman K\u0131rm\u0131z\u0131 C\u0131va 20\/20 258 99.9999999% \u015firketimiz taraf\u0131ndan Almanya&#039;da \u00fcretilmektedir. Bu c\u0131vay\u0131 1kg ve 34.5kg&#039;l\u0131k \u015fi\u015felerde \u00fcretiyoruz. Red Mercury&#039;yi perakende i\u015fletmelere ve bireylere toptan fiyatlarla sunuyoruz. Sat\u0131n alma i\u015flemleri yaln\u0131zca kripto para birimi ile yap\u0131l\u0131r. Bizden online k\u0131rm\u0131z\u0131 c\u0131va sat\u0131n almak i\u00e7in ileti\u015fim formuna t\u0131klay\u0131n.<br \/>Paket boyutlar\u0131: 1kg, 5kg, 17,5kg ve 34,5kg<\/p><p>*Alman k\u0131rm\u0131z\u0131 c\u0131vam\u0131z\u0131n ek \u00f6zellikleri*<br \/>1.) Alt\u0131n metal veya alt\u0131n zincirlere \u00e7ekilir<br \/>2.) Sar\u0131msa\u011f\u0131 savurur <br \/>3.) Aynada g\u00f6r\u00fcnm\u00fcyor <br \/>4.) Birka\u00e7 dakika sonra suyu k\u0131rm\u0131z\u0131ya \u00e7evirir<br \/>5.) \u015ei\u015fenin yan\u0131na getirilirse cep telefonunu kapat\u0131r. <\/p>\t\t\t\t\t\t\t\t<\/div>\n\t\t\t\t<\/div>\n\t\t            <\/div>\n        <\/div>\n                    <\/div>\n        <\/section>\n                <section class=\"elementor-section elementor-top-section elementor-element elementor-element-303ff71f elementor-section-boxed elementor-section-height-default elementor-section-height-default ct-header-fixed-none ct-row-max-none\" data-id=\"303ff71f\" data-element_type=\"section\" data-e-type=\"section\">\n            \n                        <div class=\"elementor-container elementor-column-gap-default\">\n                    <div class=\"elementor-column elementor-col-50 elementor-top-column elementor-element elementor-element-3089d69e\" data-id=\"3089d69e\" data-element_type=\"column\" data-e-type=\"column\">\n        <div class=\"elementor-widget-wrap elementor-element-populated\">\n                    \n        \t\t<div class=\"elementor-element elementor-element-289b232c elementor-widget elementor-widget-ct_heading\" data-id=\"289b232c\" data-element_type=\"widget\" data-e-type=\"widget\" data-widget_type=\"ct_heading.default\">\n\t\t\t\t<div class=\"elementor-widget-container\">\n\t\t\t\t\t<div id=\"ct_heading-289b232c\" class=\"ct-heading h-align- sub-style1 ct-heading-left item-st-line-left2\">\r\n\t<div class=\"ct-item--inner\">\r\n        <div class=\"ct-inline-css\"  data-css=\"            \">\r\n        <\/div>\r\n                <h6 class=\"item--title st-line-left2 case-animate-time\" data-wow-delay=\"ms\">\r\n                        <span class=\"sp-main\">\r\n                                    <i><\/i>\r\n                \r\n                KIRMIZI SIVI C\u0130VA \u00d6ZELL\u0130KLER\u0130M\u0130Z\r\n                \r\n                            <\/span>\r\n                    <\/h6>\r\n    <\/div>\r\n<\/div>\t\t\t\t<\/div>\n\t\t\t\t<\/div>\n\t\t\t\t<div class=\"elementor-element elementor-element-7bf0e610 elementor-widget elementor-widget-text-editor\" data-id=\"7bf0e610\" data-element_type=\"widget\" data-e-type=\"widget\" data-widget_type=\"text-editor.default\">\n\t\t\t\t<div class=\"elementor-widget-container\">\n\t\t\t\t\t\t\t\t\t<p>\u2013 K\u0131rm\u0131z\u0131 c\u0131va, yar\u0131 s\u0131v\u0131 kiraz k\u0131rm\u0131z\u0131s\u0131 bir malzemedir.<br \/>\u2013 K\u0131rm\u0131z\u0131 c\u0131van\u0131n yo\u011funlu\u011fu 20,2 g\/cm3 ile \u00e7ok y\u00fcksektir.<br \/>\u2013 Bu s\u0131v\u0131 Hg2 Sb207 Askeri Laboratuar malzemesidir: <br \/>- antimon c\u0131va oksit<br \/>\u2013 Di\u011fer tan\u0131mlama: Kiraz k\u0131rm\u0131z\u0131s\u0131 s\u0131v\u0131 c\u0131va <br \/>\u2013 Form\u00fcl: Sb2O7Hg2<br \/>- G\u00f6r\u00fcn\u00fcm: Kiraz k\u0131rm\u0131z\u0131s\u0131 metalik s\u0131v\u0131 <br \/>\u2013 Molek\u00fcler form\u00fcl: Hg2 Sb207<br \/>- T\u00fcr: Oksit Antimon K\u0131rm\u0131z\u0131 C\u0131va<br \/>\u2013 \u00c7er\u00e7eve: Sb2O7Hg2<br \/>\u2013 Kalite: S\u0131v\u0131, yar\u0131 s\u0131v\u0131<br \/>\u2013 Safl\u0131k: 99.999% (5N) \/ 99.9999999% (9N)<br \/>\u2013 Renk: Ponceau (homojen kiraz k\u0131rm\u0131z\u0131s\u0131)<br \/>\u2013 S\u0131rala: 37.00016<br \/>\u2013 Ba\u011flay\u0131c\u0131: Enerji: 211Kcal \/ Mol<br \/>\u2013 Yo\u011funluk: BK-20\/20 \u2013 20,2 gam<br \/>- Erime noktas\u0131: -37.67<br \/>- Parlama noktas\u0131: 170.026<\/p>\t\t\t\t\t\t\t\t<\/div>\n\t\t\t\t<\/div>\n\t\t            <\/div>\n        <\/div>\n                <div class=\"elementor-column elementor-col-50 elementor-top-column elementor-element elementor-element-2129deda\" data-id=\"2129deda\" data-element_type=\"column\" data-e-type=\"column\">\n        <div class=\"elementor-widget-wrap elementor-element-populated\">\n                    \n        \t\t<div class=\"elementor-element elementor-element-4c8721e elementor-widget elementor-widget-ct_heading\" data-id=\"4c8721e\" data-element_type=\"widget\" data-e-type=\"widget\" data-widget_type=\"ct_heading.default\">\n\t\t\t\t<div class=\"elementor-widget-container\">\n\t\t\t\t\t<div id=\"ct_heading-4c8721e\" class=\"ct-heading h-align- sub-style1 ct-heading-left item-st-line-left2\">\r\n\t<div class=\"ct-item--inner\">\r\n        <div class=\"ct-inline-css\"  data-css=\"            \">\r\n        <\/div>\r\n                <h6 class=\"item--title st-line-left2 case-animate-time\" data-wow-delay=\"ms\">\r\n                        <span class=\"sp-main\">\r\n                                    <i><\/i>\r\n                \r\n                EK B\u0130LG\u0130LER\r\n                \r\n                            <\/span>\r\n                    <\/h6>\r\n    <\/div>\r\n<\/div>\t\t\t\t<\/div>\n\t\t\t\t<\/div>\n\t\t\t\t<div class=\"elementor-element elementor-element-1f0299c0 elementor-widget elementor-widget-text-editor\" data-id=\"1f0299c0\" data-element_type=\"widget\" data-e-type=\"widget\" data-widget_type=\"text-editor.default\">\n\t\t\t\t<div class=\"elementor-widget-container\">\n\t\t\t\t\t\t\t\t\t<p>\u2013 Radyasyon: 0,794<br \/>- S\u0131cakl\u0131k sat\u0131r\u0131 de\u011feri: 160.87<br \/>- VHTC mp yan\u0131t\u0131: 1.024<br \/>\u2013 K-Yan\u0131t\u0131: 0.00016<br \/>\u2013 P-Yan\u0131t\u0131: 9.000-8.000<br \/>\u2013 VDSA Yan\u0131t\u0131: 0,30-0,29<br \/>\u2013 Gama de\u011feri: 0,026 \/ 0,044-0,64<br \/>- Kaynama noktas\u0131: 356.720<br \/>- MW: 196,01 + 0,02\/mol su i\u00e7eri\u011fi<br \/>\u2013 Form: S\u0131v\u0131, spiral<br \/>\u2013 Renk: kiraz k\u0131rm\u0131z\u0131s\u0131<br \/>- Molar k\u00fctle: 756.7002 g\/mol<\/p>\t\t\t\t\t\t\t\t<\/div>\n\t\t\t\t<\/div>\n\t\t\t\t<div class=\"elementor-element elementor-element-39853f2 elementor-widget elementor-widget-ct_button\" data-id=\"39853f2\" data-element_type=\"widget\" data-e-type=\"widget\" data-widget_type=\"ct_button.default\">\n\t\t\t\t<div class=\"elementor-widget-container\">\n\t\t\t\t\t<div id=\"ct_button-39853f2\" class=\"ct-button-wrapper ct-button-layout1 icon- btn--inline\">\r\n    <div class=\"ct-inline-css\"  data-css=\"        \">\r\n    <\/div>\r\n            <span class=\"ct-icon-active\"><\/span>\r\n        <a href=\"http:\/\/roteschemies.de\/tr\/temas-etmek\/\" class=\"btn btn-default icon-active btn-inline-block\" data-wow-delay=\"ms\">\r\n                            <span class=\"ct-button-icon ct-align-icon-\">\r\n                            <\/span>\r\n                <span class=\"ct-button-text\">toptan sat\u0131n al<\/span>\r\n    <\/a>\r\n<\/div>\t\t\t\t<\/div>\n\t\t\t\t<\/div>\n\t\t            <\/div>\n        <\/div>\n                    <\/div>\n        <\/section>\n        \t\t<\/div>","protected":false},"excerpt":{"rendered":"<p>Wholesale German Red Mercury 20\/20-258 9N Dieses hochreine deutsche rote Quecksilber 20\/20 258 99,9999999% wird hier in Deutschland von unserer Firma hergestellt. Wir produzieren dieses Quecksilber in Flaschen von 1kg und 34,5kg. Wir bieten rotes Quecksilber zu Gro\u00dfhandelspreisen an Einzelhandelsunternehmen und Privatpersonen an. Eink\u00e4ufe werden nur mit Kryptow\u00e4hrung durchgef\u00fchrt. Um rotes Quecksilber online bei uns [&hellip;]<\/p>\n","protected":false},"author":1,"featured_media":0,"parent":0,"menu_order":0,"comment_status":"closed","ping_status":"closed","template":"","meta":{"footnotes":""},"class_list":["post-5240","page","type-page","status-publish","hentry"],"yoast_head":"<!-- This site is optimized with the Yoast SEO plugin v27.4 - https:\/\/yoast.com\/product\/yoast-seo-wordpress\/ -->\n<title>Rotes fl\u00fcssiges Quecksilber zu verkaufen | Kaufen Rotes Quecksilber -Roteschemie<\/title>\n<meta name=\"description\" content=\"Rotes fl\u00fcssiges Quecksilber zu verkaufen - Roteschemie ist Hersteller von rotem Quecksilber. Unsere Fabrik in Deutschland. Kaufen Sie im Gro\u00dfhandel deutsches rotes Quecksilber 20\/20-258 9N.\" \/>\n<meta name=\"robots\" content=\"index, follow, max-snippet:-1, max-image-preview:large, max-video-preview:-1\" \/>\n<link rel=\"canonical\" href=\"https:\/\/roteschemies.de\/tr\/kirmizi-merkuer\/\" \/>\n<meta property=\"og:locale\" content=\"tr_TR\" \/>\n<meta property=\"og:type\" content=\"article\" \/>\n<meta property=\"og:title\" content=\"Rotes fl\u00fcssiges Quecksilber zu verkaufen | Kaufen Rotes Quecksilber -Roteschemie\" \/>\n<meta property=\"og:description\" content=\"Rotes fl\u00fcssiges Quecksilber zu verkaufen - Roteschemie ist Hersteller von rotem Quecksilber. Unsere Fabrik in Deutschland. Kaufen Sie im Gro\u00dfhandel deutsches rotes Quecksilber 20\/20-258 9N.\" \/>\n<meta property=\"og:url\" content=\"https:\/\/roteschemies.de\/tr\/kirmizi-merkuer\/\" \/>\n<meta property=\"og:site_name\" content=\"Roteschemie\" \/>\n<meta property=\"article:modified_time\" content=\"2023-07-13T10:42:17+00:00\" \/>\n<meta property=\"og:image\" content=\"https:\/\/roteschemies.de\/wp-content\/uploads\/2022\/12\/E311914095_5606255989420786_1852925251756_n.jpg\" \/>\n<meta name=\"twitter:card\" content=\"summary_large_image\" \/>\n<meta name=\"twitter:label1\" content=\"Tahmini okuma s\u00fcresi\" \/>\n\t<meta name=\"twitter:data1\" content=\"2 dakika\" \/>\n<script type=\"application\/ld+json\" class=\"yoast-schema-graph\">{\"@context\":\"https:\\\/\\\/schema.org\",\"@graph\":[{\"@type\":\"WebPage\",\"@id\":\"https:\\\/\\\/roteschemies.de\\\/rote-quecksilber\\\/\",\"url\":\"https:\\\/\\\/roteschemies.de\\\/rote-quecksilber\\\/\",\"name\":\"Rotes fl\u00fcssiges Quecksilber zu verkaufen | Kaufen Rotes Quecksilber -Roteschemie\",\"isPartOf\":{\"@id\":\"https:\\\/\\\/roteschemies.de\\\/#website\"},\"primaryImageOfPage\":{\"@id\":\"https:\\\/\\\/roteschemies.de\\\/rote-quecksilber\\\/#primaryimage\"},\"image\":{\"@id\":\"https:\\\/\\\/roteschemies.de\\\/rote-quecksilber\\\/#primaryimage\"},\"thumbnailUrl\":\"https:\\\/\\\/roteschemies.de\\\/wp-content\\\/uploads\\\/2022\\\/12\\\/E311914095_5606255989420786_1852925251756_n.jpg\",\"datePublished\":\"2023-07-13T09:56:54+00:00\",\"dateModified\":\"2023-07-13T10:42:17+00:00\",\"description\":\"Rotes fl\u00fcssiges Quecksilber zu verkaufen - Roteschemie ist Hersteller von rotem Quecksilber. Unsere Fabrik in Deutschland. Kaufen Sie im Gro\u00dfhandel deutsches rotes Quecksilber 20\\\/20-258 9N.\",\"breadcrumb\":{\"@id\":\"https:\\\/\\\/roteschemies.de\\\/rote-quecksilber\\\/#breadcrumb\"},\"inLanguage\":\"tr\",\"potentialAction\":[{\"@type\":\"ReadAction\",\"target\":[\"https:\\\/\\\/roteschemies.de\\\/rote-quecksilber\\\/\"]}]},{\"@type\":\"ImageObject\",\"inLanguage\":\"tr\",\"@id\":\"https:\\\/\\\/roteschemies.de\\\/rote-quecksilber\\\/#primaryimage\",\"url\":\"https:\\\/\\\/roteschemies.de\\\/wp-content\\\/uploads\\\/2022\\\/12\\\/E311914095_5606255989420786_1852925251756_n.jpg\",\"contentUrl\":\"https:\\\/\\\/roteschemies.de\\\/wp-content\\\/uploads\\\/2022\\\/12\\\/E311914095_5606255989420786_1852925251756_n.jpg\"},{\"@type\":\"BreadcrumbList\",\"@id\":\"https:\\\/\\\/roteschemies.de\\\/rote-quecksilber\\\/#breadcrumb\",\"itemListElement\":[{\"@type\":\"ListItem\",\"position\":1,\"name\":\"Home\",\"item\":\"https:\\\/\\\/roteschemies.de\\\/\"},{\"@type\":\"ListItem\",\"position\":2,\"name\":\"Rote Quecksilber\"}]},{\"@type\":\"WebSite\",\"@id\":\"https:\\\/\\\/roteschemies.de\\\/#website\",\"url\":\"https:\\\/\\\/roteschemies.de\\\/\",\"name\":\"Roteschemie\",\"description\":\"Rotes fl&uuml;ssiges Quecksilber, silbernes fl&uuml;ssiges Quecksilber online kaufen\",\"alternateName\":\"roteschemies.de\",\"potentialAction\":[{\"@type\":\"SearchAction\",\"target\":{\"@type\":\"EntryPoint\",\"urlTemplate\":\"https:\\\/\\\/roteschemies.de\\\/?s={search_term_string}\"},\"query-input\":{\"@type\":\"PropertyValueSpecification\",\"valueRequired\":true,\"valueName\":\"search_term_string\"}}],\"inLanguage\":\"tr\"}]}<\/script>\n<!-- \/ Yoast SEO plugin. -->","yoast_head_json":{"title":"K\u0131rm\u0131z\u0131 S\u0131v\u0131 C\u0131va Sat\u0131l\u0131k | K\u0131rm\u0131z\u0131 C\u0131va - Red Chemistry Sat\u0131n Al\u0131n","description":"Sat\u0131l\u0131k k\u0131rm\u0131z\u0131 s\u0131v\u0131 c\u0131va - Roteschemie, k\u0131rm\u0131z\u0131 c\u0131va \u00fcreticisidir. Almanya&#039;daki fabrikam\u0131z. Toptan Alman k\u0131rm\u0131z\u0131 civa 20\/20-258 9N sat\u0131n al\u0131n.","robots":{"index":"index","follow":"follow","max-snippet":"max-snippet:-1","max-image-preview":"max-image-preview:large","max-video-preview":"max-video-preview:-1"},"canonical":"https:\/\/roteschemies.de\/tr\/kirmizi-merkuer\/","og_locale":"tr_TR","og_type":"article","og_title":"Rotes fl\u00fcssiges Quecksilber zu verkaufen | Kaufen Rotes Quecksilber -Roteschemie","og_description":"Rotes fl\u00fcssiges Quecksilber zu verkaufen - Roteschemie ist Hersteller von rotem Quecksilber. Unsere Fabrik in Deutschland. Kaufen Sie im Gro\u00dfhandel deutsches rotes Quecksilber 20\/20-258 9N.","og_url":"https:\/\/roteschemies.de\/tr\/kirmizi-merkuer\/","og_site_name":"Roteschemie","article_modified_time":"2023-07-13T10:42:17+00:00","og_image":[{"url":"https:\/\/roteschemies.de\/wp-content\/uploads\/2022\/12\/E311914095_5606255989420786_1852925251756_n.jpg","type":"","width":"","height":""}],"twitter_card":"summary_large_image","twitter_misc":{"Tahmini okuma s\u00fcresi":"2 dakika"},"schema":{"@context":"https:\/\/schema.org","@graph":[{"@type":"WebPage","@id":"https:\/\/roteschemies.de\/rote-quecksilber\/","url":"https:\/\/roteschemies.de\/rote-quecksilber\/","name":"K\u0131rm\u0131z\u0131 S\u0131v\u0131 C\u0131va Sat\u0131l\u0131k | K\u0131rm\u0131z\u0131 C\u0131va - Red Chemistry Sat\u0131n Al\u0131n","isPartOf":{"@id":"https:\/\/roteschemies.de\/#website"},"primaryImageOfPage":{"@id":"https:\/\/roteschemies.de\/rote-quecksilber\/#primaryimage"},"image":{"@id":"https:\/\/roteschemies.de\/rote-quecksilber\/#primaryimage"},"thumbnailUrl":"https:\/\/roteschemies.de\/wp-content\/uploads\/2022\/12\/E311914095_5606255989420786_1852925251756_n.jpg","datePublished":"2023-07-13T09:56:54+00:00","dateModified":"2023-07-13T10:42:17+00:00","description":"Sat\u0131l\u0131k k\u0131rm\u0131z\u0131 s\u0131v\u0131 c\u0131va - Roteschemie, k\u0131rm\u0131z\u0131 c\u0131va \u00fcreticisidir. Almanya&#039;daki fabrikam\u0131z. Toptan Alman k\u0131rm\u0131z\u0131 civa 20\/20-258 9N sat\u0131n al\u0131n.","breadcrumb":{"@id":"https:\/\/roteschemies.de\/rote-quecksilber\/#breadcrumb"},"inLanguage":"tr","potentialAction":[{"@type":"ReadAction","target":["https:\/\/roteschemies.de\/rote-quecksilber\/"]}]},{"@type":"ImageObject","inLanguage":"tr","@id":"https:\/\/roteschemies.de\/rote-quecksilber\/#primaryimage","url":"https:\/\/roteschemies.de\/wp-content\/uploads\/2022\/12\/E311914095_5606255989420786_1852925251756_n.jpg","contentUrl":"https:\/\/roteschemies.de\/wp-content\/uploads\/2022\/12\/E311914095_5606255989420786_1852925251756_n.jpg"},{"@type":"BreadcrumbList","@id":"https:\/\/roteschemies.de\/rote-quecksilber\/#breadcrumb","itemListElement":[{"@type":"ListItem","position":1,"name":"Home","item":"https:\/\/roteschemies.de\/"},{"@type":"ListItem","position":2,"name":"Rote Quecksilber"}]},{"@type":"WebSite","@id":"https:\/\/roteschemies.de\/#website","url":"https:\/\/roteschemies.de\/","name":"k\u0131rm\u0131z\u0131 kimya","description":"K\u0131rm\u0131z\u0131 S\u0131v\u0131 C\u0131va, G\u00fcm\u00fc\u015f S\u0131v\u0131 C\u0131va \u00fcr\u00fcn\u00fcn\u00fc \u00e7evrimi\u00e7i sat\u0131n al","alternateName":"roteschemies.de","potentialAction":[{"@type":"SearchAction","target":{"@type":"EntryPoint","urlTemplate":"https:\/\/roteschemies.de\/?s={search_term_string}"},"query-input":{"@type":"PropertyValueSpecification","valueRequired":true,"valueName":"search_term_string"}}],"inLanguage":"tr"}]}},"_links":{"self":[{"href":"https:\/\/roteschemies.de\/tr\/wp-json\/wp\/v2\/pages\/5240","targetHints":{"allow":["GET"]}}],"collection":[{"href":"https:\/\/roteschemies.de\/tr\/wp-json\/wp\/v2\/pages"}],"about":[{"href":"https:\/\/roteschemies.de\/tr\/wp-json\/wp\/v2\/types\/page"}],"author":[{"embeddable":true,"href":"https:\/\/roteschemies.de\/tr\/wp-json\/wp\/v2\/users\/1"}],"replies":[{"embeddable":true,"href":"https:\/\/roteschemies.de\/tr\/wp-json\/wp\/v2\/comments?post=5240"}],"version-history":[{"count":0,"href":"https:\/\/roteschemies.de\/tr\/wp-json\/wp\/v2\/pages\/5240\/revisions"}],"wp:attachment":[{"href":"https:\/\/roteschemies.de\/tr\/wp-json\/wp\/v2\/media?parent=5240"}],"curies":[{"name":"wp","href":"https:\/\/api.w.org\/{rel}","templated":true}]}}