{"id":5249,"date":"2023-07-13T10:32:01","date_gmt":"2023-07-13T10:32:01","guid":{"rendered":"https:\/\/roteschemies.de\/?page_id=5249"},"modified":"2023-07-13T10:43:21","modified_gmt":"2023-07-13T10:43:21","slug":"guemues-civa","status":"publish","type":"page","link":"https:\/\/roteschemies.de\/tr\/guemues-civa\/","title":{"rendered":"G\u00fcm\u00fc\u015f c\u0131va"},"content":{"rendered":"<div data-elementor-type=\"wp-page\" data-elementor-id=\"5249\" class=\"elementor elementor-5249\">\n\t\t\t\t        <section class=\"elementor-section elementor-top-section elementor-element elementor-element-2ea2e00 elementor-section-boxed elementor-section-height-default elementor-section-height-default ct-header-fixed-none ct-row-max-none\" data-id=\"2ea2e00\" data-element_type=\"section\" data-e-type=\"section\">\n            \n                        <div class=\"elementor-container elementor-column-gap-default\">\n                    <div class=\"elementor-column elementor-col-50 elementor-top-column elementor-element elementor-element-1756a971\" data-id=\"1756a971\" data-element_type=\"column\" data-e-type=\"column\">\n        <div class=\"elementor-widget-wrap elementor-element-populated\">\n                    \n        \t\t<div class=\"elementor-element elementor-element-5ae4da51 elementor-widget elementor-widget-ct_image\" data-id=\"5ae4da51\" data-element_type=\"widget\" data-e-type=\"widget\" data-widget_type=\"ct_image.default\">\n\t\t\t\t<div class=\"elementor-widget-container\">\n\t\t\t\t\t<div class=\"ct-image-single img-type-img ct-no-effect\" data-wow-delay=\"ms\">\r\n                        <img fetchpriority=\"high\" decoding=\"async\" class=\"\" src=\"https:\/\/roteschemies.de\/wp-content\/uploads\/2022\/12\/G311914095_5606255989420786_1852925251756_n-750x900.jpg\" width=\"750\" height=\"900\" alt=\"G311914095_5606255989420786_1852925251756_n\" title=\"G311914095_5606255989420786_1852925251756_n\" \/>            <\/div>\t\t\t\t<\/div>\n\t\t\t\t<\/div>\n\t\t            <\/div>\n        <\/div>\n                <div class=\"elementor-column elementor-col-50 elementor-top-column elementor-element elementor-element-3eabcac2\" data-id=\"3eabcac2\" data-element_type=\"column\" data-e-type=\"column\">\n        <div class=\"elementor-widget-wrap elementor-element-populated\">\n                    \n        \t\t<div class=\"elementor-element elementor-element-7cacfecb elementor-widget elementor-widget-ct_heading\" data-id=\"7cacfecb\" data-element_type=\"widget\" data-e-type=\"widget\" data-widget_type=\"ct_heading.default\">\n\t\t\t\t<div class=\"elementor-widget-container\">\n\t\t\t\t\t<div id=\"ct_heading-7cacfecb\" class=\"ct-heading h-align- sub-style1 ct-heading-left item-st-line-left2\">\r\n\t<div class=\"ct-item--inner\">\r\n        <div class=\"ct-inline-css\"  data-css=\"            \">\r\n        <\/div>\r\n                <h5 class=\"item--title st-line-left2 case-animate-time\" data-wow-delay=\"ms\">\r\n                        <span class=\"sp-main\">\r\n                                    <i><\/i>\r\n                \r\n                toptan g\u00fcm\u00fc\u015f s\u0131v\u0131 c\u0131va\n\r\n                \r\n                            <\/span>\r\n                    <\/h5>\r\n    <\/div>\r\n<\/div>\t\t\t\t<\/div>\n\t\t\t\t<\/div>\n\t\t\t\t<div class=\"elementor-element elementor-element-369d2bf0 elementor-widget elementor-widget-text-editor\" data-id=\"369d2bf0\" data-element_type=\"widget\" data-e-type=\"widget\" data-widget_type=\"text-editor.default\">\n\t\t\t\t<div class=\"elementor-widget-container\">\n\t\t\t\t\t\t\t\t\t<p>Saf g\u00fcm\u00fc\u015f c\u0131va safl\u0131\u011f\u0131: a\u011f\u0131rl\u0131k\u00e7a min. 99.99%.<br \/>\u00dcr\u00fcn ad\u0131: g\u00fcm\u00fc\u015f s\u0131v\u0131 c\u0131va<br \/>Di\u011fer isimler: h\u0131zl\u0131, hidrarji, hidrarji<br \/>Vaka No.: 7439-97-6<br \/>EINECS: 231-106-7<br \/>Fiziksel Durum: S\u0131v\u0131<br \/>G\u00f6r\u00fcn\u00fcm: G\u00fcm\u00fc\u015f-beyaz s\u0131v\u0131<br \/>Koku: kokusuz<br \/>PH: Mevcut de\u011fil.<br \/>Buhar Bas\u0131nc\u0131: 0.002 mmHg 25C<br \/>Buhar yo\u011funlu\u011fu: 7.0<br \/>Buharla\u015fma oran\u0131: Mevcut de\u011fil.<br \/>Viskozite: 15,5 mP 25 dig C<br \/>Kaynama noktas\u0131: 356.72 dig C<br \/>Donma\/Erime Noktas\u0131: -38.87 dig C<br \/>Bozunma s\u0131cakl\u0131\u011f\u0131: Veri yok.<br \/>\u00c7\u00f6z\u00fcn\u00fcrl\u00fck: \u00c7\u00f6z\u00fcnmez.<br \/>\u00d6zg\u00fcl A\u011f\u0131rl\u0131k\/Yo\u011funluk: 13,59 (Su=1)<br \/>Molek\u00fcler Form\u00fcl: Hg<br \/>Molek\u00fcl a\u011f\u0131rl\u0131\u011f\u0131: 200.59<br \/>Monoizotopik k\u00fctle: 201.970643<br \/>Paket\/Ambalaj: Demir silindir\/\u015fi\u015fe (34,5)kg matara net a\u011f\u0131rl\u0131\u011f\u0131<\/p>\t\t\t\t\t\t\t\t<\/div>\n\t\t\t\t<\/div>\n\t\t            <\/div>\n        <\/div>\n                    <\/div>\n        <\/section>\n                <section class=\"elementor-section elementor-top-section elementor-element elementor-element-62d931a8 elementor-section-boxed elementor-section-height-default elementor-section-height-default ct-header-fixed-none ct-row-max-none\" data-id=\"62d931a8\" data-element_type=\"section\" data-e-type=\"section\">\n            \n                        <div class=\"elementor-container elementor-column-gap-default\">\n                    <div class=\"elementor-column elementor-col-50 elementor-top-column elementor-element elementor-element-2599f25c\" data-id=\"2599f25c\" data-element_type=\"column\" data-e-type=\"column\">\n        <div class=\"elementor-widget-wrap elementor-element-populated\">\n                    \n        \t\t<div class=\"elementor-element elementor-element-4afab256 elementor-widget elementor-widget-ct_heading\" data-id=\"4afab256\" data-element_type=\"widget\" data-e-type=\"widget\" data-widget_type=\"ct_heading.default\">\n\t\t\t\t<div class=\"elementor-widget-container\">\n\t\t\t\t\t<div id=\"ct_heading-4afab256\" class=\"ct-heading h-align- sub-style1 ct-heading-left item-st-line-left2\">\r\n\t<div class=\"ct-item--inner\">\r\n        <div class=\"ct-inline-css\"  data-css=\"            \">\r\n        <\/div>\r\n                <h5 class=\"item--title st-line-left2 case-animate-time\" data-wow-delay=\"ms\">\r\n                        <span class=\"sp-main\">\r\n                                    <i><\/i>\r\n                \r\n                S\u0131v\u0131 g\u00fcm\u00fc\u015f c\u0131vam\u0131zla ilgili ayr\u0131nt\u0131lar\n\r\n                \r\n                            <\/span>\r\n                    <\/h5>\r\n    <\/div>\r\n<\/div>\t\t\t\t<\/div>\n\t\t\t\t<\/div>\n\t\t\t\t<div class=\"elementor-element elementor-element-57f9dd0f elementor-widget elementor-widget-text-editor\" data-id=\"57f9dd0f\" data-element_type=\"widget\" data-e-type=\"widget\" data-widget_type=\"text-editor.default\">\n\t\t\t\t<div class=\"elementor-widget-container\">\n\t\t\t\t\t\t\t\t\t<p>S\u0131v\u0131 g\u00fcm\u00fc\u015f c\u0131vam\u0131zla ilgili ayr\u0131nt\u0131lar<br \/>Metalik veya elementel c\u0131va, g\u00fcm\u00fc\u015fi c\u0131va olarak bilinen parlak, g\u00fcm\u00fc\u015fi beyaz bir metaldir. G\u00fcm\u00fc\u015f renginden dolay\u0131 bu elemente bazen s\u0131v\u0131 g\u00fcm\u00fc\u015f veya canl\u0131 g\u00fcm\u00fc\u015f anlam\u0131na gelen c\u0131va denir. Ortam s\u0131cakl\u0131\u011f\u0131nda s\u0131v\u0131 halini koruyan tek metalik elementtir.<br \/>G\u00fcm\u00fc\u015f c\u0131vam\u0131z\u0131n uygulamalar\u0131 aras\u0131nda t\u00fcm\u00fc y\u00fcksek d\u00fczeyde c\u0131va kullanan c\u0131va anahtarlar\u0131, fl\u00fcoresan t\u00fcpler, s\u0131v\u0131 yans\u0131tan teleskoplar, c\u0131va r\u00f6leleri, piller, termometreler, barometreler ve di\u011fer cihazlar bulunur. Bizden toptan fiyatlarla s\u0131v\u0131 c\u0131va sat\u0131n al\u0131n.<\/p><p>Avrupa&#039;da Roteschemie, s\u0131v\u0131 g\u00fcm\u00fc\u015f c\u0131van\u0131n ana kayna\u011f\u0131d\u0131r. 99.9999% safl\u0131kta birinci s\u0131n\u0131f saf c\u0131va ve s\u0131v\u0131 g\u00fcm\u00fc\u015f c\u0131va tedarik ediyoruz. Bug\u00fcn piyasada bulunan bundan daha kaliteli c\u0131va metali yoktur.<br \/>Almanya&#039;daki en b\u00fcy\u00fck s\u0131v\u0131 c\u0131va \u00fcreticilerinden biri olmaktan gurur duyuyoruz.<br \/>Ucuz fiyata g\u00fcm\u00fc\u015f c\u0131va sat\u0131n almak istiyorsan\u0131z hemen bizimle ileti\u015fime ge\u00e7in. Herhangi bir \u00f6zel talebiniz varsa veya Almanya&#039;da s\u0131v\u0131 c\u0131va sat\u0131n almak istiyorsan\u0131z l\u00fctfen bize bildirin.<\/p>\t\t\t\t\t\t\t\t<\/div>\n\t\t\t\t<\/div>\n\t\t            <\/div>\n        <\/div>\n                <div class=\"elementor-column elementor-col-50 elementor-top-column elementor-element elementor-element-24377ee1\" data-id=\"24377ee1\" data-element_type=\"column\" data-e-type=\"column\">\n        <div class=\"elementor-widget-wrap elementor-element-populated\">\n                    \n        \t\t<div class=\"elementor-element elementor-element-1787c4d6 elementor-widget elementor-widget-ct_image\" data-id=\"1787c4d6\" data-element_type=\"widget\" data-e-type=\"widget\" data-widget_type=\"ct_image.default\">\n\t\t\t\t<div class=\"elementor-widget-container\">\n\t\t\t\t\t<div class=\"ct-image-single img-type-img ct-no-effect\" data-wow-delay=\"ms\">\r\n                        <img decoding=\"async\" width=\"720\" height=\"720\" src=\"https:\/\/roteschemies.de\/wp-content\/uploads\/2022\/12\/D311914095_5606255989420786_1852925251756_n.jpg\" class=\"attachment-full\" alt=\"\" \/>            <\/div>\t\t\t\t<\/div>\n\t\t\t\t<\/div>\n\t\t\t\t<div class=\"elementor-element elementor-element-3a8e3599 elementor-widget elementor-widget-ct_button\" data-id=\"3a8e3599\" data-element_type=\"widget\" data-e-type=\"widget\" data-widget_type=\"ct_button.default\">\n\t\t\t\t<div class=\"elementor-widget-container\">\n\t\t\t\t\t<div id=\"ct_button-3a8e3599\" class=\"ct-button-wrapper ct-button-layout1 icon- btn--inline\">\r\n    <div class=\"ct-inline-css\"  data-css=\"        \">\r\n    <\/div>\r\n            <span class=\"ct-icon-active\"><\/span>\r\n        <a href=\"http:\/\/roteschemies.de\/tr\/temas-etmek\/\" class=\"btn btn-default icon-active btn-inline-block\" data-wow-delay=\"ms\">\r\n                            <span class=\"ct-button-icon ct-align-icon-\">\r\n                            <\/span>\r\n                <span class=\"ct-button-text\">buradan toptan sat\u0131n al<\/span>\r\n    <\/a>\r\n<\/div>\t\t\t\t<\/div>\n\t\t\t\t<\/div>\n\t\t            <\/div>\n        <\/div>\n                    <\/div>\n        <\/section>\n        \t\t<\/div>","protected":false},"excerpt":{"rendered":"<p>Gro\u00dfhandel Silber fl\u00fcssiges Quecksilber Reines Silber Quecksilber Reinheit: 99,99% nach Gew. min. Produktname: Silber fl\u00fcssiges Quecksilber Andere Namen: schnell, Hydrargyrum, Hydrargyria Fall Nr.: 7439-97-6 EINECS: 231-106-7 Physikalischer Zustand: Fl\u00fcssig Erscheinungsbild: Silber-wei\u00dfe Fl\u00fcssigkeit Geruch: geruchlos PH: Nicht verf\u00fcgbar. Dampfdruck: 0,002 mm Hg 25C Dampfdichte: 7.0 Verdampfungsrate: Nicht verf\u00fcgbar. Viskosit\u00e4t: 15.5 mP 25 dig C Siedepunkt: 356.72 [&hellip;]<\/p>\n","protected":false},"author":1,"featured_media":0,"parent":0,"menu_order":0,"comment_status":"closed","ping_status":"closed","template":"","meta":{"footnotes":""},"class_list":["post-5249","page","type-page","status-publish","hentry"],"yoast_head":"<!-- This site is optimized with the Yoast SEO plugin v27.4 - https:\/\/yoast.com\/product\/yoast-seo-wordpress\/ -->\n<title>Silber fl\u00fcssiges Quecksilber zu verkaufen | Kaufen Silber Quecksilber -Roteschemie<\/title>\n<meta name=\"description\" content=\"Silber fl\u00fcssiges Quecksilber zu verkaufen - Roteschemie ist Hersteller von Silber Quecksilber. Unsere Fabrik in Deutschland. Kaufen Sie im Gro\u00dfhandel deutsches Silber Quecksilber.\" \/>\n<meta name=\"robots\" content=\"index, follow, max-snippet:-1, max-image-preview:large, max-video-preview:-1\" \/>\n<link rel=\"canonical\" href=\"https:\/\/roteschemies.de\/tr\/guemues-civa\/\" \/>\n<meta property=\"og:locale\" content=\"tr_TR\" \/>\n<meta property=\"og:type\" content=\"article\" \/>\n<meta property=\"og:title\" content=\"Silber fl\u00fcssiges Quecksilber zu verkaufen | Kaufen Silber Quecksilber -Roteschemie\" \/>\n<meta property=\"og:description\" content=\"Silber fl\u00fcssiges Quecksilber zu verkaufen - Roteschemie ist Hersteller von Silber Quecksilber. Unsere Fabrik in Deutschland. Kaufen Sie im Gro\u00dfhandel deutsches Silber Quecksilber.\" \/>\n<meta property=\"og:url\" content=\"https:\/\/roteschemies.de\/tr\/guemues-civa\/\" \/>\n<meta property=\"og:site_name\" content=\"Roteschemie\" \/>\n<meta property=\"article:modified_time\" content=\"2023-07-13T10:43:21+00:00\" \/>\n<meta property=\"og:image\" content=\"https:\/\/roteschemies.de\/wp-content\/uploads\/2022\/12\/G311914095_5606255989420786_1852925251756_n-750x900.jpg\" \/>\n<meta name=\"twitter:card\" content=\"summary_large_image\" \/>\n<meta name=\"twitter:label1\" content=\"Tahmini okuma s\u00fcresi\" \/>\n\t<meta name=\"twitter:data1\" content=\"2 dakika\" \/>\n<script type=\"application\/ld+json\" class=\"yoast-schema-graph\">{\"@context\":\"https:\\\/\\\/schema.org\",\"@graph\":[{\"@type\":\"WebPage\",\"@id\":\"https:\\\/\\\/roteschemies.de\\\/silber-quecksilber\\\/\",\"url\":\"https:\\\/\\\/roteschemies.de\\\/silber-quecksilber\\\/\",\"name\":\"Silber fl\u00fcssiges Quecksilber zu verkaufen | Kaufen Silber Quecksilber -Roteschemie\",\"isPartOf\":{\"@id\":\"https:\\\/\\\/roteschemies.de\\\/#website\"},\"primaryImageOfPage\":{\"@id\":\"https:\\\/\\\/roteschemies.de\\\/silber-quecksilber\\\/#primaryimage\"},\"image\":{\"@id\":\"https:\\\/\\\/roteschemies.de\\\/silber-quecksilber\\\/#primaryimage\"},\"thumbnailUrl\":\"https:\\\/\\\/roteschemies.de\\\/wp-content\\\/uploads\\\/2022\\\/12\\\/G311914095_5606255989420786_1852925251756_n-750x900.jpg\",\"datePublished\":\"2023-07-13T10:32:01+00:00\",\"dateModified\":\"2023-07-13T10:43:21+00:00\",\"description\":\"Silber fl\u00fcssiges Quecksilber zu verkaufen - Roteschemie ist Hersteller von Silber Quecksilber. Unsere Fabrik in Deutschland. Kaufen Sie im Gro\u00dfhandel deutsches Silber Quecksilber.\",\"breadcrumb\":{\"@id\":\"https:\\\/\\\/roteschemies.de\\\/silber-quecksilber\\\/#breadcrumb\"},\"inLanguage\":\"tr\",\"potentialAction\":[{\"@type\":\"ReadAction\",\"target\":[\"https:\\\/\\\/roteschemies.de\\\/silber-quecksilber\\\/\"]}]},{\"@type\":\"ImageObject\",\"inLanguage\":\"tr\",\"@id\":\"https:\\\/\\\/roteschemies.de\\\/silber-quecksilber\\\/#primaryimage\",\"url\":\"https:\\\/\\\/roteschemies.de\\\/wp-content\\\/uploads\\\/2022\\\/12\\\/G311914095_5606255989420786_1852925251756_n-750x900.jpg\",\"contentUrl\":\"https:\\\/\\\/roteschemies.de\\\/wp-content\\\/uploads\\\/2022\\\/12\\\/G311914095_5606255989420786_1852925251756_n-750x900.jpg\"},{\"@type\":\"BreadcrumbList\",\"@id\":\"https:\\\/\\\/roteschemies.de\\\/silber-quecksilber\\\/#breadcrumb\",\"itemListElement\":[{\"@type\":\"ListItem\",\"position\":1,\"name\":\"Home\",\"item\":\"https:\\\/\\\/roteschemies.de\\\/\"},{\"@type\":\"ListItem\",\"position\":2,\"name\":\"Silber Quecksilber\"}]},{\"@type\":\"WebSite\",\"@id\":\"https:\\\/\\\/roteschemies.de\\\/#website\",\"url\":\"https:\\\/\\\/roteschemies.de\\\/\",\"name\":\"Roteschemie\",\"description\":\"Rotes fl&uuml;ssiges Quecksilber, silbernes fl&uuml;ssiges Quecksilber online kaufen\",\"alternateName\":\"roteschemies.de\",\"potentialAction\":[{\"@type\":\"SearchAction\",\"target\":{\"@type\":\"EntryPoint\",\"urlTemplate\":\"https:\\\/\\\/roteschemies.de\\\/?s={search_term_string}\"},\"query-input\":{\"@type\":\"PropertyValueSpecification\",\"valueRequired\":true,\"valueName\":\"search_term_string\"}}],\"inLanguage\":\"tr\"}]}<\/script>\n<!-- \/ Yoast SEO plugin. -->","yoast_head_json":{"title":"G\u00fcm\u00fc\u015f s\u0131v\u0131 c\u0131va sat\u0131\u015f\u0131 | G\u00fcm\u00fc\u015f c\u0131va sat\u0131n al\u0131n - k\u0131rm\u0131z\u0131 kimya","description":"Sat\u0131l\u0131k g\u00fcm\u00fc\u015f s\u0131v\u0131 c\u0131va - Roteschemie, g\u00fcm\u00fc\u015f c\u0131va \u00fcreticisidir. Almanya&#039;daki fabrikam\u0131z. Toptan Alman g\u00fcm\u00fc\u015f c\u0131va sat\u0131n al\u0131n.","robots":{"index":"index","follow":"follow","max-snippet":"max-snippet:-1","max-image-preview":"max-image-preview:large","max-video-preview":"max-video-preview:-1"},"canonical":"https:\/\/roteschemies.de\/tr\/guemues-civa\/","og_locale":"tr_TR","og_type":"article","og_title":"Silber fl\u00fcssiges Quecksilber zu verkaufen | Kaufen Silber Quecksilber -Roteschemie","og_description":"Silber fl\u00fcssiges Quecksilber zu verkaufen - Roteschemie ist Hersteller von Silber Quecksilber. Unsere Fabrik in Deutschland. Kaufen Sie im Gro\u00dfhandel deutsches Silber Quecksilber.","og_url":"https:\/\/roteschemies.de\/tr\/guemues-civa\/","og_site_name":"Roteschemie","article_modified_time":"2023-07-13T10:43:21+00:00","og_image":[{"url":"https:\/\/roteschemies.de\/wp-content\/uploads\/2022\/12\/G311914095_5606255989420786_1852925251756_n-750x900.jpg","type":"","width":"","height":""}],"twitter_card":"summary_large_image","twitter_misc":{"Tahmini okuma s\u00fcresi":"2 dakika"},"schema":{"@context":"https:\/\/schema.org","@graph":[{"@type":"WebPage","@id":"https:\/\/roteschemies.de\/silber-quecksilber\/","url":"https:\/\/roteschemies.de\/silber-quecksilber\/","name":"G\u00fcm\u00fc\u015f s\u0131v\u0131 c\u0131va sat\u0131\u015f\u0131 | G\u00fcm\u00fc\u015f c\u0131va sat\u0131n al\u0131n - k\u0131rm\u0131z\u0131 kimya","isPartOf":{"@id":"https:\/\/roteschemies.de\/#website"},"primaryImageOfPage":{"@id":"https:\/\/roteschemies.de\/silber-quecksilber\/#primaryimage"},"image":{"@id":"https:\/\/roteschemies.de\/silber-quecksilber\/#primaryimage"},"thumbnailUrl":"https:\/\/roteschemies.de\/wp-content\/uploads\/2022\/12\/G311914095_5606255989420786_1852925251756_n-750x900.jpg","datePublished":"2023-07-13T10:32:01+00:00","dateModified":"2023-07-13T10:43:21+00:00","description":"Sat\u0131l\u0131k g\u00fcm\u00fc\u015f s\u0131v\u0131 c\u0131va - Roteschemie, g\u00fcm\u00fc\u015f c\u0131va \u00fcreticisidir. Almanya&#039;daki fabrikam\u0131z. Toptan Alman g\u00fcm\u00fc\u015f c\u0131va sat\u0131n al\u0131n.","breadcrumb":{"@id":"https:\/\/roteschemies.de\/silber-quecksilber\/#breadcrumb"},"inLanguage":"tr","potentialAction":[{"@type":"ReadAction","target":["https:\/\/roteschemies.de\/silber-quecksilber\/"]}]},{"@type":"ImageObject","inLanguage":"tr","@id":"https:\/\/roteschemies.de\/silber-quecksilber\/#primaryimage","url":"https:\/\/roteschemies.de\/wp-content\/uploads\/2022\/12\/G311914095_5606255989420786_1852925251756_n-750x900.jpg","contentUrl":"https:\/\/roteschemies.de\/wp-content\/uploads\/2022\/12\/G311914095_5606255989420786_1852925251756_n-750x900.jpg"},{"@type":"BreadcrumbList","@id":"https:\/\/roteschemies.de\/silber-quecksilber\/#breadcrumb","itemListElement":[{"@type":"ListItem","position":1,"name":"Home","item":"https:\/\/roteschemies.de\/"},{"@type":"ListItem","position":2,"name":"Silber Quecksilber"}]},{"@type":"WebSite","@id":"https:\/\/roteschemies.de\/#website","url":"https:\/\/roteschemies.de\/","name":"k\u0131rm\u0131z\u0131 kimya","description":"K\u0131rm\u0131z\u0131 S\u0131v\u0131 C\u0131va, G\u00fcm\u00fc\u015f S\u0131v\u0131 C\u0131va \u00fcr\u00fcn\u00fcn\u00fc \u00e7evrimi\u00e7i sat\u0131n al","alternateName":"roteschemies.de","potentialAction":[{"@type":"SearchAction","target":{"@type":"EntryPoint","urlTemplate":"https:\/\/roteschemies.de\/?s={search_term_string}"},"query-input":{"@type":"PropertyValueSpecification","valueRequired":true,"valueName":"search_term_string"}}],"inLanguage":"tr"}]}},"_links":{"self":[{"href":"https:\/\/roteschemies.de\/tr\/wp-json\/wp\/v2\/pages\/5249","targetHints":{"allow":["GET"]}}],"collection":[{"href":"https:\/\/roteschemies.de\/tr\/wp-json\/wp\/v2\/pages"}],"about":[{"href":"https:\/\/roteschemies.de\/tr\/wp-json\/wp\/v2\/types\/page"}],"author":[{"embeddable":true,"href":"https:\/\/roteschemies.de\/tr\/wp-json\/wp\/v2\/users\/1"}],"replies":[{"embeddable":true,"href":"https:\/\/roteschemies.de\/tr\/wp-json\/wp\/v2\/comments?post=5249"}],"version-history":[{"count":0,"href":"https:\/\/roteschemies.de\/tr\/wp-json\/wp\/v2\/pages\/5249\/revisions"}],"wp:attachment":[{"href":"https:\/\/roteschemies.de\/tr\/wp-json\/wp\/v2\/media?parent=5249"}],"curies":[{"name":"wp","href":"https:\/\/api.w.org\/{rel}","templated":true}]}}