{"id":5473,"date":"2024-06-10T13:29:49","date_gmt":"2024-06-10T13:29:49","guid":{"rendered":"https:\/\/roteschemies.de\/?page_id=5473"},"modified":"2024-06-13T05:16:10","modified_gmt":"2024-06-13T05:16:10","slug":"cevrimici-egitim","status":"publish","type":"page","link":"https:\/\/roteschemies.de\/tr\/cevrimici-egitim\/","title":{"rendered":"Cevrimici egitim"},"content":{"rendered":"<div data-elementor-type=\"wp-page\" data-elementor-id=\"5473\" class=\"elementor elementor-5473\">\n\t\t\t\t        <section class=\"elementor-section elementor-top-section elementor-element elementor-element-ac9e507 elementor-section-boxed elementor-section-height-default elementor-section-height-default ct-header-fixed-none ct-row-max-none\" data-id=\"ac9e507\" data-element_type=\"section\" data-e-type=\"section\">\n            \n                        <div class=\"elementor-container elementor-column-gap-default\">\n                    <div class=\"elementor-column elementor-col-100 elementor-top-column elementor-element elementor-element-703fdd3\" data-id=\"703fdd3\" data-element_type=\"column\" data-e-type=\"column\">\n        <div class=\"elementor-widget-wrap\">\n                    \n                    <\/div>\n        <\/div>\n                    <\/div>\n        <\/section>\n                <section class=\"elementor-section elementor-top-section elementor-element elementor-element-4452873 elementor-section-boxed elementor-section-height-default elementor-section-height-default ct-header-fixed-none ct-row-max-none\" data-id=\"4452873\" data-element_type=\"section\" data-e-type=\"section\">\n            \n                        <div class=\"elementor-container elementor-column-gap-default\">\n                    <div class=\"elementor-column elementor-col-100 elementor-top-column elementor-element elementor-element-78f37f3\" data-id=\"78f37f3\" data-element_type=\"column\" data-e-type=\"column\">\n        <div class=\"elementor-widget-wrap\">\n                    \n                    <\/div>\n        <\/div>\n                    <\/div>\n        <\/section>\n                <section class=\"elementor-section elementor-top-section elementor-element elementor-element-2d39b53 elementor-section-boxed elementor-section-height-default elementor-section-height-default ct-header-fixed-none ct-row-max-none\" data-id=\"2d39b53\" data-element_type=\"section\" data-e-type=\"section\">\n            \n                        <div class=\"elementor-container elementor-column-gap-default\">\n                    <div class=\"elementor-column elementor-col-100 elementor-top-column elementor-element elementor-element-409df8b\" data-id=\"409df8b\" data-element_type=\"column\" data-e-type=\"column\">\n        <div class=\"elementor-widget-wrap\">\n                    \n                    <\/div>\n        <\/div>\n                    <\/div>\n        <\/section>\n                <section class=\"elementor-section elementor-top-section elementor-element elementor-element-fda3d85 elementor-section-boxed elementor-section-height-default elementor-section-height-default ct-header-fixed-none ct-row-max-none\" data-id=\"fda3d85\" data-element_type=\"section\" data-e-type=\"section\">\n            \n                        <div class=\"elementor-container elementor-column-gap-default\">\n                    <div class=\"elementor-column elementor-col-100 elementor-top-column elementor-element elementor-element-b78578d\" data-id=\"b78578d\" data-element_type=\"column\" data-e-type=\"column\">\n        <div class=\"elementor-widget-wrap elementor-element-populated\">\n                    \n        \t\t<div class=\"elementor-element elementor-element-4547462 elementor-widget elementor-widget-heading\" data-id=\"4547462\" data-element_type=\"widget\" data-e-type=\"widget\" data-widget_type=\"heading.default\">\n\t\t\t\t<div class=\"elementor-widget-container\">\n\t\t\t\t\t<h2 class=\"elementor-heading-title elementor-size-default\">K\u0131rm\u0131z\u0131 ve g\u00fcm\u00fc\u015f c\u0131van\u0131n nas\u0131l yap\u0131laca\u011f\u0131na dair \u00e7evrimi\u00e7i e\u011fitim<\/h2>\t\t\t\t<\/div>\n\t\t\t\t<\/div>\n\t\t\t\t<div class=\"elementor-element elementor-element-53e6d74 elementor-widget elementor-widget-text-editor\" data-id=\"53e6d74\" data-element_type=\"widget\" data-e-type=\"widget\" data-widget_type=\"text-editor.default\">\n\t\t\t\t<div class=\"elementor-widget-container\">\n\t\t\t\t\t\t\t\t\t<p>Tan\u0131nm\u0131\u015f \u015firketimiz Rotes Chemie&#039;yi 1992 y\u0131l\u0131nda kurdu\u011fumuzdan bu yana, alt\u0131n ve di\u011fer bir\u00e7ok de\u011ferli mineralin \u00e7\u0131kar\u0131lmas\u0131nda muazzam bir etkimiz oldu. Bu dikkate de\u011fer etki, Rotes Chemie&#039;nin saf k\u0131rm\u0131z\u0131 c\u0131va 258 20\/20 99,9999999 % Gamma 0,44-0,64&#039;\u00fcn tek \u00fcreticisi olmaya devam etmesinden kaynaklanmaktad\u0131r. \u00dcr\u00fcn kalitesi ve lojistik konusunda bug\u00fcne kadar kendimize sad\u0131k kald\u0131k.<\/p><p>Ancak y\u0131llar boyunca milyonlarca insan tutkuyla bizden \u015funu istedi: <strong>Cevrimici egitim<\/strong> k\u0131rm\u0131z\u0131 c\u0131va ve g\u00fcm\u00fc\u015f c\u0131va \u00fcretimi i\u00e7in. \u00c7evrimi\u00e7i e\u011fitimi verecek en yetkin kimyagerlerden ve deneyimli laboratuvar profesyonellerinden olu\u015fan bir ekibi ba\u015far\u0131yla olu\u015fturduk.<\/p><p>\u00c7evrimi\u00e7i e\u011fitim kursunun en iyi kimya uzmanlar\u0131m\u0131z taraf\u0131ndan her ayr\u0131nt\u0131s\u0131yla geli\u015ftirildi\u011fini size bildirmekten mutluluk duyuyoruz. Bu b\u00fcy\u00fck yenilik, detayl\u0131 pratik videolar ve kay\u0131tl\u0131 adaylara y\u00f6nelik birebir e\u011fitimler ile kimya ve madencilik sekt\u00f6rlerindeki milyonlarca insana saf ilk elden bilgi edinme f\u0131rsat\u0131 sunuyor. \u00c7evrimi\u00e7i kursu ba\u015far\u0131yla tamamlayan adaylar daha sonra \u00e7evrimd\u0131\u015f\u0131 kursu Almanya&#039;daki Rotes Chemie fabrikas\u0131nda tamamlayabilirler.<\/p><p><strong>Akademik ge\u00e7mi\u015f gereksinimleri;<\/strong><\/p><p>\u2013 Kimya, jeoloji, fizik, mineraloji (madencilik) veya ilgili alanlarda tecr\u00fcbesi olan ki\u015fileri tercih ediyoruz. Bunu onaylayan diploman\u0131z\u0131n veya sertifikan\u0131z\u0131n taranm\u0131\u015f bir kopyas\u0131na ihtiyac\u0131m\u0131z var.<\/p><p><strong>Ba\u015fvuru tarihi<\/strong>;<\/p><p>En verimli sonuca ula\u015fmak i\u00e7in birebir e\u011fitim program\u0131 oldu\u011fundan t\u00fcm y\u0131l boyunca ba\u015fvuru al\u0131yoruz. \u00c7evrimi\u00e7i e\u011fitim (9 ayl\u0131k yo\u011fun e\u011fitim) ve \u00e7evrimd\u0131\u015f\u0131 e\u011fitim ve stajlar (Almanya&#039;daki Rotes Chemie fabrikas\u0131nda 6 ay).<\/p><p><strong>\u00a0<\/strong><\/p><p><strong>Kurs \u00fccreti<\/strong><\/p><p>25.000 \u20ac \u0130ki taksitte \u00f6denecektir.<\/p><p>\u00a0<\/p><p><strong>Kursa genel bak\u0131\u015f<\/strong>;<\/p><ul><li><strong>Fiyat hedefi<\/strong>: Son teknolojiye sahip teknik ekipmanlarla k\u0131rm\u0131z\u0131 ve g\u00fcm\u00fc\u015f c\u0131van\u0131n \u00fcretimi, i\u015flenmesi ve depolanmas\u0131 konusunda bireylere e\u011fitim verilmesi. Kurs sonunda diploma verilmektedir.<\/li><\/ul><p>\u00a0<\/p><ul><li><strong>\u00c7al\u0131\u015fma hedefleri:<\/strong> 9 ayl\u0131k yo\u011fun online e\u011fitiminiz ve 6 ayl\u0131k uygulamal\u0131 e\u011fitiminizin sonunda;<\/li><\/ul><p><strong>&#8211;<\/strong> K\u0131rm\u0131z\u0131 c\u0131va ve g\u00fcm\u00fc\u015f c\u0131va \u00fcretmek i\u00e7in bir tesisin nas\u0131l kurulaca\u011f\u0131n\u0131 \u00f6\u011frenin. K\u0131rm\u0131z\u0131 c\u0131va \u00fcretim tesisinin nas\u0131l kurulaca\u011f\u0131na dair videolar e\u011fitmeninizden temin edilebilir.<\/p><p><strong>&#8211;<\/strong> K\u0131rm\u0131z\u0131 ve g\u00fcm\u00fc\u015f c\u0131va \u00fcretiminde kullan\u0131lan t\u00fcm ekipmanlar\u0131n kullan\u0131m\u0131n\u0131 ve dolay\u0131s\u0131yla bireysel fonksiyonlar\u0131n\u0131 bilin ve uzmanla\u015f\u0131n.<\/p><p><strong>&#8211;<\/strong> K\u0131rm\u0131z\u0131 ve g\u00fcm\u00fc\u015f Hg \u00fcretiminde kullan\u0131lan t\u00fcm ekipmanlar\u0131n nas\u0131l m\u00fckemmel bir \u015fekilde kullan\u0131laca\u011f\u0131n\u0131 (\u00e7al\u0131\u015ft\u0131r\u0131laca\u011f\u0131n\u0131) \u00f6\u011frenin.<\/p><p><strong>&#8211;<\/strong> K\u0131rm\u0131z\u0131 ve g\u00fcm\u00fc\u015f c\u0131va \u00fcretiminde kullan\u0131lan t\u00fcm kimyasallar\u0131n kullan\u0131m\u0131n\u0131 bilin ve uzmanla\u015f\u0131n. Bu kimyasallar\u0131n her birini h\u0131zl\u0131 bir \u015fekilde tan\u0131mlayabilir ve bunlar\u0131 nereden sat\u0131n alaca\u011f\u0131n\u0131z\u0131 bilebilirsiniz.<\/p><p><strong>&#8211;<\/strong> \u00dcretim s\u00fcrecinde kullan\u0131lacak kimyasallar\u0131n do\u011fru miktar\u0131n\u0131 (oranlar\u0131n\u0131) belirleyin.<\/p><p><strong>&#8211;<\/strong> K\u0131rm\u0131z\u0131 ve g\u00fcm\u00fc\u015f Hg \u00fcretimindeki t\u00fcm farkl\u0131 ad\u0131mlar\u0131 bilin ve tan\u0131mlay\u0131n.<\/p><p><strong>&#8211;<\/strong> K\u0131rm\u0131z\u0131 ve g\u00fcm\u00fc\u015f Hg&#039;yi depolamak i\u00e7in kullan\u0131lan \u015fi\u015felerin imalat\u0131nda kullan\u0131lan malzemeleri bilir ve tan\u0131mlar.<\/p><p><strong>&#8211;<\/strong> K\u0131rm\u0131z\u0131 ve g\u00fcm\u00fc\u015f Hg \u015fi\u015felerini nas\u0131l etiketleyece\u011finizi ve ki\u015fiselle\u015ftirece\u011finizi \u00f6\u011frenin.<\/p><p><strong>&#8211;<\/strong> K\u0131rm\u0131z\u0131 ve g\u00fcm\u00fc\u015f Hg \u00fcretiminde kullan\u0131lan \u00e7e\u015fitli g\u00fcvenlik \u00f6nlemlerini ve g\u00fcvenlik ekipmanlar\u0131n\u0131 bilmek ve bunlara hakim olmak.<\/p>\t\t\t\t\t\t\t\t<\/div>\n\t\t\t\t<\/div>\n\t\t            <\/div>\n        <\/div>\n                    <\/div>\n        <\/section>\n                <section class=\"elementor-section elementor-top-section elementor-element elementor-element-90a90b9 elementor-section-boxed elementor-section-height-default elementor-section-height-default ct-header-fixed-none ct-row-max-none\" data-id=\"90a90b9\" data-element_type=\"section\" data-e-type=\"section\">\n            \n                        <div class=\"elementor-container elementor-column-gap-default\">\n                    <div class=\"elementor-column elementor-col-100 elementor-top-column elementor-element elementor-element-dc9fee8\" data-id=\"dc9fee8\" data-element_type=\"column\" data-e-type=\"column\">\n        <div class=\"elementor-widget-wrap elementor-element-populated\">\n                    \n        \t\t<div class=\"elementor-element elementor-element-a616083 elementor-widget elementor-widget-shortcode\" data-id=\"a616083\" data-element_type=\"widget\" data-e-type=\"widget\" data-widget_type=\"shortcode.default\">\n\t\t\t\t<div class=\"elementor-widget-container\">\n\t\t\t\t\t\t\t<div class=\"elementor-shortcode\">\n<div class=\"wpcf7 no-js\" id=\"wpcf7-f5487-o1\" lang=\"en-US\" dir=\"ltr\" data-wpcf7-id=\"5487\">\n<div class=\"screen-reader-response\"><p role=\"status\" aria-live=\"polite\" aria-atomic=\"true\"><\/p> <ul><\/ul><\/div>\n<form action=\"\/tr\/wp-json\/wp\/v2\/pages\/5473#wpcf7-f5487-o1\" method=\"post\" class=\"wpcf7-form init cf7mls-no-scroll cf7mls-no-moving-animation\" aria-label=\"\u0130leti\u015fim formu\" enctype=\"multipart\/form-data\" novalidate=\"novalidate\" data-status=\"init\" data-trp-original-action=\"\/tr\/wp-json\/wp\/v2\/pages\/5473#wpcf7-f5487-o1\">\n<fieldset class=\"hidden-fields-container\"><input type=\"hidden\" name=\"_wpcf7\" value=\"5487\" \/><input type=\"hidden\" name=\"_wpcf7_version\" value=\"6.1.5\" \/><input type=\"hidden\" name=\"_wpcf7_locale\" value=\"en_US\" \/><input type=\"hidden\" name=\"_wpcf7_unit_tag\" value=\"wpcf7-f5487-o1\" \/><input type=\"hidden\" name=\"_wpcf7_container_post\" value=\"0\" \/><input type=\"hidden\" name=\"_wpcf7_posted_data_hash\" value=\"\" \/>\n<\/fieldset>\n<h5 class=\"form-title\">Kay\u0131t formu;\n<\/h5>\n<h6 class=\"form-title\">B\u00f6l\u00fcm A (\u00d6\u011frenci Kimli\u011fi):\n<\/h6>\n<div class=\"input-filled\">\n\t<p><i class=\"form-icon fac fa-user\"><\/i><span class=\"wpcf7-form-control-wrap\" data-name=\"your-name\"><input size=\"40\" maxlength=\"400\" class=\"wpcf7-form-control wpcf7-text wpcf7-validates-as-required\" aria-required=\"true\" aria-invalid=\"false\" placeholder=\"Kimlik kart\u0131n\u0131zda veya pasaportunuzda oldu\u011fu gibi do\u011fru s\u0131rada tam adlar\" value=\"\" type=\"text\" name=\"your-name\" \/><\/span>\n\t<\/p>\n<\/div>\n<div>\n\t<p>Do\u011fum tarihi (g\u00fcn \/ ay \/ y\u0131l)\n\t<\/p>\n<\/div>\n<div class=\"input-filled\">\n\t<p><span class=\"wpcf7-form-control-wrap\" data-name=\"date-794\"><input class=\"wpcf7-form-control wpcf7-date wpcf7-validates-as-date\" aria-invalid=\"false\" placeholder=\"\" value=\"\" type=\"date\" name=\"date-794\" \/><\/span>\n\t<\/p>\n<\/div>\n<div class=\"input-filled\">\n\t<p><span class=\"wpcf7-form-control-wrap\" data-name=\"your-name\"><input size=\"40\" maxlength=\"400\" class=\"wpcf7-form-control wpcf7-text wpcf7-validates-as-required\" aria-required=\"true\" aria-invalid=\"false\" placeholder=\"milliyet\" value=\"\" type=\"text\" name=\"your-name\" \/><\/span>\n\t<\/p>\n<\/div>\n<div class=\"input-filled\">\n\t<p><span class=\"wpcf7-form-control-wrap\" data-name=\"your-name\"><input size=\"40\" maxlength=\"400\" class=\"wpcf7-form-control wpcf7-text wpcf7-validates-as-required\" aria-required=\"true\" aria-invalid=\"false\" placeholder=\"Mevcut ikamet \u00fclkesi\" value=\"\" type=\"text\" name=\"your-name\" \/><\/span>\n\t<\/p>\n<\/div>\n<div class=\"input-filled\">\n\t<p><span class=\"wpcf7-form-control-wrap\" data-name=\"your-name\"><input size=\"40\" maxlength=\"400\" class=\"wpcf7-form-control wpcf7-text wpcf7-validates-as-required\" aria-required=\"true\" aria-invalid=\"false\" placeholder=\"Cinsiyet Erkek Kad\u0131n):\" value=\"\" type=\"text\" name=\"your-name\" \/><\/span>\n\t<\/p>\n<\/div>\n<div>\n\t<p>Kimlik kart\u0131n\u0131z\u0131n veya pasaportunuzun taranm\u0131\u015f bir kopyas\u0131n\u0131 y\u00fckleyin.\n\t<\/p>\n<\/div>\n<div class=\"input-filled\">\n\t<p><span class=\"wpcf7-form-control-wrap\" data-name=\"your-file\"><input size=\"40\" class=\"wpcf7-form-control wpcf7-file\" accept=\".pdf,.txt\" aria-invalid=\"false\" type=\"file\" name=\"your-file\" \/><\/span>\n\t<\/p>\n<\/div>\n<div>\n\t<p>En y\u00fcksek diploman\u0131z\u0131n veya sertifikan\u0131z\u0131n taranm\u0131\u015f kopyas\u0131n\u0131 veya kopyalar\u0131n\u0131 y\u00fckleyin\n\t<\/p>\n<\/div>\n<div class=\"input-filled\">\n\t<p><span class=\"wpcf7-form-control-wrap\" data-name=\"your-file\"><input size=\"40\" class=\"wpcf7-form-control wpcf7-file\" accept=\".pdf,.txt\" aria-invalid=\"false\" type=\"file\" name=\"your-file\" \/><\/span>\n\t<\/p>\n<\/div>\n<div>\n\t<p>Ba\u015fvurunuzu kolayla\u015ft\u0131rabilecek di\u011fer destekleyici belgeleri y\u00fckleyin.\n\t<\/p>\n<\/div>\n<div class=\"input-filled\">\n\t<p><span class=\"wpcf7-form-control-wrap\" data-name=\"your-file\"><input size=\"40\" class=\"wpcf7-form-control wpcf7-file\" accept=\".pdf,.txt\" aria-invalid=\"false\" type=\"file\" name=\"your-file\" \/><\/span>\n\t<\/p>\n<\/div>\n<h6 class=\"form-title\">B\u00f6l\u00fcm B (Bu kursa ba\u015fvurma nedenleri):\n<\/h6>\n<div class=\"input-filled\">\n\t<p><span class=\"wpcf7-form-control-wrap\" data-name=\"your-name\"><input size=\"40\" maxlength=\"400\" class=\"wpcf7-form-control wpcf7-text wpcf7-validates-as-required\" aria-required=\"true\" aria-invalid=\"false\" placeholder=\"Bu kursa ba\u015fvurma nedeninizi belirtin):\" value=\"\" type=\"text\" name=\"your-name\" \/><\/span>\n\t<\/p>\n<\/div>\n<div class=\"input-filled\">\n\t<p><span class=\"wpcf7-form-control-wrap\" data-name=\"your-name\"><input size=\"40\" maxlength=\"400\" class=\"wpcf7-form-control wpcf7-text wpcf7-validates-as-required\" aria-required=\"true\" aria-invalid=\"false\" placeholder=\"\u0130leride k\u0131rm\u0131z\u0131 Hg veya g\u00fcm\u00fc\u015f Hg \u00fcretim fabrikas\u0131 a\u00e7may\u0131 d\u00fc\u015f\u00fcn\u00fcyor musunuz?\" value=\"\" type=\"text\" name=\"your-name\" \/><\/span>\n\t<\/p>\n<\/div>\n<h6 class=\"form-title\">B\u00f6l\u00fcm C (\u00d6deme):\n<\/h6>\n<div>\n\t<p>\u00dccreti (25.000 \u20ac) \u0130K\u0130 TAKS\u0130T halinde \u00f6deyebilirsiniz (\u00e7evrimi\u00e7i e\u011fitim i\u00e7in 12.500 \u20ac ve Rotes Chemie&#039;deki \u00e7evrimd\u0131\u015f\u0131\/pratik e\u011fitim i\u00e7in 12.500 \u20ac). Yaln\u0131zca ba\u015fvurunuz onaylan\u0131rsa \u00fccreti \u00f6demeniz gerekti\u011fini unutmay\u0131n. T\u00fcm \u00f6demeler USDT paralar\u0131 cinsinden yap\u0131l\u0131r.\n\t<\/p>\n<\/div>\n<h6 class=\"form-title\">B\u00f6l\u00fcm D (\u0130leti\u015fim Bilgileri):\n<\/h6>\n<div class=\"input-filled\">\n\t<p><i class=\"form-icon fac fa-envelope\"><\/i><span class=\"wpcf7-form-control-wrap\" data-name=\"your-email\"><input size=\"40\" maxlength=\"400\" class=\"wpcf7-form-control wpcf7-email wpcf7-validates-as-required wpcf7-text wpcf7-validates-as-email\" aria-required=\"true\" aria-invalid=\"false\" placeholder=\"E-posta:\" value=\"\" type=\"email\" name=\"your-email\" \/><\/span>\n\t<\/p>\n<\/div>\n<div class=\"input-filled\">\n\t<p><i class=\"form-icon fac fa-phone\"><\/i><span class=\"wpcf7-form-control-wrap\" data-name=\"your-phone\"><input size=\"40\" maxlength=\"400\" class=\"wpcf7-form-control wpcf7-text wpcf7-validates-as-required\" aria-required=\"true\" aria-invalid=\"false\" placeholder=\"Telefon numaras\u0131:\" value=\"\" type=\"text\" name=\"your-phone\" \/><\/span>\n\t<\/p>\n<\/div>\n<div class=\"ct-range-slider\" data-value=\"60000\" data-maxvalue=\"100000\" data-currency=\"$\">\n<\/div>\n<div class=\"input-filled text-right\">\n\t<p><button type=\"submit\" class=\"wpcf7-submit btn btn-third2\"><i class=\"fac fa-external-link-alt space-right\"><\/i>Ba\u015fvuru formunuzu g\u00f6nderin<\/button>\n\t<\/p>\n<\/div><div class=\"wpcf7-response-output\" aria-hidden=\"true\"><\/div>\n<input type=\"hidden\" name=\"trp-form-language\" value=\"tr\"\/><\/form>\n<\/div>\n<\/div>\n\t\t\t\t\t\t<\/div>\n\t\t\t\t<\/div>\n\t\t            <\/div>\n        <\/div>\n                    <\/div>\n        <\/section>\n        \t\t<\/div>","protected":false},"excerpt":{"rendered":"<p>Online-Schulung zur Herstellung von rotem und silbernem Quecksilber Seit der Gr\u00fcndung unseres renommierten Unternehmens Rotes Chemie im Jahr 1992 haben wir einen enormen Einfluss auf die Gewinnung von Gold und vielen anderen wertvollen Mineralien gehabt. Dieser bemerkenswerte Einfluss ist auf die Tatsache zur\u00fcckzuf\u00fchren, dass Rotes Chemie der einzige Hersteller von reinem rotem Quecksilber 258 20\/20 [&hellip;]<\/p>\n","protected":false},"author":1,"featured_media":0,"parent":0,"menu_order":0,"comment_status":"closed","ping_status":"closed","template":"","meta":{"footnotes":""},"class_list":["post-5473","page","type-page","status-publish","hentry"],"yoast_head":"<!-- This site is optimized with the Yoast SEO plugin v27.3 - https:\/\/yoast.com\/product\/yoast-seo-wordpress\/ -->\n<title>Online Schulung - Roteschemie<\/title>\n<meta name=\"robots\" content=\"index, follow, max-snippet:-1, max-image-preview:large, max-video-preview:-1\" \/>\n<link rel=\"canonical\" href=\"https:\/\/roteschemies.de\/tr\/cevrimici-egitim\/\" \/>\n<meta property=\"og:locale\" content=\"tr_TR\" \/>\n<meta property=\"og:type\" content=\"article\" \/>\n<meta property=\"og:title\" content=\"Online Schulung - Roteschemie\" \/>\n<meta property=\"og:description\" content=\"Online-Schulung zur Herstellung von rotem und silbernem Quecksilber Seit der Gr\u00fcndung unseres renommierten Unternehmens Rotes Chemie im Jahr 1992 haben wir einen enormen Einfluss auf die Gewinnung von Gold und vielen anderen wertvollen Mineralien gehabt. Dieser bemerkenswerte Einfluss ist auf die Tatsache zur\u00fcckzuf\u00fchren, dass Rotes Chemie der einzige Hersteller von reinem rotem Quecksilber 258 20\/20 [&hellip;]\" \/>\n<meta property=\"og:url\" content=\"https:\/\/roteschemies.de\/tr\/cevrimici-egitim\/\" \/>\n<meta property=\"og:site_name\" content=\"Roteschemie\" \/>\n<meta property=\"article:modified_time\" content=\"2024-06-13T05:16:10+00:00\" \/>\n<meta name=\"twitter:card\" content=\"summary_large_image\" \/>\n<meta name=\"twitter:label1\" content=\"Tahmini okuma s\u00fcresi\" \/>\n\t<meta name=\"twitter:data1\" content=\"3 dakika\" \/>\n<script type=\"application\/ld+json\" class=\"yoast-schema-graph\">{\"@context\":\"https:\\\/\\\/schema.org\",\"@graph\":[{\"@type\":\"WebPage\",\"@id\":\"https:\\\/\\\/roteschemies.de\\\/online-schulung\\\/\",\"url\":\"https:\\\/\\\/roteschemies.de\\\/online-schulung\\\/\",\"name\":\"Online Schulung - Roteschemie\",\"isPartOf\":{\"@id\":\"https:\\\/\\\/roteschemies.de\\\/#website\"},\"datePublished\":\"2024-06-10T13:29:49+00:00\",\"dateModified\":\"2024-06-13T05:16:10+00:00\",\"breadcrumb\":{\"@id\":\"https:\\\/\\\/roteschemies.de\\\/online-schulung\\\/#breadcrumb\"},\"inLanguage\":\"tr\",\"potentialAction\":[{\"@type\":\"ReadAction\",\"target\":[\"https:\\\/\\\/roteschemies.de\\\/online-schulung\\\/\"]}]},{\"@type\":\"BreadcrumbList\",\"@id\":\"https:\\\/\\\/roteschemies.de\\\/online-schulung\\\/#breadcrumb\",\"itemListElement\":[{\"@type\":\"ListItem\",\"position\":1,\"name\":\"Home\",\"item\":\"https:\\\/\\\/roteschemies.de\\\/\"},{\"@type\":\"ListItem\",\"position\":2,\"name\":\"Online Schulung\"}]},{\"@type\":\"WebSite\",\"@id\":\"https:\\\/\\\/roteschemies.de\\\/#website\",\"url\":\"https:\\\/\\\/roteschemies.de\\\/\",\"name\":\"Roteschemie\",\"description\":\"Rotes fl&uuml;ssiges Quecksilber, silbernes fl&uuml;ssiges Quecksilber online kaufen\",\"alternateName\":\"roteschemies.de\",\"potentialAction\":[{\"@type\":\"SearchAction\",\"target\":{\"@type\":\"EntryPoint\",\"urlTemplate\":\"https:\\\/\\\/roteschemies.de\\\/?s={search_term_string}\"},\"query-input\":{\"@type\":\"PropertyValueSpecification\",\"valueRequired\":true,\"valueName\":\"search_term_string\"}}],\"inLanguage\":\"tr\"}]}<\/script>\n<!-- \/ Yoast SEO plugin. -->","yoast_head_json":{"title":"\u00c7evrimi\u00e7i e\u011fitim - k\u0131rm\u0131z\u0131 kimya","robots":{"index":"index","follow":"follow","max-snippet":"max-snippet:-1","max-image-preview":"max-image-preview:large","max-video-preview":"max-video-preview:-1"},"canonical":"https:\/\/roteschemies.de\/tr\/cevrimici-egitim\/","og_locale":"tr_TR","og_type":"article","og_title":"Online Schulung - Roteschemie","og_description":"Online-Schulung zur Herstellung von rotem und silbernem Quecksilber Seit der Gr\u00fcndung unseres renommierten Unternehmens Rotes Chemie im Jahr 1992 haben wir einen enormen Einfluss auf die Gewinnung von Gold und vielen anderen wertvollen Mineralien gehabt. Dieser bemerkenswerte Einfluss ist auf die Tatsache zur\u00fcckzuf\u00fchren, dass Rotes Chemie der einzige Hersteller von reinem rotem Quecksilber 258 20\/20 [&hellip;]","og_url":"https:\/\/roteschemies.de\/tr\/cevrimici-egitim\/","og_site_name":"Roteschemie","article_modified_time":"2024-06-13T05:16:10+00:00","twitter_card":"summary_large_image","twitter_misc":{"Tahmini okuma s\u00fcresi":"3 dakika"},"schema":{"@context":"https:\/\/schema.org","@graph":[{"@type":"WebPage","@id":"https:\/\/roteschemies.de\/online-schulung\/","url":"https:\/\/roteschemies.de\/online-schulung\/","name":"\u00c7evrimi\u00e7i e\u011fitim - k\u0131rm\u0131z\u0131 kimya","isPartOf":{"@id":"https:\/\/roteschemies.de\/#website"},"datePublished":"2024-06-10T13:29:49+00:00","dateModified":"2024-06-13T05:16:10+00:00","breadcrumb":{"@id":"https:\/\/roteschemies.de\/online-schulung\/#breadcrumb"},"inLanguage":"tr","potentialAction":[{"@type":"ReadAction","target":["https:\/\/roteschemies.de\/online-schulung\/"]}]},{"@type":"BreadcrumbList","@id":"https:\/\/roteschemies.de\/online-schulung\/#breadcrumb","itemListElement":[{"@type":"ListItem","position":1,"name":"Home","item":"https:\/\/roteschemies.de\/"},{"@type":"ListItem","position":2,"name":"Online Schulung"}]},{"@type":"WebSite","@id":"https:\/\/roteschemies.de\/#website","url":"https:\/\/roteschemies.de\/","name":"k\u0131rm\u0131z\u0131 kimya","description":"K\u0131rm\u0131z\u0131 S\u0131v\u0131 C\u0131va, G\u00fcm\u00fc\u015f S\u0131v\u0131 C\u0131va \u00fcr\u00fcn\u00fcn\u00fc \u00e7evrimi\u00e7i sat\u0131n al","alternateName":"roteschemies.de","potentialAction":[{"@type":"SearchAction","target":{"@type":"EntryPoint","urlTemplate":"https:\/\/roteschemies.de\/?s={search_term_string}"},"query-input":{"@type":"PropertyValueSpecification","valueRequired":true,"valueName":"search_term_string"}}],"inLanguage":"tr"}]}},"_links":{"self":[{"href":"https:\/\/roteschemies.de\/tr\/wp-json\/wp\/v2\/pages\/5473","targetHints":{"allow":["GET"]}}],"collection":[{"href":"https:\/\/roteschemies.de\/tr\/wp-json\/wp\/v2\/pages"}],"about":[{"href":"https:\/\/roteschemies.de\/tr\/wp-json\/wp\/v2\/types\/page"}],"author":[{"embeddable":true,"href":"https:\/\/roteschemies.de\/tr\/wp-json\/wp\/v2\/users\/1"}],"replies":[{"embeddable":true,"href":"https:\/\/roteschemies.de\/tr\/wp-json\/wp\/v2\/comments?post=5473"}],"version-history":[{"count":17,"href":"https:\/\/roteschemies.de\/tr\/wp-json\/wp\/v2\/pages\/5473\/revisions"}],"predecessor-version":[{"id":5493,"href":"https:\/\/roteschemies.de\/tr\/wp-json\/wp\/v2\/pages\/5473\/revisions\/5493"}],"wp:attachment":[{"href":"https:\/\/roteschemies.de\/tr\/wp-json\/wp\/v2\/media?parent=5473"}],"curies":[{"name":"wp","href":"https:\/\/api.w.org\/{rel}","templated":true}]}}