{"id":5240,"date":"2023-07-13T09:56:54","date_gmt":"2023-07-13T09:56:54","guid":{"rendered":"https:\/\/roteschemies.de\/?page_id=5240"},"modified":"2023-07-13T10:42:17","modified_gmt":"2023-07-13T10:42:17","slug":"\u0447\u0435\u0440\u0432\u043e\u043d\u0430-\u0440\u0442\u0443\u0442\u044c","status":"publish","type":"page","link":"https:\/\/roteschemies.de\/uk\/\u0447\u0435\u0440\u0432\u043e\u043d\u0430-\u0440\u0442\u0443\u0442\u044c\/","title":{"rendered":"\u0427\u0435\u0440\u0432\u043e\u043d\u0430 \u0440\u0442\u0443\u0442\u044c"},"content":{"rendered":"<div data-elementor-type=\"wp-page\" data-elementor-id=\"5240\" class=\"elementor elementor-5240\">\n\t\t\t\t        <section class=\"elementor-section elementor-top-section elementor-element elementor-element-363e074a elementor-section-boxed elementor-section-height-default elementor-section-height-default ct-header-fixed-none ct-row-max-none\" data-id=\"363e074a\" data-element_type=\"section\" data-e-type=\"section\">\n            \n                        <div class=\"elementor-container elementor-column-gap-default\">\n                    <div class=\"elementor-column elementor-col-50 elementor-top-column elementor-element elementor-element-23c8db5b\" data-id=\"23c8db5b\" data-element_type=\"column\" data-e-type=\"column\">\n        <div class=\"elementor-widget-wrap elementor-element-populated\">\n                    \n        \t\t<div class=\"elementor-element elementor-element-20b585d0 elementor-widget elementor-widget-ct_image\" data-id=\"20b585d0\" data-element_type=\"widget\" data-e-type=\"widget\" data-widget_type=\"ct_image.default\">\n\t\t\t\t<div class=\"elementor-widget-container\">\n\t\t\t\t\t<div class=\"ct-image-single img-type-img ct-no-effect\" data-wow-delay=\"ms\">\r\n                        <img fetchpriority=\"high\" decoding=\"async\" width=\"756\" height=\"567\" src=\"https:\/\/roteschemies.de\/wp-content\/uploads\/2022\/12\/E311914095_5606255989420786_1852925251756_n.jpg\" class=\"attachment-full\" alt=\"\" \/>            <\/div>\t\t\t\t<\/div>\n\t\t\t\t<\/div>\n\t\t            <\/div>\n        <\/div>\n                <div class=\"elementor-column elementor-col-50 elementor-top-column elementor-element elementor-element-2670a6eb\" data-id=\"2670a6eb\" data-element_type=\"column\" data-e-type=\"column\">\n        <div class=\"elementor-widget-wrap elementor-element-populated\">\n                    \n        \t\t<div class=\"elementor-element elementor-element-7f3f925e elementor-widget elementor-widget-ct_heading\" data-id=\"7f3f925e\" data-element_type=\"widget\" data-e-type=\"widget\" data-widget_type=\"ct_heading.default\">\n\t\t\t\t<div class=\"elementor-widget-container\">\n\t\t\t\t\t<div id=\"ct_heading-7f3f925e\" class=\"ct-heading h-align- sub-style1 ct-heading-left item-st-line-left2\">\r\n\t<div class=\"ct-item--inner\">\r\n        <div class=\"ct-inline-css\"  data-css=\"            \">\r\n        <\/div>\r\n                <h6 class=\"item--title st-line-left2 case-animate-time\" data-wow-delay=\"ms\">\r\n                        <span class=\"sp-main\">\r\n                                    <i><\/i>\r\n                \r\n                \u041e\u043f\u0442 \u041d\u0456\u043c\u0435\u0446\u044c\u043a\u0438\u0439 \u0427\u0435\u0440\u0432\u043e\u043d\u0438\u0439 \u041c\u0435\u0440\u043a\u0443\u0440\u0456\u0439 20\/20-258 9N\r\n                \r\n                            <\/span>\r\n                    <\/h6>\r\n    <\/div>\r\n<\/div>\t\t\t\t<\/div>\n\t\t\t\t<\/div>\n\t\t\t\t<div class=\"elementor-element elementor-element-3b680a15 elementor-widget elementor-widget-text-editor\" data-id=\"3b680a15\" data-element_type=\"widget\" data-e-type=\"widget\" data-widget_type=\"text-editor.default\">\n\t\t\t\t<div class=\"elementor-widget-container\">\n\t\t\t\t\t\t\t\t\t<p>\u0426\u0435\u0439 \u043d\u0456\u043c\u0435\u0446\u044c\u043a\u0438\u0439 Red Mercury \u0432\u0438\u0441\u043e\u043a\u043e\u0457 \u0447\u0438\u0441\u0442\u043e\u0442\u0438 20\/20 258 99.9999999% \u0432\u0438\u0440\u043e\u0431\u043b\u044f\u0454\u0442\u044c\u0441\u044f \u0442\u0443\u0442, \u0443 \u041d\u0456\u043c\u0435\u0447\u0447\u0438\u043d\u0456, \u043d\u0430\u0448\u043e\u044e \u043a\u043e\u043c\u043f\u0430\u043d\u0456\u0454\u044e. \u0426\u044e \u0440\u0442\u0443\u0442\u044c \u043c\u0438 \u0432\u0438\u043f\u0443\u0441\u043a\u0430\u0454\u043c\u043e \u0432 \u043f\u043b\u044f\u0448\u043a\u0430\u0445 \u043f\u043e 1 \u043a\u0433 \u0456 34,5 \u043a\u0433. \u041c\u0438 \u043f\u0440\u043e\u043f\u043e\u043d\u0443\u0454\u043c\u043e Red Mercury \u0437\u0430 \u043e\u043f\u0442\u043e\u0432\u0438\u043c\u0438 \u0446\u0456\u043d\u0430\u043c\u0438 \u0434\u043b\u044f \u0440\u043e\u0437\u0434\u0440\u0456\u0431\u043d\u0438\u0445 \u043f\u0456\u0434\u043f\u0440\u0438\u0454\u043c\u0441\u0442\u0432 \u0442\u0430 \u0444\u0456\u0437\u0438\u0447\u043d\u0438\u0445 \u043e\u0441\u0456\u0431. \u041f\u043e\u043a\u0443\u043f\u043a\u0438 \u0437\u0434\u0456\u0439\u0441\u043d\u044e\u044e\u0442\u044c\u0441\u044f \u043b\u0438\u0448\u0435 \u0437\u0430 \u043a\u0440\u0438\u043f\u0442\u043e\u0432\u0430\u043b\u044e\u0442\u0443. \u0429\u043e\u0431 \u043a\u0443\u043f\u0438\u0442\u0438 \u0447\u0435\u0440\u0432\u043e\u043d\u0443 \u0440\u0442\u0443\u0442\u044c \u043e\u043d\u043b\u0430\u0439\u043d \u0443 \u043d\u0430\u0441, \u043d\u0430\u0442\u0438\u0441\u043d\u0456\u0442\u044c \u043d\u0430 \u043a\u043e\u043d\u0442\u0430\u043a\u0442\u043d\u0443 \u0444\u043e\u0440\u043c\u0443.<br \/>\u0420\u043e\u0437\u043c\u0456\u0440 \u0443\u043f\u0430\u043a\u043e\u0432\u043a\u0438: 1 \u043a\u0433, 5 \u043a\u0433, 17,5 \u043a\u0433 \u0456 34,5 \u043a\u0433<\/p><p>*\u0414\u043e\u0434\u0430\u0442\u043a\u043e\u0432\u0456 \u0432\u043b\u0430\u0441\u0442\u0438\u0432\u043e\u0441\u0442\u0456 \u043d\u0430\u0448\u043e\u0457 \u043d\u0456\u043c\u0435\u0446\u044c\u043a\u043e\u0457 \u0447\u0435\u0440\u0432\u043e\u043d\u043e\u0457 \u0440\u0442\u0443\u0442\u0456*<br \/>1.) \u0419\u043e\u0433\u043e \u043f\u0440\u0438\u0432\u0430\u0431\u043b\u044e\u0454 \u0437\u043e\u043b\u043e\u0442\u0438\u0439 \u043c\u0435\u0442\u0430\u043b \u0430\u0431\u043e \u0437\u043e\u043b\u043e\u0442\u0456 \u043b\u0430\u043d\u0446\u044e\u0436\u043a\u0438<br \/>2.) \u0426\u0435 \u0432\u0456\u0434\u043b\u044f\u043a\u0443\u0454 \u0447\u0430\u0441\u043d\u0438\u043a <br \/>3.) \u0407\u0457 \u043d\u0435 \u0432\u0438\u0434\u043d\u043e \u0432 \u0434\u0437\u0435\u0440\u043a\u0430\u043b\u0456 <br \/>4.) \u0427\u0435\u0440\u0435\u0437 \u043a\u0456\u043b\u044c\u043a\u0430 \u0445\u0432\u0438\u043b\u0438\u043d \u0432\u043e\u0434\u0430 \u0441\u0442\u0430\u0454 \u0447\u0435\u0440\u0432\u043e\u043d\u043e\u044e<br \/>5.) \u0412\u0438\u043c\u0438\u043a\u0430\u0454 \u043c\u043e\u0431\u0456\u043b\u044c\u043d\u0438\u0439 \u0442\u0435\u043b\u0435\u0444\u043e\u043d, \u044f\u043a\u0449\u043e \u043f\u0456\u0434\u043d\u0435\u0441\u0442\u0438 \u0439\u043e\u0433\u043e \u0434\u043e \u043f\u043b\u044f\u0448\u043a\u0438. <\/p>\t\t\t\t\t\t\t\t<\/div>\n\t\t\t\t<\/div>\n\t\t            <\/div>\n        <\/div>\n                    <\/div>\n        <\/section>\n                <section class=\"elementor-section elementor-top-section elementor-element elementor-element-303ff71f elementor-section-boxed elementor-section-height-default elementor-section-height-default ct-header-fixed-none ct-row-max-none\" data-id=\"303ff71f\" data-element_type=\"section\" data-e-type=\"section\">\n            \n                        <div class=\"elementor-container elementor-column-gap-default\">\n                    <div class=\"elementor-column elementor-col-50 elementor-top-column elementor-element elementor-element-3089d69e\" data-id=\"3089d69e\" data-element_type=\"column\" data-e-type=\"column\">\n        <div class=\"elementor-widget-wrap elementor-element-populated\">\n                    \n        \t\t<div class=\"elementor-element elementor-element-289b232c elementor-widget elementor-widget-ct_heading\" data-id=\"289b232c\" data-element_type=\"widget\" data-e-type=\"widget\" data-widget_type=\"ct_heading.default\">\n\t\t\t\t<div class=\"elementor-widget-container\">\n\t\t\t\t\t<div id=\"ct_heading-289b232c\" class=\"ct-heading h-align- sub-style1 ct-heading-left item-st-line-left2\">\r\n\t<div class=\"ct-item--inner\">\r\n        <div class=\"ct-inline-css\"  data-css=\"            \">\r\n        <\/div>\r\n                <h6 class=\"item--title st-line-left2 case-animate-time\" data-wow-delay=\"ms\">\r\n                        <span class=\"sp-main\">\r\n                                    <i><\/i>\r\n                \r\n                \u041d\u0410\u0428\u0406 \u0412\u041b\u0410\u0421\u0422\u0418\u0412\u041e\u0421\u0422\u0406 \u0427\u0415\u0420\u0412\u041e\u041d\u041e\u0407 \u0420\u0406\u0414\u041a\u041e\u0407 \u0420\u0422\u0423\u0422\u0406\r\n                \r\n                            <\/span>\r\n                    <\/h6>\r\n    <\/div>\r\n<\/div>\t\t\t\t<\/div>\n\t\t\t\t<\/div>\n\t\t\t\t<div class=\"elementor-element elementor-element-7bf0e610 elementor-widget elementor-widget-text-editor\" data-id=\"7bf0e610\" data-element_type=\"widget\" data-e-type=\"widget\" data-widget_type=\"text-editor.default\">\n\t\t\t\t<div class=\"elementor-widget-container\">\n\t\t\t\t\t\t\t\t\t<p>\u2013 \u0427\u0435\u0440\u0432\u043e\u043d\u0430 \u0440\u0442\u0443\u0442\u044c \u2013 \u0446\u0435 \u043d\u0430\u043f\u0456\u0432\u0440\u0456\u0434\u043a\u0438\u0439 \u043c\u0430\u0442\u0435\u0440\u0456\u0430\u043b \u0432\u0438\u0448\u043d\u0435\u0432\u043e-\u0447\u0435\u0440\u0432\u043e\u043d\u043e\u0433\u043e \u043a\u043e\u043b\u044c\u043e\u0440\u0443.<br \/>\u2013 \u0406\u043d\u0442\u0435\u043d\u0441\u0438\u0432\u043d\u0456\u0441\u0442\u044c \u0447\u0435\u0440\u0432\u043e\u043d\u043e\u0457 \u0440\u0442\u0443\u0442\u0456 \u0434\u0443\u0436\u0435 \u0432\u0438\u0441\u043e\u043a\u0430 \u2013 20,2 \u0433\/\u0441\u043c3.<br \/>\u2013 \u0426\u044f \u0440\u0456\u0434\u0438\u043d\u0430 Hg2 Sb207 \u0454 \u043c\u0430\u0442\u0435\u0440\u0456\u0430\u043b\u043e\u043c Military Labs: <br \/>- \u0441\u0443\u0440\u043c\u0430 \u043e\u043a\u0441\u0438\u0434 \u0440\u0442\u0443\u0442\u0456<br \/>\u2013 \u0406\u043d\u0448\u0435 \u043f\u043e\u0437\u043d\u0430\u0447\u0435\u043d\u043d\u044f: \u0440\u0456\u0434\u043a\u0430 \u0440\u0442\u0443\u0442\u044c \u0432\u0438\u0448\u043d\u0435\u0432\u043e-\u0447\u0435\u0440\u0432\u043e\u043d\u0430 <br \/>\u2013 \u0424\u043e\u0440\u043c\u0443\u043b\u0430: Sb2O7Hg2<br \/>- \u0417\u043e\u0432\u043d\u0456\u0448\u043d\u0456\u0439 \u0432\u0438\u0433\u043b\u044f\u0434: \u0432\u0438\u0448\u043d\u0435\u0432\u043e-\u0447\u0435\u0440\u0432\u043e\u043d\u0430 \u043c\u0435\u0442\u0430\u043b\u0435\u0432\u0430 \u0440\u0456\u0434\u0438\u043d\u0430 <br \/>\u2013 \u041c\u043e\u043b\u0435\u043a\u0443\u043b\u044f\u0440\u043d\u0430 \u0444\u043e\u0440\u043c\u0443\u043b\u0430: Hg2 Sb207<br \/>\u2013 \u0412\u0438\u0434: \u041e\u043a\u0441\u0438\u0434 \u0441\u0443\u0440\u043c\u0438 \u0447\u0435\u0440\u0432\u043e\u043d\u0430 \u0440\u0442\u0443\u0442\u044c<br \/>\u2013 \u041a\u0430\u0440\u043a\u0430\u0441: Sb2O7Hg2<br \/>\u2013 \u042f\u043a\u0456\u0441\u0442\u044c: \u0420\u0456\u0434\u043a\u0438\u0439, \u043d\u0430\u043f\u0456\u0432\u0440\u0456\u0434\u043a\u0438\u0439<br \/>\u2013 \u0427\u0438\u0441\u0442\u043e\u0442\u0430: 99.999% (5N) \/ 99.9999999% (9N)<br \/>\u2013 \u041a\u043e\u043b\u0456\u0440: Ponceau (\u0432\u0438\u0448\u043d\u0435\u0432\u043e-\u0447\u0435\u0440\u0432\u043e\u043d\u0438\u0439 \u043e\u0434\u043d\u043e\u0440\u0456\u0434\u043d\u0438\u0439)<br \/>\u2013 \u0421\u043e\u0440\u0442\u0443\u0432\u0430\u0442\u0438: 37.00016<br \/>\u2013 \u0417\u0432\u2019\u044f\u0437\u0443\u0432\u0430\u043d\u043d\u044f: \u0415\u043d\u0435\u0440\u0433\u0456\u044f: 211 \u041a\u043a\u0430\u043b \/ \u041c\u043e\u043b\u044c<br \/>\u2013 \u0429\u0456\u043b\u044c\u043d\u0456\u0441\u0442\u044c: \u0411\u041a-20\/20 \u2013 20,2 \u0433<br \/>- \u0422\u0435\u043c\u043f\u0435\u0440\u0430\u0442\u0443\u0440\u0430 \u043f\u043b\u0430\u0432\u043b\u0435\u043d\u043d\u044f: -37,67<br \/>- \u0422\u0435\u043c\u043f\u0435\u0440\u0430\u0442\u0443\u0440\u0430 \u0441\u043f\u0430\u043b\u0430\u0445\u0443: 170 026<\/p>\t\t\t\t\t\t\t\t<\/div>\n\t\t\t\t<\/div>\n\t\t            <\/div>\n        <\/div>\n                <div class=\"elementor-column elementor-col-50 elementor-top-column elementor-element elementor-element-2129deda\" data-id=\"2129deda\" data-element_type=\"column\" data-e-type=\"column\">\n        <div class=\"elementor-widget-wrap elementor-element-populated\">\n                    \n        \t\t<div class=\"elementor-element elementor-element-4c8721e elementor-widget elementor-widget-ct_heading\" data-id=\"4c8721e\" data-element_type=\"widget\" data-e-type=\"widget\" data-widget_type=\"ct_heading.default\">\n\t\t\t\t<div class=\"elementor-widget-container\">\n\t\t\t\t\t<div id=\"ct_heading-4c8721e\" class=\"ct-heading h-align- sub-style1 ct-heading-left item-st-line-left2\">\r\n\t<div class=\"ct-item--inner\">\r\n        <div class=\"ct-inline-css\"  data-css=\"            \">\r\n        <\/div>\r\n                <h6 class=\"item--title st-line-left2 case-animate-time\" data-wow-delay=\"ms\">\r\n                        <span class=\"sp-main\">\r\n                                    <i><\/i>\r\n                \r\n                \u0414\u041e\u0414\u0410\u0422\u041a\u041e\u0412\u0410 \u0406\u041d\u0424\u041e\u0420\u041c\u0410\u0426\u0406\u042f\r\n                \r\n                            <\/span>\r\n                    <\/h6>\r\n    <\/div>\r\n<\/div>\t\t\t\t<\/div>\n\t\t\t\t<\/div>\n\t\t\t\t<div class=\"elementor-element elementor-element-1f0299c0 elementor-widget elementor-widget-text-editor\" data-id=\"1f0299c0\" data-element_type=\"widget\" data-e-type=\"widget\" data-widget_type=\"text-editor.default\">\n\t\t\t\t<div class=\"elementor-widget-container\">\n\t\t\t\t\t\t\t\t\t<p>\u2013 \u0420\u0430\u0434\u0456\u0430\u0446\u0456\u044f: 0,794<br \/>- \u0417\u043d\u0430\u0447\u0435\u043d\u043d\u044f \u0442\u0435\u043c\u043f\u0435\u0440\u0430\u0442\u0443\u0440\u043d\u043e\u0457 \u043b\u0456\u043d\u0456\u0457: 160,87<br \/>- \u0412\u0456\u0434\u043f\u043e\u0432\u0456\u0434\u044c VHTC mp: 1024<br \/>\u2013 K-\u0432\u0456\u0434\u043f\u043e\u0432\u0456\u0434\u044c: 0,00016<br \/>\u2013 \u0420-\u0432\u0456\u0434\u043f\u043e\u0432\u0456\u0434\u044c: 9000-8000<br \/>\u2013 \u0412\u0456\u0434\u043f\u043e\u0432\u0456\u0434\u044c VDSA: 0,30-0,29<br \/>\u2013 \u0417\u043d\u0430\u0447\u0435\u043d\u043d\u044f \u0433\u0430\u043c\u043c\u0438: 0,026 \/ 0,044-0,64<br \/>- \u0422\u0435\u043c\u043f\u0435\u0440\u0430\u0442\u0443\u0440\u0430 \u043a\u0438\u043f\u0456\u043d\u043d\u044f: 356,720<br \/>- MW: 196,01 + 0,02\/\u043c\u043e\u043b\u044c \u0432\u043c\u0456\u0441\u0442 \u0432\u043e\u0434\u0438<br \/>\u2013 \u0424\u043e\u0440\u043c\u0430: \u0440\u0456\u0434\u0438\u043d\u0430, \u0441\u043f\u0456\u0440\u0430\u043b\u044c<br \/>\u2013 \u041a\u043e\u043b\u0456\u0440: \u0432\u0438\u0448\u043d\u0435\u0432\u043e-\u0447\u0435\u0440\u0432\u043e\u043d\u0438\u0439<br \/>- \u041c\u043e\u043b\u044f\u0440\u043d\u0430 \u043c\u0430\u0441\u0430: 756,7002 \u0433\/\u043c\u043e\u043b\u044c<\/p>\t\t\t\t\t\t\t\t<\/div>\n\t\t\t\t<\/div>\n\t\t\t\t<div class=\"elementor-element elementor-element-39853f2 elementor-widget elementor-widget-ct_button\" data-id=\"39853f2\" data-element_type=\"widget\" data-e-type=\"widget\" data-widget_type=\"ct_button.default\">\n\t\t\t\t<div class=\"elementor-widget-container\">\n\t\t\t\t\t<div id=\"ct_button-39853f2\" class=\"ct-button-wrapper ct-button-layout1 icon- btn--inline\">\r\n    <div class=\"ct-inline-css\"  data-css=\"        \">\r\n    <\/div>\r\n            <span class=\"ct-icon-active\"><\/span>\r\n        <a href=\"http:\/\/roteschemies.de\/uk\/\u043a\u043e\u043d\u0442\u0430\u043a\u0442\/\" class=\"btn btn-default icon-active btn-inline-block\" data-wow-delay=\"ms\">\r\n                            <span class=\"ct-button-icon ct-align-icon-\">\r\n                            <\/span>\r\n                <span class=\"ct-button-text\">\u041a\u0443\u043f\u0438\u0442\u0438 \u043e\u043f\u0442\u043e\u043c<\/span>\r\n    <\/a>\r\n<\/div>\t\t\t\t<\/div>\n\t\t\t\t<\/div>\n\t\t            <\/div>\n        <\/div>\n                    <\/div>\n        <\/section>\n        \t\t<\/div>","protected":false},"excerpt":{"rendered":"<p>Wholesale German Red Mercury 20\/20-258 9N Dieses hochreine deutsche rote Quecksilber 20\/20 258 99,9999999% wird hier in Deutschland von unserer Firma hergestellt. Wir produzieren dieses Quecksilber in Flaschen von 1kg und 34,5kg. Wir bieten rotes Quecksilber zu Gro\u00dfhandelspreisen an Einzelhandelsunternehmen und Privatpersonen an. Eink\u00e4ufe werden nur mit Kryptow\u00e4hrung durchgef\u00fchrt. Um rotes Quecksilber online bei uns [&hellip;]<\/p>\n","protected":false},"author":1,"featured_media":0,"parent":0,"menu_order":0,"comment_status":"closed","ping_status":"closed","template":"","meta":{"footnotes":""},"class_list":["post-5240","page","type-page","status-publish","hentry"],"yoast_head":"<!-- This site is optimized with the Yoast SEO plugin v27.3 - https:\/\/yoast.com\/product\/yoast-seo-wordpress\/ -->\n<title>Rotes fl\u00fcssiges Quecksilber zu verkaufen | Kaufen Rotes Quecksilber -Roteschemie<\/title>\n<meta name=\"description\" content=\"Rotes fl\u00fcssiges Quecksilber zu verkaufen - Roteschemie ist Hersteller von rotem Quecksilber. Unsere Fabrik in Deutschland. Kaufen Sie im Gro\u00dfhandel deutsches rotes Quecksilber 20\/20-258 9N.\" \/>\n<meta name=\"robots\" content=\"index, follow, max-snippet:-1, max-image-preview:large, max-video-preview:-1\" \/>\n<link rel=\"canonical\" href=\"https:\/\/roteschemies.de\/uk\/\u0447\u0435\u0440\u0432\u043e\u043d\u0430-\u0440\u0442\u0443\u0442\u044c\/\" \/>\n<meta property=\"og:locale\" content=\"uk_UA\" \/>\n<meta property=\"og:type\" content=\"article\" \/>\n<meta property=\"og:title\" content=\"Rotes fl\u00fcssiges Quecksilber zu verkaufen | Kaufen Rotes Quecksilber -Roteschemie\" \/>\n<meta property=\"og:description\" content=\"Rotes fl\u00fcssiges Quecksilber zu verkaufen - Roteschemie ist Hersteller von rotem Quecksilber. Unsere Fabrik in Deutschland. Kaufen Sie im Gro\u00dfhandel deutsches rotes Quecksilber 20\/20-258 9N.\" \/>\n<meta property=\"og:url\" content=\"https:\/\/roteschemies.de\/uk\/\u0447\u0435\u0440\u0432\u043e\u043d\u0430-\u0440\u0442\u0443\u0442\u044c\/\" \/>\n<meta property=\"og:site_name\" content=\"Roteschemie\" \/>\n<meta property=\"article:modified_time\" content=\"2023-07-13T10:42:17+00:00\" \/>\n<meta property=\"og:image\" content=\"https:\/\/roteschemies.de\/wp-content\/uploads\/2022\/12\/E311914095_5606255989420786_1852925251756_n.jpg\" \/>\n<meta name=\"twitter:card\" content=\"summary_large_image\" \/>\n<meta name=\"twitter:label1\" content=\"\u041f\u0440\u0438\u0431\u043b. \u0447\u0430\u0441 \u0447\u0438\u0442\u0430\u043d\u043d\u044f\" \/>\n\t<meta name=\"twitter:data1\" content=\"2 \u0445\u0432\u0438\u043b\u0438\u043d\u0438\" \/>\n<script type=\"application\/ld+json\" class=\"yoast-schema-graph\">{\"@context\":\"https:\\\/\\\/schema.org\",\"@graph\":[{\"@type\":\"WebPage\",\"@id\":\"https:\\\/\\\/roteschemies.de\\\/rote-quecksilber\\\/\",\"url\":\"https:\\\/\\\/roteschemies.de\\\/rote-quecksilber\\\/\",\"name\":\"Rotes fl\u00fcssiges Quecksilber zu verkaufen | Kaufen Rotes Quecksilber -Roteschemie\",\"isPartOf\":{\"@id\":\"https:\\\/\\\/roteschemies.de\\\/#website\"},\"primaryImageOfPage\":{\"@id\":\"https:\\\/\\\/roteschemies.de\\\/rote-quecksilber\\\/#primaryimage\"},\"image\":{\"@id\":\"https:\\\/\\\/roteschemies.de\\\/rote-quecksilber\\\/#primaryimage\"},\"thumbnailUrl\":\"https:\\\/\\\/roteschemies.de\\\/wp-content\\\/uploads\\\/2022\\\/12\\\/E311914095_5606255989420786_1852925251756_n.jpg\",\"datePublished\":\"2023-07-13T09:56:54+00:00\",\"dateModified\":\"2023-07-13T10:42:17+00:00\",\"description\":\"Rotes fl\u00fcssiges Quecksilber zu verkaufen - Roteschemie ist Hersteller von rotem Quecksilber. Unsere Fabrik in Deutschland. Kaufen Sie im Gro\u00dfhandel deutsches rotes Quecksilber 20\\\/20-258 9N.\",\"breadcrumb\":{\"@id\":\"https:\\\/\\\/roteschemies.de\\\/rote-quecksilber\\\/#breadcrumb\"},\"inLanguage\":\"uk\",\"potentialAction\":[{\"@type\":\"ReadAction\",\"target\":[\"https:\\\/\\\/roteschemies.de\\\/rote-quecksilber\\\/\"]}]},{\"@type\":\"ImageObject\",\"inLanguage\":\"uk\",\"@id\":\"https:\\\/\\\/roteschemies.de\\\/rote-quecksilber\\\/#primaryimage\",\"url\":\"https:\\\/\\\/roteschemies.de\\\/wp-content\\\/uploads\\\/2022\\\/12\\\/E311914095_5606255989420786_1852925251756_n.jpg\",\"contentUrl\":\"https:\\\/\\\/roteschemies.de\\\/wp-content\\\/uploads\\\/2022\\\/12\\\/E311914095_5606255989420786_1852925251756_n.jpg\"},{\"@type\":\"BreadcrumbList\",\"@id\":\"https:\\\/\\\/roteschemies.de\\\/rote-quecksilber\\\/#breadcrumb\",\"itemListElement\":[{\"@type\":\"ListItem\",\"position\":1,\"name\":\"Home\",\"item\":\"https:\\\/\\\/roteschemies.de\\\/\"},{\"@type\":\"ListItem\",\"position\":2,\"name\":\"Rote Quecksilber\"}]},{\"@type\":\"WebSite\",\"@id\":\"https:\\\/\\\/roteschemies.de\\\/#website\",\"url\":\"https:\\\/\\\/roteschemies.de\\\/\",\"name\":\"Roteschemie\",\"description\":\"Rotes fl&uuml;ssiges Quecksilber, silbernes fl&uuml;ssiges Quecksilber online kaufen\",\"alternateName\":\"roteschemies.de\",\"potentialAction\":[{\"@type\":\"SearchAction\",\"target\":{\"@type\":\"EntryPoint\",\"urlTemplate\":\"https:\\\/\\\/roteschemies.de\\\/?s={search_term_string}\"},\"query-input\":{\"@type\":\"PropertyValueSpecification\",\"valueRequired\":true,\"valueName\":\"search_term_string\"}}],\"inLanguage\":\"uk\"}]}<\/script>\n<!-- \/ Yoast SEO plugin. -->","yoast_head_json":{"title":"\u041f\u0440\u043e\u0434\u0430\u0454\u0442\u044c\u0441\u044f \u0447\u0435\u0440\u0432\u043e\u043d\u0430 \u0440\u0456\u0434\u043a\u0430 \u0440\u0442\u0443\u0442\u044c | \u041a\u0443\u043f\u0438\u0442\u0438 Red Mercury - \u0427\u0435\u0440\u0432\u043e\u043d\u0430 \u0445\u0456\u043c\u0456\u044f","description":"\u041f\u0440\u043e\u0434\u0430\u043c \u0447\u0435\u0440\u0432\u043e\u043d\u0443 \u0440\u0456\u0434\u043a\u0443 \u0440\u0442\u0443\u0442\u044c - Roteschemie \u0454 \u0432\u0438\u0440\u043e\u0431\u043d\u0438\u043a\u043e\u043c \u0447\u0435\u0440\u0432\u043e\u043d\u043e\u0457 \u0440\u0442\u0443\u0442\u0456. \u041d\u0430\u0448 \u0437\u0430\u0432\u043e\u0434 \u0443 \u041d\u0456\u043c\u0435\u0447\u0447\u0438\u043d\u0456. \u041a\u0443\u043f\u0438\u0442\u0438 \u043e\u043f\u0442\u043e\u043c \u0447\u0435\u0440\u0432\u043e\u043d\u0430 \u0440\u0442\u0443\u0442\u044c \u043d\u0456\u043c\u0435\u0446\u044c\u043a\u0430 20\/20-258 9N.","robots":{"index":"index","follow":"follow","max-snippet":"max-snippet:-1","max-image-preview":"max-image-preview:large","max-video-preview":"max-video-preview:-1"},"canonical":"https:\/\/roteschemies.de\/uk\/\u0447\u0435\u0440\u0432\u043e\u043d\u0430-\u0440\u0442\u0443\u0442\u044c\/","og_locale":"uk_UA","og_type":"article","og_title":"Rotes fl\u00fcssiges Quecksilber zu verkaufen | Kaufen Rotes Quecksilber -Roteschemie","og_description":"Rotes fl\u00fcssiges Quecksilber zu verkaufen - Roteschemie ist Hersteller von rotem Quecksilber. Unsere Fabrik in Deutschland. Kaufen Sie im Gro\u00dfhandel deutsches rotes Quecksilber 20\/20-258 9N.","og_url":"https:\/\/roteschemies.de\/uk\/\u0447\u0435\u0440\u0432\u043e\u043d\u0430-\u0440\u0442\u0443\u0442\u044c\/","og_site_name":"Roteschemie","article_modified_time":"2023-07-13T10:42:17+00:00","og_image":[{"url":"https:\/\/roteschemies.de\/wp-content\/uploads\/2022\/12\/E311914095_5606255989420786_1852925251756_n.jpg","type":"","width":"","height":""}],"twitter_card":"summary_large_image","twitter_misc":{"\u041f\u0440\u0438\u0431\u043b. \u0447\u0430\u0441 \u0447\u0438\u0442\u0430\u043d\u043d\u044f":"2 \u0445\u0432\u0438\u043b\u0438\u043d\u0438"},"schema":{"@context":"https:\/\/schema.org","@graph":[{"@type":"WebPage","@id":"https:\/\/roteschemies.de\/rote-quecksilber\/","url":"https:\/\/roteschemies.de\/rote-quecksilber\/","name":"\u041f\u0440\u043e\u0434\u0430\u0454\u0442\u044c\u0441\u044f \u0447\u0435\u0440\u0432\u043e\u043d\u0430 \u0440\u0456\u0434\u043a\u0430 \u0440\u0442\u0443\u0442\u044c | \u041a\u0443\u043f\u0438\u0442\u0438 Red Mercury - \u0427\u0435\u0440\u0432\u043e\u043d\u0430 \u0445\u0456\u043c\u0456\u044f","isPartOf":{"@id":"https:\/\/roteschemies.de\/#website"},"primaryImageOfPage":{"@id":"https:\/\/roteschemies.de\/rote-quecksilber\/#primaryimage"},"image":{"@id":"https:\/\/roteschemies.de\/rote-quecksilber\/#primaryimage"},"thumbnailUrl":"https:\/\/roteschemies.de\/wp-content\/uploads\/2022\/12\/E311914095_5606255989420786_1852925251756_n.jpg","datePublished":"2023-07-13T09:56:54+00:00","dateModified":"2023-07-13T10:42:17+00:00","description":"\u041f\u0440\u043e\u0434\u0430\u043c \u0447\u0435\u0440\u0432\u043e\u043d\u0443 \u0440\u0456\u0434\u043a\u0443 \u0440\u0442\u0443\u0442\u044c - Roteschemie \u0454 \u0432\u0438\u0440\u043e\u0431\u043d\u0438\u043a\u043e\u043c \u0447\u0435\u0440\u0432\u043e\u043d\u043e\u0457 \u0440\u0442\u0443\u0442\u0456. \u041d\u0430\u0448 \u0437\u0430\u0432\u043e\u0434 \u0443 \u041d\u0456\u043c\u0435\u0447\u0447\u0438\u043d\u0456. \u041a\u0443\u043f\u0438\u0442\u0438 \u043e\u043f\u0442\u043e\u043c \u0447\u0435\u0440\u0432\u043e\u043d\u0430 \u0440\u0442\u0443\u0442\u044c \u043d\u0456\u043c\u0435\u0446\u044c\u043a\u0430 20\/20-258 9N.","breadcrumb":{"@id":"https:\/\/roteschemies.de\/rote-quecksilber\/#breadcrumb"},"inLanguage":"uk","potentialAction":[{"@type":"ReadAction","target":["https:\/\/roteschemies.de\/rote-quecksilber\/"]}]},{"@type":"ImageObject","inLanguage":"uk","@id":"https:\/\/roteschemies.de\/rote-quecksilber\/#primaryimage","url":"https:\/\/roteschemies.de\/wp-content\/uploads\/2022\/12\/E311914095_5606255989420786_1852925251756_n.jpg","contentUrl":"https:\/\/roteschemies.de\/wp-content\/uploads\/2022\/12\/E311914095_5606255989420786_1852925251756_n.jpg"},{"@type":"BreadcrumbList","@id":"https:\/\/roteschemies.de\/rote-quecksilber\/#breadcrumb","itemListElement":[{"@type":"ListItem","position":1,"name":"Home","item":"https:\/\/roteschemies.de\/"},{"@type":"ListItem","position":2,"name":"Rote Quecksilber"}]},{"@type":"WebSite","@id":"https:\/\/roteschemies.de\/#website","url":"https:\/\/roteschemies.de\/","name":"\u0447\u0435\u0440\u0432\u043e\u043d\u0430 \u0445\u0456\u043c\u0456\u044f","description":"\u041a\u0443\u043f\u0438\u0442\u0438 Red Liquid Mercury, Silver Liquid Mercury \u043e\u043d\u043b\u0430\u0439\u043d","alternateName":"roteschemies.de","potentialAction":[{"@type":"SearchAction","target":{"@type":"EntryPoint","urlTemplate":"https:\/\/roteschemies.de\/?s={search_term_string}"},"query-input":{"@type":"PropertyValueSpecification","valueRequired":true,"valueName":"search_term_string"}}],"inLanguage":"uk"}]}},"_links":{"self":[{"href":"https:\/\/roteschemies.de\/uk\/wp-json\/wp\/v2\/pages\/5240","targetHints":{"allow":["GET"]}}],"collection":[{"href":"https:\/\/roteschemies.de\/uk\/wp-json\/wp\/v2\/pages"}],"about":[{"href":"https:\/\/roteschemies.de\/uk\/wp-json\/wp\/v2\/types\/page"}],"author":[{"embeddable":true,"href":"https:\/\/roteschemies.de\/uk\/wp-json\/wp\/v2\/users\/1"}],"replies":[{"embeddable":true,"href":"https:\/\/roteschemies.de\/uk\/wp-json\/wp\/v2\/comments?post=5240"}],"version-history":[{"count":0,"href":"https:\/\/roteschemies.de\/uk\/wp-json\/wp\/v2\/pages\/5240\/revisions"}],"wp:attachment":[{"href":"https:\/\/roteschemies.de\/uk\/wp-json\/wp\/v2\/media?parent=5240"}],"curies":[{"name":"wp","href":"https:\/\/api.w.org\/{rel}","templated":true}]}}